{"id":607599,"date":"2025-10-24T14:06:38","date_gmt":"2025-10-24T12:06:38","guid":{"rendered":"https:\/\/selleetools.com\/?post_type=product&#038;p=607599"},"modified":"2026-01-04T15:26:57","modified_gmt":"2026-01-04T14:26:57","slug":"mediheal-n-m-f-nude-gel-mask-30-g-maska-nawilzajaca-w-plachcie","status":"publish","type":"product","link":"https:\/\/selleetools.com\/pl\/product\/mediheal-n-m-f-nude-gel-mask-30-g-maska-nawilzajaca-w-plachcie\/","title":{"rendered":"MEDIHEAL N.M.F Nude Gel Mask 30 g &#8211; maska nawil\u017caj\u0105ca w p\u0142achcie"},"content":{"rendered":"<p>Zaawansowana maseczka hydro\u017celowa MEDIHEAL N.M.F Nude Gel Mask to intensywnie nawil\u017caj\u0105ca piel\u0119gnacja dla sk\u00f3ry suchej, odwodnionej i zm\u0119czonej. Formu\u0142a oparta na kompleksie kwas\u00f3w hialuronowych i ceramid\u00f3w dog\u0142\u0119bnie nawadnia, wzmacnia barier\u0119 hydrolipidow\u0105 i przywraca sk\u00f3rze zdrowy wygl\u0105d. Naturalny hydro\u017cel idealnie przylega do twarzy, zwi\u0119kszaj\u0105c wch\u0142anianie sk\u0142adnik\u00f3w aktywnych i zapewniaj\u0105c uczucie komfortu przez ca\u0142y czas aplikacji.<\/p>\n<p>Korzy\u015bci ze stosowania:<br \/>\nIntensywne i d\u0142ugotrwa\u0142e nawil\u017cenie dzi\u0119ki 8 formom kwasu hialuronowego<br \/>\nWzmocnienie bariery ochronnej sk\u00f3ry dzi\u0119ki zawarto\u015bci ceramid\u00f3w (NP, NS, AS, AP, EOP) i fitosfingozyny<br \/>\n\u0141agodzenie i ukojenie podra\u017cnie\u0144 dzi\u0119ki pantenolowi, wodzie r\u00f3\u017canej i ekstraktowi z grzyba Fomes Officinalis<br \/>\nPoprawa elastyczno\u015bci i wyg\u0142adzenie sk\u00f3ry<br \/>\nNaturalny blask i \u015bwie\u017co\u015b\u0107 ju\u017c po jednej aplikacji<\/p>\n<p>Spos\u00f3b u\u017cycia:<br \/>\nOczy\u015b\u0107 i osusz twarz.<br \/>\nWyjmij mask\u0119 z opakowania i ostro\u017cnie na\u0142\u00f3\u017c j\u0105 na twarz, dopasowuj\u0105c do kontur\u00f3w sk\u00f3ry.<br \/>\nPozostaw na 15\u201320 minut.<br \/>\nPo zdj\u0119ciu maski delikatnie wmasuj pozosta\u0142o\u015b\u0107 esencji w sk\u00f3r\u0119. Nie sp\u0142ukuj.<\/p>\n","protected":false},"excerpt":{"rendered":"<p>Zaawansowana maseczka hydro\u017celowa MEDIHEAL N.M.F Nude Gel Mask to intensywnie nawil\u017caj\u0105ca piel\u0119gnacja dla sk\u00f3ry suchej, odwodnionej i zm\u0119czonej. Formu\u0142a oparta na kompleksie kwas\u00f3w hialuronowych i ceramid\u00f3w dog\u0142\u0119bnie nawadnia, wzmacnia barier\u0119 hydrolipidow\u0105 i przywraca sk\u00f3rze zdrowy wygl\u0105d. Naturalny hydro\u017cel idealnie przylega do twarzy, zwi\u0119kszaj\u0105c wch\u0142anianie sk\u0142adnik\u00f3w aktywnych i zapewniaj\u0105c uczucie komfortu przez ca\u0142y czas aplikacji. Korzy\u015bci &#8230; <a title=\"MEDIHEAL N.M.F Nude Gel Mask 30 g &#8211; maska nawil\u017caj\u0105ca w p\u0142achcie\" class=\"read-more\" href=\"https:\/\/selleetools.com\/pl\/product\/mediheal-n-m-f-nude-gel-mask-30-g-maska-nawilzajaca-w-plachcie\/\">Read more<span class=\"screen-reader-text\">MEDIHEAL N.M.F Nude Gel Mask 30 g &#8211; maska nawil\u017caj\u0105ca w p\u0142achcie<\/span><\/a><\/p>\n","protected":false},"featured_media":607597,"comment_status":"open","ping_status":"closed","template":"","meta":{"_links_to":"","_links_to_target":""},"yoast_head":"<!-- This site is optimized with the Yoast SEO plugin v19.4 - https:\/\/yoast.com\/wordpress\/plugins\/seo\/ -->\n<title>MEDIHEAL N.M.F Nude Gel Mask 30 g - maska nawil\u017caj\u0105ca w p\u0142achcie - Selleetools.com<\/title>\n<meta name=\"robots\" content=\"index, follow, max-snippet:-1, max-image-preview:large, max-video-preview:-1\" \/>\n<link rel=\"canonical\" href=\"https:\/\/admincentral.selleetools.com\/pl\/product\/mediheal-n-m-f-nude-gel-mask-30-g-maska-nawilzajaca-w-plachcie\/\" \/>\n<meta property=\"og:locale\" content=\"pl_PL\" \/>\n<meta property=\"og:type\" content=\"article\" \/>\n<meta property=\"og:title\" content=\"MEDIHEAL N.M.F Nude Gel Mask 30 g - maska nawil\u017caj\u0105ca w p\u0142achcie - Selleetools.com\" \/>\n<meta property=\"og:description\" content=\"Zaawansowana maseczka hydro\u017celowa MEDIHEAL N.M.F Nude Gel Mask to intensywnie nawil\u017caj\u0105ca piel\u0119gnacja dla sk\u00f3ry suchej, odwodnionej i zm\u0119czonej. Formu\u0142a oparta na kompleksie kwas\u00f3w hialuronowych i ceramid\u00f3w dog\u0142\u0119bnie nawadnia, wzmacnia barier\u0119 hydrolipidow\u0105 i przywraca sk\u00f3rze zdrowy wygl\u0105d. Naturalny hydro\u017cel idealnie przylega do twarzy, zwi\u0119kszaj\u0105c wch\u0142anianie sk\u0142adnik\u00f3w aktywnych i zapewniaj\u0105c uczucie komfortu przez ca\u0142y czas aplikacji. Korzy\u015bci ... Read moreMEDIHEAL N.M.F Nude Gel Mask 30 g &#8211; maska nawil\u017caj\u0105ca w p\u0142achcie\" \/>\n<meta property=\"og:url\" content=\"https:\/\/admincentral.selleetools.com\/pl\/product\/mediheal-n-m-f-nude-gel-mask-30-g-maska-nawilzajaca-w-plachcie\/\" \/>\n<meta property=\"og:site_name\" content=\"Selleetools.com\" \/>\n<meta property=\"article:modified_time\" content=\"2026-01-04T14:26:57+00:00\" \/>\n<meta property=\"og:image\" content=\"https:\/\/selleetools.com\/wp-content\/uploads\/2025\/10\/1d98e09ed1ea3e18534d5096ee132cbd.jpg\" \/>\n\t<meta property=\"og:image:width\" content=\"1000\" \/>\n\t<meta property=\"og:image:height\" content=\"1000\" \/>\n\t<meta property=\"og:image:type\" content=\"image\/jpeg\" \/>\n<meta name=\"twitter:card\" content=\"summary_large_image\" \/>\n<meta name=\"twitter:label1\" content=\"Est. reading time\" \/>\n\t<meta name=\"twitter:data1\" content=\"1 minuta\" \/>\n<!-- \/ Yoast SEO plugin. -->","yoast_head_json":{"title":"MEDIHEAL N.M.F Nude Gel Mask 30 g - maska nawil\u017caj\u0105ca w p\u0142achcie - Selleetools.com","robots":{"index":"index","follow":"follow","max-snippet":"max-snippet:-1","max-image-preview":"max-image-preview:large","max-video-preview":"max-video-preview:-1"},"canonical":"https:\/\/admincentral.selleetools.com\/pl\/product\/mediheal-n-m-f-nude-gel-mask-30-g-maska-nawilzajaca-w-plachcie\/","og_locale":"pl_PL","og_type":"article","og_title":"MEDIHEAL N.M.F Nude Gel Mask 30 g - maska nawil\u017caj\u0105ca w p\u0142achcie - Selleetools.com","og_description":"Zaawansowana maseczka hydro\u017celowa MEDIHEAL N.M.F Nude Gel Mask to intensywnie nawil\u017caj\u0105ca piel\u0119gnacja dla sk\u00f3ry suchej, odwodnionej i zm\u0119czonej. Formu\u0142a oparta na kompleksie kwas\u00f3w hialuronowych i ceramid\u00f3w dog\u0142\u0119bnie nawadnia, wzmacnia barier\u0119 hydrolipidow\u0105 i przywraca sk\u00f3rze zdrowy wygl\u0105d. Naturalny hydro\u017cel idealnie przylega do twarzy, zwi\u0119kszaj\u0105c wch\u0142anianie sk\u0142adnik\u00f3w aktywnych i zapewniaj\u0105c uczucie komfortu przez ca\u0142y czas aplikacji. Korzy\u015bci ... Read moreMEDIHEAL N.M.F Nude Gel Mask 30 g &#8211; maska nawil\u017caj\u0105ca w p\u0142achcie","og_url":"https:\/\/admincentral.selleetools.com\/pl\/product\/mediheal-n-m-f-nude-gel-mask-30-g-maska-nawilzajaca-w-plachcie\/","og_site_name":"Selleetools.com","article_modified_time":"2026-01-04T14:26:57+00:00","og_image":[{"width":1000,"height":1000,"url":"https:\/\/selleetools.com\/wp-content\/uploads\/2025\/10\/1d98e09ed1ea3e18534d5096ee132cbd.jpg","type":"image\/jpeg"}],"twitter_card":"summary_large_image","twitter_misc":{"Est. reading time":"1 minuta"},"schema":{"@context":"https:\/\/schema.org","@graph":[{"@type":"Organization","@id":"https:\/\/selleetools.com\/#organization","name":"Selleetools","url":"https:\/\/selleetools.com\/","sameAs":[],"logo":{"@type":"ImageObject","inLanguage":"pl-PL","@id":"https:\/\/selleetools.com\/#\/schema\/logo\/image\/","url":"https:\/\/selleetools.com\/wp-content\/uploads\/2021\/10\/logo-dark.png","contentUrl":"https:\/\/selleetools.com\/wp-content\/uploads\/2021\/10\/logo-dark.png","width":320,"height":76,"caption":"Selleetools"},"image":{"@id":"https:\/\/selleetools.com\/#\/schema\/logo\/image\/"}},{"@type":"WebSite","@id":"https:\/\/selleetools.com\/#website","url":"https:\/\/selleetools.com\/","name":"Selleetools.com","description":"","publisher":{"@id":"https:\/\/selleetools.com\/#organization"},"potentialAction":[{"@type":"SearchAction","target":{"@type":"EntryPoint","urlTemplate":"https:\/\/selleetools.com\/?s={search_term_string}"},"query-input":"required name=search_term_string"}],"inLanguage":"pl-PL"},{"@type":"WebPage","@id":"https:\/\/admincentral.selleetools.com\/pl\/product\/mediheal-n-m-f-nude-gel-mask-30-g-maska-nawilzajaca-w-plachcie\/","url":"https:\/\/admincentral.selleetools.com\/pl\/product\/mediheal-n-m-f-nude-gel-mask-30-g-maska-nawilzajaca-w-plachcie\/","name":"MEDIHEAL N.M.F Nude Gel Mask 30 g - maska nawil\u017caj\u0105ca w p\u0142achcie - Selleetools.com","isPartOf":{"@id":"https:\/\/selleetools.com\/#website"},"datePublished":"2025-10-24T12:06:38+00:00","dateModified":"2026-01-04T14:26:57+00:00","breadcrumb":{"@id":"https:\/\/admincentral.selleetools.com\/pl\/product\/mediheal-n-m-f-nude-gel-mask-30-g-maska-nawilzajaca-w-plachcie\/#breadcrumb"},"inLanguage":"pl-PL","potentialAction":[{"@type":"ReadAction","target":["https:\/\/admincentral.selleetools.com\/pl\/product\/mediheal-n-m-f-nude-gel-mask-30-g-maska-nawilzajaca-w-plachcie\/"]}]},{"@type":"BreadcrumbList","@id":"https:\/\/admincentral.selleetools.com\/pl\/product\/mediheal-n-m-f-nude-gel-mask-30-g-maska-nawilzajaca-w-plachcie\/#breadcrumb","itemListElement":[{"@type":"ListItem","position":1,"name":"Home","item":"https:\/\/selleetools.com\/pl\/"},{"@type":"ListItem","position":2,"name":"Katalog","item":"https:\/\/selleetools.com\/pl\/katalog\/"},{"@type":"ListItem","position":3,"name":"MEDIHEAL N.M.F Nude Gel Mask 30 g &#8211; maska nawil\u017caj\u0105ca w p\u0142achcie"}]}]}},"_links":{"self":[{"href":"https:\/\/selleetools.com\/pl\/wp-json\/wp\/v2\/product\/607599"}],"collection":[{"href":"https:\/\/selleetools.com\/pl\/wp-json\/wp\/v2\/product"}],"about":[{"href":"https:\/\/selleetools.com\/pl\/wp-json\/wp\/v2\/types\/product"}],"replies":[{"embeddable":true,"href":"https:\/\/selleetools.com\/pl\/wp-json\/wp\/v2\/comments?post=607599"}],"wp:featuredmedia":[{"embeddable":true,"href":"https:\/\/selleetools.com\/pl\/wp-json\/wp\/v2\/media\/607597"}],"wp:attachment":[{"href":"https:\/\/selleetools.com\/pl\/wp-json\/wp\/v2\/media?parent=607599"}],"curies":[{"name":"wp","href":"https:\/\/api.w.org\/{rel}","templated":true}]}}