{"id":607593,"date":"2025-10-24T14:06:33","date_gmt":"2025-10-24T12:06:33","guid":{"rendered":"https:\/\/selleetools.com\/?post_type=product&#038;p=607593"},"modified":"2025-11-04T21:13:12","modified_gmt":"2025-11-04T20:13:12","slug":"anua-rice-70-intensive-moisturizing-milk-150-ml-nawilzajace-mleczko-do-twarzy","status":"publish","type":"product","link":"https:\/\/selleetools.com\/pl\/product\/anua-rice-70-intensive-moisturizing-milk-150-ml-nawilzajace-mleczko-do-twarzy\/","title":{"rendered":"ANUA Rice 70 Intensive Moisturizing Milk 150 ml &#8211; nawil\u017caj\u0105ce mleczko do twarzy"},"content":{"rendered":"<p>ANUA Rice 70 Intensive Moisturizing Milk to lekkie, a jednocze\u015bnie od\u017cywcze mleczko do twarzy, kt\u00f3re intensywnie nawil\u017ca, wyg\u0142adza i wzmacnia barier\u0119 ochronn\u0105 sk\u00f3ry. Bogate w 70% wod\u0119 z otr\u0119b\u00f3w ry\u017cowych, dostarcza sk\u00f3rze cennych sk\u0142adnik\u00f3w od\u017cywczych, pozostawiaj\u0105c j\u0105 mi\u0119kk\u0105, elastyczn\u0105 i promienn\u0105.<\/p>\n<p>Korzy\u015bci dla sk\u00f3ry:<br \/>\nG\u0142\u0119bokie nawil\u017cenie i ukojenie dzi\u0119ki obecno\u015bci kwasu hialuronowego, glicerolu i ceramid\u00f3w.<br \/>\nWzmocnienie bariery ochronnej i poprawa elastyczno\u015bci sk\u00f3ry dzi\u0119ki ekstraktowi z ry\u017cu, fermentom i skwalanowi.<br \/>\nRozja\u015bnienie i wyr\u00f3wnanie kolorytu dzi\u0119ki dzia\u0142aniu niacynamidu i adenozyny.<br \/>\nOd\u017cywienie i regeneracja dzi\u0119ki naturalnym olejom, takim jak olej kokosowy i olej z nasion makadamii.<\/p>\n<p>Spos\u00f3b u\u017cycia: Po oczyszczeniu i tonizacji sk\u00f3ry, na\u0142\u00f3\u017c odpowiedni\u0105 ilo\u015b\u0107 mleczka na twarz i szyj\u0119, delikatnie wklepuj\u0105c a\u017c do ca\u0142kowitego wch\u0142oni\u0119cia. Stosuj codziennie rano i wieczorem, samodzielnie lub jako cz\u0119\u015b\u0107 wieloetapowej piel\u0119gnacji.<\/p>\n","protected":false},"excerpt":{"rendered":"<p>ANUA Rice 70 Intensive Moisturizing Milk to lekkie, a jednocze\u015bnie od\u017cywcze mleczko do twarzy, kt\u00f3re intensywnie nawil\u017ca, wyg\u0142adza i wzmacnia barier\u0119 ochronn\u0105 sk\u00f3ry. Bogate w 70% wod\u0119 z otr\u0119b\u00f3w ry\u017cowych, dostarcza sk\u00f3rze cennych sk\u0142adnik\u00f3w od\u017cywczych, pozostawiaj\u0105c j\u0105 mi\u0119kk\u0105, elastyczn\u0105 i promienn\u0105. Korzy\u015bci dla sk\u00f3ry: G\u0142\u0119bokie nawil\u017cenie i ukojenie dzi\u0119ki obecno\u015bci kwasu hialuronowego, glicerolu i ceramid\u00f3w. &#8230; <a title=\"ANUA Rice 70 Intensive Moisturizing Milk 150 ml &#8211; nawil\u017caj\u0105ce mleczko do twarzy\" class=\"read-more\" href=\"https:\/\/selleetools.com\/pl\/product\/anua-rice-70-intensive-moisturizing-milk-150-ml-nawilzajace-mleczko-do-twarzy\/\">Read more<span class=\"screen-reader-text\">ANUA Rice 70 Intensive Moisturizing Milk 150 ml &#8211; nawil\u017caj\u0105ce mleczko do twarzy<\/span><\/a><\/p>\n","protected":false},"featured_media":607591,"comment_status":"open","ping_status":"closed","template":"","meta":{"_links_to":"","_links_to_target":""},"yoast_head":"<!-- This site is optimized with the Yoast SEO plugin v19.4 - https:\/\/yoast.com\/wordpress\/plugins\/seo\/ -->\n<title>ANUA Rice 70 Intensive Moisturizing Milk 150 ml - nawil\u017caj\u0105ce mleczko do twarzy - Selleetools.com<\/title>\n<meta name=\"robots\" content=\"index, follow, max-snippet:-1, max-image-preview:large, max-video-preview:-1\" \/>\n<link rel=\"canonical\" href=\"https:\/\/selleetools.com\/pl\/product\/anua-rice-70-intensive-moisturizing-milk-150-ml-nawilzajace-mleczko-do-twarzy\/\" \/>\n<meta property=\"og:locale\" content=\"pl_PL\" \/>\n<meta property=\"og:type\" content=\"article\" \/>\n<meta property=\"og:title\" content=\"ANUA Rice 70 Intensive Moisturizing Milk 150 ml - nawil\u017caj\u0105ce mleczko do twarzy - Selleetools.com\" \/>\n<meta property=\"og:description\" content=\"ANUA Rice 70 Intensive Moisturizing Milk to lekkie, a jednocze\u015bnie od\u017cywcze mleczko do twarzy, kt\u00f3re intensywnie nawil\u017ca, wyg\u0142adza i wzmacnia barier\u0119 ochronn\u0105 sk\u00f3ry. Bogate w 70% wod\u0119 z otr\u0119b\u00f3w ry\u017cowych, dostarcza sk\u00f3rze cennych sk\u0142adnik\u00f3w od\u017cywczych, pozostawiaj\u0105c j\u0105 mi\u0119kk\u0105, elastyczn\u0105 i promienn\u0105. Korzy\u015bci dla sk\u00f3ry: G\u0142\u0119bokie nawil\u017cenie i ukojenie dzi\u0119ki obecno\u015bci kwasu hialuronowego, glicerolu i ceramid\u00f3w. ... Read moreANUA Rice 70 Intensive Moisturizing Milk 150 ml &#8211; nawil\u017caj\u0105ce mleczko do twarzy\" \/>\n<meta property=\"og:url\" content=\"https:\/\/selleetools.com\/pl\/product\/anua-rice-70-intensive-moisturizing-milk-150-ml-nawilzajace-mleczko-do-twarzy\/\" \/>\n<meta property=\"og:site_name\" content=\"Selleetools.com\" \/>\n<meta property=\"article:modified_time\" content=\"2025-11-04T20:13:12+00:00\" \/>\n<meta property=\"og:image\" content=\"https:\/\/selleetools.com\/wp-content\/uploads\/2025\/10\/2547055418f33f68b0b07fab8e68d7ba.jpg\" \/>\n\t<meta property=\"og:image:width\" content=\"1000\" \/>\n\t<meta property=\"og:image:height\" content=\"1000\" \/>\n\t<meta property=\"og:image:type\" content=\"image\/jpeg\" \/>\n<meta name=\"twitter:card\" content=\"summary_large_image\" \/>\n<meta name=\"twitter:label1\" content=\"Est. reading time\" \/>\n\t<meta name=\"twitter:data1\" content=\"1 minuta\" \/>\n<!-- \/ Yoast SEO plugin. -->","yoast_head_json":{"title":"ANUA Rice 70 Intensive Moisturizing Milk 150 ml - nawil\u017caj\u0105ce mleczko do twarzy - Selleetools.com","robots":{"index":"index","follow":"follow","max-snippet":"max-snippet:-1","max-image-preview":"max-image-preview:large","max-video-preview":"max-video-preview:-1"},"canonical":"https:\/\/selleetools.com\/pl\/product\/anua-rice-70-intensive-moisturizing-milk-150-ml-nawilzajace-mleczko-do-twarzy\/","og_locale":"pl_PL","og_type":"article","og_title":"ANUA Rice 70 Intensive Moisturizing Milk 150 ml - nawil\u017caj\u0105ce mleczko do twarzy - Selleetools.com","og_description":"ANUA Rice 70 Intensive Moisturizing Milk to lekkie, a jednocze\u015bnie od\u017cywcze mleczko do twarzy, kt\u00f3re intensywnie nawil\u017ca, wyg\u0142adza i wzmacnia barier\u0119 ochronn\u0105 sk\u00f3ry. Bogate w 70% wod\u0119 z otr\u0119b\u00f3w ry\u017cowych, dostarcza sk\u00f3rze cennych sk\u0142adnik\u00f3w od\u017cywczych, pozostawiaj\u0105c j\u0105 mi\u0119kk\u0105, elastyczn\u0105 i promienn\u0105. Korzy\u015bci dla sk\u00f3ry: G\u0142\u0119bokie nawil\u017cenie i ukojenie dzi\u0119ki obecno\u015bci kwasu hialuronowego, glicerolu i ceramid\u00f3w. ... Read moreANUA Rice 70 Intensive Moisturizing Milk 150 ml &#8211; nawil\u017caj\u0105ce mleczko do twarzy","og_url":"https:\/\/selleetools.com\/pl\/product\/anua-rice-70-intensive-moisturizing-milk-150-ml-nawilzajace-mleczko-do-twarzy\/","og_site_name":"Selleetools.com","article_modified_time":"2025-11-04T20:13:12+00:00","og_image":[{"width":1000,"height":1000,"url":"https:\/\/selleetools.com\/wp-content\/uploads\/2025\/10\/2547055418f33f68b0b07fab8e68d7ba.jpg","type":"image\/jpeg"}],"twitter_card":"summary_large_image","twitter_misc":{"Est. reading time":"1 minuta"},"schema":{"@context":"https:\/\/schema.org","@graph":[{"@type":"Organization","@id":"https:\/\/selleetools.com\/#organization","name":"Selleetools","url":"https:\/\/selleetools.com\/","sameAs":[],"logo":{"@type":"ImageObject","inLanguage":"pl-PL","@id":"https:\/\/selleetools.com\/#\/schema\/logo\/image\/","url":"https:\/\/selleetools.com\/wp-content\/uploads\/2021\/10\/logo-dark.png","contentUrl":"https:\/\/selleetools.com\/wp-content\/uploads\/2021\/10\/logo-dark.png","width":320,"height":76,"caption":"Selleetools"},"image":{"@id":"https:\/\/selleetools.com\/#\/schema\/logo\/image\/"}},{"@type":"WebSite","@id":"https:\/\/selleetools.com\/#website","url":"https:\/\/selleetools.com\/","name":"Selleetools.com","description":"","publisher":{"@id":"https:\/\/selleetools.com\/#organization"},"potentialAction":[{"@type":"SearchAction","target":{"@type":"EntryPoint","urlTemplate":"https:\/\/selleetools.com\/?s={search_term_string}"},"query-input":"required name=search_term_string"}],"inLanguage":"pl-PL"},{"@type":"WebPage","@id":"https:\/\/selleetools.com\/pl\/product\/anua-rice-70-intensive-moisturizing-milk-150-ml-nawilzajace-mleczko-do-twarzy\/","url":"https:\/\/selleetools.com\/pl\/product\/anua-rice-70-intensive-moisturizing-milk-150-ml-nawilzajace-mleczko-do-twarzy\/","name":"ANUA Rice 70 Intensive Moisturizing Milk 150 ml - nawil\u017caj\u0105ce mleczko do twarzy - Selleetools.com","isPartOf":{"@id":"https:\/\/selleetools.com\/#website"},"datePublished":"2025-10-24T12:06:33+00:00","dateModified":"2025-11-04T20:13:12+00:00","breadcrumb":{"@id":"https:\/\/selleetools.com\/pl\/product\/anua-rice-70-intensive-moisturizing-milk-150-ml-nawilzajace-mleczko-do-twarzy\/#breadcrumb"},"inLanguage":"pl-PL","potentialAction":[{"@type":"ReadAction","target":["https:\/\/selleetools.com\/pl\/product\/anua-rice-70-intensive-moisturizing-milk-150-ml-nawilzajace-mleczko-do-twarzy\/"]}]},{"@type":"BreadcrumbList","@id":"https:\/\/selleetools.com\/pl\/product\/anua-rice-70-intensive-moisturizing-milk-150-ml-nawilzajace-mleczko-do-twarzy\/#breadcrumb","itemListElement":[{"@type":"ListItem","position":1,"name":"Home","item":"https:\/\/selleetools.com\/pl\/"},{"@type":"ListItem","position":2,"name":"Katalog","item":"https:\/\/selleetools.com\/pl\/katalog\/"},{"@type":"ListItem","position":3,"name":"ANUA Rice 70 Intensive Moisturizing Milk 150 ml &#8211; nawil\u017caj\u0105ce mleczko do twarzy"}]}]}},"_links":{"self":[{"href":"https:\/\/selleetools.com\/pl\/wp-json\/wp\/v2\/product\/607593"}],"collection":[{"href":"https:\/\/selleetools.com\/pl\/wp-json\/wp\/v2\/product"}],"about":[{"href":"https:\/\/selleetools.com\/pl\/wp-json\/wp\/v2\/types\/product"}],"replies":[{"embeddable":true,"href":"https:\/\/selleetools.com\/pl\/wp-json\/wp\/v2\/comments?post=607593"}],"wp:featuredmedia":[{"embeddable":true,"href":"https:\/\/selleetools.com\/pl\/wp-json\/wp\/v2\/media\/607591"}],"wp:attachment":[{"href":"https:\/\/selleetools.com\/pl\/wp-json\/wp\/v2\/media?parent=607593"}],"curies":[{"name":"wp","href":"https:\/\/api.w.org\/{rel}","templated":true}]}}