{"id":607536,"date":"2025-10-24T14:05:37","date_gmt":"2025-10-24T12:05:37","guid":{"rendered":"https:\/\/selleetools.com\/?post_type=product&#038;p=607536"},"modified":"2025-11-19T19:00:16","modified_gmt":"2025-11-19T18:00:16","slug":"vt-cosmetics-cica-essence-sun-spf50-pa-100-ml-esencja-przeciwsloneczna","status":"publish","type":"product","link":"https:\/\/selleetools.com\/pl\/product\/vt-cosmetics-cica-essence-sun-spf50-pa-100-ml-esencja-przeciwsloneczna\/","title":{"rendered":"VT COSMETICS Cica Essence Sun SPF50+\/PA++++ 100 ml &#8211; esencja przeciws\u0142oneczna"},"content":{"rendered":"<p>VT Cica Essence Sun to nowoczesna esencja przeciws\u0142oneczna, kt\u00f3ra \u0142\u0105czy zaawansowan\u0105 ochron\u0119 UV z intensywn\u0105 piel\u0119gnacj\u0105 sk\u00f3ry. Jej lekka, p\u0142ynna konsystencja o mleczno-bia\u0142ym kolorze szybko si\u0119 wch\u0142ania, nie pozostawiaj\u0105c bia\u0142ego filmu ani uczucia lepko\u015bci. Idealna do codziennego stosowania, nawet pod makija\u017c. Formu\u0142a oparta na kompleksie CICA (Centella Asiatica i jej aktywne sk\u0142adniki: madecassoside, asiaticoside, asiatic acid) koi sk\u00f3r\u0119, wspiera regeneracj\u0119 i dzia\u0142a przeciwzapalnie.<\/p>\n<p>Korzy\u015bci ze stosowania:<br \/>\nBardzo wysoka ochrona SPF50+ \/ PA++++ przed promieniowaniem UVA i UVB<br \/>\nRedukuje zaczerwienienia i \u0142agodzi podra\u017cnienia dzi\u0119ki zawarto\u015bci Centella Asiatica i panthenolu<br \/>\nNawil\u017ca i wzmacnia barier\u0119 hydrolipidow\u0105 \u2013 dzi\u0119ki kwasom hialuronowym i ceramidom<br \/>\nRozja\u015bnia i wyr\u00f3wnuje koloryt sk\u00f3ry (niacynamid)<br \/>\nDzia\u0142a antyoksydacyjnie i ochronnie dzi\u0119ki ekstraktom z broku\u0142a, bor\u00f3wki, winogron i zielonej herbaty<br \/>\nNiekomedogenna, odpowiednia do sk\u00f3ry wra\u017cliwej, tr\u0105dzikowej i naczynkowej<br \/>\nSubtelny, od\u015bwie\u017caj\u0105cy zapach i b\u0142yskawiczne wch\u0142anianie bez efektu t\u0142usto\u015bci<\/p>\n<p>Spos\u00f3b u\u017cycia:<br \/>\nNa\u0142\u00f3\u017c odpowiedni\u0105 ilo\u015b\u0107 produktu jako ostatni etap porannej piel\u0119gnacji twarzy. R\u00f3wnomiernie rozprowad\u017a na sk\u00f3rze twarzy, szyi i innych ods\u0142oni\u0119tych partiach cia\u0142a. Aplikacj\u0119 powtarzaj co 2\u20133 godziny w ci\u0105gu dnia, szczeg\u00f3lnie po k\u0105pieli, spoceniu si\u0119 lub wytarciu sk\u00f3ry r\u0119cznikiem.<\/p>\n","protected":false},"excerpt":{"rendered":"<p>VT Cica Essence Sun to nowoczesna esencja przeciws\u0142oneczna, kt\u00f3ra \u0142\u0105czy zaawansowan\u0105 ochron\u0119 UV z intensywn\u0105 piel\u0119gnacj\u0105 sk\u00f3ry. Jej lekka, p\u0142ynna konsystencja o mleczno-bia\u0142ym kolorze szybko si\u0119 wch\u0142ania, nie pozostawiaj\u0105c bia\u0142ego filmu ani uczucia lepko\u015bci. Idealna do codziennego stosowania, nawet pod makija\u017c. Formu\u0142a oparta na kompleksie CICA (Centella Asiatica i jej aktywne sk\u0142adniki: madecassoside, asiaticoside, asiatic &#8230; <a title=\"VT COSMETICS Cica Essence Sun SPF50+\/PA++++ 100 ml &#8211; esencja przeciws\u0142oneczna\" class=\"read-more\" href=\"https:\/\/selleetools.com\/pl\/product\/vt-cosmetics-cica-essence-sun-spf50-pa-100-ml-esencja-przeciwsloneczna\/\">Read more<span class=\"screen-reader-text\">VT COSMETICS Cica Essence Sun SPF50+\/PA++++ 100 ml &#8211; esencja przeciws\u0142oneczna<\/span><\/a><\/p>\n","protected":false},"featured_media":607534,"comment_status":"open","ping_status":"closed","template":"","meta":{"_links_to":"","_links_to_target":""},"yoast_head":"<!-- This site is optimized with the Yoast SEO plugin v19.4 - https:\/\/yoast.com\/wordpress\/plugins\/seo\/ -->\n<title>VT COSMETICS Cica Essence Sun SPF50+\/PA++++ 100 ml - esencja przeciws\u0142oneczna - Selleetools.com<\/title>\n<meta name=\"robots\" content=\"index, follow, max-snippet:-1, max-image-preview:large, max-video-preview:-1\" \/>\n<link rel=\"canonical\" href=\"https:\/\/selleetools.com\/product\/vt-cosmetics-cica-essence-sun-spf50-pa-100-ml-esencja-przeciwsloneczna\/\" \/>\n<meta property=\"og:locale\" content=\"pl_PL\" \/>\n<meta property=\"og:type\" content=\"article\" \/>\n<meta property=\"og:title\" content=\"VT COSMETICS Cica Essence Sun SPF50+\/PA++++ 100 ml - esencja przeciws\u0142oneczna - Selleetools.com\" \/>\n<meta property=\"og:description\" content=\"VT Cica Essence Sun to nowoczesna esencja przeciws\u0142oneczna, kt\u00f3ra \u0142\u0105czy zaawansowan\u0105 ochron\u0119 UV z intensywn\u0105 piel\u0119gnacj\u0105 sk\u00f3ry. Jej lekka, p\u0142ynna konsystencja o mleczno-bia\u0142ym kolorze szybko si\u0119 wch\u0142ania, nie pozostawiaj\u0105c bia\u0142ego filmu ani uczucia lepko\u015bci. Idealna do codziennego stosowania, nawet pod makija\u017c. Formu\u0142a oparta na kompleksie CICA (Centella Asiatica i jej aktywne sk\u0142adniki: madecassoside, asiaticoside, asiatic ... Read moreVT COSMETICS Cica Essence Sun SPF50+\/PA++++ 100 ml &#8211; esencja przeciws\u0142oneczna\" \/>\n<meta property=\"og:url\" content=\"https:\/\/selleetools.com\/product\/vt-cosmetics-cica-essence-sun-spf50-pa-100-ml-esencja-przeciwsloneczna\/\" \/>\n<meta property=\"og:site_name\" content=\"Selleetools.com\" \/>\n<meta property=\"article:modified_time\" content=\"2025-11-19T18:00:16+00:00\" \/>\n<meta property=\"og:image\" content=\"https:\/\/selleetools.com\/wp-content\/uploads\/2025\/10\/9a845546c6131c770db266054209c40c.png\" \/>\n\t<meta property=\"og:image:width\" content=\"1200\" \/>\n\t<meta property=\"og:image:height\" content=\"1200\" \/>\n\t<meta property=\"og:image:type\" content=\"image\/png\" \/>\n<meta name=\"twitter:card\" content=\"summary_large_image\" \/>\n<meta name=\"twitter:label1\" content=\"Est. reading time\" \/>\n\t<meta name=\"twitter:data1\" content=\"1 minuta\" \/>\n<!-- \/ Yoast SEO plugin. -->","yoast_head_json":{"title":"VT COSMETICS Cica Essence Sun SPF50+\/PA++++ 100 ml - esencja przeciws\u0142oneczna - Selleetools.com","robots":{"index":"index","follow":"follow","max-snippet":"max-snippet:-1","max-image-preview":"max-image-preview:large","max-video-preview":"max-video-preview:-1"},"canonical":"https:\/\/selleetools.com\/product\/vt-cosmetics-cica-essence-sun-spf50-pa-100-ml-esencja-przeciwsloneczna\/","og_locale":"pl_PL","og_type":"article","og_title":"VT COSMETICS Cica Essence Sun SPF50+\/PA++++ 100 ml - esencja przeciws\u0142oneczna - Selleetools.com","og_description":"VT Cica Essence Sun to nowoczesna esencja przeciws\u0142oneczna, kt\u00f3ra \u0142\u0105czy zaawansowan\u0105 ochron\u0119 UV z intensywn\u0105 piel\u0119gnacj\u0105 sk\u00f3ry. Jej lekka, p\u0142ynna konsystencja o mleczno-bia\u0142ym kolorze szybko si\u0119 wch\u0142ania, nie pozostawiaj\u0105c bia\u0142ego filmu ani uczucia lepko\u015bci. Idealna do codziennego stosowania, nawet pod makija\u017c. Formu\u0142a oparta na kompleksie CICA (Centella Asiatica i jej aktywne sk\u0142adniki: madecassoside, asiaticoside, asiatic ... Read moreVT COSMETICS Cica Essence Sun SPF50+\/PA++++ 100 ml &#8211; esencja przeciws\u0142oneczna","og_url":"https:\/\/selleetools.com\/product\/vt-cosmetics-cica-essence-sun-spf50-pa-100-ml-esencja-przeciwsloneczna\/","og_site_name":"Selleetools.com","article_modified_time":"2025-11-19T18:00:16+00:00","og_image":[{"width":1200,"height":1200,"url":"https:\/\/selleetools.com\/wp-content\/uploads\/2025\/10\/9a845546c6131c770db266054209c40c.png","type":"image\/png"}],"twitter_card":"summary_large_image","twitter_misc":{"Est. reading time":"1 minuta"},"schema":{"@context":"https:\/\/schema.org","@graph":[{"@type":"Organization","@id":"https:\/\/selleetools.com\/#organization","name":"Selleetools","url":"https:\/\/selleetools.com\/","sameAs":[],"logo":{"@type":"ImageObject","inLanguage":"pl-PL","@id":"https:\/\/selleetools.com\/#\/schema\/logo\/image\/","url":"https:\/\/selleetools.com\/wp-content\/uploads\/2021\/10\/logo-dark.png","contentUrl":"https:\/\/selleetools.com\/wp-content\/uploads\/2021\/10\/logo-dark.png","width":320,"height":76,"caption":"Selleetools"},"image":{"@id":"https:\/\/selleetools.com\/#\/schema\/logo\/image\/"}},{"@type":"WebSite","@id":"https:\/\/selleetools.com\/#website","url":"https:\/\/selleetools.com\/","name":"Selleetools.com","description":"","publisher":{"@id":"https:\/\/selleetools.com\/#organization"},"potentialAction":[{"@type":"SearchAction","target":{"@type":"EntryPoint","urlTemplate":"https:\/\/selleetools.com\/?s={search_term_string}"},"query-input":"required name=search_term_string"}],"inLanguage":"pl-PL"},{"@type":"WebPage","@id":"https:\/\/selleetools.com\/product\/vt-cosmetics-cica-essence-sun-spf50-pa-100-ml-esencja-przeciwsloneczna\/","url":"https:\/\/selleetools.com\/product\/vt-cosmetics-cica-essence-sun-spf50-pa-100-ml-esencja-przeciwsloneczna\/","name":"VT COSMETICS Cica Essence Sun SPF50+\/PA++++ 100 ml - esencja przeciws\u0142oneczna - Selleetools.com","isPartOf":{"@id":"https:\/\/selleetools.com\/#website"},"datePublished":"2025-10-24T12:05:37+00:00","dateModified":"2025-11-19T18:00:16+00:00","breadcrumb":{"@id":"https:\/\/selleetools.com\/product\/vt-cosmetics-cica-essence-sun-spf50-pa-100-ml-esencja-przeciwsloneczna\/#breadcrumb"},"inLanguage":"pl-PL","potentialAction":[{"@type":"ReadAction","target":["https:\/\/selleetools.com\/product\/vt-cosmetics-cica-essence-sun-spf50-pa-100-ml-esencja-przeciwsloneczna\/"]}]},{"@type":"BreadcrumbList","@id":"https:\/\/selleetools.com\/product\/vt-cosmetics-cica-essence-sun-spf50-pa-100-ml-esencja-przeciwsloneczna\/#breadcrumb","itemListElement":[{"@type":"ListItem","position":1,"name":"Home","item":"https:\/\/selleetools.com\/pl\/"},{"@type":"ListItem","position":2,"name":"Katalog","item":"https:\/\/selleetools.com\/pl\/katalog\/"},{"@type":"ListItem","position":3,"name":"VT COSMETICS Cica Essence Sun SPF50+\/PA++++ 100 ml &#8211; esencja przeciws\u0142oneczna"}]}]}},"_links":{"self":[{"href":"https:\/\/selleetools.com\/pl\/wp-json\/wp\/v2\/product\/607536"}],"collection":[{"href":"https:\/\/selleetools.com\/pl\/wp-json\/wp\/v2\/product"}],"about":[{"href":"https:\/\/selleetools.com\/pl\/wp-json\/wp\/v2\/types\/product"}],"replies":[{"embeddable":true,"href":"https:\/\/selleetools.com\/pl\/wp-json\/wp\/v2\/comments?post=607536"}],"wp:featuredmedia":[{"embeddable":true,"href":"https:\/\/selleetools.com\/pl\/wp-json\/wp\/v2\/media\/607534"}],"wp:attachment":[{"href":"https:\/\/selleetools.com\/pl\/wp-json\/wp\/v2\/media?parent=607536"}],"curies":[{"name":"wp","href":"https:\/\/api.w.org\/{rel}","templated":true}]}}