{"id":607478,"date":"2025-10-24T14:04:53","date_gmt":"2025-10-24T12:04:53","guid":{"rendered":"https:\/\/selleetools.com\/?post_type=product&#038;p=607478"},"modified":"2025-11-04T21:08:41","modified_gmt":"2025-11-04T20:08:41","slug":"biodance-radiant-vita-niacinamide-real-deep-mask-34-g-rozjasniajaca-maseczka-w-plachcie-z-niacynamidem","status":"publish","type":"product","link":"https:\/\/selleetools.com\/pl\/product\/biodance-radiant-vita-niacinamide-real-deep-mask-34-g-rozjasniajaca-maseczka-w-plachcie-z-niacynamidem\/","title":{"rendered":"BIODANCE Radiant Vita Niacinamide Real Deep Mask 34 g &#8211; rozja\u015bniaj\u0105ca maseczka w p\u0142achcie z niacynamidem"},"content":{"rendered":"<p>BIODANCE Radiant Vita Niacinamide Real Deep Mask to zaawansowana maseczka w p\u0142achcie, stworzona z my\u015bl\u0105 o intensywnym roz\u015bwietleniu i poprawie kondycji sk\u00f3ry. Wysokie st\u0119\u017cenie niacynamidu (20 000 ppm) oraz naturalna woda z ananasa i kompleks sk\u0142adnik\u00f3w ro\u015blinnych dzia\u0142aj\u0105 synergicznie, aby rozja\u015bnia\u0107 sk\u00f3r\u0119, redukowa\u0107 przebarwienia i wspomaga\u0107 jej regeneracj\u0119.<\/p>\n<p>Korzy\u015bci dla sk\u00f3ry:<br \/>\nRozja\u015bnia sk\u00f3r\u0119 i wyr\u00f3wnuje koloryt dzi\u0119ki niacynamidowi<br \/>\nNawil\u017ca i zmi\u0119kcza sk\u00f3r\u0119 dzi\u0119ki obecno\u015bci kwasu hialuronowego w r\u00f3\u017cnych formach<br \/>\nWzmacnia barier\u0119 ochronn\u0105 sk\u00f3ry<br \/>\n\u0141agodzi podra\u017cnienia i dzia\u0142a antyoksydacyjnie<br \/>\nPrzywraca blask i \u015bwie\u017co\u015b\u0107 zm\u0119czonej cerze<\/p>\n<p>Spos\u00f3b u\u017cycia:<br \/>\nDok\u0142adnie oczy\u015b\u0107 i osusz sk\u00f3r\u0119 twarzy.<br \/>\nNa\u0142\u00f3\u017c maseczk\u0119, dopasowuj\u0105c j\u0105 do kontur\u00f3w twarzy.<br \/>\nPozostaw na 15\u201320 minut.<br \/>\nZdejmij maseczk\u0119 i delikatnie wklep pozosta\u0142\u0105 esencj\u0119 w sk\u00f3r\u0119, a\u017c do ca\u0142kowitego wch\u0142oni\u0119cia.<\/p>\n","protected":false},"excerpt":{"rendered":"<p>BIODANCE Radiant Vita Niacinamide Real Deep Mask to zaawansowana maseczka w p\u0142achcie, stworzona z my\u015bl\u0105 o intensywnym roz\u015bwietleniu i poprawie kondycji sk\u00f3ry. Wysokie st\u0119\u017cenie niacynamidu (20 000 ppm) oraz naturalna woda z ananasa i kompleks sk\u0142adnik\u00f3w ro\u015blinnych dzia\u0142aj\u0105 synergicznie, aby rozja\u015bnia\u0107 sk\u00f3r\u0119, redukowa\u0107 przebarwienia i wspomaga\u0107 jej regeneracj\u0119. Korzy\u015bci dla sk\u00f3ry: Rozja\u015bnia sk\u00f3r\u0119 i wyr\u00f3wnuje &#8230; <a title=\"BIODANCE Radiant Vita Niacinamide Real Deep Mask 34 g &#8211; rozja\u015bniaj\u0105ca maseczka w p\u0142achcie z niacynamidem\" class=\"read-more\" href=\"https:\/\/selleetools.com\/pl\/product\/biodance-radiant-vita-niacinamide-real-deep-mask-34-g-rozjasniajaca-maseczka-w-plachcie-z-niacynamidem\/\">Read more<span class=\"screen-reader-text\">BIODANCE Radiant Vita Niacinamide Real Deep Mask 34 g &#8211; rozja\u015bniaj\u0105ca maseczka w p\u0142achcie z niacynamidem<\/span><\/a><\/p>\n","protected":false},"featured_media":607476,"comment_status":"open","ping_status":"closed","template":"","meta":{"_links_to":"","_links_to_target":""},"yoast_head":"<!-- This site is optimized with the Yoast SEO plugin v19.4 - https:\/\/yoast.com\/wordpress\/plugins\/seo\/ -->\n<title>BIODANCE Radiant Vita Niacinamide Real Deep Mask 34 g - rozja\u015bniaj\u0105ca maseczka w p\u0142achcie z niacynamidem - Selleetools.com<\/title>\n<meta name=\"robots\" content=\"index, follow, max-snippet:-1, max-image-preview:large, max-video-preview:-1\" \/>\n<link rel=\"canonical\" href=\"https:\/\/admincentral.selleetools.com\/pl\/product\/biodance-radiant-vita-niacinamide-real-deep-mask-34-g-rozjasniajaca-maseczka-w-plachcie-z-niacynamidem\/\" \/>\n<meta property=\"og:locale\" content=\"pl_PL\" \/>\n<meta property=\"og:type\" content=\"article\" \/>\n<meta property=\"og:title\" content=\"BIODANCE Radiant Vita Niacinamide Real Deep Mask 34 g - rozja\u015bniaj\u0105ca maseczka w p\u0142achcie z niacynamidem - Selleetools.com\" \/>\n<meta property=\"og:description\" content=\"BIODANCE Radiant Vita Niacinamide Real Deep Mask to zaawansowana maseczka w p\u0142achcie, stworzona z my\u015bl\u0105 o intensywnym roz\u015bwietleniu i poprawie kondycji sk\u00f3ry. Wysokie st\u0119\u017cenie niacynamidu (20 000 ppm) oraz naturalna woda z ananasa i kompleks sk\u0142adnik\u00f3w ro\u015blinnych dzia\u0142aj\u0105 synergicznie, aby rozja\u015bnia\u0107 sk\u00f3r\u0119, redukowa\u0107 przebarwienia i wspomaga\u0107 jej regeneracj\u0119. Korzy\u015bci dla sk\u00f3ry: Rozja\u015bnia sk\u00f3r\u0119 i wyr\u00f3wnuje ... Read moreBIODANCE Radiant Vita Niacinamide Real Deep Mask 34 g &#8211; rozja\u015bniaj\u0105ca maseczka w p\u0142achcie z niacynamidem\" \/>\n<meta property=\"og:url\" content=\"https:\/\/admincentral.selleetools.com\/pl\/product\/biodance-radiant-vita-niacinamide-real-deep-mask-34-g-rozjasniajaca-maseczka-w-plachcie-z-niacynamidem\/\" \/>\n<meta property=\"og:site_name\" content=\"Selleetools.com\" \/>\n<meta property=\"article:modified_time\" content=\"2025-11-04T20:08:41+00:00\" \/>\n<meta property=\"og:image\" content=\"https:\/\/selleetools.com\/wp-content\/uploads\/2025\/10\/a66bae408a929a1c005562a23b4e69b2.jpg\" \/>\n\t<meta property=\"og:image:width\" content=\"1000\" \/>\n\t<meta property=\"og:image:height\" content=\"1000\" \/>\n\t<meta property=\"og:image:type\" content=\"image\/jpeg\" \/>\n<meta name=\"twitter:card\" content=\"summary_large_image\" \/>\n<meta name=\"twitter:label1\" content=\"Est. reading time\" \/>\n\t<meta name=\"twitter:data1\" content=\"1 minuta\" \/>\n<!-- \/ Yoast SEO plugin. -->","yoast_head_json":{"title":"BIODANCE Radiant Vita Niacinamide Real Deep Mask 34 g - rozja\u015bniaj\u0105ca maseczka w p\u0142achcie z niacynamidem - Selleetools.com","robots":{"index":"index","follow":"follow","max-snippet":"max-snippet:-1","max-image-preview":"max-image-preview:large","max-video-preview":"max-video-preview:-1"},"canonical":"https:\/\/admincentral.selleetools.com\/pl\/product\/biodance-radiant-vita-niacinamide-real-deep-mask-34-g-rozjasniajaca-maseczka-w-plachcie-z-niacynamidem\/","og_locale":"pl_PL","og_type":"article","og_title":"BIODANCE Radiant Vita Niacinamide Real Deep Mask 34 g - rozja\u015bniaj\u0105ca maseczka w p\u0142achcie z niacynamidem - Selleetools.com","og_description":"BIODANCE Radiant Vita Niacinamide Real Deep Mask to zaawansowana maseczka w p\u0142achcie, stworzona z my\u015bl\u0105 o intensywnym roz\u015bwietleniu i poprawie kondycji sk\u00f3ry. Wysokie st\u0119\u017cenie niacynamidu (20 000 ppm) oraz naturalna woda z ananasa i kompleks sk\u0142adnik\u00f3w ro\u015blinnych dzia\u0142aj\u0105 synergicznie, aby rozja\u015bnia\u0107 sk\u00f3r\u0119, redukowa\u0107 przebarwienia i wspomaga\u0107 jej regeneracj\u0119. Korzy\u015bci dla sk\u00f3ry: Rozja\u015bnia sk\u00f3r\u0119 i wyr\u00f3wnuje ... Read moreBIODANCE Radiant Vita Niacinamide Real Deep Mask 34 g &#8211; rozja\u015bniaj\u0105ca maseczka w p\u0142achcie z niacynamidem","og_url":"https:\/\/admincentral.selleetools.com\/pl\/product\/biodance-radiant-vita-niacinamide-real-deep-mask-34-g-rozjasniajaca-maseczka-w-plachcie-z-niacynamidem\/","og_site_name":"Selleetools.com","article_modified_time":"2025-11-04T20:08:41+00:00","og_image":[{"width":1000,"height":1000,"url":"https:\/\/selleetools.com\/wp-content\/uploads\/2025\/10\/a66bae408a929a1c005562a23b4e69b2.jpg","type":"image\/jpeg"}],"twitter_card":"summary_large_image","twitter_misc":{"Est. reading time":"1 minuta"},"schema":{"@context":"https:\/\/schema.org","@graph":[{"@type":"Organization","@id":"https:\/\/selleetools.com\/#organization","name":"Selleetools","url":"https:\/\/selleetools.com\/","sameAs":[],"logo":{"@type":"ImageObject","inLanguage":"pl-PL","@id":"https:\/\/selleetools.com\/#\/schema\/logo\/image\/","url":"https:\/\/selleetools.com\/wp-content\/uploads\/2021\/10\/logo-dark.png","contentUrl":"https:\/\/selleetools.com\/wp-content\/uploads\/2021\/10\/logo-dark.png","width":320,"height":76,"caption":"Selleetools"},"image":{"@id":"https:\/\/selleetools.com\/#\/schema\/logo\/image\/"}},{"@type":"WebSite","@id":"https:\/\/selleetools.com\/#website","url":"https:\/\/selleetools.com\/","name":"Selleetools.com","description":"","publisher":{"@id":"https:\/\/selleetools.com\/#organization"},"potentialAction":[{"@type":"SearchAction","target":{"@type":"EntryPoint","urlTemplate":"https:\/\/selleetools.com\/?s={search_term_string}"},"query-input":"required name=search_term_string"}],"inLanguage":"pl-PL"},{"@type":"WebPage","@id":"https:\/\/admincentral.selleetools.com\/pl\/product\/biodance-radiant-vita-niacinamide-real-deep-mask-34-g-rozjasniajaca-maseczka-w-plachcie-z-niacynamidem\/","url":"https:\/\/admincentral.selleetools.com\/pl\/product\/biodance-radiant-vita-niacinamide-real-deep-mask-34-g-rozjasniajaca-maseczka-w-plachcie-z-niacynamidem\/","name":"BIODANCE Radiant Vita Niacinamide Real Deep Mask 34 g - rozja\u015bniaj\u0105ca maseczka w p\u0142achcie z niacynamidem - Selleetools.com","isPartOf":{"@id":"https:\/\/selleetools.com\/#website"},"datePublished":"2025-10-24T12:04:53+00:00","dateModified":"2025-11-04T20:08:41+00:00","breadcrumb":{"@id":"https:\/\/admincentral.selleetools.com\/pl\/product\/biodance-radiant-vita-niacinamide-real-deep-mask-34-g-rozjasniajaca-maseczka-w-plachcie-z-niacynamidem\/#breadcrumb"},"inLanguage":"pl-PL","potentialAction":[{"@type":"ReadAction","target":["https:\/\/admincentral.selleetools.com\/pl\/product\/biodance-radiant-vita-niacinamide-real-deep-mask-34-g-rozjasniajaca-maseczka-w-plachcie-z-niacynamidem\/"]}]},{"@type":"BreadcrumbList","@id":"https:\/\/admincentral.selleetools.com\/pl\/product\/biodance-radiant-vita-niacinamide-real-deep-mask-34-g-rozjasniajaca-maseczka-w-plachcie-z-niacynamidem\/#breadcrumb","itemListElement":[{"@type":"ListItem","position":1,"name":"Home","item":"https:\/\/selleetools.com\/pl\/"},{"@type":"ListItem","position":2,"name":"Katalog","item":"https:\/\/selleetools.com\/pl\/katalog\/"},{"@type":"ListItem","position":3,"name":"BIODANCE Radiant Vita Niacinamide Real Deep Mask 34 g &#8211; rozja\u015bniaj\u0105ca maseczka w p\u0142achcie z niacynamidem"}]}]}},"_links":{"self":[{"href":"https:\/\/selleetools.com\/pl\/wp-json\/wp\/v2\/product\/607478"}],"collection":[{"href":"https:\/\/selleetools.com\/pl\/wp-json\/wp\/v2\/product"}],"about":[{"href":"https:\/\/selleetools.com\/pl\/wp-json\/wp\/v2\/types\/product"}],"replies":[{"embeddable":true,"href":"https:\/\/selleetools.com\/pl\/wp-json\/wp\/v2\/comments?post=607478"}],"wp:featuredmedia":[{"embeddable":true,"href":"https:\/\/selleetools.com\/pl\/wp-json\/wp\/v2\/media\/607476"}],"wp:attachment":[{"href":"https:\/\/selleetools.com\/pl\/wp-json\/wp\/v2\/media?parent=607478"}],"curies":[{"name":"wp","href":"https:\/\/api.w.org\/{rel}","templated":true}]}}