{"id":607418,"date":"2025-10-24T14:04:06","date_gmt":"2025-10-24T12:04:06","guid":{"rendered":"https:\/\/selleetools.com\/?post_type=product&#038;p=607418"},"modified":"2025-12-15T17:32:49","modified_gmt":"2025-12-15T16:32:49","slug":"pyunkang-yul-skin-set-essence-toner-200-ml-nutrition-cream-100-ml-moisture-serum-100-ml-zestaw-kosmetykow-nawilzajacych","status":"publish","type":"product","link":"https:\/\/selleetools.com\/pl\/product\/pyunkang-yul-skin-set-essence-toner-200-ml-nutrition-cream-100-ml-moisture-serum-100-ml-zestaw-kosmetykow-nawilzajacych\/","title":{"rendered":"Pyunkang Yul Skin SET (Essence Toner 200 ml + Nutrition Cream 100 ml + Moisture Serum 100 ml) &#8211; zestaw kosmetyk\u00f3w nawil\u017caj\u0105cych"},"content":{"rendered":"<p>Zestaw intensywnie nawil\u017caj\u0105cych kosmetyk\u00f3w Pyunkang Yul to kompleksowa piel\u0119gnacja dla sk\u00f3ry suchej, wra\u017cliwej i odwodnionej. Oparty na filozofii minimalizmu i sk\u0142adnikach pochodzenia naturalnego, zapewnia optymalne nawil\u017cenie, ukojenie i regeneracj\u0119 sk\u00f3ry bez obci\u0105\u017cania jej zb\u0119dnymi dodatkami.<\/p>\n<p>W sk\u0142ad zestawu wchodz\u0105:<br \/>\nPyunkang Yul Moisture Serum 100 ml &#8211; Nawil\u017caj\u0105ce serum do twarzy<br \/>\nPyunkang Yul Essence Toner 200 ml &#8211; Intensywnie nawil\u017caj\u0105cy tonik<br \/>\nPyunkang Yul Nutrition Cream 100 ml &#8211; Krem od\u017cywczy<\/p>\n<p>Korzy\u015bci dla sk\u00f3ry:<br \/>\nG\u0142\u0119bokie nawil\u017cenie i poprawa elastyczno\u015bci sk\u00f3ry<br \/>\nWzmocnienie bariery ochronnej sk\u00f3ry<br \/>\nUkojenie podra\u017cnie\u0144 i zaczerwienie\u0144<br \/>\nOd\u017cywienie i wyg\u0142adzenie cery<\/p>\n<p>Spos\u00f3b u\u017cycia:<br \/>\nEssence Toner: Po oczyszczeniu sk\u00f3ry, nanie\u015b niewielk\u0105 ilo\u015b\u0107 toniku na d\u0142onie lub wacik i delikatnie wklep w twarz.<br \/>\nMoisture Serum: Na\u0142\u00f3\u017c kilka kropli serum na twarz i r\u00f3wnomiernie rozprowad\u017a, omijaj\u0105c okolice oczu.<br \/>\nNutrition Cream: Zako\u0144cz piel\u0119gnacj\u0119, nak\u0142adaj\u0105c odpowiedni\u0105 ilo\u015b\u0107 kremu na twarz i delikatnie wmasuj a\u017c do wch\u0142oni\u0119cia.<\/p>\n<p>Zestaw idealny do codziennego stosowania w porannej i wieczornej rutynie piel\u0119gnacyjnej.<\/p>\n","protected":false},"excerpt":{"rendered":"<p>Zestaw intensywnie nawil\u017caj\u0105cych kosmetyk\u00f3w Pyunkang Yul to kompleksowa piel\u0119gnacja dla sk\u00f3ry suchej, wra\u017cliwej i odwodnionej. Oparty na filozofii minimalizmu i sk\u0142adnikach pochodzenia naturalnego, zapewnia optymalne nawil\u017cenie, ukojenie i regeneracj\u0119 sk\u00f3ry bez obci\u0105\u017cania jej zb\u0119dnymi dodatkami. W sk\u0142ad zestawu wchodz\u0105: Pyunkang Yul Moisture Serum 100 ml &#8211; Nawil\u017caj\u0105ce serum do twarzy Pyunkang Yul Essence Toner 200 &#8230; <a title=\"Pyunkang Yul Skin SET (Essence Toner 200 ml + Nutrition Cream 100 ml + Moisture Serum 100 ml) &#8211; zestaw kosmetyk\u00f3w nawil\u017caj\u0105cych\" class=\"read-more\" href=\"https:\/\/selleetools.com\/pl\/product\/pyunkang-yul-skin-set-essence-toner-200-ml-nutrition-cream-100-ml-moisture-serum-100-ml-zestaw-kosmetykow-nawilzajacych\/\">Read more<span class=\"screen-reader-text\">Pyunkang Yul Skin SET (Essence Toner 200 ml + Nutrition Cream 100 ml + Moisture Serum 100 ml) &#8211; zestaw kosmetyk\u00f3w nawil\u017caj\u0105cych<\/span><\/a><\/p>\n","protected":false},"featured_media":607416,"comment_status":"open","ping_status":"closed","template":"","meta":{"_links_to":"","_links_to_target":""},"yoast_head":"<!-- This site is optimized with the Yoast SEO plugin v19.4 - https:\/\/yoast.com\/wordpress\/plugins\/seo\/ -->\n<title>Pyunkang Yul Skin SET (Essence Toner 200 ml + Nutrition Cream 100 ml + Moisture Serum 100 ml) - zestaw kosmetyk\u00f3w nawil\u017caj\u0105cych - Selleetools.com<\/title>\n<meta name=\"robots\" content=\"index, follow, max-snippet:-1, max-image-preview:large, max-video-preview:-1\" \/>\n<link rel=\"canonical\" href=\"https:\/\/admincentral.selleetools.com\/pl\/product\/pyunkang-yul-skin-set-essence-toner-200-ml-nutrition-cream-100-ml-moisture-serum-100-ml-zestaw-kosmetykow-nawilzajacych\/\" \/>\n<meta property=\"og:locale\" content=\"pl_PL\" \/>\n<meta property=\"og:type\" content=\"article\" \/>\n<meta property=\"og:title\" content=\"Pyunkang Yul Skin SET (Essence Toner 200 ml + Nutrition Cream 100 ml + Moisture Serum 100 ml) - zestaw kosmetyk\u00f3w nawil\u017caj\u0105cych - Selleetools.com\" \/>\n<meta property=\"og:description\" content=\"Zestaw intensywnie nawil\u017caj\u0105cych kosmetyk\u00f3w Pyunkang Yul to kompleksowa piel\u0119gnacja dla sk\u00f3ry suchej, wra\u017cliwej i odwodnionej. Oparty na filozofii minimalizmu i sk\u0142adnikach pochodzenia naturalnego, zapewnia optymalne nawil\u017cenie, ukojenie i regeneracj\u0119 sk\u00f3ry bez obci\u0105\u017cania jej zb\u0119dnymi dodatkami. W sk\u0142ad zestawu wchodz\u0105: Pyunkang Yul Moisture Serum 100 ml &#8211; Nawil\u017caj\u0105ce serum do twarzy Pyunkang Yul Essence Toner 200 ... Read morePyunkang Yul Skin SET (Essence Toner 200 ml + Nutrition Cream 100 ml + Moisture Serum 100 ml) &#8211; zestaw kosmetyk\u00f3w nawil\u017caj\u0105cych\" \/>\n<meta property=\"og:url\" content=\"https:\/\/admincentral.selleetools.com\/pl\/product\/pyunkang-yul-skin-set-essence-toner-200-ml-nutrition-cream-100-ml-moisture-serum-100-ml-zestaw-kosmetykow-nawilzajacych\/\" \/>\n<meta property=\"og:site_name\" content=\"Selleetools.com\" \/>\n<meta property=\"article:modified_time\" content=\"2025-12-15T16:32:49+00:00\" \/>\n<meta property=\"og:image\" content=\"https:\/\/selleetools.com\/wp-content\/uploads\/2025\/10\/ffa781fe313d6c8647a61000e350ee89.jpg\" \/>\n\t<meta property=\"og:image:width\" content=\"800\" \/>\n\t<meta property=\"og:image:height\" content=\"800\" \/>\n\t<meta property=\"og:image:type\" content=\"image\/jpeg\" \/>\n<meta name=\"twitter:card\" content=\"summary_large_image\" \/>\n<meta name=\"twitter:label1\" content=\"Est. reading time\" \/>\n\t<meta name=\"twitter:data1\" content=\"1 minuta\" \/>\n<!-- \/ Yoast SEO plugin. -->","yoast_head_json":{"title":"Pyunkang Yul Skin SET (Essence Toner 200 ml + Nutrition Cream 100 ml + Moisture Serum 100 ml) - zestaw kosmetyk\u00f3w nawil\u017caj\u0105cych - Selleetools.com","robots":{"index":"index","follow":"follow","max-snippet":"max-snippet:-1","max-image-preview":"max-image-preview:large","max-video-preview":"max-video-preview:-1"},"canonical":"https:\/\/admincentral.selleetools.com\/pl\/product\/pyunkang-yul-skin-set-essence-toner-200-ml-nutrition-cream-100-ml-moisture-serum-100-ml-zestaw-kosmetykow-nawilzajacych\/","og_locale":"pl_PL","og_type":"article","og_title":"Pyunkang Yul Skin SET (Essence Toner 200 ml + Nutrition Cream 100 ml + Moisture Serum 100 ml) - zestaw kosmetyk\u00f3w nawil\u017caj\u0105cych - Selleetools.com","og_description":"Zestaw intensywnie nawil\u017caj\u0105cych kosmetyk\u00f3w Pyunkang Yul to kompleksowa piel\u0119gnacja dla sk\u00f3ry suchej, wra\u017cliwej i odwodnionej. Oparty na filozofii minimalizmu i sk\u0142adnikach pochodzenia naturalnego, zapewnia optymalne nawil\u017cenie, ukojenie i regeneracj\u0119 sk\u00f3ry bez obci\u0105\u017cania jej zb\u0119dnymi dodatkami. W sk\u0142ad zestawu wchodz\u0105: Pyunkang Yul Moisture Serum 100 ml &#8211; Nawil\u017caj\u0105ce serum do twarzy Pyunkang Yul Essence Toner 200 ... Read morePyunkang Yul Skin SET (Essence Toner 200 ml + Nutrition Cream 100 ml + Moisture Serum 100 ml) &#8211; zestaw kosmetyk\u00f3w nawil\u017caj\u0105cych","og_url":"https:\/\/admincentral.selleetools.com\/pl\/product\/pyunkang-yul-skin-set-essence-toner-200-ml-nutrition-cream-100-ml-moisture-serum-100-ml-zestaw-kosmetykow-nawilzajacych\/","og_site_name":"Selleetools.com","article_modified_time":"2025-12-15T16:32:49+00:00","og_image":[{"width":800,"height":800,"url":"https:\/\/selleetools.com\/wp-content\/uploads\/2025\/10\/ffa781fe313d6c8647a61000e350ee89.jpg","type":"image\/jpeg"}],"twitter_card":"summary_large_image","twitter_misc":{"Est. reading time":"1 minuta"},"schema":{"@context":"https:\/\/schema.org","@graph":[{"@type":"Organization","@id":"https:\/\/selleetools.com\/#organization","name":"Selleetools","url":"https:\/\/selleetools.com\/","sameAs":[],"logo":{"@type":"ImageObject","inLanguage":"pl-PL","@id":"https:\/\/selleetools.com\/#\/schema\/logo\/image\/","url":"https:\/\/selleetools.com\/wp-content\/uploads\/2021\/10\/logo-dark.png","contentUrl":"https:\/\/selleetools.com\/wp-content\/uploads\/2021\/10\/logo-dark.png","width":320,"height":76,"caption":"Selleetools"},"image":{"@id":"https:\/\/selleetools.com\/#\/schema\/logo\/image\/"}},{"@type":"WebSite","@id":"https:\/\/selleetools.com\/#website","url":"https:\/\/selleetools.com\/","name":"Selleetools.com","description":"","publisher":{"@id":"https:\/\/selleetools.com\/#organization"},"potentialAction":[{"@type":"SearchAction","target":{"@type":"EntryPoint","urlTemplate":"https:\/\/selleetools.com\/?s={search_term_string}"},"query-input":"required name=search_term_string"}],"inLanguage":"pl-PL"},{"@type":"WebPage","@id":"https:\/\/admincentral.selleetools.com\/pl\/product\/pyunkang-yul-skin-set-essence-toner-200-ml-nutrition-cream-100-ml-moisture-serum-100-ml-zestaw-kosmetykow-nawilzajacych\/","url":"https:\/\/admincentral.selleetools.com\/pl\/product\/pyunkang-yul-skin-set-essence-toner-200-ml-nutrition-cream-100-ml-moisture-serum-100-ml-zestaw-kosmetykow-nawilzajacych\/","name":"Pyunkang Yul Skin SET (Essence Toner 200 ml + Nutrition Cream 100 ml + Moisture Serum 100 ml) - zestaw kosmetyk\u00f3w nawil\u017caj\u0105cych - Selleetools.com","isPartOf":{"@id":"https:\/\/selleetools.com\/#website"},"datePublished":"2025-10-24T12:04:06+00:00","dateModified":"2025-12-15T16:32:49+00:00","breadcrumb":{"@id":"https:\/\/admincentral.selleetools.com\/pl\/product\/pyunkang-yul-skin-set-essence-toner-200-ml-nutrition-cream-100-ml-moisture-serum-100-ml-zestaw-kosmetykow-nawilzajacych\/#breadcrumb"},"inLanguage":"pl-PL","potentialAction":[{"@type":"ReadAction","target":["https:\/\/admincentral.selleetools.com\/pl\/product\/pyunkang-yul-skin-set-essence-toner-200-ml-nutrition-cream-100-ml-moisture-serum-100-ml-zestaw-kosmetykow-nawilzajacych\/"]}]},{"@type":"BreadcrumbList","@id":"https:\/\/admincentral.selleetools.com\/pl\/product\/pyunkang-yul-skin-set-essence-toner-200-ml-nutrition-cream-100-ml-moisture-serum-100-ml-zestaw-kosmetykow-nawilzajacych\/#breadcrumb","itemListElement":[{"@type":"ListItem","position":1,"name":"Home","item":"https:\/\/selleetools.com\/pl\/"},{"@type":"ListItem","position":2,"name":"Katalog","item":"https:\/\/selleetools.com\/pl\/katalog\/"},{"@type":"ListItem","position":3,"name":"Pyunkang Yul Skin SET (Essence Toner 200 ml + Nutrition Cream 100 ml + Moisture Serum 100 ml) &#8211; zestaw kosmetyk\u00f3w nawil\u017caj\u0105cych"}]}]}},"_links":{"self":[{"href":"https:\/\/selleetools.com\/pl\/wp-json\/wp\/v2\/product\/607418"}],"collection":[{"href":"https:\/\/selleetools.com\/pl\/wp-json\/wp\/v2\/product"}],"about":[{"href":"https:\/\/selleetools.com\/pl\/wp-json\/wp\/v2\/types\/product"}],"replies":[{"embeddable":true,"href":"https:\/\/selleetools.com\/pl\/wp-json\/wp\/v2\/comments?post=607418"}],"wp:featuredmedia":[{"embeddable":true,"href":"https:\/\/selleetools.com\/pl\/wp-json\/wp\/v2\/media\/607416"}],"wp:attachment":[{"href":"https:\/\/selleetools.com\/pl\/wp-json\/wp\/v2\/media?parent=607418"}],"curies":[{"name":"wp","href":"https:\/\/api.w.org\/{rel}","templated":true}]}}