{"id":607397,"date":"2025-10-24T14:03:46","date_gmt":"2025-10-24T12:03:46","guid":{"rendered":"https:\/\/selleetools.com\/?post_type=product&#038;p=607397"},"modified":"2025-11-04T21:07:55","modified_gmt":"2025-11-04T20:07:55","slug":"medicube-zero-foam-cleanser-120-g-delikatna-pianka-oczyszczajaca","status":"publish","type":"product","link":"https:\/\/selleetools.com\/pl\/product\/medicube-zero-foam-cleanser-120-g-delikatna-pianka-oczyszczajaca\/","title":{"rendered":"Medicube ZERO Foam Cleanser 120 g &#8211; delikatna pianka oczyszczaj\u0105ca"},"content":{"rendered":"<p>Medicube ZERO Foam Cleanser to delikatna pianka oczyszczaj\u0105ca, stworzona z my\u015bl\u0105 o skutecznym usuwaniu zanieczyszcze\u0144 i sebum bez podra\u017cniania sk\u00f3ry. Dzi\u0119ki zawarto\u015bci naturalnych ekstrakt\u00f3w ro\u015blinnych oraz kwasu salicylowego (z Gaultheria Procumbens Leaf Extract), produkt pomaga odblokowa\u0107 pory i zapobiega\u0107 powstawaniu niedoskona\u0142o\u015bci. Jego lekka, kremowa formu\u0142a przekszta\u0142ca si\u0119 w g\u0119st\u0105 pian\u0119, kt\u00f3ra skutecznie oczyszcza sk\u00f3r\u0119, jednocze\u015bnie pozostawiaj\u0105c j\u0105 nawil\u017con\u0105 i od\u015bwie\u017con\u0105.<\/p>\n<p>Korzy\u015bci dla sk\u00f3ry:<br \/>\nDog\u0142\u0119bnie oczyszcza pory i usuwa nadmiar sebum<br \/>\nPomaga redukowa\u0107 niedoskona\u0142o\u015bci i zapobiega ich powstawaniu<br \/>\nNawil\u017ca i \u0142agodzi podra\u017cnienia dzi\u0119ki ekstraktom ro\u015blinnym<br \/>\nZapewnia uczucie \u015bwie\u017co\u015bci i mi\u0119kko\u015bci sk\u00f3ry<br \/>\nOdpowiedni dla sk\u00f3ry t\u0142ustej i mieszanej<\/p>\n<p>Spos\u00f3b u\u017cycia:<br \/>\nZwil\u017c twarz letni\u0105 wod\u0105.<br \/>\nNa\u0142\u00f3\u017c niewielk\u0105 ilo\u015b\u0107 pianki na d\u0142onie i delikatnie spie\u0144.<br \/>\nMasuj twarz okr\u0119\u017cnymi ruchami, koncentruj\u0105c si\u0119 na strefach problematycznych.<br \/>\nSp\u0142ucz dok\u0142adnie wod\u0105 i osusz sk\u00f3r\u0119.<br \/>\nStosuj rano i wieczorem jako cz\u0119\u015b\u0107 codziennej rutyny piel\u0119gnacyjnej.<\/p>\n","protected":false},"excerpt":{"rendered":"<p>Medicube ZERO Foam Cleanser to delikatna pianka oczyszczaj\u0105ca, stworzona z my\u015bl\u0105 o skutecznym usuwaniu zanieczyszcze\u0144 i sebum bez podra\u017cniania sk\u00f3ry. Dzi\u0119ki zawarto\u015bci naturalnych ekstrakt\u00f3w ro\u015blinnych oraz kwasu salicylowego (z Gaultheria Procumbens Leaf Extract), produkt pomaga odblokowa\u0107 pory i zapobiega\u0107 powstawaniu niedoskona\u0142o\u015bci. Jego lekka, kremowa formu\u0142a przekszta\u0142ca si\u0119 w g\u0119st\u0105 pian\u0119, kt\u00f3ra skutecznie oczyszcza sk\u00f3r\u0119, jednocze\u015bnie &#8230; <a title=\"Medicube ZERO Foam Cleanser 120 g &#8211; delikatna pianka oczyszczaj\u0105ca\" class=\"read-more\" href=\"https:\/\/selleetools.com\/pl\/product\/medicube-zero-foam-cleanser-120-g-delikatna-pianka-oczyszczajaca\/\">Read more<span class=\"screen-reader-text\">Medicube ZERO Foam Cleanser 120 g &#8211; delikatna pianka oczyszczaj\u0105ca<\/span><\/a><\/p>\n","protected":false},"featured_media":607395,"comment_status":"open","ping_status":"closed","template":"","meta":{"_links_to":"","_links_to_target":""},"yoast_head":"<!-- This site is optimized with the Yoast SEO plugin v19.4 - https:\/\/yoast.com\/wordpress\/plugins\/seo\/ -->\n<title>Medicube ZERO Foam Cleanser 120 g - delikatna pianka oczyszczaj\u0105ca - Selleetools.com<\/title>\n<meta name=\"robots\" content=\"index, follow, max-snippet:-1, max-image-preview:large, max-video-preview:-1\" \/>\n<link rel=\"canonical\" href=\"https:\/\/selleetools.com\/pl\/product\/medicube-zero-foam-cleanser-120-g-delikatna-pianka-oczyszczajaca\/\" \/>\n<meta property=\"og:locale\" content=\"pl_PL\" \/>\n<meta property=\"og:type\" content=\"article\" \/>\n<meta property=\"og:title\" content=\"Medicube ZERO Foam Cleanser 120 g - delikatna pianka oczyszczaj\u0105ca - Selleetools.com\" \/>\n<meta property=\"og:description\" content=\"Medicube ZERO Foam Cleanser to delikatna pianka oczyszczaj\u0105ca, stworzona z my\u015bl\u0105 o skutecznym usuwaniu zanieczyszcze\u0144 i sebum bez podra\u017cniania sk\u00f3ry. Dzi\u0119ki zawarto\u015bci naturalnych ekstrakt\u00f3w ro\u015blinnych oraz kwasu salicylowego (z Gaultheria Procumbens Leaf Extract), produkt pomaga odblokowa\u0107 pory i zapobiega\u0107 powstawaniu niedoskona\u0142o\u015bci. Jego lekka, kremowa formu\u0142a przekszta\u0142ca si\u0119 w g\u0119st\u0105 pian\u0119, kt\u00f3ra skutecznie oczyszcza sk\u00f3r\u0119, jednocze\u015bnie ... Read moreMedicube ZERO Foam Cleanser 120 g &#8211; delikatna pianka oczyszczaj\u0105ca\" \/>\n<meta property=\"og:url\" content=\"https:\/\/selleetools.com\/pl\/product\/medicube-zero-foam-cleanser-120-g-delikatna-pianka-oczyszczajaca\/\" \/>\n<meta property=\"og:site_name\" content=\"Selleetools.com\" \/>\n<meta property=\"article:modified_time\" content=\"2025-11-04T20:07:55+00:00\" \/>\n<meta property=\"og:image\" content=\"https:\/\/selleetools.com\/wp-content\/uploads\/2025\/10\/4a8215fcd55f826302c7fa66c41fbd8c.jpg\" \/>\n\t<meta property=\"og:image:width\" content=\"1200\" \/>\n\t<meta property=\"og:image:height\" content=\"1200\" \/>\n\t<meta property=\"og:image:type\" content=\"image\/jpeg\" \/>\n<meta name=\"twitter:card\" content=\"summary_large_image\" \/>\n<meta name=\"twitter:label1\" content=\"Est. reading time\" \/>\n\t<meta name=\"twitter:data1\" content=\"1 minuta\" \/>\n<!-- \/ Yoast SEO plugin. -->","yoast_head_json":{"title":"Medicube ZERO Foam Cleanser 120 g - delikatna pianka oczyszczaj\u0105ca - Selleetools.com","robots":{"index":"index","follow":"follow","max-snippet":"max-snippet:-1","max-image-preview":"max-image-preview:large","max-video-preview":"max-video-preview:-1"},"canonical":"https:\/\/selleetools.com\/pl\/product\/medicube-zero-foam-cleanser-120-g-delikatna-pianka-oczyszczajaca\/","og_locale":"pl_PL","og_type":"article","og_title":"Medicube ZERO Foam Cleanser 120 g - delikatna pianka oczyszczaj\u0105ca - Selleetools.com","og_description":"Medicube ZERO Foam Cleanser to delikatna pianka oczyszczaj\u0105ca, stworzona z my\u015bl\u0105 o skutecznym usuwaniu zanieczyszcze\u0144 i sebum bez podra\u017cniania sk\u00f3ry. Dzi\u0119ki zawarto\u015bci naturalnych ekstrakt\u00f3w ro\u015blinnych oraz kwasu salicylowego (z Gaultheria Procumbens Leaf Extract), produkt pomaga odblokowa\u0107 pory i zapobiega\u0107 powstawaniu niedoskona\u0142o\u015bci. Jego lekka, kremowa formu\u0142a przekszta\u0142ca si\u0119 w g\u0119st\u0105 pian\u0119, kt\u00f3ra skutecznie oczyszcza sk\u00f3r\u0119, jednocze\u015bnie ... Read moreMedicube ZERO Foam Cleanser 120 g &#8211; delikatna pianka oczyszczaj\u0105ca","og_url":"https:\/\/selleetools.com\/pl\/product\/medicube-zero-foam-cleanser-120-g-delikatna-pianka-oczyszczajaca\/","og_site_name":"Selleetools.com","article_modified_time":"2025-11-04T20:07:55+00:00","og_image":[{"width":1200,"height":1200,"url":"https:\/\/selleetools.com\/wp-content\/uploads\/2025\/10\/4a8215fcd55f826302c7fa66c41fbd8c.jpg","type":"image\/jpeg"}],"twitter_card":"summary_large_image","twitter_misc":{"Est. reading time":"1 minuta"},"schema":{"@context":"https:\/\/schema.org","@graph":[{"@type":"Organization","@id":"https:\/\/selleetools.com\/#organization","name":"Selleetools","url":"https:\/\/selleetools.com\/","sameAs":[],"logo":{"@type":"ImageObject","inLanguage":"pl-PL","@id":"https:\/\/selleetools.com\/#\/schema\/logo\/image\/","url":"https:\/\/selleetools.com\/wp-content\/uploads\/2021\/10\/logo-dark.png","contentUrl":"https:\/\/selleetools.com\/wp-content\/uploads\/2021\/10\/logo-dark.png","width":320,"height":76,"caption":"Selleetools"},"image":{"@id":"https:\/\/selleetools.com\/#\/schema\/logo\/image\/"}},{"@type":"WebSite","@id":"https:\/\/selleetools.com\/#website","url":"https:\/\/selleetools.com\/","name":"Selleetools.com","description":"","publisher":{"@id":"https:\/\/selleetools.com\/#organization"},"potentialAction":[{"@type":"SearchAction","target":{"@type":"EntryPoint","urlTemplate":"https:\/\/selleetools.com\/?s={search_term_string}"},"query-input":"required name=search_term_string"}],"inLanguage":"pl-PL"},{"@type":"WebPage","@id":"https:\/\/selleetools.com\/pl\/product\/medicube-zero-foam-cleanser-120-g-delikatna-pianka-oczyszczajaca\/","url":"https:\/\/selleetools.com\/pl\/product\/medicube-zero-foam-cleanser-120-g-delikatna-pianka-oczyszczajaca\/","name":"Medicube ZERO Foam Cleanser 120 g - delikatna pianka oczyszczaj\u0105ca - Selleetools.com","isPartOf":{"@id":"https:\/\/selleetools.com\/#website"},"datePublished":"2025-10-24T12:03:46+00:00","dateModified":"2025-11-04T20:07:55+00:00","breadcrumb":{"@id":"https:\/\/selleetools.com\/pl\/product\/medicube-zero-foam-cleanser-120-g-delikatna-pianka-oczyszczajaca\/#breadcrumb"},"inLanguage":"pl-PL","potentialAction":[{"@type":"ReadAction","target":["https:\/\/selleetools.com\/pl\/product\/medicube-zero-foam-cleanser-120-g-delikatna-pianka-oczyszczajaca\/"]}]},{"@type":"BreadcrumbList","@id":"https:\/\/selleetools.com\/pl\/product\/medicube-zero-foam-cleanser-120-g-delikatna-pianka-oczyszczajaca\/#breadcrumb","itemListElement":[{"@type":"ListItem","position":1,"name":"Home","item":"https:\/\/selleetools.com\/pl\/"},{"@type":"ListItem","position":2,"name":"Katalog","item":"https:\/\/selleetools.com\/pl\/katalog\/"},{"@type":"ListItem","position":3,"name":"Medicube ZERO Foam Cleanser 120 g &#8211; delikatna pianka oczyszczaj\u0105ca"}]}]}},"_links":{"self":[{"href":"https:\/\/selleetools.com\/pl\/wp-json\/wp\/v2\/product\/607397"}],"collection":[{"href":"https:\/\/selleetools.com\/pl\/wp-json\/wp\/v2\/product"}],"about":[{"href":"https:\/\/selleetools.com\/pl\/wp-json\/wp\/v2\/types\/product"}],"replies":[{"embeddable":true,"href":"https:\/\/selleetools.com\/pl\/wp-json\/wp\/v2\/comments?post=607397"}],"wp:featuredmedia":[{"embeddable":true,"href":"https:\/\/selleetools.com\/pl\/wp-json\/wp\/v2\/media\/607395"}],"wp:attachment":[{"href":"https:\/\/selleetools.com\/pl\/wp-json\/wp\/v2\/media?parent=607397"}],"curies":[{"name":"wp","href":"https:\/\/api.w.org\/{rel}","templated":true}]}}