{"id":607371,"date":"2025-10-24T14:03:29","date_gmt":"2025-10-24T12:03:29","guid":{"rendered":"https:\/\/selleetools.com\/?post_type=product&#038;p=607371"},"modified":"2025-12-12T11:03:42","modified_gmt":"2025-12-12T10:03:42","slug":"medicube-one-day-exosome-shot-pore-ampoule-7500-30-ml-ampulka-wygladzajaca-pory","status":"publish","type":"product","link":"https:\/\/selleetools.com\/pl\/product\/medicube-one-day-exosome-shot-pore-ampoule-7500-30-ml-ampulka-wygladzajaca-pory\/","title":{"rendered":"Medicube One Day Exosome Shot Pore Ampoule 7500 30 ml &#8211; ampu\u0142ka wyg\u0142adzaj\u0105ca pory"},"content":{"rendered":"<p>Medicube One Day Exosome Shot Pore Ampoule 7500 to wysoko skoncentrowane serum opracowane z my\u015bl\u0105 o zmniejszeniu widoczno\u015bci por\u00f3w i wyg\u0142adzeniu sk\u00f3ry. Formu\u0142a zawiera eksosomy mleczne oraz fermenty probiotyczne, kt\u00f3re wspieraj\u0105 regeneracj\u0119 i wzmacniaj\u0105 barier\u0119 ochronn\u0105 sk\u00f3ry. Dodatkowo kompleks ro\u015blinnych ekstrakt\u00f3w koi i \u0142agodzi podra\u017cnienia, a kwasy PHA i BHA delikatnie z\u0142uszczaj\u0105 martwy nask\u00f3rek, pozostawiaj\u0105c cer\u0119 g\u0142adk\u0105 i promienn\u0105.<\/p>\n<p>Korzy\u015bci dla sk\u00f3ry:<br \/>\nWidocznie zw\u0119\u017ca pory i wyg\u0142adza struktur\u0119 sk\u00f3ry<br \/>\nReguluje wydzielanie sebum, zapobiegaj\u0105c b\u0142yszczeniu<br \/>\nNawil\u017ca i wzmacnia barier\u0119 ochronn\u0105 sk\u00f3ry<br \/>\nDzia\u0142a \u0142agodz\u0105co i przeciwzapalnie<br \/>\nDelikatnie z\u0142uszcza i wyr\u00f3wnuje koloryt sk\u00f3ry<\/p>\n<p>Spos\u00f3b u\u017cycia:<br \/>\nOczy\u015b\u0107 i osusz sk\u00f3r\u0119 twarzy.<br \/>\nNa\u0142\u00f3\u017c kilka kropel ampu\u0142ki na sk\u00f3r\u0119 i delikatnie wklep dla lepszego wch\u0142oni\u0119cia.<br \/>\nStosuj rano i wieczorem przed aplikacj\u0105 kremu nawil\u017caj\u0105cego.<br \/>\nW ci\u0105gu dnia pami\u0119taj o ochronie przeciws\u0142onecznej.<\/p>\n<p>Odpowiednie dla sk\u00f3ry mieszanej, t\u0142ustej i problematycznej.<\/p>\n","protected":false},"excerpt":{"rendered":"<p>Medicube One Day Exosome Shot Pore Ampoule 7500 to wysoko skoncentrowane serum opracowane z my\u015bl\u0105 o zmniejszeniu widoczno\u015bci por\u00f3w i wyg\u0142adzeniu sk\u00f3ry. Formu\u0142a zawiera eksosomy mleczne oraz fermenty probiotyczne, kt\u00f3re wspieraj\u0105 regeneracj\u0119 i wzmacniaj\u0105 barier\u0119 ochronn\u0105 sk\u00f3ry. Dodatkowo kompleks ro\u015blinnych ekstrakt\u00f3w koi i \u0142agodzi podra\u017cnienia, a kwasy PHA i BHA delikatnie z\u0142uszczaj\u0105 martwy nask\u00f3rek, pozostawiaj\u0105c &#8230; <a title=\"Medicube One Day Exosome Shot Pore Ampoule 7500 30 ml &#8211; ampu\u0142ka wyg\u0142adzaj\u0105ca pory\" class=\"read-more\" href=\"https:\/\/selleetools.com\/pl\/product\/medicube-one-day-exosome-shot-pore-ampoule-7500-30-ml-ampulka-wygladzajaca-pory\/\">Read more<span class=\"screen-reader-text\">Medicube One Day Exosome Shot Pore Ampoule 7500 30 ml &#8211; ampu\u0142ka wyg\u0142adzaj\u0105ca pory<\/span><\/a><\/p>\n","protected":false},"featured_media":607369,"comment_status":"open","ping_status":"closed","template":"","meta":{"_links_to":"","_links_to_target":""},"yoast_head":"<!-- This site is optimized with the Yoast SEO plugin v19.4 - https:\/\/yoast.com\/wordpress\/plugins\/seo\/ -->\n<title>Medicube One Day Exosome Shot Pore Ampoule 7500 30 ml - ampu\u0142ka wyg\u0142adzaj\u0105ca pory - Selleetools.com<\/title>\n<meta name=\"robots\" content=\"index, follow, max-snippet:-1, max-image-preview:large, max-video-preview:-1\" \/>\n<link rel=\"canonical\" href=\"https:\/\/selleetools.com\/pl\/product\/medicube-one-day-exosome-shot-pore-ampoule-7500-30-ml-ampulka-wygladzajaca-pory\/\" \/>\n<meta property=\"og:locale\" content=\"pl_PL\" \/>\n<meta property=\"og:type\" content=\"article\" \/>\n<meta property=\"og:title\" content=\"Medicube One Day Exosome Shot Pore Ampoule 7500 30 ml - ampu\u0142ka wyg\u0142adzaj\u0105ca pory - Selleetools.com\" \/>\n<meta property=\"og:description\" content=\"Medicube One Day Exosome Shot Pore Ampoule 7500 to wysoko skoncentrowane serum opracowane z my\u015bl\u0105 o zmniejszeniu widoczno\u015bci por\u00f3w i wyg\u0142adzeniu sk\u00f3ry. Formu\u0142a zawiera eksosomy mleczne oraz fermenty probiotyczne, kt\u00f3re wspieraj\u0105 regeneracj\u0119 i wzmacniaj\u0105 barier\u0119 ochronn\u0105 sk\u00f3ry. Dodatkowo kompleks ro\u015blinnych ekstrakt\u00f3w koi i \u0142agodzi podra\u017cnienia, a kwasy PHA i BHA delikatnie z\u0142uszczaj\u0105 martwy nask\u00f3rek, pozostawiaj\u0105c ... Read moreMedicube One Day Exosome Shot Pore Ampoule 7500 30 ml &#8211; ampu\u0142ka wyg\u0142adzaj\u0105ca pory\" \/>\n<meta property=\"og:url\" content=\"https:\/\/selleetools.com\/pl\/product\/medicube-one-day-exosome-shot-pore-ampoule-7500-30-ml-ampulka-wygladzajaca-pory\/\" \/>\n<meta property=\"og:site_name\" content=\"Selleetools.com\" \/>\n<meta property=\"article:modified_time\" content=\"2025-12-12T10:03:42+00:00\" \/>\n<meta property=\"og:image\" content=\"https:\/\/selleetools.com\/wp-content\/uploads\/2025\/10\/412e70b760c908ffee01171c7e7de216.jpg\" \/>\n\t<meta property=\"og:image:width\" content=\"1200\" \/>\n\t<meta property=\"og:image:height\" content=\"1200\" \/>\n\t<meta property=\"og:image:type\" content=\"image\/jpeg\" \/>\n<meta name=\"twitter:card\" content=\"summary_large_image\" \/>\n<meta name=\"twitter:label1\" content=\"Est. reading time\" \/>\n\t<meta name=\"twitter:data1\" content=\"1 minuta\" \/>\n<!-- \/ Yoast SEO plugin. -->","yoast_head_json":{"title":"Medicube One Day Exosome Shot Pore Ampoule 7500 30 ml - ampu\u0142ka wyg\u0142adzaj\u0105ca pory - Selleetools.com","robots":{"index":"index","follow":"follow","max-snippet":"max-snippet:-1","max-image-preview":"max-image-preview:large","max-video-preview":"max-video-preview:-1"},"canonical":"https:\/\/selleetools.com\/pl\/product\/medicube-one-day-exosome-shot-pore-ampoule-7500-30-ml-ampulka-wygladzajaca-pory\/","og_locale":"pl_PL","og_type":"article","og_title":"Medicube One Day Exosome Shot Pore Ampoule 7500 30 ml - ampu\u0142ka wyg\u0142adzaj\u0105ca pory - Selleetools.com","og_description":"Medicube One Day Exosome Shot Pore Ampoule 7500 to wysoko skoncentrowane serum opracowane z my\u015bl\u0105 o zmniejszeniu widoczno\u015bci por\u00f3w i wyg\u0142adzeniu sk\u00f3ry. Formu\u0142a zawiera eksosomy mleczne oraz fermenty probiotyczne, kt\u00f3re wspieraj\u0105 regeneracj\u0119 i wzmacniaj\u0105 barier\u0119 ochronn\u0105 sk\u00f3ry. Dodatkowo kompleks ro\u015blinnych ekstrakt\u00f3w koi i \u0142agodzi podra\u017cnienia, a kwasy PHA i BHA delikatnie z\u0142uszczaj\u0105 martwy nask\u00f3rek, pozostawiaj\u0105c ... Read moreMedicube One Day Exosome Shot Pore Ampoule 7500 30 ml &#8211; ampu\u0142ka wyg\u0142adzaj\u0105ca pory","og_url":"https:\/\/selleetools.com\/pl\/product\/medicube-one-day-exosome-shot-pore-ampoule-7500-30-ml-ampulka-wygladzajaca-pory\/","og_site_name":"Selleetools.com","article_modified_time":"2025-12-12T10:03:42+00:00","og_image":[{"width":1200,"height":1200,"url":"https:\/\/selleetools.com\/wp-content\/uploads\/2025\/10\/412e70b760c908ffee01171c7e7de216.jpg","type":"image\/jpeg"}],"twitter_card":"summary_large_image","twitter_misc":{"Est. reading time":"1 minuta"},"schema":{"@context":"https:\/\/schema.org","@graph":[{"@type":"Organization","@id":"https:\/\/selleetools.com\/#organization","name":"Selleetools","url":"https:\/\/selleetools.com\/","sameAs":[],"logo":{"@type":"ImageObject","inLanguage":"pl-PL","@id":"https:\/\/selleetools.com\/#\/schema\/logo\/image\/","url":"https:\/\/selleetools.com\/wp-content\/uploads\/2021\/10\/logo-dark.png","contentUrl":"https:\/\/selleetools.com\/wp-content\/uploads\/2021\/10\/logo-dark.png","width":320,"height":76,"caption":"Selleetools"},"image":{"@id":"https:\/\/selleetools.com\/#\/schema\/logo\/image\/"}},{"@type":"WebSite","@id":"https:\/\/selleetools.com\/#website","url":"https:\/\/selleetools.com\/","name":"Selleetools.com","description":"","publisher":{"@id":"https:\/\/selleetools.com\/#organization"},"potentialAction":[{"@type":"SearchAction","target":{"@type":"EntryPoint","urlTemplate":"https:\/\/selleetools.com\/?s={search_term_string}"},"query-input":"required name=search_term_string"}],"inLanguage":"pl-PL"},{"@type":"WebPage","@id":"https:\/\/selleetools.com\/pl\/product\/medicube-one-day-exosome-shot-pore-ampoule-7500-30-ml-ampulka-wygladzajaca-pory\/","url":"https:\/\/selleetools.com\/pl\/product\/medicube-one-day-exosome-shot-pore-ampoule-7500-30-ml-ampulka-wygladzajaca-pory\/","name":"Medicube One Day Exosome Shot Pore Ampoule 7500 30 ml - ampu\u0142ka wyg\u0142adzaj\u0105ca pory - Selleetools.com","isPartOf":{"@id":"https:\/\/selleetools.com\/#website"},"datePublished":"2025-10-24T12:03:29+00:00","dateModified":"2025-12-12T10:03:42+00:00","breadcrumb":{"@id":"https:\/\/selleetools.com\/pl\/product\/medicube-one-day-exosome-shot-pore-ampoule-7500-30-ml-ampulka-wygladzajaca-pory\/#breadcrumb"},"inLanguage":"pl-PL","potentialAction":[{"@type":"ReadAction","target":["https:\/\/selleetools.com\/pl\/product\/medicube-one-day-exosome-shot-pore-ampoule-7500-30-ml-ampulka-wygladzajaca-pory\/"]}]},{"@type":"BreadcrumbList","@id":"https:\/\/selleetools.com\/pl\/product\/medicube-one-day-exosome-shot-pore-ampoule-7500-30-ml-ampulka-wygladzajaca-pory\/#breadcrumb","itemListElement":[{"@type":"ListItem","position":1,"name":"Home","item":"https:\/\/selleetools.com\/pl\/"},{"@type":"ListItem","position":2,"name":"Katalog","item":"https:\/\/selleetools.com\/pl\/katalog\/"},{"@type":"ListItem","position":3,"name":"Medicube One Day Exosome Shot Pore Ampoule 7500 30 ml &#8211; ampu\u0142ka wyg\u0142adzaj\u0105ca pory"}]}]}},"_links":{"self":[{"href":"https:\/\/selleetools.com\/pl\/wp-json\/wp\/v2\/product\/607371"}],"collection":[{"href":"https:\/\/selleetools.com\/pl\/wp-json\/wp\/v2\/product"}],"about":[{"href":"https:\/\/selleetools.com\/pl\/wp-json\/wp\/v2\/types\/product"}],"replies":[{"embeddable":true,"href":"https:\/\/selleetools.com\/pl\/wp-json\/wp\/v2\/comments?post=607371"}],"wp:featuredmedia":[{"embeddable":true,"href":"https:\/\/selleetools.com\/pl\/wp-json\/wp\/v2\/media\/607369"}],"wp:attachment":[{"href":"https:\/\/selleetools.com\/pl\/wp-json\/wp\/v2\/media?parent=607371"}],"curies":[{"name":"wp","href":"https:\/\/api.w.org\/{rel}","templated":true}]}}