{"id":607365,"date":"2025-10-24T14:03:24","date_gmt":"2025-10-24T12:03:24","guid":{"rendered":"https:\/\/selleetools.com\/?post_type=product&#038;p=607365"},"modified":"2025-11-04T21:07:33","modified_gmt":"2025-11-04T20:07:33","slug":"dr-althea-147-barrier-cream-50-ml-krem-nawilzajaco-ochronny","status":"publish","type":"product","link":"https:\/\/selleetools.com\/pl\/product\/dr-althea-147-barrier-cream-50-ml-krem-nawilzajaco-ochronny\/","title":{"rendered":"Dr.Althea 147 Barrier Cream 50 ml &#8211; krem nawil\u017caj\u0105co-ochronny"},"content":{"rendered":"<p>Dr.Althea 147 Barrier Cream to intensywnie nawil\u017caj\u0105cy i ochronny krem, kt\u00f3ry wzmacnia barier\u0119 hydrolipidow\u0105 sk\u00f3ry. Zawiera kompleks ceramid\u00f3w, ekstrakty ro\u015blinne oraz kwas hialuronowy w r\u00f3\u017cnych formach, zapewniaj\u0105c d\u0142ugotrwa\u0142e nawil\u017cenie i regeneracj\u0119. Lekka, ale od\u017cywcza formu\u0142a sprawia, \u017ce krem szybko si\u0119 wch\u0142ania, nie pozostawiaj\u0105c t\u0142ustej warstwy. Idealny dla sk\u00f3ry suchej, wra\u017cliwej i podra\u017cnionej.<\/p>\n<p>Korzy\u015bci dla sk\u00f3ry:<br \/>\nOdbudowuje i wzmacnia barier\u0119 ochronn\u0105<br \/>\nD\u0142ugotrwale nawil\u017ca i zapobiega utracie wilgoci<br \/>\n\u0141agodzi podra\u017cnienia i dzia\u0142a koj\u0105co<br \/>\nPoprawia elastyczno\u015b\u0107 i wyg\u0142adza sk\u00f3r\u0119<br \/>\nChroni przed czynnikami zewn\u0119trznymi<\/p>\n<p>Spos\u00f3b u\u017cycia:<br \/>\nNa\u0142\u00f3\u017c odpowiedni\u0105 ilo\u015b\u0107 kremu na oczyszczon\u0105 i stonizowan\u0105 sk\u00f3r\u0119 twarzy.<br \/>\nDelikatnie wmasuj do ca\u0142kowitego wch\u0142oni\u0119cia.<br \/>\nStosuj rano i wieczorem jako ostatni krok piel\u0119gnacji.<\/p>\n<p>Odpowiedni dla sk\u00f3ry suchej, wra\u017cliwej oraz wymagaj\u0105cej regeneracji.<\/p>\n","protected":false},"excerpt":{"rendered":"<p>Dr.Althea 147 Barrier Cream to intensywnie nawil\u017caj\u0105cy i ochronny krem, kt\u00f3ry wzmacnia barier\u0119 hydrolipidow\u0105 sk\u00f3ry. Zawiera kompleks ceramid\u00f3w, ekstrakty ro\u015blinne oraz kwas hialuronowy w r\u00f3\u017cnych formach, zapewniaj\u0105c d\u0142ugotrwa\u0142e nawil\u017cenie i regeneracj\u0119. Lekka, ale od\u017cywcza formu\u0142a sprawia, \u017ce krem szybko si\u0119 wch\u0142ania, nie pozostawiaj\u0105c t\u0142ustej warstwy. Idealny dla sk\u00f3ry suchej, wra\u017cliwej i podra\u017cnionej. Korzy\u015bci dla sk\u00f3ry: &#8230; <a title=\"Dr.Althea 147 Barrier Cream 50 ml &#8211; krem nawil\u017caj\u0105co-ochronny\" class=\"read-more\" href=\"https:\/\/selleetools.com\/pl\/product\/dr-althea-147-barrier-cream-50-ml-krem-nawilzajaco-ochronny\/\">Read more<span class=\"screen-reader-text\">Dr.Althea 147 Barrier Cream 50 ml &#8211; krem nawil\u017caj\u0105co-ochronny<\/span><\/a><\/p>\n","protected":false},"featured_media":607363,"comment_status":"open","ping_status":"closed","template":"","meta":{"_links_to":"","_links_to_target":""},"yoast_head":"<!-- This site is optimized with the Yoast SEO plugin v19.4 - https:\/\/yoast.com\/wordpress\/plugins\/seo\/ -->\n<title>Dr.Althea 147 Barrier Cream 50 ml - krem nawil\u017caj\u0105co-ochronny - Selleetools.com<\/title>\n<meta name=\"robots\" content=\"index, follow, max-snippet:-1, max-image-preview:large, max-video-preview:-1\" \/>\n<link rel=\"canonical\" href=\"https:\/\/selleetools.com\/pl\/product\/dr-althea-147-barrier-cream-50-ml-krem-nawilzajaco-ochronny\/\" \/>\n<meta property=\"og:locale\" content=\"pl_PL\" \/>\n<meta property=\"og:type\" content=\"article\" \/>\n<meta property=\"og:title\" content=\"Dr.Althea 147 Barrier Cream 50 ml - krem nawil\u017caj\u0105co-ochronny - Selleetools.com\" \/>\n<meta property=\"og:description\" content=\"Dr.Althea 147 Barrier Cream to intensywnie nawil\u017caj\u0105cy i ochronny krem, kt\u00f3ry wzmacnia barier\u0119 hydrolipidow\u0105 sk\u00f3ry. Zawiera kompleks ceramid\u00f3w, ekstrakty ro\u015blinne oraz kwas hialuronowy w r\u00f3\u017cnych formach, zapewniaj\u0105c d\u0142ugotrwa\u0142e nawil\u017cenie i regeneracj\u0119. Lekka, ale od\u017cywcza formu\u0142a sprawia, \u017ce krem szybko si\u0119 wch\u0142ania, nie pozostawiaj\u0105c t\u0142ustej warstwy. Idealny dla sk\u00f3ry suchej, wra\u017cliwej i podra\u017cnionej. Korzy\u015bci dla sk\u00f3ry: ... Read moreDr.Althea 147 Barrier Cream 50 ml &#8211; krem nawil\u017caj\u0105co-ochronny\" \/>\n<meta property=\"og:url\" content=\"https:\/\/selleetools.com\/pl\/product\/dr-althea-147-barrier-cream-50-ml-krem-nawilzajaco-ochronny\/\" \/>\n<meta property=\"og:site_name\" content=\"Selleetools.com\" \/>\n<meta property=\"article:modified_time\" content=\"2025-11-04T20:07:33+00:00\" \/>\n<meta property=\"og:image\" content=\"https:\/\/selleetools.com\/wp-content\/uploads\/2025\/10\/b869c5926cc8720d386ef69f1442a142.jpg\" \/>\n\t<meta property=\"og:image:width\" content=\"1200\" \/>\n\t<meta property=\"og:image:height\" content=\"1200\" \/>\n\t<meta property=\"og:image:type\" content=\"image\/jpeg\" \/>\n<meta name=\"twitter:card\" content=\"summary_large_image\" \/>\n<meta name=\"twitter:label1\" content=\"Est. reading time\" \/>\n\t<meta name=\"twitter:data1\" content=\"1 minuta\" \/>\n<!-- \/ Yoast SEO plugin. -->","yoast_head_json":{"title":"Dr.Althea 147 Barrier Cream 50 ml - krem nawil\u017caj\u0105co-ochronny - Selleetools.com","robots":{"index":"index","follow":"follow","max-snippet":"max-snippet:-1","max-image-preview":"max-image-preview:large","max-video-preview":"max-video-preview:-1"},"canonical":"https:\/\/selleetools.com\/pl\/product\/dr-althea-147-barrier-cream-50-ml-krem-nawilzajaco-ochronny\/","og_locale":"pl_PL","og_type":"article","og_title":"Dr.Althea 147 Barrier Cream 50 ml - krem nawil\u017caj\u0105co-ochronny - Selleetools.com","og_description":"Dr.Althea 147 Barrier Cream to intensywnie nawil\u017caj\u0105cy i ochronny krem, kt\u00f3ry wzmacnia barier\u0119 hydrolipidow\u0105 sk\u00f3ry. Zawiera kompleks ceramid\u00f3w, ekstrakty ro\u015blinne oraz kwas hialuronowy w r\u00f3\u017cnych formach, zapewniaj\u0105c d\u0142ugotrwa\u0142e nawil\u017cenie i regeneracj\u0119. Lekka, ale od\u017cywcza formu\u0142a sprawia, \u017ce krem szybko si\u0119 wch\u0142ania, nie pozostawiaj\u0105c t\u0142ustej warstwy. Idealny dla sk\u00f3ry suchej, wra\u017cliwej i podra\u017cnionej. Korzy\u015bci dla sk\u00f3ry: ... Read moreDr.Althea 147 Barrier Cream 50 ml &#8211; krem nawil\u017caj\u0105co-ochronny","og_url":"https:\/\/selleetools.com\/pl\/product\/dr-althea-147-barrier-cream-50-ml-krem-nawilzajaco-ochronny\/","og_site_name":"Selleetools.com","article_modified_time":"2025-11-04T20:07:33+00:00","og_image":[{"width":1200,"height":1200,"url":"https:\/\/selleetools.com\/wp-content\/uploads\/2025\/10\/b869c5926cc8720d386ef69f1442a142.jpg","type":"image\/jpeg"}],"twitter_card":"summary_large_image","twitter_misc":{"Est. reading time":"1 minuta"},"schema":{"@context":"https:\/\/schema.org","@graph":[{"@type":"Organization","@id":"https:\/\/selleetools.com\/#organization","name":"Selleetools","url":"https:\/\/selleetools.com\/","sameAs":[],"logo":{"@type":"ImageObject","inLanguage":"pl-PL","@id":"https:\/\/selleetools.com\/#\/schema\/logo\/image\/","url":"https:\/\/selleetools.com\/wp-content\/uploads\/2021\/10\/logo-dark.png","contentUrl":"https:\/\/selleetools.com\/wp-content\/uploads\/2021\/10\/logo-dark.png","width":320,"height":76,"caption":"Selleetools"},"image":{"@id":"https:\/\/selleetools.com\/#\/schema\/logo\/image\/"}},{"@type":"WebSite","@id":"https:\/\/selleetools.com\/#website","url":"https:\/\/selleetools.com\/","name":"Selleetools.com","description":"","publisher":{"@id":"https:\/\/selleetools.com\/#organization"},"potentialAction":[{"@type":"SearchAction","target":{"@type":"EntryPoint","urlTemplate":"https:\/\/selleetools.com\/?s={search_term_string}"},"query-input":"required name=search_term_string"}],"inLanguage":"pl-PL"},{"@type":"WebPage","@id":"https:\/\/selleetools.com\/pl\/product\/dr-althea-147-barrier-cream-50-ml-krem-nawilzajaco-ochronny\/","url":"https:\/\/selleetools.com\/pl\/product\/dr-althea-147-barrier-cream-50-ml-krem-nawilzajaco-ochronny\/","name":"Dr.Althea 147 Barrier Cream 50 ml - krem nawil\u017caj\u0105co-ochronny - Selleetools.com","isPartOf":{"@id":"https:\/\/selleetools.com\/#website"},"datePublished":"2025-10-24T12:03:24+00:00","dateModified":"2025-11-04T20:07:33+00:00","breadcrumb":{"@id":"https:\/\/selleetools.com\/pl\/product\/dr-althea-147-barrier-cream-50-ml-krem-nawilzajaco-ochronny\/#breadcrumb"},"inLanguage":"pl-PL","potentialAction":[{"@type":"ReadAction","target":["https:\/\/selleetools.com\/pl\/product\/dr-althea-147-barrier-cream-50-ml-krem-nawilzajaco-ochronny\/"]}]},{"@type":"BreadcrumbList","@id":"https:\/\/selleetools.com\/pl\/product\/dr-althea-147-barrier-cream-50-ml-krem-nawilzajaco-ochronny\/#breadcrumb","itemListElement":[{"@type":"ListItem","position":1,"name":"Home","item":"https:\/\/selleetools.com\/pl\/"},{"@type":"ListItem","position":2,"name":"Katalog","item":"https:\/\/selleetools.com\/pl\/katalog\/"},{"@type":"ListItem","position":3,"name":"Dr.Althea 147 Barrier Cream 50 ml &#8211; krem nawil\u017caj\u0105co-ochronny"}]}]}},"_links":{"self":[{"href":"https:\/\/selleetools.com\/pl\/wp-json\/wp\/v2\/product\/607365"}],"collection":[{"href":"https:\/\/selleetools.com\/pl\/wp-json\/wp\/v2\/product"}],"about":[{"href":"https:\/\/selleetools.com\/pl\/wp-json\/wp\/v2\/types\/product"}],"replies":[{"embeddable":true,"href":"https:\/\/selleetools.com\/pl\/wp-json\/wp\/v2\/comments?post=607365"}],"wp:featuredmedia":[{"embeddable":true,"href":"https:\/\/selleetools.com\/pl\/wp-json\/wp\/v2\/media\/607363"}],"wp:attachment":[{"href":"https:\/\/selleetools.com\/pl\/wp-json\/wp\/v2\/media?parent=607365"}],"curies":[{"name":"wp","href":"https:\/\/api.w.org\/{rel}","templated":true}]}}