{"id":607359,"date":"2025-10-24T14:03:19","date_gmt":"2025-10-24T12:03:19","guid":{"rendered":"https:\/\/selleetools.com\/?post_type=product&#038;p=607359"},"modified":"2025-11-04T21:07:24","modified_gmt":"2025-11-04T20:07:24","slug":"medicube-age-r-vita-c-pro-ampoule-20-ml-serum-rozjasniajace-z-witamina-c","status":"publish","type":"product","link":"https:\/\/selleetools.com\/pl\/product\/medicube-age-r-vita-c-pro-ampoule-20-ml-serum-rozjasniajace-z-witamina-c\/","title":{"rendered":"Medicube AGE-R Vita C Pro Ampoule 20 ml &#8211; serum rozja\u015bniaj\u0105ce z witamin\u0105 C"},"content":{"rendered":"<p>Medicube AGE-R Vita C Pro Ampoule to wysoko skoncentrowane serum z witamin\u0105 C, kt\u00f3re skutecznie rozja\u015bnia sk\u00f3r\u0119, wyr\u00f3wnuje jej koloryt i redukuje widoczno\u015b\u0107 przebarwie\u0144. Zawiera stabilne formy witaminy C oraz przeciwutleniacze, takie jak ferulowy i koenzym Q10, kt\u00f3re wspomagaj\u0105 regeneracj\u0119 sk\u00f3ry i chroni\u0105 przed oznakami starzenia. Lekka, szybko wch\u0142aniaj\u0105ca si\u0119 formu\u0142a pozostawia sk\u00f3r\u0119 nawil\u017con\u0105 i promienn\u0105.<\/p>\n<p>Korzy\u015bci dla sk\u00f3ry:<br \/>\nRozja\u015bnia i wyr\u00f3wnuje koloryt sk\u00f3ry<br \/>\nWspomaga redukcj\u0119 przebarwie\u0144 i plam pigmentacyjnych<br \/>\nNawil\u017ca i wyg\u0142adza struktur\u0119 sk\u00f3ry<br \/>\nChroni przed stresem oksydacyjnym i czynnikami zewn\u0119trznymi<br \/>\nWspomaga produkcj\u0119 kolagenu, poprawiaj\u0105c elastyczno\u015b\u0107 sk\u00f3ry<\/p>\n<p>Spos\u00f3b u\u017cycia:<br \/>\nNa oczyszczon\u0105 i such\u0105 sk\u00f3r\u0119 na\u0142\u00f3\u017c kilka kropli ampu\u0142ki.<br \/>\nDelikatnie wklep, aby u\u0142atwi\u0107 wch\u0142anianie.<br \/>\nStosuj rano i\/lub wieczorem, a w ci\u0105gu dnia pami\u0119taj o ochronie przeciws\u0142onecznej.<br \/>\nMo\u017cesz kontynuowa\u0107 piel\u0119gnacj\u0119, nak\u0142adaj\u0105c krem nawil\u017caj\u0105cy.<\/p>\n<p>Produkt odpowiedni dla ka\u017cdego typu sk\u00f3ry, szczeg\u00f3lnie dla os\u00f3b z nier\u00f3wnym kolorytem i oznakami zm\u0119czenia.<\/p>\n","protected":false},"excerpt":{"rendered":"<p>Medicube AGE-R Vita C Pro Ampoule to wysoko skoncentrowane serum z witamin\u0105 C, kt\u00f3re skutecznie rozja\u015bnia sk\u00f3r\u0119, wyr\u00f3wnuje jej koloryt i redukuje widoczno\u015b\u0107 przebarwie\u0144. Zawiera stabilne formy witaminy C oraz przeciwutleniacze, takie jak ferulowy i koenzym Q10, kt\u00f3re wspomagaj\u0105 regeneracj\u0119 sk\u00f3ry i chroni\u0105 przed oznakami starzenia. Lekka, szybko wch\u0142aniaj\u0105ca si\u0119 formu\u0142a pozostawia sk\u00f3r\u0119 nawil\u017con\u0105 i &#8230; <a title=\"Medicube AGE-R Vita C Pro Ampoule 20 ml &#8211; serum rozja\u015bniaj\u0105ce z witamin\u0105 C\" class=\"read-more\" href=\"https:\/\/selleetools.com\/pl\/product\/medicube-age-r-vita-c-pro-ampoule-20-ml-serum-rozjasniajace-z-witamina-c\/\">Read more<span class=\"screen-reader-text\">Medicube AGE-R Vita C Pro Ampoule 20 ml &#8211; serum rozja\u015bniaj\u0105ce z witamin\u0105 C<\/span><\/a><\/p>\n","protected":false},"featured_media":607357,"comment_status":"open","ping_status":"closed","template":"","meta":{"_links_to":"","_links_to_target":""},"yoast_head":"<!-- This site is optimized with the Yoast SEO plugin v19.4 - https:\/\/yoast.com\/wordpress\/plugins\/seo\/ -->\n<title>Medicube AGE-R Vita C Pro Ampoule 20 ml - serum rozja\u015bniaj\u0105ce z witamin\u0105 C - Selleetools.com<\/title>\n<meta name=\"robots\" content=\"index, follow, max-snippet:-1, max-image-preview:large, max-video-preview:-1\" \/>\n<link rel=\"canonical\" href=\"https:\/\/admincentral.selleetools.com\/pl\/product\/medicube-age-r-vita-c-pro-ampoule-20-ml-serum-rozjasniajace-z-witamina-c\/\" \/>\n<meta property=\"og:locale\" content=\"pl_PL\" \/>\n<meta property=\"og:type\" content=\"article\" \/>\n<meta property=\"og:title\" content=\"Medicube AGE-R Vita C Pro Ampoule 20 ml - serum rozja\u015bniaj\u0105ce z witamin\u0105 C - Selleetools.com\" \/>\n<meta property=\"og:description\" content=\"Medicube AGE-R Vita C Pro Ampoule to wysoko skoncentrowane serum z witamin\u0105 C, kt\u00f3re skutecznie rozja\u015bnia sk\u00f3r\u0119, wyr\u00f3wnuje jej koloryt i redukuje widoczno\u015b\u0107 przebarwie\u0144. Zawiera stabilne formy witaminy C oraz przeciwutleniacze, takie jak ferulowy i koenzym Q10, kt\u00f3re wspomagaj\u0105 regeneracj\u0119 sk\u00f3ry i chroni\u0105 przed oznakami starzenia. Lekka, szybko wch\u0142aniaj\u0105ca si\u0119 formu\u0142a pozostawia sk\u00f3r\u0119 nawil\u017con\u0105 i ... Read moreMedicube AGE-R Vita C Pro Ampoule 20 ml &#8211; serum rozja\u015bniaj\u0105ce z witamin\u0105 C\" \/>\n<meta property=\"og:url\" content=\"https:\/\/admincentral.selleetools.com\/pl\/product\/medicube-age-r-vita-c-pro-ampoule-20-ml-serum-rozjasniajace-z-witamina-c\/\" \/>\n<meta property=\"og:site_name\" content=\"Selleetools.com\" \/>\n<meta property=\"article:modified_time\" content=\"2025-11-04T20:07:24+00:00\" \/>\n<meta property=\"og:image\" content=\"https:\/\/selleetools.com\/wp-content\/uploads\/2025\/10\/4bfe84183d69d837afc5653e00f8badc.jpg\" \/>\n\t<meta property=\"og:image:width\" content=\"1200\" \/>\n\t<meta property=\"og:image:height\" content=\"1200\" \/>\n\t<meta property=\"og:image:type\" content=\"image\/jpeg\" \/>\n<meta name=\"twitter:card\" content=\"summary_large_image\" \/>\n<meta name=\"twitter:label1\" content=\"Est. reading time\" \/>\n\t<meta name=\"twitter:data1\" content=\"1 minuta\" \/>\n<!-- \/ Yoast SEO plugin. -->","yoast_head_json":{"title":"Medicube AGE-R Vita C Pro Ampoule 20 ml - serum rozja\u015bniaj\u0105ce z witamin\u0105 C - Selleetools.com","robots":{"index":"index","follow":"follow","max-snippet":"max-snippet:-1","max-image-preview":"max-image-preview:large","max-video-preview":"max-video-preview:-1"},"canonical":"https:\/\/admincentral.selleetools.com\/pl\/product\/medicube-age-r-vita-c-pro-ampoule-20-ml-serum-rozjasniajace-z-witamina-c\/","og_locale":"pl_PL","og_type":"article","og_title":"Medicube AGE-R Vita C Pro Ampoule 20 ml - serum rozja\u015bniaj\u0105ce z witamin\u0105 C - Selleetools.com","og_description":"Medicube AGE-R Vita C Pro Ampoule to wysoko skoncentrowane serum z witamin\u0105 C, kt\u00f3re skutecznie rozja\u015bnia sk\u00f3r\u0119, wyr\u00f3wnuje jej koloryt i redukuje widoczno\u015b\u0107 przebarwie\u0144. Zawiera stabilne formy witaminy C oraz przeciwutleniacze, takie jak ferulowy i koenzym Q10, kt\u00f3re wspomagaj\u0105 regeneracj\u0119 sk\u00f3ry i chroni\u0105 przed oznakami starzenia. Lekka, szybko wch\u0142aniaj\u0105ca si\u0119 formu\u0142a pozostawia sk\u00f3r\u0119 nawil\u017con\u0105 i ... Read moreMedicube AGE-R Vita C Pro Ampoule 20 ml &#8211; serum rozja\u015bniaj\u0105ce z witamin\u0105 C","og_url":"https:\/\/admincentral.selleetools.com\/pl\/product\/medicube-age-r-vita-c-pro-ampoule-20-ml-serum-rozjasniajace-z-witamina-c\/","og_site_name":"Selleetools.com","article_modified_time":"2025-11-04T20:07:24+00:00","og_image":[{"width":1200,"height":1200,"url":"https:\/\/selleetools.com\/wp-content\/uploads\/2025\/10\/4bfe84183d69d837afc5653e00f8badc.jpg","type":"image\/jpeg"}],"twitter_card":"summary_large_image","twitter_misc":{"Est. reading time":"1 minuta"},"schema":{"@context":"https:\/\/schema.org","@graph":[{"@type":"Organization","@id":"https:\/\/selleetools.com\/#organization","name":"Selleetools","url":"https:\/\/selleetools.com\/","sameAs":[],"logo":{"@type":"ImageObject","inLanguage":"pl-PL","@id":"https:\/\/selleetools.com\/#\/schema\/logo\/image\/","url":"https:\/\/selleetools.com\/wp-content\/uploads\/2021\/10\/logo-dark.png","contentUrl":"https:\/\/selleetools.com\/wp-content\/uploads\/2021\/10\/logo-dark.png","width":320,"height":76,"caption":"Selleetools"},"image":{"@id":"https:\/\/selleetools.com\/#\/schema\/logo\/image\/"}},{"@type":"WebSite","@id":"https:\/\/selleetools.com\/#website","url":"https:\/\/selleetools.com\/","name":"Selleetools.com","description":"","publisher":{"@id":"https:\/\/selleetools.com\/#organization"},"potentialAction":[{"@type":"SearchAction","target":{"@type":"EntryPoint","urlTemplate":"https:\/\/selleetools.com\/?s={search_term_string}"},"query-input":"required name=search_term_string"}],"inLanguage":"pl-PL"},{"@type":"WebPage","@id":"https:\/\/admincentral.selleetools.com\/pl\/product\/medicube-age-r-vita-c-pro-ampoule-20-ml-serum-rozjasniajace-z-witamina-c\/","url":"https:\/\/admincentral.selleetools.com\/pl\/product\/medicube-age-r-vita-c-pro-ampoule-20-ml-serum-rozjasniajace-z-witamina-c\/","name":"Medicube AGE-R Vita C Pro Ampoule 20 ml - serum rozja\u015bniaj\u0105ce z witamin\u0105 C - Selleetools.com","isPartOf":{"@id":"https:\/\/selleetools.com\/#website"},"datePublished":"2025-10-24T12:03:19+00:00","dateModified":"2025-11-04T20:07:24+00:00","breadcrumb":{"@id":"https:\/\/admincentral.selleetools.com\/pl\/product\/medicube-age-r-vita-c-pro-ampoule-20-ml-serum-rozjasniajace-z-witamina-c\/#breadcrumb"},"inLanguage":"pl-PL","potentialAction":[{"@type":"ReadAction","target":["https:\/\/admincentral.selleetools.com\/pl\/product\/medicube-age-r-vita-c-pro-ampoule-20-ml-serum-rozjasniajace-z-witamina-c\/"]}]},{"@type":"BreadcrumbList","@id":"https:\/\/admincentral.selleetools.com\/pl\/product\/medicube-age-r-vita-c-pro-ampoule-20-ml-serum-rozjasniajace-z-witamina-c\/#breadcrumb","itemListElement":[{"@type":"ListItem","position":1,"name":"Home","item":"https:\/\/selleetools.com\/pl\/"},{"@type":"ListItem","position":2,"name":"Katalog","item":"https:\/\/selleetools.com\/pl\/katalog\/"},{"@type":"ListItem","position":3,"name":"Medicube AGE-R Vita C Pro Ampoule 20 ml &#8211; serum rozja\u015bniaj\u0105ce z witamin\u0105 C"}]}]}},"_links":{"self":[{"href":"https:\/\/selleetools.com\/pl\/wp-json\/wp\/v2\/product\/607359"}],"collection":[{"href":"https:\/\/selleetools.com\/pl\/wp-json\/wp\/v2\/product"}],"about":[{"href":"https:\/\/selleetools.com\/pl\/wp-json\/wp\/v2\/types\/product"}],"replies":[{"embeddable":true,"href":"https:\/\/selleetools.com\/pl\/wp-json\/wp\/v2\/comments?post=607359"}],"wp:featuredmedia":[{"embeddable":true,"href":"https:\/\/selleetools.com\/pl\/wp-json\/wp\/v2\/media\/607357"}],"wp:attachment":[{"href":"https:\/\/selleetools.com\/pl\/wp-json\/wp\/v2\/media?parent=607359"}],"curies":[{"name":"wp","href":"https:\/\/api.w.org\/{rel}","templated":true}]}}