{"id":607349,"date":"2025-10-24T14:03:14","date_gmt":"2025-10-24T12:03:14","guid":{"rendered":"https:\/\/selleetools.com\/?post_type=product&#038;p=607349"},"modified":"2025-11-03T17:05:58","modified_gmt":"2025-11-03T16:05:58","slug":"cos-de-baha-salicylic-acid-4-serum-30-ml-serum-zluszczajace","status":"publish","type":"product","link":"https:\/\/selleetools.com\/pl\/product\/cos-de-baha-salicylic-acid-4-serum-30-ml-serum-zluszczajace\/","title":{"rendered":"COS DE BAHA Salicylic Acid 4% Serum 30 ml &#8211; serum z\u0142uszczaj\u0105ce"},"content":{"rendered":"<p>Najsilniej dzia\u0142aj\u0105ce serum z\u0142uszczaj\u0105ce w linii Cos De BAHA, stworzone z my\u015bl\u0105 o sk\u00f3rze t\u0142ustej i tr\u0105dzikowej. Dzi\u0119ki 4% zawarto\u015bci kwasu salicylowego (BHA) skutecznie usuwa martwe kom\u00f3rki nask\u00f3rka, odblokowuje i oczyszcza pory, redukuje niedoskona\u0142o\u015bci oraz zapobiega powstawaniu nowych wyprysk\u00f3w. Wzbogacone o niacynamid oraz ekstrakty ro\u015blinne, wspiera regeneracj\u0119 sk\u00f3ry, koi podra\u017cnienia i rozja\u015bnia cer\u0119. Lekka, wodnista formu\u0142a szybko si\u0119 wch\u0142ania, pozostawiaj\u0105c sk\u00f3r\u0119 czyst\u0105, \u015bwie\u017c\u0105 i zmatowion\u0105.<\/p>\n<p>Korzy\u015bci dla sk\u00f3ry<br \/>\nG\u0142\u0119boko oczyszcza pory i redukuje zask\u00f3rniki.<br \/>\nUsuwa martwy nask\u00f3rek, wyg\u0142adza i od\u015bwie\u017ca cer\u0119.<br \/>\nOgranicza nadmierne wydzielanie sebum.<br \/>\nPomaga zmniejsza\u0107 tr\u0105dzik i zapobiega\u0107 kolejnym wypryskom.<br \/>\nRozja\u015bnia sk\u00f3r\u0119 i wyr\u00f3wnuje jej koloryt.<br \/>\nKoi podra\u017cnienia i wspiera regeneracj\u0119 sk\u00f3ry.<\/p>\n<p>Spos\u00f3b u\u017cycia<br \/>\nStosuj wieczorem, 2\u20133 razy w tygodniu. Po oczyszczeniu i stonizowaniu sk\u00f3ry nanie\u015b niewielk\u0105 ilo\u015b\u0107 serum na twarz i delikatnie wklep. Nast\u0119pnie na\u0142\u00f3\u017c krem nawil\u017caj\u0105cy. W trakcie kuracji obowi\u0105zkowo stosuj krem z filtrem SPF w ci\u0105gu dnia.<\/p>\n","protected":false},"excerpt":{"rendered":"<p>Najsilniej dzia\u0142aj\u0105ce serum z\u0142uszczaj\u0105ce w linii Cos De BAHA, stworzone z my\u015bl\u0105 o sk\u00f3rze t\u0142ustej i tr\u0105dzikowej. Dzi\u0119ki 4% zawarto\u015bci kwasu salicylowego (BHA) skutecznie usuwa martwe kom\u00f3rki nask\u00f3rka, odblokowuje i oczyszcza pory, redukuje niedoskona\u0142o\u015bci oraz zapobiega powstawaniu nowych wyprysk\u00f3w. Wzbogacone o niacynamid oraz ekstrakty ro\u015blinne, wspiera regeneracj\u0119 sk\u00f3ry, koi podra\u017cnienia i rozja\u015bnia cer\u0119. Lekka, wodnista &#8230; <a title=\"COS DE BAHA Salicylic Acid 4% Serum 30 ml &#8211; serum z\u0142uszczaj\u0105ce\" class=\"read-more\" href=\"https:\/\/selleetools.com\/pl\/product\/cos-de-baha-salicylic-acid-4-serum-30-ml-serum-zluszczajace\/\">Read more<span class=\"screen-reader-text\">COS DE BAHA Salicylic Acid 4% Serum 30 ml &#8211; serum z\u0142uszczaj\u0105ce<\/span><\/a><\/p>\n","protected":false},"featured_media":607346,"comment_status":"open","ping_status":"closed","template":"","meta":{"_links_to":"","_links_to_target":""},"yoast_head":"<!-- This site is optimized with the Yoast SEO plugin v19.4 - https:\/\/yoast.com\/wordpress\/plugins\/seo\/ -->\n<title>COS DE BAHA Salicylic Acid 4% Serum 30 ml - serum z\u0142uszczaj\u0105ce - Selleetools.com<\/title>\n<meta name=\"robots\" content=\"index, follow, max-snippet:-1, max-image-preview:large, max-video-preview:-1\" \/>\n<link rel=\"canonical\" href=\"https:\/\/selleetools.com\/pl\/product\/cos-de-baha-salicylic-acid-4-serum-30-ml-serum-zluszczajace\/\" \/>\n<meta property=\"og:locale\" content=\"pl_PL\" \/>\n<meta property=\"og:type\" content=\"article\" \/>\n<meta property=\"og:title\" content=\"COS DE BAHA Salicylic Acid 4% Serum 30 ml - serum z\u0142uszczaj\u0105ce - Selleetools.com\" \/>\n<meta property=\"og:description\" content=\"Najsilniej dzia\u0142aj\u0105ce serum z\u0142uszczaj\u0105ce w linii Cos De BAHA, stworzone z my\u015bl\u0105 o sk\u00f3rze t\u0142ustej i tr\u0105dzikowej. Dzi\u0119ki 4% zawarto\u015bci kwasu salicylowego (BHA) skutecznie usuwa martwe kom\u00f3rki nask\u00f3rka, odblokowuje i oczyszcza pory, redukuje niedoskona\u0142o\u015bci oraz zapobiega powstawaniu nowych wyprysk\u00f3w. Wzbogacone o niacynamid oraz ekstrakty ro\u015blinne, wspiera regeneracj\u0119 sk\u00f3ry, koi podra\u017cnienia i rozja\u015bnia cer\u0119. Lekka, wodnista ... Read moreCOS DE BAHA Salicylic Acid 4% Serum 30 ml &#8211; serum z\u0142uszczaj\u0105ce\" \/>\n<meta property=\"og:url\" content=\"https:\/\/selleetools.com\/pl\/product\/cos-de-baha-salicylic-acid-4-serum-30-ml-serum-zluszczajace\/\" \/>\n<meta property=\"og:site_name\" content=\"Selleetools.com\" \/>\n<meta property=\"article:modified_time\" content=\"2025-11-03T16:05:58+00:00\" \/>\n<meta property=\"og:image\" content=\"https:\/\/selleetools.com\/wp-content\/uploads\/2025\/10\/eb6f75e9e77598e586901fd6bb96a9f7.png\" \/>\n\t<meta property=\"og:image:width\" content=\"854\" \/>\n\t<meta property=\"og:image:height\" content=\"855\" \/>\n\t<meta property=\"og:image:type\" content=\"image\/png\" \/>\n<meta name=\"twitter:card\" content=\"summary_large_image\" \/>\n<meta name=\"twitter:label1\" content=\"Est. reading time\" \/>\n\t<meta name=\"twitter:data1\" content=\"1 minuta\" \/>\n<!-- \/ Yoast SEO plugin. -->","yoast_head_json":{"title":"COS DE BAHA Salicylic Acid 4% Serum 30 ml - serum z\u0142uszczaj\u0105ce - Selleetools.com","robots":{"index":"index","follow":"follow","max-snippet":"max-snippet:-1","max-image-preview":"max-image-preview:large","max-video-preview":"max-video-preview:-1"},"canonical":"https:\/\/selleetools.com\/pl\/product\/cos-de-baha-salicylic-acid-4-serum-30-ml-serum-zluszczajace\/","og_locale":"pl_PL","og_type":"article","og_title":"COS DE BAHA Salicylic Acid 4% Serum 30 ml - serum z\u0142uszczaj\u0105ce - Selleetools.com","og_description":"Najsilniej dzia\u0142aj\u0105ce serum z\u0142uszczaj\u0105ce w linii Cos De BAHA, stworzone z my\u015bl\u0105 o sk\u00f3rze t\u0142ustej i tr\u0105dzikowej. Dzi\u0119ki 4% zawarto\u015bci kwasu salicylowego (BHA) skutecznie usuwa martwe kom\u00f3rki nask\u00f3rka, odblokowuje i oczyszcza pory, redukuje niedoskona\u0142o\u015bci oraz zapobiega powstawaniu nowych wyprysk\u00f3w. Wzbogacone o niacynamid oraz ekstrakty ro\u015blinne, wspiera regeneracj\u0119 sk\u00f3ry, koi podra\u017cnienia i rozja\u015bnia cer\u0119. Lekka, wodnista ... Read moreCOS DE BAHA Salicylic Acid 4% Serum 30 ml &#8211; serum z\u0142uszczaj\u0105ce","og_url":"https:\/\/selleetools.com\/pl\/product\/cos-de-baha-salicylic-acid-4-serum-30-ml-serum-zluszczajace\/","og_site_name":"Selleetools.com","article_modified_time":"2025-11-03T16:05:58+00:00","og_image":[{"width":854,"height":855,"url":"https:\/\/selleetools.com\/wp-content\/uploads\/2025\/10\/eb6f75e9e77598e586901fd6bb96a9f7.png","type":"image\/png"}],"twitter_card":"summary_large_image","twitter_misc":{"Est. reading time":"1 minuta"},"schema":{"@context":"https:\/\/schema.org","@graph":[{"@type":"Organization","@id":"https:\/\/selleetools.com\/#organization","name":"Selleetools","url":"https:\/\/selleetools.com\/","sameAs":[],"logo":{"@type":"ImageObject","inLanguage":"pl-PL","@id":"https:\/\/selleetools.com\/#\/schema\/logo\/image\/","url":"https:\/\/selleetools.com\/wp-content\/uploads\/2021\/10\/logo-dark.png","contentUrl":"https:\/\/selleetools.com\/wp-content\/uploads\/2021\/10\/logo-dark.png","width":320,"height":76,"caption":"Selleetools"},"image":{"@id":"https:\/\/selleetools.com\/#\/schema\/logo\/image\/"}},{"@type":"WebSite","@id":"https:\/\/selleetools.com\/#website","url":"https:\/\/selleetools.com\/","name":"Selleetools.com","description":"","publisher":{"@id":"https:\/\/selleetools.com\/#organization"},"potentialAction":[{"@type":"SearchAction","target":{"@type":"EntryPoint","urlTemplate":"https:\/\/selleetools.com\/?s={search_term_string}"},"query-input":"required name=search_term_string"}],"inLanguage":"pl-PL"},{"@type":"WebPage","@id":"https:\/\/selleetools.com\/pl\/product\/cos-de-baha-salicylic-acid-4-serum-30-ml-serum-zluszczajace\/","url":"https:\/\/selleetools.com\/pl\/product\/cos-de-baha-salicylic-acid-4-serum-30-ml-serum-zluszczajace\/","name":"COS DE BAHA Salicylic Acid 4% Serum 30 ml - serum z\u0142uszczaj\u0105ce - Selleetools.com","isPartOf":{"@id":"https:\/\/selleetools.com\/#website"},"datePublished":"2025-10-24T12:03:14+00:00","dateModified":"2025-11-03T16:05:58+00:00","breadcrumb":{"@id":"https:\/\/selleetools.com\/pl\/product\/cos-de-baha-salicylic-acid-4-serum-30-ml-serum-zluszczajace\/#breadcrumb"},"inLanguage":"pl-PL","potentialAction":[{"@type":"ReadAction","target":["https:\/\/selleetools.com\/pl\/product\/cos-de-baha-salicylic-acid-4-serum-30-ml-serum-zluszczajace\/"]}]},{"@type":"BreadcrumbList","@id":"https:\/\/selleetools.com\/pl\/product\/cos-de-baha-salicylic-acid-4-serum-30-ml-serum-zluszczajace\/#breadcrumb","itemListElement":[{"@type":"ListItem","position":1,"name":"Home","item":"https:\/\/selleetools.com\/pl\/"},{"@type":"ListItem","position":2,"name":"Katalog","item":"https:\/\/selleetools.com\/pl\/katalog\/"},{"@type":"ListItem","position":3,"name":"COS DE BAHA Salicylic Acid 4% Serum 30 ml &#8211; serum z\u0142uszczaj\u0105ce"}]}]}},"_links":{"self":[{"href":"https:\/\/selleetools.com\/pl\/wp-json\/wp\/v2\/product\/607349"}],"collection":[{"href":"https:\/\/selleetools.com\/pl\/wp-json\/wp\/v2\/product"}],"about":[{"href":"https:\/\/selleetools.com\/pl\/wp-json\/wp\/v2\/types\/product"}],"replies":[{"embeddable":true,"href":"https:\/\/selleetools.com\/pl\/wp-json\/wp\/v2\/comments?post=607349"}],"wp:featuredmedia":[{"embeddable":true,"href":"https:\/\/selleetools.com\/pl\/wp-json\/wp\/v2\/media\/607346"}],"wp:attachment":[{"href":"https:\/\/selleetools.com\/pl\/wp-json\/wp\/v2\/media?parent=607349"}],"curies":[{"name":"wp","href":"https:\/\/api.w.org\/{rel}","templated":true}]}}