{"id":607273,"date":"2025-10-24T14:02:22","date_gmt":"2025-10-24T12:02:22","guid":{"rendered":"https:\/\/selleetools.com\/?post_type=product&#038;p=607273"},"modified":"2025-12-14T12:32:10","modified_gmt":"2025-12-14T11:32:10","slug":"alternative-stereo-lip-potion-balmy-rose-06-rose-hip-9-ml-blyszczyk-do-ust","status":"publish","type":"product","link":"https:\/\/selleetools.com\/pl\/product\/alternative-stereo-lip-potion-balmy-rose-06-rose-hip-9-ml-blyszczyk-do-ust\/","title":{"rendered":"Alternative Stereo Lip Potion Balmy Rose 06 Rose Hip 9 ml &#8211; b\u0142yszczyk do ust"},"content":{"rendered":"<p>Alternative Stereo Lip Potion Balmy Rose 06 Rose Hip to nawil\u017caj\u0105cy b\u0142yszczyk do ust, kt\u00f3ry nadaje im subtelny kolor i naturalny po\u0142ysk. Jego lekka, nieklej\u0105ca formu\u0142a wzbogacona o kwas hialuronowy i ekstrakt z r\u00f3\u017cy damasce\u0144skiej intensywnie nawil\u017ca, wyg\u0142adza i piel\u0119gnuje wargi. Dzi\u0119ki po\u0142\u0105czeniu sk\u0142adnik\u00f3w od\u017cywczych, b\u0142yszczyk nie tylko podkre\u015bla usta, ale tak\u017ce chroni je przed wysuszeniem.<\/p>\n<p>Korzy\u015bci dla sk\u00f3ry:<br \/>\nNawil\u017ca i wyg\u0142adza usta, zapobiegaj\u0105c ich przesuszeniu<br \/>\nNadaje subtelny kolor i naturalny blask<br \/>\nLekka, komfortowa formu\u0142a, kt\u00f3ra nie klei si\u0119<br \/>\nZawiera kwas hialuronowy i ekstrakt z r\u00f3\u017cy damasce\u0144skiej o w\u0142a\u015bciwo\u015bciach piel\u0119gnacyjnych<\/p>\n<p>Spos\u00f3b u\u017cycia:<br \/>\nNak\u0142adaj b\u0142yszczyk bezpo\u015brednio na usta za pomoc\u0105 aplikatora. Mo\u017cesz stosowa\u0107 samodzielnie dla naturalnego efektu lub jako warstw\u0119 nab\u0142yszczaj\u0105c\u0105 na ulubion\u0105 pomadk\u0119.<\/p>\n","protected":false},"excerpt":{"rendered":"<p>Alternative Stereo Lip Potion Balmy Rose 06 Rose Hip to nawil\u017caj\u0105cy b\u0142yszczyk do ust, kt\u00f3ry nadaje im subtelny kolor i naturalny po\u0142ysk. Jego lekka, nieklej\u0105ca formu\u0142a wzbogacona o kwas hialuronowy i ekstrakt z r\u00f3\u017cy damasce\u0144skiej intensywnie nawil\u017ca, wyg\u0142adza i piel\u0119gnuje wargi. Dzi\u0119ki po\u0142\u0105czeniu sk\u0142adnik\u00f3w od\u017cywczych, b\u0142yszczyk nie tylko podkre\u015bla usta, ale tak\u017ce chroni je przed &#8230; <a title=\"Alternative Stereo Lip Potion Balmy Rose 06 Rose Hip 9 ml &#8211; b\u0142yszczyk do ust\" class=\"read-more\" href=\"https:\/\/selleetools.com\/pl\/product\/alternative-stereo-lip-potion-balmy-rose-06-rose-hip-9-ml-blyszczyk-do-ust\/\">Read more<span class=\"screen-reader-text\">Alternative Stereo Lip Potion Balmy Rose 06 Rose Hip 9 ml &#8211; b\u0142yszczyk do ust<\/span><\/a><\/p>\n","protected":false},"featured_media":607271,"comment_status":"open","ping_status":"closed","template":"","meta":{"_links_to":"","_links_to_target":""},"yoast_head":"<!-- This site is optimized with the Yoast SEO plugin v19.4 - https:\/\/yoast.com\/wordpress\/plugins\/seo\/ -->\n<title>Alternative Stereo Lip Potion Balmy Rose 06 Rose Hip 9 ml - b\u0142yszczyk do ust - Selleetools.com<\/title>\n<meta name=\"robots\" content=\"index, follow, max-snippet:-1, max-image-preview:large, max-video-preview:-1\" \/>\n<link rel=\"canonical\" href=\"https:\/\/selleetools.com\/product\/alternative-stereo-lip-potion-balmy-rose-06-rose-hip-9-ml-blyszczyk-do-ust\/\" \/>\n<meta property=\"og:locale\" content=\"pl_PL\" \/>\n<meta property=\"og:type\" content=\"article\" \/>\n<meta property=\"og:title\" content=\"Alternative Stereo Lip Potion Balmy Rose 06 Rose Hip 9 ml - b\u0142yszczyk do ust - Selleetools.com\" \/>\n<meta property=\"og:description\" content=\"Alternative Stereo Lip Potion Balmy Rose 06 Rose Hip to nawil\u017caj\u0105cy b\u0142yszczyk do ust, kt\u00f3ry nadaje im subtelny kolor i naturalny po\u0142ysk. Jego lekka, nieklej\u0105ca formu\u0142a wzbogacona o kwas hialuronowy i ekstrakt z r\u00f3\u017cy damasce\u0144skiej intensywnie nawil\u017ca, wyg\u0142adza i piel\u0119gnuje wargi. Dzi\u0119ki po\u0142\u0105czeniu sk\u0142adnik\u00f3w od\u017cywczych, b\u0142yszczyk nie tylko podkre\u015bla usta, ale tak\u017ce chroni je przed ... Read moreAlternative Stereo Lip Potion Balmy Rose 06 Rose Hip 9 ml &#8211; b\u0142yszczyk do ust\" \/>\n<meta property=\"og:url\" content=\"https:\/\/selleetools.com\/product\/alternative-stereo-lip-potion-balmy-rose-06-rose-hip-9-ml-blyszczyk-do-ust\/\" \/>\n<meta property=\"og:site_name\" content=\"Selleetools.com\" \/>\n<meta property=\"article:modified_time\" content=\"2025-12-14T11:32:10+00:00\" \/>\n<meta property=\"og:image\" content=\"https:\/\/selleetools.com\/wp-content\/uploads\/2025\/10\/533c577de0d974d9c72083befd2bf912.jpg\" \/>\n\t<meta property=\"og:image:width\" content=\"1000\" \/>\n\t<meta property=\"og:image:height\" content=\"1000\" \/>\n\t<meta property=\"og:image:type\" content=\"image\/jpeg\" \/>\n<meta name=\"twitter:card\" content=\"summary_large_image\" \/>\n<meta name=\"twitter:label1\" content=\"Est. reading time\" \/>\n\t<meta name=\"twitter:data1\" content=\"1 minuta\" \/>\n<!-- \/ Yoast SEO plugin. -->","yoast_head_json":{"title":"Alternative Stereo Lip Potion Balmy Rose 06 Rose Hip 9 ml - b\u0142yszczyk do ust - Selleetools.com","robots":{"index":"index","follow":"follow","max-snippet":"max-snippet:-1","max-image-preview":"max-image-preview:large","max-video-preview":"max-video-preview:-1"},"canonical":"https:\/\/selleetools.com\/product\/alternative-stereo-lip-potion-balmy-rose-06-rose-hip-9-ml-blyszczyk-do-ust\/","og_locale":"pl_PL","og_type":"article","og_title":"Alternative Stereo Lip Potion Balmy Rose 06 Rose Hip 9 ml - b\u0142yszczyk do ust - Selleetools.com","og_description":"Alternative Stereo Lip Potion Balmy Rose 06 Rose Hip to nawil\u017caj\u0105cy b\u0142yszczyk do ust, kt\u00f3ry nadaje im subtelny kolor i naturalny po\u0142ysk. Jego lekka, nieklej\u0105ca formu\u0142a wzbogacona o kwas hialuronowy i ekstrakt z r\u00f3\u017cy damasce\u0144skiej intensywnie nawil\u017ca, wyg\u0142adza i piel\u0119gnuje wargi. Dzi\u0119ki po\u0142\u0105czeniu sk\u0142adnik\u00f3w od\u017cywczych, b\u0142yszczyk nie tylko podkre\u015bla usta, ale tak\u017ce chroni je przed ... Read moreAlternative Stereo Lip Potion Balmy Rose 06 Rose Hip 9 ml &#8211; b\u0142yszczyk do ust","og_url":"https:\/\/selleetools.com\/product\/alternative-stereo-lip-potion-balmy-rose-06-rose-hip-9-ml-blyszczyk-do-ust\/","og_site_name":"Selleetools.com","article_modified_time":"2025-12-14T11:32:10+00:00","og_image":[{"width":1000,"height":1000,"url":"https:\/\/selleetools.com\/wp-content\/uploads\/2025\/10\/533c577de0d974d9c72083befd2bf912.jpg","type":"image\/jpeg"}],"twitter_card":"summary_large_image","twitter_misc":{"Est. reading time":"1 minuta"},"schema":{"@context":"https:\/\/schema.org","@graph":[{"@type":"Organization","@id":"https:\/\/selleetools.com\/#organization","name":"Selleetools","url":"https:\/\/selleetools.com\/","sameAs":[],"logo":{"@type":"ImageObject","inLanguage":"pl-PL","@id":"https:\/\/selleetools.com\/#\/schema\/logo\/image\/","url":"https:\/\/selleetools.com\/wp-content\/uploads\/2021\/10\/logo-dark.png","contentUrl":"https:\/\/selleetools.com\/wp-content\/uploads\/2021\/10\/logo-dark.png","width":320,"height":76,"caption":"Selleetools"},"image":{"@id":"https:\/\/selleetools.com\/#\/schema\/logo\/image\/"}},{"@type":"WebSite","@id":"https:\/\/selleetools.com\/#website","url":"https:\/\/selleetools.com\/","name":"Selleetools.com","description":"","publisher":{"@id":"https:\/\/selleetools.com\/#organization"},"potentialAction":[{"@type":"SearchAction","target":{"@type":"EntryPoint","urlTemplate":"https:\/\/selleetools.com\/?s={search_term_string}"},"query-input":"required name=search_term_string"}],"inLanguage":"pl-PL"},{"@type":"WebPage","@id":"https:\/\/selleetools.com\/product\/alternative-stereo-lip-potion-balmy-rose-06-rose-hip-9-ml-blyszczyk-do-ust\/","url":"https:\/\/selleetools.com\/product\/alternative-stereo-lip-potion-balmy-rose-06-rose-hip-9-ml-blyszczyk-do-ust\/","name":"Alternative Stereo Lip Potion Balmy Rose 06 Rose Hip 9 ml - b\u0142yszczyk do ust - Selleetools.com","isPartOf":{"@id":"https:\/\/selleetools.com\/#website"},"datePublished":"2025-10-24T12:02:22+00:00","dateModified":"2025-12-14T11:32:10+00:00","breadcrumb":{"@id":"https:\/\/selleetools.com\/product\/alternative-stereo-lip-potion-balmy-rose-06-rose-hip-9-ml-blyszczyk-do-ust\/#breadcrumb"},"inLanguage":"pl-PL","potentialAction":[{"@type":"ReadAction","target":["https:\/\/selleetools.com\/product\/alternative-stereo-lip-potion-balmy-rose-06-rose-hip-9-ml-blyszczyk-do-ust\/"]}]},{"@type":"BreadcrumbList","@id":"https:\/\/selleetools.com\/product\/alternative-stereo-lip-potion-balmy-rose-06-rose-hip-9-ml-blyszczyk-do-ust\/#breadcrumb","itemListElement":[{"@type":"ListItem","position":1,"name":"Home","item":"https:\/\/selleetools.com\/pl\/"},{"@type":"ListItem","position":2,"name":"Katalog","item":"https:\/\/selleetools.com\/pl\/katalog\/"},{"@type":"ListItem","position":3,"name":"Alternative Stereo Lip Potion Balmy Rose 06 Rose Hip 9 ml &#8211; b\u0142yszczyk do ust"}]}]}},"_links":{"self":[{"href":"https:\/\/selleetools.com\/pl\/wp-json\/wp\/v2\/product\/607273"}],"collection":[{"href":"https:\/\/selleetools.com\/pl\/wp-json\/wp\/v2\/product"}],"about":[{"href":"https:\/\/selleetools.com\/pl\/wp-json\/wp\/v2\/types\/product"}],"replies":[{"embeddable":true,"href":"https:\/\/selleetools.com\/pl\/wp-json\/wp\/v2\/comments?post=607273"}],"wp:featuredmedia":[{"embeddable":true,"href":"https:\/\/selleetools.com\/pl\/wp-json\/wp\/v2\/media\/607271"}],"wp:attachment":[{"href":"https:\/\/selleetools.com\/pl\/wp-json\/wp\/v2\/media?parent=607273"}],"curies":[{"name":"wp","href":"https:\/\/api.w.org\/{rel}","templated":true}]}}