{"id":607066,"date":"2025-10-24T13:59:09","date_gmt":"2025-10-24T11:59:09","guid":{"rendered":"https:\/\/selleetools.com\/?post_type=product&#038;p=607066"},"modified":"2025-11-04T21:06:42","modified_gmt":"2025-11-04T20:06:42","slug":"heimish-rx-hyaluronic-acid-rich-whipped-cream-50-ml-bogaty-krem-nawilzajacy-do-twarzy","status":"publish","type":"product","link":"https:\/\/selleetools.com\/pl\/product\/heimish-rx-hyaluronic-acid-rich-whipped-cream-50-ml-bogaty-krem-nawilzajacy-do-twarzy\/","title":{"rendered":"Heimish RX HYALURONIC ACID RICH WHIPPED CREAM 50 ml &#8211; bogaty krem nawil\u017caj\u0105cy do twarzy"},"content":{"rendered":"<p>Heimish RX Hyaluronic Acid Rich Whipped Cream to bogaty krem nawil\u017caj\u0105cy do twarzy o lekkiej, puszystej konsystencji. Formu\u0142a zawiera kwas hialuronowy, mas\u0142o shea oraz kompleks ceramid\u00f3w, kt\u00f3re intensywnie nawil\u017caj\u0105, wzmacniaj\u0105 barier\u0119 ochronn\u0105 sk\u00f3ry i poprawiaj\u0105 jej elastyczno\u015b\u0107. Krem jest odpowiedni dla ka\u017cdego typu sk\u00f3ry, zw\u0142aszcza suchej i odwodnionej.<\/p>\n<p>Korzy\u015bci dla sk\u00f3ry:<br \/>\nG\u0142\u0119bokie nawil\u017cenie sk\u00f3ry dzi\u0119ki zawarto\u015bci kwasu hialuronowego.<br \/>\nWzmocnienie bariery ochronnej sk\u00f3ry dzi\u0119ki kompleksowi ceramid\u00f3w (AP, NP, NS, EOP).<br \/>\nOd\u017cywienie i regeneracja sk\u00f3ry za spraw\u0105 mas\u0142a shea i oleju z nasion s\u0142onecznika.<br \/>\nWyg\u0142adzenie i poprawa elastyczno\u015bci sk\u00f3ry dzi\u0119ki beta-glukanowi i pantenolowi.<br \/>\nLekka, szybko wch\u0142aniaj\u0105ca si\u0119 formu\u0142a, idealna do codziennego stosowania.<\/p>\n<p>Spos\u00f3b u\u017cycia:<br \/>\nNa\u0142\u00f3\u017c odpowiedni\u0105 ilo\u015b\u0107 kremu na oczyszczon\u0105 i stonizowan\u0105 sk\u00f3r\u0119 twarzy.<br \/>\nDelikatnie wmasuj krem kolistymi ruchami, a\u017c do ca\u0142kowitego wch\u0142oni\u0119cia.<br \/>\nStosuj rano i wieczorem jako ostatni etap piel\u0119gnacji sk\u00f3ry.<\/p>\n<p>Krem doskonale sprawdza si\u0119 jako baza pod makija\u017c oraz jako intensywnie nawil\u017caj\u0105ca piel\u0119gnacja na noc.<\/p>\n","protected":false},"excerpt":{"rendered":"<p>Heimish RX Hyaluronic Acid Rich Whipped Cream to bogaty krem nawil\u017caj\u0105cy do twarzy o lekkiej, puszystej konsystencji. Formu\u0142a zawiera kwas hialuronowy, mas\u0142o shea oraz kompleks ceramid\u00f3w, kt\u00f3re intensywnie nawil\u017caj\u0105, wzmacniaj\u0105 barier\u0119 ochronn\u0105 sk\u00f3ry i poprawiaj\u0105 jej elastyczno\u015b\u0107. Krem jest odpowiedni dla ka\u017cdego typu sk\u00f3ry, zw\u0142aszcza suchej i odwodnionej. Korzy\u015bci dla sk\u00f3ry: G\u0142\u0119bokie nawil\u017cenie sk\u00f3ry dzi\u0119ki &#8230; <a title=\"Heimish RX HYALURONIC ACID RICH WHIPPED CREAM 50 ml &#8211; bogaty krem nawil\u017caj\u0105cy do twarzy\" class=\"read-more\" href=\"https:\/\/selleetools.com\/pl\/product\/heimish-rx-hyaluronic-acid-rich-whipped-cream-50-ml-bogaty-krem-nawilzajacy-do-twarzy\/\">Read more<span class=\"screen-reader-text\">Heimish RX HYALURONIC ACID RICH WHIPPED CREAM 50 ml &#8211; bogaty krem nawil\u017caj\u0105cy do twarzy<\/span><\/a><\/p>\n","protected":false},"featured_media":607064,"comment_status":"open","ping_status":"closed","template":"","meta":{"_links_to":"","_links_to_target":""},"yoast_head":"<!-- This site is optimized with the Yoast SEO plugin v19.4 - https:\/\/yoast.com\/wordpress\/plugins\/seo\/ -->\n<title>Heimish RX HYALURONIC ACID RICH WHIPPED CREAM 50 ml - bogaty krem nawil\u017caj\u0105cy do twarzy - Selleetools.com<\/title>\n<meta name=\"robots\" content=\"index, follow, max-snippet:-1, max-image-preview:large, max-video-preview:-1\" \/>\n<link rel=\"canonical\" href=\"https:\/\/selleetools.com\/pl\/product\/heimish-rx-hyaluronic-acid-rich-whipped-cream-50-ml-bogaty-krem-nawilzajacy-do-twarzy\/\" \/>\n<meta property=\"og:locale\" content=\"pl_PL\" \/>\n<meta property=\"og:type\" content=\"article\" \/>\n<meta property=\"og:title\" content=\"Heimish RX HYALURONIC ACID RICH WHIPPED CREAM 50 ml - bogaty krem nawil\u017caj\u0105cy do twarzy - Selleetools.com\" \/>\n<meta property=\"og:description\" content=\"Heimish RX Hyaluronic Acid Rich Whipped Cream to bogaty krem nawil\u017caj\u0105cy do twarzy o lekkiej, puszystej konsystencji. Formu\u0142a zawiera kwas hialuronowy, mas\u0142o shea oraz kompleks ceramid\u00f3w, kt\u00f3re intensywnie nawil\u017caj\u0105, wzmacniaj\u0105 barier\u0119 ochronn\u0105 sk\u00f3ry i poprawiaj\u0105 jej elastyczno\u015b\u0107. Krem jest odpowiedni dla ka\u017cdego typu sk\u00f3ry, zw\u0142aszcza suchej i odwodnionej. Korzy\u015bci dla sk\u00f3ry: G\u0142\u0119bokie nawil\u017cenie sk\u00f3ry dzi\u0119ki ... Read moreHeimish RX HYALURONIC ACID RICH WHIPPED CREAM 50 ml &#8211; bogaty krem nawil\u017caj\u0105cy do twarzy\" \/>\n<meta property=\"og:url\" content=\"https:\/\/selleetools.com\/pl\/product\/heimish-rx-hyaluronic-acid-rich-whipped-cream-50-ml-bogaty-krem-nawilzajacy-do-twarzy\/\" \/>\n<meta property=\"og:site_name\" content=\"Selleetools.com\" \/>\n<meta property=\"article:modified_time\" content=\"2025-11-04T20:06:42+00:00\" \/>\n<meta property=\"og:image\" content=\"https:\/\/selleetools.com\/wp-content\/uploads\/2025\/10\/b21c5002bd58697f3ca1dbe74fc4c83a.jpg\" \/>\n\t<meta property=\"og:image:width\" content=\"1200\" \/>\n\t<meta property=\"og:image:height\" content=\"1200\" \/>\n\t<meta property=\"og:image:type\" content=\"image\/jpeg\" \/>\n<meta name=\"twitter:card\" content=\"summary_large_image\" \/>\n<meta name=\"twitter:label1\" content=\"Est. reading time\" \/>\n\t<meta name=\"twitter:data1\" content=\"1 minuta\" \/>\n<!-- \/ Yoast SEO plugin. -->","yoast_head_json":{"title":"Heimish RX HYALURONIC ACID RICH WHIPPED CREAM 50 ml - bogaty krem nawil\u017caj\u0105cy do twarzy - Selleetools.com","robots":{"index":"index","follow":"follow","max-snippet":"max-snippet:-1","max-image-preview":"max-image-preview:large","max-video-preview":"max-video-preview:-1"},"canonical":"https:\/\/selleetools.com\/pl\/product\/heimish-rx-hyaluronic-acid-rich-whipped-cream-50-ml-bogaty-krem-nawilzajacy-do-twarzy\/","og_locale":"pl_PL","og_type":"article","og_title":"Heimish RX HYALURONIC ACID RICH WHIPPED CREAM 50 ml - bogaty krem nawil\u017caj\u0105cy do twarzy - Selleetools.com","og_description":"Heimish RX Hyaluronic Acid Rich Whipped Cream to bogaty krem nawil\u017caj\u0105cy do twarzy o lekkiej, puszystej konsystencji. Formu\u0142a zawiera kwas hialuronowy, mas\u0142o shea oraz kompleks ceramid\u00f3w, kt\u00f3re intensywnie nawil\u017caj\u0105, wzmacniaj\u0105 barier\u0119 ochronn\u0105 sk\u00f3ry i poprawiaj\u0105 jej elastyczno\u015b\u0107. Krem jest odpowiedni dla ka\u017cdego typu sk\u00f3ry, zw\u0142aszcza suchej i odwodnionej. Korzy\u015bci dla sk\u00f3ry: G\u0142\u0119bokie nawil\u017cenie sk\u00f3ry dzi\u0119ki ... Read moreHeimish RX HYALURONIC ACID RICH WHIPPED CREAM 50 ml &#8211; bogaty krem nawil\u017caj\u0105cy do twarzy","og_url":"https:\/\/selleetools.com\/pl\/product\/heimish-rx-hyaluronic-acid-rich-whipped-cream-50-ml-bogaty-krem-nawilzajacy-do-twarzy\/","og_site_name":"Selleetools.com","article_modified_time":"2025-11-04T20:06:42+00:00","og_image":[{"width":1200,"height":1200,"url":"https:\/\/selleetools.com\/wp-content\/uploads\/2025\/10\/b21c5002bd58697f3ca1dbe74fc4c83a.jpg","type":"image\/jpeg"}],"twitter_card":"summary_large_image","twitter_misc":{"Est. reading time":"1 minuta"},"schema":{"@context":"https:\/\/schema.org","@graph":[{"@type":"Organization","@id":"https:\/\/selleetools.com\/#organization","name":"Selleetools","url":"https:\/\/selleetools.com\/","sameAs":[],"logo":{"@type":"ImageObject","inLanguage":"pl-PL","@id":"https:\/\/selleetools.com\/#\/schema\/logo\/image\/","url":"https:\/\/selleetools.com\/wp-content\/uploads\/2021\/10\/logo-dark.png","contentUrl":"https:\/\/selleetools.com\/wp-content\/uploads\/2021\/10\/logo-dark.png","width":320,"height":76,"caption":"Selleetools"},"image":{"@id":"https:\/\/selleetools.com\/#\/schema\/logo\/image\/"}},{"@type":"WebSite","@id":"https:\/\/selleetools.com\/#website","url":"https:\/\/selleetools.com\/","name":"Selleetools.com","description":"","publisher":{"@id":"https:\/\/selleetools.com\/#organization"},"potentialAction":[{"@type":"SearchAction","target":{"@type":"EntryPoint","urlTemplate":"https:\/\/selleetools.com\/?s={search_term_string}"},"query-input":"required name=search_term_string"}],"inLanguage":"pl-PL"},{"@type":"WebPage","@id":"https:\/\/selleetools.com\/pl\/product\/heimish-rx-hyaluronic-acid-rich-whipped-cream-50-ml-bogaty-krem-nawilzajacy-do-twarzy\/","url":"https:\/\/selleetools.com\/pl\/product\/heimish-rx-hyaluronic-acid-rich-whipped-cream-50-ml-bogaty-krem-nawilzajacy-do-twarzy\/","name":"Heimish RX HYALURONIC ACID RICH WHIPPED CREAM 50 ml - bogaty krem nawil\u017caj\u0105cy do twarzy - Selleetools.com","isPartOf":{"@id":"https:\/\/selleetools.com\/#website"},"datePublished":"2025-10-24T11:59:09+00:00","dateModified":"2025-11-04T20:06:42+00:00","breadcrumb":{"@id":"https:\/\/selleetools.com\/pl\/product\/heimish-rx-hyaluronic-acid-rich-whipped-cream-50-ml-bogaty-krem-nawilzajacy-do-twarzy\/#breadcrumb"},"inLanguage":"pl-PL","potentialAction":[{"@type":"ReadAction","target":["https:\/\/selleetools.com\/pl\/product\/heimish-rx-hyaluronic-acid-rich-whipped-cream-50-ml-bogaty-krem-nawilzajacy-do-twarzy\/"]}]},{"@type":"BreadcrumbList","@id":"https:\/\/selleetools.com\/pl\/product\/heimish-rx-hyaluronic-acid-rich-whipped-cream-50-ml-bogaty-krem-nawilzajacy-do-twarzy\/#breadcrumb","itemListElement":[{"@type":"ListItem","position":1,"name":"Home","item":"https:\/\/selleetools.com\/pl\/"},{"@type":"ListItem","position":2,"name":"Katalog","item":"https:\/\/selleetools.com\/pl\/katalog\/"},{"@type":"ListItem","position":3,"name":"Heimish RX HYALURONIC ACID RICH WHIPPED CREAM 50 ml &#8211; bogaty krem nawil\u017caj\u0105cy do twarzy"}]}]}},"_links":{"self":[{"href":"https:\/\/selleetools.com\/pl\/wp-json\/wp\/v2\/product\/607066"}],"collection":[{"href":"https:\/\/selleetools.com\/pl\/wp-json\/wp\/v2\/product"}],"about":[{"href":"https:\/\/selleetools.com\/pl\/wp-json\/wp\/v2\/types\/product"}],"replies":[{"embeddable":true,"href":"https:\/\/selleetools.com\/pl\/wp-json\/wp\/v2\/comments?post=607066"}],"wp:featuredmedia":[{"embeddable":true,"href":"https:\/\/selleetools.com\/pl\/wp-json\/wp\/v2\/media\/607064"}],"wp:attachment":[{"href":"https:\/\/selleetools.com\/pl\/wp-json\/wp\/v2\/media?parent=607066"}],"curies":[{"name":"wp","href":"https:\/\/api.w.org\/{rel}","templated":true}]}}