{"id":607048,"date":"2025-10-24T13:58:55","date_gmt":"2025-10-24T11:58:55","guid":{"rendered":"https:\/\/selleetools.com\/?post_type=product&#038;p=607048"},"modified":"2026-03-03T11:12:20","modified_gmt":"2026-03-03T10:12:20","slug":"marymay-seoul-edition-vegan-idebenoneblackberry-complex-serum-80-ml-serum-antyoksydacyjne","status":"publish","type":"product","link":"https:\/\/selleetools.com\/pl\/product\/marymay-seoul-edition-vegan-idebenoneblackberry-complex-serum-80-ml-serum-antyoksydacyjne\/","title":{"rendered":"Mary&#038;May Seoul Edition Vegan Idebenone+Blackberry Complex Serum 80 ml &#8211; serum antyoksydacyjne"},"content":{"rendered":"<p>Mary&#038;May Seoul Edition Vegan Idebenone+ Blackberry Complex Serum to wega\u0144skie serum o silnym dzia\u0142aniu antyoksydacyjnym. Formu\u0142a oparta na ekstrakcie z owoc\u00f3w je\u017cyny i idebenonie skutecznie chroni sk\u00f3r\u0119 przed szkodliwym dzia\u0142aniem wolnych rodnik\u00f3w, jednocze\u015bnie wspieraj\u0105c jej naturaln\u0105 regeneracj\u0119. Lekka, szybko wch\u0142aniaj\u0105ca si\u0119 konsystencja sprawia, \u017ce serum idealnie sprawdza si\u0119 w codziennej piel\u0119gnacji ka\u017cdego typu sk\u00f3ry.<\/p>\n<p>Korzy\u015bci dla sk\u00f3ry:<br \/>\nChroni sk\u00f3r\u0119 przed stresem oksydacyjnym i op\u00f3\u017ania oznaki starzenia<br \/>\nWzmacnia barier\u0119 ochronn\u0105 sk\u00f3ry i poprawia jej elastyczno\u015b\u0107<br \/>\nIntensywnie nawil\u017ca, nadaj\u0105c sk\u00f3rze g\u0142adko\u015b\u0107 i mi\u0119kko\u015b\u0107<br \/>\nPoprawia koloryt sk\u00f3ry, przywracaj\u0105c jej zdrowy, promienny wygl\u0105d<\/p>\n<p>Spos\u00f3b u\u017cycia:<br \/>\nOczy\u015b\u0107 i stonizuj sk\u00f3r\u0119 twarzy.<br \/>\nNa\u0142\u00f3\u017c 2\u20133 krople serum na twarz, omijaj\u0105c okolice oczu.<br \/>\nDelikatnie wklep serum w sk\u00f3r\u0119 dla lepszego wch\u0142oni\u0119cia.<br \/>\nStosuj rano i\/lub wieczorem, a nast\u0119pnie na\u0142\u00f3\u017c krem nawil\u017caj\u0105cy.<\/p>\n<p>Serum idealne dla os\u00f3b poszukuj\u0105cych skutecznej ochrony przeciwstarzeniowej w codziennej piel\u0119gnacji.<\/p>\n","protected":false},"excerpt":{"rendered":"<p>Mary&#038;May Seoul Edition Vegan Idebenone+ Blackberry Complex Serum to wega\u0144skie serum o silnym dzia\u0142aniu antyoksydacyjnym. Formu\u0142a oparta na ekstrakcie z owoc\u00f3w je\u017cyny i idebenonie skutecznie chroni sk\u00f3r\u0119 przed szkodliwym dzia\u0142aniem wolnych rodnik\u00f3w, jednocze\u015bnie wspieraj\u0105c jej naturaln\u0105 regeneracj\u0119. Lekka, szybko wch\u0142aniaj\u0105ca si\u0119 konsystencja sprawia, \u017ce serum idealnie sprawdza si\u0119 w codziennej piel\u0119gnacji ka\u017cdego typu sk\u00f3ry. Korzy\u015bci &#8230; <a title=\"Mary&#038;May Seoul Edition Vegan Idebenone+Blackberry Complex Serum 80 ml &#8211; serum antyoksydacyjne\" class=\"read-more\" href=\"https:\/\/selleetools.com\/pl\/product\/marymay-seoul-edition-vegan-idebenoneblackberry-complex-serum-80-ml-serum-antyoksydacyjne\/\">Read more<span class=\"screen-reader-text\">Mary&#038;May Seoul Edition Vegan Idebenone+Blackberry Complex Serum 80 ml &#8211; serum antyoksydacyjne<\/span><\/a><\/p>\n","protected":false},"featured_media":607046,"comment_status":"open","ping_status":"closed","template":"","meta":{"_links_to":"","_links_to_target":""},"yoast_head":"<!-- This site is optimized with the Yoast SEO plugin v19.4 - https:\/\/yoast.com\/wordpress\/plugins\/seo\/ -->\n<title>Mary&amp;May Seoul Edition Vegan Idebenone+Blackberry Complex Serum 80 ml - serum antyoksydacyjne - Selleetools.com<\/title>\n<meta name=\"robots\" content=\"index, follow, max-snippet:-1, max-image-preview:large, max-video-preview:-1\" \/>\n<link rel=\"canonical\" href=\"https:\/\/selleetools.com\/pl\/product\/marymay-seoul-edition-vegan-idebenoneblackberry-complex-serum-80-ml-serum-antyoksydacyjne\/\" \/>\n<meta property=\"og:locale\" content=\"pl_PL\" \/>\n<meta property=\"og:type\" content=\"article\" \/>\n<meta property=\"og:title\" content=\"Mary&amp;May Seoul Edition Vegan Idebenone+Blackberry Complex Serum 80 ml - serum antyoksydacyjne - Selleetools.com\" \/>\n<meta property=\"og:description\" content=\"Mary&#038;May Seoul Edition Vegan Idebenone+ Blackberry Complex Serum to wega\u0144skie serum o silnym dzia\u0142aniu antyoksydacyjnym. Formu\u0142a oparta na ekstrakcie z owoc\u00f3w je\u017cyny i idebenonie skutecznie chroni sk\u00f3r\u0119 przed szkodliwym dzia\u0142aniem wolnych rodnik\u00f3w, jednocze\u015bnie wspieraj\u0105c jej naturaln\u0105 regeneracj\u0119. Lekka, szybko wch\u0142aniaj\u0105ca si\u0119 konsystencja sprawia, \u017ce serum idealnie sprawdza si\u0119 w codziennej piel\u0119gnacji ka\u017cdego typu sk\u00f3ry. Korzy\u015bci ... Read moreMary&#038;May Seoul Edition Vegan Idebenone+Blackberry Complex Serum 80 ml &#8211; serum antyoksydacyjne\" \/>\n<meta property=\"og:url\" content=\"https:\/\/selleetools.com\/pl\/product\/marymay-seoul-edition-vegan-idebenoneblackberry-complex-serum-80-ml-serum-antyoksydacyjne\/\" \/>\n<meta property=\"og:site_name\" content=\"Selleetools.com\" \/>\n<meta property=\"article:modified_time\" content=\"2026-03-03T10:12:20+00:00\" \/>\n<meta property=\"og:image\" content=\"https:\/\/selleetools.com\/wp-content\/uploads\/2025\/10\/de0a6c3f74a63e445fa50b28eb868f46.jpg\" \/>\n\t<meta property=\"og:image:width\" content=\"1200\" \/>\n\t<meta property=\"og:image:height\" content=\"1200\" \/>\n\t<meta property=\"og:image:type\" content=\"image\/jpeg\" \/>\n<meta name=\"twitter:card\" content=\"summary_large_image\" \/>\n<meta name=\"twitter:label1\" content=\"Est. reading time\" \/>\n\t<meta name=\"twitter:data1\" content=\"1 minuta\" \/>\n<!-- \/ Yoast SEO plugin. -->","yoast_head_json":{"title":"Mary&May Seoul Edition Vegan Idebenone+Blackberry Complex Serum 80 ml - serum antyoksydacyjne - Selleetools.com","robots":{"index":"index","follow":"follow","max-snippet":"max-snippet:-1","max-image-preview":"max-image-preview:large","max-video-preview":"max-video-preview:-1"},"canonical":"https:\/\/selleetools.com\/pl\/product\/marymay-seoul-edition-vegan-idebenoneblackberry-complex-serum-80-ml-serum-antyoksydacyjne\/","og_locale":"pl_PL","og_type":"article","og_title":"Mary&May Seoul Edition Vegan Idebenone+Blackberry Complex Serum 80 ml - serum antyoksydacyjne - Selleetools.com","og_description":"Mary&#038;May Seoul Edition Vegan Idebenone+ Blackberry Complex Serum to wega\u0144skie serum o silnym dzia\u0142aniu antyoksydacyjnym. Formu\u0142a oparta na ekstrakcie z owoc\u00f3w je\u017cyny i idebenonie skutecznie chroni sk\u00f3r\u0119 przed szkodliwym dzia\u0142aniem wolnych rodnik\u00f3w, jednocze\u015bnie wspieraj\u0105c jej naturaln\u0105 regeneracj\u0119. Lekka, szybko wch\u0142aniaj\u0105ca si\u0119 konsystencja sprawia, \u017ce serum idealnie sprawdza si\u0119 w codziennej piel\u0119gnacji ka\u017cdego typu sk\u00f3ry. Korzy\u015bci ... Read moreMary&#038;May Seoul Edition Vegan Idebenone+Blackberry Complex Serum 80 ml &#8211; serum antyoksydacyjne","og_url":"https:\/\/selleetools.com\/pl\/product\/marymay-seoul-edition-vegan-idebenoneblackberry-complex-serum-80-ml-serum-antyoksydacyjne\/","og_site_name":"Selleetools.com","article_modified_time":"2026-03-03T10:12:20+00:00","og_image":[{"width":1200,"height":1200,"url":"https:\/\/selleetools.com\/wp-content\/uploads\/2025\/10\/de0a6c3f74a63e445fa50b28eb868f46.jpg","type":"image\/jpeg"}],"twitter_card":"summary_large_image","twitter_misc":{"Est. reading time":"1 minuta"},"schema":{"@context":"https:\/\/schema.org","@graph":[{"@type":"Organization","@id":"https:\/\/selleetools.com\/#organization","name":"Selleetools","url":"https:\/\/selleetools.com\/","sameAs":[],"logo":{"@type":"ImageObject","inLanguage":"pl-PL","@id":"https:\/\/selleetools.com\/#\/schema\/logo\/image\/","url":"https:\/\/selleetools.com\/wp-content\/uploads\/2021\/10\/logo-dark.png","contentUrl":"https:\/\/selleetools.com\/wp-content\/uploads\/2021\/10\/logo-dark.png","width":320,"height":76,"caption":"Selleetools"},"image":{"@id":"https:\/\/selleetools.com\/#\/schema\/logo\/image\/"}},{"@type":"WebSite","@id":"https:\/\/selleetools.com\/#website","url":"https:\/\/selleetools.com\/","name":"Selleetools.com","description":"","publisher":{"@id":"https:\/\/selleetools.com\/#organization"},"potentialAction":[{"@type":"SearchAction","target":{"@type":"EntryPoint","urlTemplate":"https:\/\/selleetools.com\/?s={search_term_string}"},"query-input":"required name=search_term_string"}],"inLanguage":"pl-PL"},{"@type":"WebPage","@id":"https:\/\/selleetools.com\/pl\/product\/marymay-seoul-edition-vegan-idebenoneblackberry-complex-serum-80-ml-serum-antyoksydacyjne\/","url":"https:\/\/selleetools.com\/pl\/product\/marymay-seoul-edition-vegan-idebenoneblackberry-complex-serum-80-ml-serum-antyoksydacyjne\/","name":"Mary&May Seoul Edition Vegan Idebenone+Blackberry Complex Serum 80 ml - serum antyoksydacyjne - Selleetools.com","isPartOf":{"@id":"https:\/\/selleetools.com\/#website"},"datePublished":"2025-10-24T11:58:55+00:00","dateModified":"2026-03-03T10:12:20+00:00","breadcrumb":{"@id":"https:\/\/selleetools.com\/pl\/product\/marymay-seoul-edition-vegan-idebenoneblackberry-complex-serum-80-ml-serum-antyoksydacyjne\/#breadcrumb"},"inLanguage":"pl-PL","potentialAction":[{"@type":"ReadAction","target":["https:\/\/selleetools.com\/pl\/product\/marymay-seoul-edition-vegan-idebenoneblackberry-complex-serum-80-ml-serum-antyoksydacyjne\/"]}]},{"@type":"BreadcrumbList","@id":"https:\/\/selleetools.com\/pl\/product\/marymay-seoul-edition-vegan-idebenoneblackberry-complex-serum-80-ml-serum-antyoksydacyjne\/#breadcrumb","itemListElement":[{"@type":"ListItem","position":1,"name":"Home","item":"https:\/\/selleetools.com\/pl\/"},{"@type":"ListItem","position":2,"name":"Katalog","item":"https:\/\/selleetools.com\/pl\/katalog\/"},{"@type":"ListItem","position":3,"name":"Mary&#038;May Seoul Edition Vegan Idebenone+Blackberry Complex Serum 80 ml &#8211; serum antyoksydacyjne"}]}]}},"_links":{"self":[{"href":"https:\/\/selleetools.com\/pl\/wp-json\/wp\/v2\/product\/607048"}],"collection":[{"href":"https:\/\/selleetools.com\/pl\/wp-json\/wp\/v2\/product"}],"about":[{"href":"https:\/\/selleetools.com\/pl\/wp-json\/wp\/v2\/types\/product"}],"replies":[{"embeddable":true,"href":"https:\/\/selleetools.com\/pl\/wp-json\/wp\/v2\/comments?post=607048"}],"wp:featuredmedia":[{"embeddable":true,"href":"https:\/\/selleetools.com\/pl\/wp-json\/wp\/v2\/media\/607046"}],"wp:attachment":[{"href":"https:\/\/selleetools.com\/pl\/wp-json\/wp\/v2\/media?parent=607048"}],"curies":[{"name":"wp","href":"https:\/\/api.w.org\/{rel}","templated":true}]}}