{"id":607036,"date":"2025-10-24T13:58:45","date_gmt":"2025-10-24T11:58:45","guid":{"rendered":"https:\/\/selleetools.com\/?post_type=product&#038;p=607036"},"modified":"2025-11-03T17:06:08","modified_gmt":"2025-11-03T16:06:08","slug":"heimish-rx-amino-keratin-heat-protecting-leave-in-treatment-150-ml-odzywka-bez-splukiwania-chroniaca-przed-wysoka-temperatura","status":"publish","type":"product","link":"https:\/\/selleetools.com\/pl\/product\/heimish-rx-amino-keratin-heat-protecting-leave-in-treatment-150-ml-odzywka-bez-splukiwania-chroniaca-przed-wysoka-temperatura\/","title":{"rendered":"Heimish RX AMINO KERATIN HEAT PROTECTING LEAVE IN TREATMENT 150 ml &#8211; od\u017cywka bez sp\u0142ukiwania chroni\u0105ca przed wysok\u0105 temperatur\u0105"},"content":{"rendered":"<p>Heimish RX Amino Keratin Heat Protecting Leave-In Treatment to profesjonalna od\u017cywka bez sp\u0142ukiwania, stworzona z my\u015bl\u0105 o ochronie w\u0142os\u00f3w przed wysok\u0105 temperatur\u0105 podczas stylizacji. Bogata formu\u0142a zawiera kompleks aminokwas\u00f3w oraz keratyn\u0119, kt\u00f3re wzmacniaj\u0105 struktur\u0119 w\u0142osa, redukuj\u0105 uszkodzenia termiczne i poprawiaj\u0105 og\u00f3ln\u0105 kondycj\u0119 w\u0142os\u00f3w. Lekka konsystencja u\u0142atwia aplikacj\u0119 i nie obci\u0105\u017ca w\u0142os\u00f3w, pozostawiaj\u0105c je mi\u0119kkie, g\u0142adkie i pe\u0142ne blasku.<\/p>\n<p>Korzy\u015bci dla w\u0142os\u00f3w:<br \/>\nZapewnia skuteczn\u0105 ochron\u0119 przed wysok\u0105 temperatur\u0105 podczas suszenia, prostowania i kr\u0119cenia w\u0142os\u00f3w<br \/>\nWzmacnia struktur\u0119 w\u0142osa dzi\u0119ki zawarto\u015bci aminokwas\u00f3w i keratyny<br \/>\nIntensywnie nawil\u017ca, wyg\u0142adza i uelastycznia w\u0142osy<br \/>\nU\u0142atwia rozczesywanie i zapobiega \u0142amliwo\u015bci<br \/>\nPozostawia w\u0142osy jedwabi\u015bcie mi\u0119kkie, l\u015bni\u0105ce i podatne na stylizacj\u0119<\/p>\n<p>Spos\u00f3b u\u017cycia:<br \/>\nNa\u0142\u00f3\u017c odpowiedni\u0105 ilo\u015b\u0107 produktu na umyte, osuszone r\u0119cznikiem w\u0142osy.<br \/>\nRozprowad\u017a r\u00f3wnomiernie na ca\u0142ej d\u0142ugo\u015bci w\u0142os\u00f3w, koncentruj\u0105c si\u0119 na ko\u0144c\u00f3wkach.<br \/>\nNie sp\u0142ukuj. Przyst\u0105p do stylizacji przy u\u017cyciu suszarki, prostownicy lub lok\u00f3wki.<br \/>\nMo\u017ce by\u0107 stosowany codziennie lub w zale\u017cno\u015bci od potrzeb stylizacji.<\/p>\n<p>Produkt idealny dla os\u00f3b poszukuj\u0105cych skutecznej ochrony termicznej i intensywnej piel\u0119gnacji w\u0142os\u00f3w w jednym.<\/p>\n","protected":false},"excerpt":{"rendered":"<p>Heimish RX Amino Keratin Heat Protecting Leave-In Treatment to profesjonalna od\u017cywka bez sp\u0142ukiwania, stworzona z my\u015bl\u0105 o ochronie w\u0142os\u00f3w przed wysok\u0105 temperatur\u0105 podczas stylizacji. Bogata formu\u0142a zawiera kompleks aminokwas\u00f3w oraz keratyn\u0119, kt\u00f3re wzmacniaj\u0105 struktur\u0119 w\u0142osa, redukuj\u0105 uszkodzenia termiczne i poprawiaj\u0105 og\u00f3ln\u0105 kondycj\u0119 w\u0142os\u00f3w. Lekka konsystencja u\u0142atwia aplikacj\u0119 i nie obci\u0105\u017ca w\u0142os\u00f3w, pozostawiaj\u0105c je mi\u0119kkie, g\u0142adkie &#8230; <a title=\"Heimish RX AMINO KERATIN HEAT PROTECTING LEAVE IN TREATMENT 150 ml &#8211; od\u017cywka bez sp\u0142ukiwania chroni\u0105ca przed wysok\u0105 temperatur\u0105\" class=\"read-more\" href=\"https:\/\/selleetools.com\/pl\/product\/heimish-rx-amino-keratin-heat-protecting-leave-in-treatment-150-ml-odzywka-bez-splukiwania-chroniaca-przed-wysoka-temperatura\/\">Read more<span class=\"screen-reader-text\">Heimish RX AMINO KERATIN HEAT PROTECTING LEAVE IN TREATMENT 150 ml &#8211; od\u017cywka bez sp\u0142ukiwania chroni\u0105ca przed wysok\u0105 temperatur\u0105<\/span><\/a><\/p>\n","protected":false},"featured_media":607034,"comment_status":"open","ping_status":"closed","template":"","meta":{"_links_to":"","_links_to_target":""},"yoast_head":"<!-- This site is optimized with the Yoast SEO plugin v19.4 - https:\/\/yoast.com\/wordpress\/plugins\/seo\/ -->\n<title>Heimish RX AMINO KERATIN HEAT PROTECTING LEAVE IN TREATMENT 150 ml - od\u017cywka bez sp\u0142ukiwania chroni\u0105ca przed wysok\u0105 temperatur\u0105 - Selleetools.com<\/title>\n<meta name=\"robots\" content=\"index, follow, max-snippet:-1, max-image-preview:large, max-video-preview:-1\" \/>\n<link rel=\"canonical\" href=\"https:\/\/selleetools.com\/pl\/product\/heimish-rx-amino-keratin-heat-protecting-leave-in-treatment-150-ml-odzywka-bez-splukiwania-chroniaca-przed-wysoka-temperatura\/\" \/>\n<meta property=\"og:locale\" content=\"pl_PL\" \/>\n<meta property=\"og:type\" content=\"article\" \/>\n<meta property=\"og:title\" content=\"Heimish RX AMINO KERATIN HEAT PROTECTING LEAVE IN TREATMENT 150 ml - od\u017cywka bez sp\u0142ukiwania chroni\u0105ca przed wysok\u0105 temperatur\u0105 - Selleetools.com\" \/>\n<meta property=\"og:description\" content=\"Heimish RX Amino Keratin Heat Protecting Leave-In Treatment to profesjonalna od\u017cywka bez sp\u0142ukiwania, stworzona z my\u015bl\u0105 o ochronie w\u0142os\u00f3w przed wysok\u0105 temperatur\u0105 podczas stylizacji. Bogata formu\u0142a zawiera kompleks aminokwas\u00f3w oraz keratyn\u0119, kt\u00f3re wzmacniaj\u0105 struktur\u0119 w\u0142osa, redukuj\u0105 uszkodzenia termiczne i poprawiaj\u0105 og\u00f3ln\u0105 kondycj\u0119 w\u0142os\u00f3w. Lekka konsystencja u\u0142atwia aplikacj\u0119 i nie obci\u0105\u017ca w\u0142os\u00f3w, pozostawiaj\u0105c je mi\u0119kkie, g\u0142adkie ... Read moreHeimish RX AMINO KERATIN HEAT PROTECTING LEAVE IN TREATMENT 150 ml &#8211; od\u017cywka bez sp\u0142ukiwania chroni\u0105ca przed wysok\u0105 temperatur\u0105\" \/>\n<meta property=\"og:url\" content=\"https:\/\/selleetools.com\/pl\/product\/heimish-rx-amino-keratin-heat-protecting-leave-in-treatment-150-ml-odzywka-bez-splukiwania-chroniaca-przed-wysoka-temperatura\/\" \/>\n<meta property=\"og:site_name\" content=\"Selleetools.com\" \/>\n<meta property=\"article:modified_time\" content=\"2025-11-03T16:06:08+00:00\" \/>\n<meta property=\"og:image\" content=\"https:\/\/selleetools.com\/wp-content\/uploads\/2025\/10\/74a34c48f72f7ab5626b07d46da8d5b8.jpg\" \/>\n\t<meta property=\"og:image:width\" content=\"1200\" \/>\n\t<meta property=\"og:image:height\" content=\"1200\" \/>\n\t<meta property=\"og:image:type\" content=\"image\/jpeg\" \/>\n<meta name=\"twitter:card\" content=\"summary_large_image\" \/>\n<meta name=\"twitter:label1\" content=\"Est. reading time\" \/>\n\t<meta name=\"twitter:data1\" content=\"1 minuta\" \/>\n<!-- \/ Yoast SEO plugin. -->","yoast_head_json":{"title":"Heimish RX AMINO KERATIN HEAT PROTECTING LEAVE IN TREATMENT 150 ml - od\u017cywka bez sp\u0142ukiwania chroni\u0105ca przed wysok\u0105 temperatur\u0105 - Selleetools.com","robots":{"index":"index","follow":"follow","max-snippet":"max-snippet:-1","max-image-preview":"max-image-preview:large","max-video-preview":"max-video-preview:-1"},"canonical":"https:\/\/selleetools.com\/pl\/product\/heimish-rx-amino-keratin-heat-protecting-leave-in-treatment-150-ml-odzywka-bez-splukiwania-chroniaca-przed-wysoka-temperatura\/","og_locale":"pl_PL","og_type":"article","og_title":"Heimish RX AMINO KERATIN HEAT PROTECTING LEAVE IN TREATMENT 150 ml - od\u017cywka bez sp\u0142ukiwania chroni\u0105ca przed wysok\u0105 temperatur\u0105 - Selleetools.com","og_description":"Heimish RX Amino Keratin Heat Protecting Leave-In Treatment to profesjonalna od\u017cywka bez sp\u0142ukiwania, stworzona z my\u015bl\u0105 o ochronie w\u0142os\u00f3w przed wysok\u0105 temperatur\u0105 podczas stylizacji. Bogata formu\u0142a zawiera kompleks aminokwas\u00f3w oraz keratyn\u0119, kt\u00f3re wzmacniaj\u0105 struktur\u0119 w\u0142osa, redukuj\u0105 uszkodzenia termiczne i poprawiaj\u0105 og\u00f3ln\u0105 kondycj\u0119 w\u0142os\u00f3w. Lekka konsystencja u\u0142atwia aplikacj\u0119 i nie obci\u0105\u017ca w\u0142os\u00f3w, pozostawiaj\u0105c je mi\u0119kkie, g\u0142adkie ... Read moreHeimish RX AMINO KERATIN HEAT PROTECTING LEAVE IN TREATMENT 150 ml &#8211; od\u017cywka bez sp\u0142ukiwania chroni\u0105ca przed wysok\u0105 temperatur\u0105","og_url":"https:\/\/selleetools.com\/pl\/product\/heimish-rx-amino-keratin-heat-protecting-leave-in-treatment-150-ml-odzywka-bez-splukiwania-chroniaca-przed-wysoka-temperatura\/","og_site_name":"Selleetools.com","article_modified_time":"2025-11-03T16:06:08+00:00","og_image":[{"width":1200,"height":1200,"url":"https:\/\/selleetools.com\/wp-content\/uploads\/2025\/10\/74a34c48f72f7ab5626b07d46da8d5b8.jpg","type":"image\/jpeg"}],"twitter_card":"summary_large_image","twitter_misc":{"Est. reading time":"1 minuta"},"schema":{"@context":"https:\/\/schema.org","@graph":[{"@type":"Organization","@id":"https:\/\/selleetools.com\/#organization","name":"Selleetools","url":"https:\/\/selleetools.com\/","sameAs":[],"logo":{"@type":"ImageObject","inLanguage":"pl-PL","@id":"https:\/\/selleetools.com\/#\/schema\/logo\/image\/","url":"https:\/\/selleetools.com\/wp-content\/uploads\/2021\/10\/logo-dark.png","contentUrl":"https:\/\/selleetools.com\/wp-content\/uploads\/2021\/10\/logo-dark.png","width":320,"height":76,"caption":"Selleetools"},"image":{"@id":"https:\/\/selleetools.com\/#\/schema\/logo\/image\/"}},{"@type":"WebSite","@id":"https:\/\/selleetools.com\/#website","url":"https:\/\/selleetools.com\/","name":"Selleetools.com","description":"","publisher":{"@id":"https:\/\/selleetools.com\/#organization"},"potentialAction":[{"@type":"SearchAction","target":{"@type":"EntryPoint","urlTemplate":"https:\/\/selleetools.com\/?s={search_term_string}"},"query-input":"required name=search_term_string"}],"inLanguage":"pl-PL"},{"@type":"WebPage","@id":"https:\/\/selleetools.com\/pl\/product\/heimish-rx-amino-keratin-heat-protecting-leave-in-treatment-150-ml-odzywka-bez-splukiwania-chroniaca-przed-wysoka-temperatura\/","url":"https:\/\/selleetools.com\/pl\/product\/heimish-rx-amino-keratin-heat-protecting-leave-in-treatment-150-ml-odzywka-bez-splukiwania-chroniaca-przed-wysoka-temperatura\/","name":"Heimish RX AMINO KERATIN HEAT PROTECTING LEAVE IN TREATMENT 150 ml - od\u017cywka bez sp\u0142ukiwania chroni\u0105ca przed wysok\u0105 temperatur\u0105 - Selleetools.com","isPartOf":{"@id":"https:\/\/selleetools.com\/#website"},"datePublished":"2025-10-24T11:58:45+00:00","dateModified":"2025-11-03T16:06:08+00:00","breadcrumb":{"@id":"https:\/\/selleetools.com\/pl\/product\/heimish-rx-amino-keratin-heat-protecting-leave-in-treatment-150-ml-odzywka-bez-splukiwania-chroniaca-przed-wysoka-temperatura\/#breadcrumb"},"inLanguage":"pl-PL","potentialAction":[{"@type":"ReadAction","target":["https:\/\/selleetools.com\/pl\/product\/heimish-rx-amino-keratin-heat-protecting-leave-in-treatment-150-ml-odzywka-bez-splukiwania-chroniaca-przed-wysoka-temperatura\/"]}]},{"@type":"BreadcrumbList","@id":"https:\/\/selleetools.com\/pl\/product\/heimish-rx-amino-keratin-heat-protecting-leave-in-treatment-150-ml-odzywka-bez-splukiwania-chroniaca-przed-wysoka-temperatura\/#breadcrumb","itemListElement":[{"@type":"ListItem","position":1,"name":"Home","item":"https:\/\/selleetools.com\/pl\/"},{"@type":"ListItem","position":2,"name":"Katalog","item":"https:\/\/selleetools.com\/pl\/katalog\/"},{"@type":"ListItem","position":3,"name":"Heimish RX AMINO KERATIN HEAT PROTECTING LEAVE IN TREATMENT 150 ml &#8211; od\u017cywka bez sp\u0142ukiwania chroni\u0105ca przed wysok\u0105 temperatur\u0105"}]}]}},"_links":{"self":[{"href":"https:\/\/selleetools.com\/pl\/wp-json\/wp\/v2\/product\/607036"}],"collection":[{"href":"https:\/\/selleetools.com\/pl\/wp-json\/wp\/v2\/product"}],"about":[{"href":"https:\/\/selleetools.com\/pl\/wp-json\/wp\/v2\/types\/product"}],"replies":[{"embeddable":true,"href":"https:\/\/selleetools.com\/pl\/wp-json\/wp\/v2\/comments?post=607036"}],"wp:featuredmedia":[{"embeddable":true,"href":"https:\/\/selleetools.com\/pl\/wp-json\/wp\/v2\/media\/607034"}],"wp:attachment":[{"href":"https:\/\/selleetools.com\/pl\/wp-json\/wp\/v2\/media?parent=607036"}],"curies":[{"name":"wp","href":"https:\/\/api.w.org\/{rel}","templated":true}]}}