{"id":607027,"date":"2025-10-24T13:58:38","date_gmt":"2025-10-24T11:58:38","guid":{"rendered":"https:\/\/selleetools.com\/?post_type=product&#038;p=607027"},"modified":"2025-11-04T21:06:13","modified_gmt":"2025-11-04T20:06:13","slug":"peripera-ink-v-shading-new-02-deep-brown-9-5-g-bronzer-do-konturowania-w-cieplym-odcieniu-brazu","status":"publish","type":"product","link":"https:\/\/selleetools.com\/pl\/product\/peripera-ink-v-shading-new-02-deep-brown-9-5-g-bronzer-do-konturowania-w-cieplym-odcieniu-brazu\/","title":{"rendered":"Peripera Ink V Shading NEW #02 Deep Brown, 9.5 g &#8211; bronzer do konturowania w ciep\u0142ym odcieniu br\u0105zu"},"content":{"rendered":"<p>Peripera Ink V Shading to bronzer do konturowania w ciep\u0142ym odcieniu br\u0105zu, kt\u00f3ry pozwala na precyzyjne modelowanie rys\u00f3w twarzy. Jego jedwabista, \u0142atwa w blendowaniu formu\u0142a zapewnia naturalny efekt i subtelne przej\u015bcia tonalne. Produkt zawiera trzy harmonijnie dobrane odcienie, kt\u00f3re mo\u017cna stosowa\u0107 osobno lub \u0142\u0105czy\u0107, aby uzyska\u0107 idealnie dopasowany kontur.<\/p>\n<p>Korzy\u015bci dla sk\u00f3ry:<br \/>\nLekka i aksamitna konsystencja, \u0142atwa do blendowania<br \/>\nTrzy odcienie w jednej palecie dla naturalnego efektu konturowania<br \/>\nMatowe wyko\u0144czenie bez efektu pudrowo\u015bci<br \/>\nD\u0142ugotrwa\u0142a formu\u0142a, kt\u00f3ra utrzymuje si\u0119 przez ca\u0142y dzie\u0144<br \/>\nZawiera witamin\u0119 E (Tocopherol), wspieraj\u0105c\u0105 ochron\u0119 sk\u00f3ry przed przesuszeniem<\/p>\n<p>Spos\u00f3b u\u017cycia:<br \/>\nZa pomoc\u0105 p\u0119dzla nabierz niewielk\u0105 ilo\u015b\u0107 produktu.<br \/>\nNa\u0142\u00f3\u017c na obszary wymagaj\u0105ce konturowania, takie jak linia \u017cuchwy, ko\u015bci policzkowe i boki nosa.<br \/>\nDelikatnie rozblenduj, aby uzyska\u0107 naturalny efekt.<br \/>\nMo\u017cesz u\u017cywa\u0107 odcieni osobno lub miesza\u0107 je dla idealnego dopasowania.<\/p>\n<p>Idealny wyb\u00f3r do subtelnego podkre\u015blenia rys\u00f3w twarzy i uzyskania efektu naturalnego cienia.<\/p>\n","protected":false},"excerpt":{"rendered":"<p>Peripera Ink V Shading to bronzer do konturowania w ciep\u0142ym odcieniu br\u0105zu, kt\u00f3ry pozwala na precyzyjne modelowanie rys\u00f3w twarzy. Jego jedwabista, \u0142atwa w blendowaniu formu\u0142a zapewnia naturalny efekt i subtelne przej\u015bcia tonalne. Produkt zawiera trzy harmonijnie dobrane odcienie, kt\u00f3re mo\u017cna stosowa\u0107 osobno lub \u0142\u0105czy\u0107, aby uzyska\u0107 idealnie dopasowany kontur. Korzy\u015bci dla sk\u00f3ry: Lekka i aksamitna &#8230; <a title=\"Peripera Ink V Shading NEW #02 Deep Brown, 9.5 g &#8211; bronzer do konturowania w ciep\u0142ym odcieniu br\u0105zu\" class=\"read-more\" href=\"https:\/\/selleetools.com\/pl\/product\/peripera-ink-v-shading-new-02-deep-brown-9-5-g-bronzer-do-konturowania-w-cieplym-odcieniu-brazu\/\">Read more<span class=\"screen-reader-text\">Peripera Ink V Shading NEW #02 Deep Brown, 9.5 g &#8211; bronzer do konturowania w ciep\u0142ym odcieniu br\u0105zu<\/span><\/a><\/p>\n","protected":false},"featured_media":607025,"comment_status":"open","ping_status":"closed","template":"","meta":{"_links_to":"","_links_to_target":""},"yoast_head":"<!-- This site is optimized with the Yoast SEO plugin v19.4 - https:\/\/yoast.com\/wordpress\/plugins\/seo\/ -->\n<title>Peripera Ink V Shading NEW #02 Deep Brown, 9.5 g - bronzer do konturowania w ciep\u0142ym odcieniu br\u0105zu - Selleetools.com<\/title>\n<meta name=\"robots\" content=\"index, follow, max-snippet:-1, max-image-preview:large, max-video-preview:-1\" \/>\n<link rel=\"canonical\" href=\"https:\/\/admincentral.selleetools.com\/pl\/product\/peripera-ink-v-shading-new-02-deep-brown-9-5-g-bronzer-do-konturowania-w-cieplym-odcieniu-brazu\/\" \/>\n<meta property=\"og:locale\" content=\"pl_PL\" \/>\n<meta property=\"og:type\" content=\"article\" \/>\n<meta property=\"og:title\" content=\"Peripera Ink V Shading NEW #02 Deep Brown, 9.5 g - bronzer do konturowania w ciep\u0142ym odcieniu br\u0105zu - Selleetools.com\" \/>\n<meta property=\"og:description\" content=\"Peripera Ink V Shading to bronzer do konturowania w ciep\u0142ym odcieniu br\u0105zu, kt\u00f3ry pozwala na precyzyjne modelowanie rys\u00f3w twarzy. Jego jedwabista, \u0142atwa w blendowaniu formu\u0142a zapewnia naturalny efekt i subtelne przej\u015bcia tonalne. Produkt zawiera trzy harmonijnie dobrane odcienie, kt\u00f3re mo\u017cna stosowa\u0107 osobno lub \u0142\u0105czy\u0107, aby uzyska\u0107 idealnie dopasowany kontur. Korzy\u015bci dla sk\u00f3ry: Lekka i aksamitna ... Read morePeripera Ink V Shading NEW #02 Deep Brown, 9.5 g &#8211; bronzer do konturowania w ciep\u0142ym odcieniu br\u0105zu\" \/>\n<meta property=\"og:url\" content=\"https:\/\/admincentral.selleetools.com\/pl\/product\/peripera-ink-v-shading-new-02-deep-brown-9-5-g-bronzer-do-konturowania-w-cieplym-odcieniu-brazu\/\" \/>\n<meta property=\"og:site_name\" content=\"Selleetools.com\" \/>\n<meta property=\"article:modified_time\" content=\"2025-11-04T20:06:13+00:00\" \/>\n<meta property=\"og:image\" content=\"https:\/\/selleetools.com\/wp-content\/uploads\/2025\/10\/3f7094cc79c1d4a824fa0d8c22cab1d9.jpg\" \/>\n\t<meta property=\"og:image:width\" content=\"1000\" \/>\n\t<meta property=\"og:image:height\" content=\"1000\" \/>\n\t<meta property=\"og:image:type\" content=\"image\/jpeg\" \/>\n<meta name=\"twitter:card\" content=\"summary_large_image\" \/>\n<meta name=\"twitter:label1\" content=\"Est. reading time\" \/>\n\t<meta name=\"twitter:data1\" content=\"1 minuta\" \/>\n<!-- \/ Yoast SEO plugin. -->","yoast_head_json":{"title":"Peripera Ink V Shading NEW #02 Deep Brown, 9.5 g - bronzer do konturowania w ciep\u0142ym odcieniu br\u0105zu - Selleetools.com","robots":{"index":"index","follow":"follow","max-snippet":"max-snippet:-1","max-image-preview":"max-image-preview:large","max-video-preview":"max-video-preview:-1"},"canonical":"https:\/\/admincentral.selleetools.com\/pl\/product\/peripera-ink-v-shading-new-02-deep-brown-9-5-g-bronzer-do-konturowania-w-cieplym-odcieniu-brazu\/","og_locale":"pl_PL","og_type":"article","og_title":"Peripera Ink V Shading NEW #02 Deep Brown, 9.5 g - bronzer do konturowania w ciep\u0142ym odcieniu br\u0105zu - Selleetools.com","og_description":"Peripera Ink V Shading to bronzer do konturowania w ciep\u0142ym odcieniu br\u0105zu, kt\u00f3ry pozwala na precyzyjne modelowanie rys\u00f3w twarzy. Jego jedwabista, \u0142atwa w blendowaniu formu\u0142a zapewnia naturalny efekt i subtelne przej\u015bcia tonalne. Produkt zawiera trzy harmonijnie dobrane odcienie, kt\u00f3re mo\u017cna stosowa\u0107 osobno lub \u0142\u0105czy\u0107, aby uzyska\u0107 idealnie dopasowany kontur. Korzy\u015bci dla sk\u00f3ry: Lekka i aksamitna ... Read morePeripera Ink V Shading NEW #02 Deep Brown, 9.5 g &#8211; bronzer do konturowania w ciep\u0142ym odcieniu br\u0105zu","og_url":"https:\/\/admincentral.selleetools.com\/pl\/product\/peripera-ink-v-shading-new-02-deep-brown-9-5-g-bronzer-do-konturowania-w-cieplym-odcieniu-brazu\/","og_site_name":"Selleetools.com","article_modified_time":"2025-11-04T20:06:13+00:00","og_image":[{"width":1000,"height":1000,"url":"https:\/\/selleetools.com\/wp-content\/uploads\/2025\/10\/3f7094cc79c1d4a824fa0d8c22cab1d9.jpg","type":"image\/jpeg"}],"twitter_card":"summary_large_image","twitter_misc":{"Est. reading time":"1 minuta"},"schema":{"@context":"https:\/\/schema.org","@graph":[{"@type":"Organization","@id":"https:\/\/selleetools.com\/#organization","name":"Selleetools","url":"https:\/\/selleetools.com\/","sameAs":[],"logo":{"@type":"ImageObject","inLanguage":"pl-PL","@id":"https:\/\/selleetools.com\/#\/schema\/logo\/image\/","url":"https:\/\/selleetools.com\/wp-content\/uploads\/2021\/10\/logo-dark.png","contentUrl":"https:\/\/selleetools.com\/wp-content\/uploads\/2021\/10\/logo-dark.png","width":320,"height":76,"caption":"Selleetools"},"image":{"@id":"https:\/\/selleetools.com\/#\/schema\/logo\/image\/"}},{"@type":"WebSite","@id":"https:\/\/selleetools.com\/#website","url":"https:\/\/selleetools.com\/","name":"Selleetools.com","description":"","publisher":{"@id":"https:\/\/selleetools.com\/#organization"},"potentialAction":[{"@type":"SearchAction","target":{"@type":"EntryPoint","urlTemplate":"https:\/\/selleetools.com\/?s={search_term_string}"},"query-input":"required name=search_term_string"}],"inLanguage":"pl-PL"},{"@type":"WebPage","@id":"https:\/\/admincentral.selleetools.com\/pl\/product\/peripera-ink-v-shading-new-02-deep-brown-9-5-g-bronzer-do-konturowania-w-cieplym-odcieniu-brazu\/","url":"https:\/\/admincentral.selleetools.com\/pl\/product\/peripera-ink-v-shading-new-02-deep-brown-9-5-g-bronzer-do-konturowania-w-cieplym-odcieniu-brazu\/","name":"Peripera Ink V Shading NEW #02 Deep Brown, 9.5 g - bronzer do konturowania w ciep\u0142ym odcieniu br\u0105zu - Selleetools.com","isPartOf":{"@id":"https:\/\/selleetools.com\/#website"},"datePublished":"2025-10-24T11:58:38+00:00","dateModified":"2025-11-04T20:06:13+00:00","breadcrumb":{"@id":"https:\/\/admincentral.selleetools.com\/pl\/product\/peripera-ink-v-shading-new-02-deep-brown-9-5-g-bronzer-do-konturowania-w-cieplym-odcieniu-brazu\/#breadcrumb"},"inLanguage":"pl-PL","potentialAction":[{"@type":"ReadAction","target":["https:\/\/admincentral.selleetools.com\/pl\/product\/peripera-ink-v-shading-new-02-deep-brown-9-5-g-bronzer-do-konturowania-w-cieplym-odcieniu-brazu\/"]}]},{"@type":"BreadcrumbList","@id":"https:\/\/admincentral.selleetools.com\/pl\/product\/peripera-ink-v-shading-new-02-deep-brown-9-5-g-bronzer-do-konturowania-w-cieplym-odcieniu-brazu\/#breadcrumb","itemListElement":[{"@type":"ListItem","position":1,"name":"Home","item":"https:\/\/selleetools.com\/pl\/"},{"@type":"ListItem","position":2,"name":"Katalog","item":"https:\/\/selleetools.com\/pl\/katalog\/"},{"@type":"ListItem","position":3,"name":"Peripera Ink V Shading NEW #02 Deep Brown, 9.5 g &#8211; bronzer do konturowania w ciep\u0142ym odcieniu br\u0105zu"}]}]}},"_links":{"self":[{"href":"https:\/\/selleetools.com\/pl\/wp-json\/wp\/v2\/product\/607027"}],"collection":[{"href":"https:\/\/selleetools.com\/pl\/wp-json\/wp\/v2\/product"}],"about":[{"href":"https:\/\/selleetools.com\/pl\/wp-json\/wp\/v2\/types\/product"}],"replies":[{"embeddable":true,"href":"https:\/\/selleetools.com\/pl\/wp-json\/wp\/v2\/comments?post=607027"}],"wp:featuredmedia":[{"embeddable":true,"href":"https:\/\/selleetools.com\/pl\/wp-json\/wp\/v2\/media\/607025"}],"wp:attachment":[{"href":"https:\/\/selleetools.com\/pl\/wp-json\/wp\/v2\/media?parent=607027"}],"curies":[{"name":"wp","href":"https:\/\/api.w.org\/{rel}","templated":true}]}}