{"id":606945,"date":"2025-10-24T13:57:37","date_gmt":"2025-10-24T11:57:37","guid":{"rendered":"https:\/\/selleetools.com\/?post_type=product&#038;p=606945"},"modified":"2026-02-25T19:20:30","modified_gmt":"2026-02-25T18:20:30","slug":"medi-peel-peptide-9-volume-bio-tox-trial-kit-zestaw-mini-kosmetykow-z-peptydami","status":"publish","type":"product","link":"https:\/\/selleetools.com\/pl\/product\/medi-peel-peptide-9-volume-bio-tox-trial-kit-zestaw-mini-kosmetykow-z-peptydami\/","title":{"rendered":"MEDI-PEEL Peptide 9 Volume Bio Tox Trial Kit &#8211; zestaw mini kosmetyk\u00f3w z peptydami"},"content":{"rendered":"<p>MEDI-PEEL Peptide 9 Volume Bio Tox Trial Kit to luksusowy zestaw piel\u0119gnacyjny, kt\u00f3ry intensywnie nawil\u017ca, uj\u0119drnia i wyg\u0142adza sk\u00f3r\u0119. Dzi\u0119ki zaawansowanej formule z 9 rodzajami peptyd\u00f3w, kompleks skutecznie wspiera procesy regeneracyjne, redukuje zmarszczki i poprawia elastyczno\u015b\u0107 sk\u00f3ry. Idealny do przetestowania profesjonalnej piel\u0119gnacji w domowym zaciszu.<\/p>\n<p>Korzy\u015bci dla sk\u00f3ry:<br \/>\nG\u0142\u0119bokie nawil\u017cenie i od\u017cywienie<br \/>\nRedukcja zmarszczek i poprawa elastyczno\u015bci<br \/>\nWzmocnienie bariery ochronnej sk\u00f3ry<br \/>\nRozja\u015bnienie i wyr\u00f3wnanie kolorytu<br \/>\nKompleksowa piel\u0119gnacja przeciwstarzeniowa<\/p>\n<p>Spos\u00f3b u\u017cycia:<br \/>\nPeptide 9 Volume Bio Tox Toner Pro (20ml) \u2013 Na\u0142\u00f3\u017c niewielk\u0105 ilo\u015b\u0107 toniku na d\u0142onie lub p\u0142atek kosmetyczny i delikatnie wklep w sk\u00f3r\u0119 twarzy.<br \/>\nPeptide 9 Volume Bio Tox Ampoule Pro (10ml) \u2013 Nanie\u015b kilka kropli serum na twarz i szyj\u0119, delikatnie wmasuj do wch\u0142oni\u0119cia.<br \/>\nPeptide 9 Volume Lift Tox Eye Cream (4ml) \u2013 Aplikuj niewielk\u0105 ilo\u015b\u0107 kremu pod oczy, delikatnie wklepuj\u0105c opuszkiem palca.<br \/>\nPeptide 9 Volume &#038; Tension Tox Cream Pro (10g) \u2013 Na zako\u0144czenie na\u0142\u00f3\u017c krem na ca\u0142\u0105 twarz i szyj\u0119, aby zamkn\u0105\u0107 wilgo\u0107 i sk\u0142adniki aktywne w sk\u00f3rze.<\/p>\n<p>Zestaw idealny do podr\u00f3\u017cy lub jako wst\u0119p do zaawansowanej piel\u0119gnacji peptydowej.<\/p>\n","protected":false},"excerpt":{"rendered":"<p>MEDI-PEEL Peptide 9 Volume Bio Tox Trial Kit to luksusowy zestaw piel\u0119gnacyjny, kt\u00f3ry intensywnie nawil\u017ca, uj\u0119drnia i wyg\u0142adza sk\u00f3r\u0119. Dzi\u0119ki zaawansowanej formule z 9 rodzajami peptyd\u00f3w, kompleks skutecznie wspiera procesy regeneracyjne, redukuje zmarszczki i poprawia elastyczno\u015b\u0107 sk\u00f3ry. Idealny do przetestowania profesjonalnej piel\u0119gnacji w domowym zaciszu. Korzy\u015bci dla sk\u00f3ry: G\u0142\u0119bokie nawil\u017cenie i od\u017cywienie Redukcja zmarszczek i &#8230; <a title=\"MEDI-PEEL Peptide 9 Volume Bio Tox Trial Kit &#8211; zestaw mini kosmetyk\u00f3w z peptydami\" class=\"read-more\" href=\"https:\/\/selleetools.com\/pl\/product\/medi-peel-peptide-9-volume-bio-tox-trial-kit-zestaw-mini-kosmetykow-z-peptydami\/\">Read more<span class=\"screen-reader-text\">MEDI-PEEL Peptide 9 Volume Bio Tox Trial Kit &#8211; zestaw mini kosmetyk\u00f3w z peptydami<\/span><\/a><\/p>\n","protected":false},"featured_media":606943,"comment_status":"open","ping_status":"closed","template":"","meta":{"_links_to":"","_links_to_target":""},"yoast_head":"<!-- This site is optimized with the Yoast SEO plugin v19.4 - https:\/\/yoast.com\/wordpress\/plugins\/seo\/ -->\n<title>MEDI-PEEL Peptide 9 Volume Bio Tox Trial Kit - zestaw mini kosmetyk\u00f3w z peptydami - Selleetools.com<\/title>\n<meta name=\"robots\" content=\"index, follow, max-snippet:-1, max-image-preview:large, max-video-preview:-1\" \/>\n<link rel=\"canonical\" href=\"https:\/\/selleetools.com\/pl\/product\/medi-peel-peptide-9-volume-bio-tox-trial-kit-zestaw-mini-kosmetykow-z-peptydami\/\" \/>\n<meta property=\"og:locale\" content=\"pl_PL\" \/>\n<meta property=\"og:type\" content=\"article\" \/>\n<meta property=\"og:title\" content=\"MEDI-PEEL Peptide 9 Volume Bio Tox Trial Kit - zestaw mini kosmetyk\u00f3w z peptydami - Selleetools.com\" \/>\n<meta property=\"og:description\" content=\"MEDI-PEEL Peptide 9 Volume Bio Tox Trial Kit to luksusowy zestaw piel\u0119gnacyjny, kt\u00f3ry intensywnie nawil\u017ca, uj\u0119drnia i wyg\u0142adza sk\u00f3r\u0119. Dzi\u0119ki zaawansowanej formule z 9 rodzajami peptyd\u00f3w, kompleks skutecznie wspiera procesy regeneracyjne, redukuje zmarszczki i poprawia elastyczno\u015b\u0107 sk\u00f3ry. Idealny do przetestowania profesjonalnej piel\u0119gnacji w domowym zaciszu. Korzy\u015bci dla sk\u00f3ry: G\u0142\u0119bokie nawil\u017cenie i od\u017cywienie Redukcja zmarszczek i ... Read moreMEDI-PEEL Peptide 9 Volume Bio Tox Trial Kit &#8211; zestaw mini kosmetyk\u00f3w z peptydami\" \/>\n<meta property=\"og:url\" content=\"https:\/\/selleetools.com\/pl\/product\/medi-peel-peptide-9-volume-bio-tox-trial-kit-zestaw-mini-kosmetykow-z-peptydami\/\" \/>\n<meta property=\"og:site_name\" content=\"Selleetools.com\" \/>\n<meta property=\"article:modified_time\" content=\"2026-02-25T18:20:30+00:00\" \/>\n<meta property=\"og:image\" content=\"https:\/\/selleetools.com\/wp-content\/uploads\/2025\/10\/a380c068074b526ff476d42c0a264ef9.jpg\" \/>\n\t<meta property=\"og:image:width\" content=\"1000\" \/>\n\t<meta property=\"og:image:height\" content=\"1000\" \/>\n\t<meta property=\"og:image:type\" content=\"image\/jpeg\" \/>\n<meta name=\"twitter:card\" content=\"summary_large_image\" \/>\n<meta name=\"twitter:label1\" content=\"Est. reading time\" \/>\n\t<meta name=\"twitter:data1\" content=\"1 minuta\" \/>\n<!-- \/ Yoast SEO plugin. -->","yoast_head_json":{"title":"MEDI-PEEL Peptide 9 Volume Bio Tox Trial Kit - zestaw mini kosmetyk\u00f3w z peptydami - Selleetools.com","robots":{"index":"index","follow":"follow","max-snippet":"max-snippet:-1","max-image-preview":"max-image-preview:large","max-video-preview":"max-video-preview:-1"},"canonical":"https:\/\/selleetools.com\/pl\/product\/medi-peel-peptide-9-volume-bio-tox-trial-kit-zestaw-mini-kosmetykow-z-peptydami\/","og_locale":"pl_PL","og_type":"article","og_title":"MEDI-PEEL Peptide 9 Volume Bio Tox Trial Kit - zestaw mini kosmetyk\u00f3w z peptydami - Selleetools.com","og_description":"MEDI-PEEL Peptide 9 Volume Bio Tox Trial Kit to luksusowy zestaw piel\u0119gnacyjny, kt\u00f3ry intensywnie nawil\u017ca, uj\u0119drnia i wyg\u0142adza sk\u00f3r\u0119. Dzi\u0119ki zaawansowanej formule z 9 rodzajami peptyd\u00f3w, kompleks skutecznie wspiera procesy regeneracyjne, redukuje zmarszczki i poprawia elastyczno\u015b\u0107 sk\u00f3ry. Idealny do przetestowania profesjonalnej piel\u0119gnacji w domowym zaciszu. Korzy\u015bci dla sk\u00f3ry: G\u0142\u0119bokie nawil\u017cenie i od\u017cywienie Redukcja zmarszczek i ... Read moreMEDI-PEEL Peptide 9 Volume Bio Tox Trial Kit &#8211; zestaw mini kosmetyk\u00f3w z peptydami","og_url":"https:\/\/selleetools.com\/pl\/product\/medi-peel-peptide-9-volume-bio-tox-trial-kit-zestaw-mini-kosmetykow-z-peptydami\/","og_site_name":"Selleetools.com","article_modified_time":"2026-02-25T18:20:30+00:00","og_image":[{"width":1000,"height":1000,"url":"https:\/\/selleetools.com\/wp-content\/uploads\/2025\/10\/a380c068074b526ff476d42c0a264ef9.jpg","type":"image\/jpeg"}],"twitter_card":"summary_large_image","twitter_misc":{"Est. reading time":"1 minuta"},"schema":{"@context":"https:\/\/schema.org","@graph":[{"@type":"Organization","@id":"https:\/\/selleetools.com\/#organization","name":"Selleetools","url":"https:\/\/selleetools.com\/","sameAs":[],"logo":{"@type":"ImageObject","inLanguage":"pl-PL","@id":"https:\/\/selleetools.com\/#\/schema\/logo\/image\/","url":"https:\/\/selleetools.com\/wp-content\/uploads\/2021\/10\/logo-dark.png","contentUrl":"https:\/\/selleetools.com\/wp-content\/uploads\/2021\/10\/logo-dark.png","width":320,"height":76,"caption":"Selleetools"},"image":{"@id":"https:\/\/selleetools.com\/#\/schema\/logo\/image\/"}},{"@type":"WebSite","@id":"https:\/\/selleetools.com\/#website","url":"https:\/\/selleetools.com\/","name":"Selleetools.com","description":"","publisher":{"@id":"https:\/\/selleetools.com\/#organization"},"potentialAction":[{"@type":"SearchAction","target":{"@type":"EntryPoint","urlTemplate":"https:\/\/selleetools.com\/?s={search_term_string}"},"query-input":"required name=search_term_string"}],"inLanguage":"pl-PL"},{"@type":"WebPage","@id":"https:\/\/selleetools.com\/pl\/product\/medi-peel-peptide-9-volume-bio-tox-trial-kit-zestaw-mini-kosmetykow-z-peptydami\/","url":"https:\/\/selleetools.com\/pl\/product\/medi-peel-peptide-9-volume-bio-tox-trial-kit-zestaw-mini-kosmetykow-z-peptydami\/","name":"MEDI-PEEL Peptide 9 Volume Bio Tox Trial Kit - zestaw mini kosmetyk\u00f3w z peptydami - Selleetools.com","isPartOf":{"@id":"https:\/\/selleetools.com\/#website"},"datePublished":"2025-10-24T11:57:37+00:00","dateModified":"2026-02-25T18:20:30+00:00","breadcrumb":{"@id":"https:\/\/selleetools.com\/pl\/product\/medi-peel-peptide-9-volume-bio-tox-trial-kit-zestaw-mini-kosmetykow-z-peptydami\/#breadcrumb"},"inLanguage":"pl-PL","potentialAction":[{"@type":"ReadAction","target":["https:\/\/selleetools.com\/pl\/product\/medi-peel-peptide-9-volume-bio-tox-trial-kit-zestaw-mini-kosmetykow-z-peptydami\/"]}]},{"@type":"BreadcrumbList","@id":"https:\/\/selleetools.com\/pl\/product\/medi-peel-peptide-9-volume-bio-tox-trial-kit-zestaw-mini-kosmetykow-z-peptydami\/#breadcrumb","itemListElement":[{"@type":"ListItem","position":1,"name":"Home","item":"https:\/\/selleetools.com\/pl\/"},{"@type":"ListItem","position":2,"name":"Katalog","item":"https:\/\/selleetools.com\/pl\/katalog\/"},{"@type":"ListItem","position":3,"name":"MEDI-PEEL Peptide 9 Volume Bio Tox Trial Kit &#8211; zestaw mini kosmetyk\u00f3w z peptydami"}]}]}},"_links":{"self":[{"href":"https:\/\/selleetools.com\/pl\/wp-json\/wp\/v2\/product\/606945"}],"collection":[{"href":"https:\/\/selleetools.com\/pl\/wp-json\/wp\/v2\/product"}],"about":[{"href":"https:\/\/selleetools.com\/pl\/wp-json\/wp\/v2\/types\/product"}],"replies":[{"embeddable":true,"href":"https:\/\/selleetools.com\/pl\/wp-json\/wp\/v2\/comments?post=606945"}],"wp:featuredmedia":[{"embeddable":true,"href":"https:\/\/selleetools.com\/pl\/wp-json\/wp\/v2\/media\/606943"}],"wp:attachment":[{"href":"https:\/\/selleetools.com\/pl\/wp-json\/wp\/v2\/media?parent=606945"}],"curies":[{"name":"wp","href":"https:\/\/api.w.org\/{rel}","templated":true}]}}