{"id":606942,"date":"2025-10-24T13:57:35","date_gmt":"2025-10-24T11:57:35","guid":{"rendered":"https:\/\/selleetools.com\/?post_type=product&#038;p=606942"},"modified":"2025-11-04T21:05:19","modified_gmt":"2025-11-04T20:05:19","slug":"medi-peel-peptide-9-volume-bio-tox-ampoule-pro-100-ml-serum-przeciwstarzeniowe","status":"publish","type":"product","link":"https:\/\/selleetools.com\/pl\/product\/medi-peel-peptide-9-volume-bio-tox-ampoule-pro-100-ml-serum-przeciwstarzeniowe\/","title":{"rendered":"MEDI-PEEL Peptide 9 Volume Bio tox Ampoule Pro 100 ml &#8211; serum przeciwstarzeniowe"},"content":{"rendered":"<p>MEDI-PEEL Peptide 9 Volumn Biotox Ampoule Pro to zaawansowane serum przeciwstarzeniowe, kt\u00f3re intensywnie nawil\u017ca, wyg\u0142adza i uj\u0119drnia sk\u00f3r\u0119. Zawiera a\u017c 9 rodzaj\u00f3w peptyd\u00f3w oraz kompleks kwasu hialuronowego, kt\u00f3re wspomagaj\u0105 regeneracj\u0119 sk\u00f3ry, przywracaj\u0105 jej elastyczno\u015b\u0107 i redukuj\u0105 widoczno\u015b\u0107 zmarszczek.<\/p>\n<p>Korzy\u015bci dla sk\u00f3ry:<br \/>\nIntensywne nawil\u017cenie \u2013 wielopoziomowe dzia\u0142anie kwasu hialuronowego i jego pochodnych zapewnia d\u0142ugotrwa\u0142e nawil\u017cenie sk\u00f3ry.<br \/>\nRedukcja zmarszczek \u2013 kompleks peptydowy stymuluje syntez\u0119 kolagenu, wyg\u0142adzaj\u0105c drobne linie i poprawiaj\u0105c j\u0119drno\u015b\u0107 sk\u00f3ry.<br \/>\nRoz\u015bwietlenie i wyr\u00f3wnanie kolorytu \u2013 niacynamid dzia\u0142a rozja\u015bniaj\u0105co, redukuj\u0105c przebarwienia i dodaj\u0105c sk\u00f3rze zdrowego blasku.<br \/>\nOchrona i regeneracja \u2013 ekstrakty ro\u015blinne, w tym Centella Asiatica i zielona herbata, \u0142agodz\u0105 podra\u017cnienia i wzmacniaj\u0105 barier\u0119 ochronn\u0105 sk\u00f3ry.<\/p>\n<p>Spos\u00f3b u\u017cycia:<br \/>\nPo oczyszczeniu i tonizacji sk\u00f3ry nanie\u015b odpowiedni\u0105 ilo\u015b\u0107 ampu\u0142ki na twarz i delikatnie wklep, a\u017c do ca\u0142kowitego wch\u0142oni\u0119cia. Stosuj rano i wieczorem przed na\u0142o\u017ceniem kremu.<\/p>\n<p>Idealne dla ka\u017cdego typu sk\u00f3ry, szczeg\u00f3lnie dojrza\u0142ej i wymagaj\u0105cej intensywnej piel\u0119gnacji.<\/p>\n","protected":false},"excerpt":{"rendered":"<p>MEDI-PEEL Peptide 9 Volumn Biotox Ampoule Pro to zaawansowane serum przeciwstarzeniowe, kt\u00f3re intensywnie nawil\u017ca, wyg\u0142adza i uj\u0119drnia sk\u00f3r\u0119. Zawiera a\u017c 9 rodzaj\u00f3w peptyd\u00f3w oraz kompleks kwasu hialuronowego, kt\u00f3re wspomagaj\u0105 regeneracj\u0119 sk\u00f3ry, przywracaj\u0105 jej elastyczno\u015b\u0107 i redukuj\u0105 widoczno\u015b\u0107 zmarszczek. Korzy\u015bci dla sk\u00f3ry: Intensywne nawil\u017cenie \u2013 wielopoziomowe dzia\u0142anie kwasu hialuronowego i jego pochodnych zapewnia d\u0142ugotrwa\u0142e nawil\u017cenie sk\u00f3ry. &#8230; <a title=\"MEDI-PEEL Peptide 9 Volume Bio tox Ampoule Pro 100 ml &#8211; serum przeciwstarzeniowe\" class=\"read-more\" href=\"https:\/\/selleetools.com\/pl\/product\/medi-peel-peptide-9-volume-bio-tox-ampoule-pro-100-ml-serum-przeciwstarzeniowe\/\">Read more<span class=\"screen-reader-text\">MEDI-PEEL Peptide 9 Volume Bio tox Ampoule Pro 100 ml &#8211; serum przeciwstarzeniowe<\/span><\/a><\/p>\n","protected":false},"featured_media":606940,"comment_status":"open","ping_status":"closed","template":"","meta":{"_links_to":"","_links_to_target":""},"yoast_head":"<!-- This site is optimized with the Yoast SEO plugin v19.4 - https:\/\/yoast.com\/wordpress\/plugins\/seo\/ -->\n<title>MEDI-PEEL Peptide 9 Volume Bio tox Ampoule Pro 100 ml - serum przeciwstarzeniowe - Selleetools.com<\/title>\n<meta name=\"robots\" content=\"index, follow, max-snippet:-1, max-image-preview:large, max-video-preview:-1\" \/>\n<link rel=\"canonical\" href=\"https:\/\/selleetools.com\/product\/medi-peel-peptide-9-volume-bio-tox-ampoule-pro-100-ml-serum-przeciwstarzeniowe\/\" \/>\n<meta property=\"og:locale\" content=\"pl_PL\" \/>\n<meta property=\"og:type\" content=\"article\" \/>\n<meta property=\"og:title\" content=\"MEDI-PEEL Peptide 9 Volume Bio tox Ampoule Pro 100 ml - serum przeciwstarzeniowe - Selleetools.com\" \/>\n<meta property=\"og:description\" content=\"MEDI-PEEL Peptide 9 Volumn Biotox Ampoule Pro to zaawansowane serum przeciwstarzeniowe, kt\u00f3re intensywnie nawil\u017ca, wyg\u0142adza i uj\u0119drnia sk\u00f3r\u0119. Zawiera a\u017c 9 rodzaj\u00f3w peptyd\u00f3w oraz kompleks kwasu hialuronowego, kt\u00f3re wspomagaj\u0105 regeneracj\u0119 sk\u00f3ry, przywracaj\u0105 jej elastyczno\u015b\u0107 i redukuj\u0105 widoczno\u015b\u0107 zmarszczek. Korzy\u015bci dla sk\u00f3ry: Intensywne nawil\u017cenie \u2013 wielopoziomowe dzia\u0142anie kwasu hialuronowego i jego pochodnych zapewnia d\u0142ugotrwa\u0142e nawil\u017cenie sk\u00f3ry. ... Read moreMEDI-PEEL Peptide 9 Volume Bio tox Ampoule Pro 100 ml &#8211; serum przeciwstarzeniowe\" \/>\n<meta property=\"og:url\" content=\"https:\/\/selleetools.com\/product\/medi-peel-peptide-9-volume-bio-tox-ampoule-pro-100-ml-serum-przeciwstarzeniowe\/\" \/>\n<meta property=\"og:site_name\" content=\"Selleetools.com\" \/>\n<meta property=\"article:modified_time\" content=\"2025-11-04T20:05:19+00:00\" \/>\n<meta property=\"og:image\" content=\"https:\/\/selleetools.com\/wp-content\/uploads\/2025\/10\/c10c394414d32f9cfeb4cc5624ff9ee2.jpg\" \/>\n\t<meta property=\"og:image:width\" content=\"1200\" \/>\n\t<meta property=\"og:image:height\" content=\"1200\" \/>\n\t<meta property=\"og:image:type\" content=\"image\/jpeg\" \/>\n<meta name=\"twitter:card\" content=\"summary_large_image\" \/>\n<meta name=\"twitter:label1\" content=\"Est. reading time\" \/>\n\t<meta name=\"twitter:data1\" content=\"1 minuta\" \/>\n<!-- \/ Yoast SEO plugin. -->","yoast_head_json":{"title":"MEDI-PEEL Peptide 9 Volume Bio tox Ampoule Pro 100 ml - serum przeciwstarzeniowe - Selleetools.com","robots":{"index":"index","follow":"follow","max-snippet":"max-snippet:-1","max-image-preview":"max-image-preview:large","max-video-preview":"max-video-preview:-1"},"canonical":"https:\/\/selleetools.com\/product\/medi-peel-peptide-9-volume-bio-tox-ampoule-pro-100-ml-serum-przeciwstarzeniowe\/","og_locale":"pl_PL","og_type":"article","og_title":"MEDI-PEEL Peptide 9 Volume Bio tox Ampoule Pro 100 ml - serum przeciwstarzeniowe - Selleetools.com","og_description":"MEDI-PEEL Peptide 9 Volumn Biotox Ampoule Pro to zaawansowane serum przeciwstarzeniowe, kt\u00f3re intensywnie nawil\u017ca, wyg\u0142adza i uj\u0119drnia sk\u00f3r\u0119. Zawiera a\u017c 9 rodzaj\u00f3w peptyd\u00f3w oraz kompleks kwasu hialuronowego, kt\u00f3re wspomagaj\u0105 regeneracj\u0119 sk\u00f3ry, przywracaj\u0105 jej elastyczno\u015b\u0107 i redukuj\u0105 widoczno\u015b\u0107 zmarszczek. Korzy\u015bci dla sk\u00f3ry: Intensywne nawil\u017cenie \u2013 wielopoziomowe dzia\u0142anie kwasu hialuronowego i jego pochodnych zapewnia d\u0142ugotrwa\u0142e nawil\u017cenie sk\u00f3ry. ... Read moreMEDI-PEEL Peptide 9 Volume Bio tox Ampoule Pro 100 ml &#8211; serum przeciwstarzeniowe","og_url":"https:\/\/selleetools.com\/product\/medi-peel-peptide-9-volume-bio-tox-ampoule-pro-100-ml-serum-przeciwstarzeniowe\/","og_site_name":"Selleetools.com","article_modified_time":"2025-11-04T20:05:19+00:00","og_image":[{"width":1200,"height":1200,"url":"https:\/\/selleetools.com\/wp-content\/uploads\/2025\/10\/c10c394414d32f9cfeb4cc5624ff9ee2.jpg","type":"image\/jpeg"}],"twitter_card":"summary_large_image","twitter_misc":{"Est. reading time":"1 minuta"},"schema":{"@context":"https:\/\/schema.org","@graph":[{"@type":"Organization","@id":"https:\/\/selleetools.com\/#organization","name":"Selleetools","url":"https:\/\/selleetools.com\/","sameAs":[],"logo":{"@type":"ImageObject","inLanguage":"pl-PL","@id":"https:\/\/selleetools.com\/#\/schema\/logo\/image\/","url":"https:\/\/selleetools.com\/wp-content\/uploads\/2021\/10\/logo-dark.png","contentUrl":"https:\/\/selleetools.com\/wp-content\/uploads\/2021\/10\/logo-dark.png","width":320,"height":76,"caption":"Selleetools"},"image":{"@id":"https:\/\/selleetools.com\/#\/schema\/logo\/image\/"}},{"@type":"WebSite","@id":"https:\/\/selleetools.com\/#website","url":"https:\/\/selleetools.com\/","name":"Selleetools.com","description":"","publisher":{"@id":"https:\/\/selleetools.com\/#organization"},"potentialAction":[{"@type":"SearchAction","target":{"@type":"EntryPoint","urlTemplate":"https:\/\/selleetools.com\/?s={search_term_string}"},"query-input":"required name=search_term_string"}],"inLanguage":"pl-PL"},{"@type":"WebPage","@id":"https:\/\/selleetools.com\/product\/medi-peel-peptide-9-volume-bio-tox-ampoule-pro-100-ml-serum-przeciwstarzeniowe\/","url":"https:\/\/selleetools.com\/product\/medi-peel-peptide-9-volume-bio-tox-ampoule-pro-100-ml-serum-przeciwstarzeniowe\/","name":"MEDI-PEEL Peptide 9 Volume Bio tox Ampoule Pro 100 ml - serum przeciwstarzeniowe - Selleetools.com","isPartOf":{"@id":"https:\/\/selleetools.com\/#website"},"datePublished":"2025-10-24T11:57:35+00:00","dateModified":"2025-11-04T20:05:19+00:00","breadcrumb":{"@id":"https:\/\/selleetools.com\/product\/medi-peel-peptide-9-volume-bio-tox-ampoule-pro-100-ml-serum-przeciwstarzeniowe\/#breadcrumb"},"inLanguage":"pl-PL","potentialAction":[{"@type":"ReadAction","target":["https:\/\/selleetools.com\/product\/medi-peel-peptide-9-volume-bio-tox-ampoule-pro-100-ml-serum-przeciwstarzeniowe\/"]}]},{"@type":"BreadcrumbList","@id":"https:\/\/selleetools.com\/product\/medi-peel-peptide-9-volume-bio-tox-ampoule-pro-100-ml-serum-przeciwstarzeniowe\/#breadcrumb","itemListElement":[{"@type":"ListItem","position":1,"name":"Home","item":"https:\/\/selleetools.com\/pl\/"},{"@type":"ListItem","position":2,"name":"Katalog","item":"https:\/\/selleetools.com\/pl\/katalog\/"},{"@type":"ListItem","position":3,"name":"MEDI-PEEL Peptide 9 Volume Bio tox Ampoule Pro 100 ml &#8211; serum przeciwstarzeniowe"}]}]}},"_links":{"self":[{"href":"https:\/\/selleetools.com\/pl\/wp-json\/wp\/v2\/product\/606942"}],"collection":[{"href":"https:\/\/selleetools.com\/pl\/wp-json\/wp\/v2\/product"}],"about":[{"href":"https:\/\/selleetools.com\/pl\/wp-json\/wp\/v2\/types\/product"}],"replies":[{"embeddable":true,"href":"https:\/\/selleetools.com\/pl\/wp-json\/wp\/v2\/comments?post=606942"}],"wp:featuredmedia":[{"embeddable":true,"href":"https:\/\/selleetools.com\/pl\/wp-json\/wp\/v2\/media\/606940"}],"wp:attachment":[{"href":"https:\/\/selleetools.com\/pl\/wp-json\/wp\/v2\/media?parent=606942"}],"curies":[{"name":"wp","href":"https:\/\/api.w.org\/{rel}","templated":true}]}}