{"id":606914,"date":"2025-10-24T13:57:15","date_gmt":"2025-10-24T11:57:15","guid":{"rendered":"https:\/\/selleetools.com\/?post_type=product&#038;p=606914"},"modified":"2026-03-03T12:01:40","modified_gmt":"2026-03-03T11:01:40","slug":"tirtir-mask-fit-aura-cushion-24n-latte-18-g-podklad-w-formie-cushion","status":"publish","type":"product","link":"https:\/\/selleetools.com\/pl\/product\/tirtir-mask-fit-aura-cushion-24n-latte-18-g-podklad-w-formie-cushion\/","title":{"rendered":"TIRTIR Mask Fit Aura Cushion 24N Latte 18 g &#8211; Podk\u0142ad w formie cushion"},"content":{"rendered":"<p>TIRTIR Mask Fit Aura Cushion to lekki, a zarazem d\u0142ugotrwa\u0142y podk\u0142ad w formie cushion, kt\u00f3ry zapewnia naturalne krycie i promienny efekt na sk\u00f3rze. Jego formu\u0142a \u0142\u0105czy w\u0142a\u015bciwo\u015bci piel\u0119gnacyjne z doskona\u0142ym wyko\u0144czeniem makija\u017cu, gwarantuj\u0105c \u015bwie\u017cy i nieskazitelny wygl\u0105d przez ca\u0142y dzie\u0144.<\/p>\n<p>Korzy\u015bci dla sk\u00f3ry:<br \/>\nD\u0142ugotrwa\u0142e krycie \u2013 skutecznie wyr\u00f3wnuje koloryt sk\u00f3ry i maskuje niedoskona\u0142o\u015bci, nie obci\u0105\u017caj\u0105c cery.<br \/>\nEfekt roz\u015bwietlenia \u2013 zapewnia zdrowy, naturalny blask dzi\u0119ki zawarto\u015bci miki i nawil\u017caj\u0105cych sk\u0142adnik\u00f3w.<br \/>\nPiel\u0119gnacja i nawil\u017cenie \u2013 formu\u0142a wzbogacona o kwas hialuronowy, ekstrakt z brzozy i wyci\u0105g z owoc\u00f3w Tara, kt\u00f3re dbaj\u0105 o odpowiedni poziom nawil\u017cenia sk\u00f3ry.<br \/>\n\u0141atwa aplikacja \u2013 innowacyjna konsystencja sprawia, \u017ce podk\u0142ad wtapia si\u0119 w sk\u00f3r\u0119, daj\u0105c efekt drugiej sk\u00f3ry bez efektu maski.<\/p>\n<p>Spos\u00f3b u\u017cycia:<br \/>\nNabierz niewielk\u0105 ilo\u015b\u0107 podk\u0142adu przy u\u017cyciu do\u0142\u0105czonej g\u0105beczki.<br \/>\nDelikatnie wklep w sk\u00f3r\u0119 twarzy, zaczynaj\u0105c od \u015brodka i rozprowadzaj\u0105c na zewn\u0105trz.<br \/>\nDla mocniejszego krycia na\u0142\u00f3\u017c kolejn\u0105 warstw\u0119 w miejscach wymagaj\u0105cych wi\u0119kszego ukrycia niedoskona\u0142o\u015bci.<\/p>\n<p>Idealny dla ka\u017cdego rodzaju sk\u00f3ry, zw\u0142aszcza suchej i normalnej, poszukuj\u0105cej efektu zdrowego glow!<\/p>\n","protected":false},"excerpt":{"rendered":"<p>TIRTIR Mask Fit Aura Cushion to lekki, a zarazem d\u0142ugotrwa\u0142y podk\u0142ad w formie cushion, kt\u00f3ry zapewnia naturalne krycie i promienny efekt na sk\u00f3rze. Jego formu\u0142a \u0142\u0105czy w\u0142a\u015bciwo\u015bci piel\u0119gnacyjne z doskona\u0142ym wyko\u0144czeniem makija\u017cu, gwarantuj\u0105c \u015bwie\u017cy i nieskazitelny wygl\u0105d przez ca\u0142y dzie\u0144. Korzy\u015bci dla sk\u00f3ry: D\u0142ugotrwa\u0142e krycie \u2013 skutecznie wyr\u00f3wnuje koloryt sk\u00f3ry i maskuje niedoskona\u0142o\u015bci, nie obci\u0105\u017caj\u0105c &#8230; <a title=\"TIRTIR Mask Fit Aura Cushion 24N Latte 18 g &#8211; Podk\u0142ad w formie cushion\" class=\"read-more\" href=\"https:\/\/selleetools.com\/pl\/product\/tirtir-mask-fit-aura-cushion-24n-latte-18-g-podklad-w-formie-cushion\/\">Read more<span class=\"screen-reader-text\">TIRTIR Mask Fit Aura Cushion 24N Latte 18 g &#8211; Podk\u0142ad w formie cushion<\/span><\/a><\/p>\n","protected":false},"featured_media":606912,"comment_status":"open","ping_status":"closed","template":"","meta":{"_links_to":"","_links_to_target":""},"yoast_head":"<!-- This site is optimized with the Yoast SEO plugin v19.4 - https:\/\/yoast.com\/wordpress\/plugins\/seo\/ -->\n<title>TIRTIR Mask Fit Aura Cushion 24N Latte 18 g - Podk\u0142ad w formie cushion - Selleetools.com<\/title>\n<meta name=\"robots\" content=\"index, follow, max-snippet:-1, max-image-preview:large, max-video-preview:-1\" \/>\n<link rel=\"canonical\" href=\"https:\/\/selleetools.com\/pl\/product\/tirtir-mask-fit-aura-cushion-24n-latte-18-g-podklad-w-formie-cushion\/\" \/>\n<meta property=\"og:locale\" content=\"pl_PL\" \/>\n<meta property=\"og:type\" content=\"article\" \/>\n<meta property=\"og:title\" content=\"TIRTIR Mask Fit Aura Cushion 24N Latte 18 g - Podk\u0142ad w formie cushion - Selleetools.com\" \/>\n<meta property=\"og:description\" content=\"TIRTIR Mask Fit Aura Cushion to lekki, a zarazem d\u0142ugotrwa\u0142y podk\u0142ad w formie cushion, kt\u00f3ry zapewnia naturalne krycie i promienny efekt na sk\u00f3rze. Jego formu\u0142a \u0142\u0105czy w\u0142a\u015bciwo\u015bci piel\u0119gnacyjne z doskona\u0142ym wyko\u0144czeniem makija\u017cu, gwarantuj\u0105c \u015bwie\u017cy i nieskazitelny wygl\u0105d przez ca\u0142y dzie\u0144. Korzy\u015bci dla sk\u00f3ry: D\u0142ugotrwa\u0142e krycie \u2013 skutecznie wyr\u00f3wnuje koloryt sk\u00f3ry i maskuje niedoskona\u0142o\u015bci, nie obci\u0105\u017caj\u0105c ... Read moreTIRTIR Mask Fit Aura Cushion 24N Latte 18 g &#8211; Podk\u0142ad w formie cushion\" \/>\n<meta property=\"og:url\" content=\"https:\/\/selleetools.com\/pl\/product\/tirtir-mask-fit-aura-cushion-24n-latte-18-g-podklad-w-formie-cushion\/\" \/>\n<meta property=\"og:site_name\" content=\"Selleetools.com\" \/>\n<meta property=\"article:modified_time\" content=\"2026-03-03T11:01:40+00:00\" \/>\n<meta property=\"og:image\" content=\"https:\/\/selleetools.com\/wp-content\/uploads\/2025\/10\/1f17a38bdfbcca86e9eda1d2a9915196.jpg\" \/>\n\t<meta property=\"og:image:width\" content=\"1000\" \/>\n\t<meta property=\"og:image:height\" content=\"1000\" \/>\n\t<meta property=\"og:image:type\" content=\"image\/jpeg\" \/>\n<meta name=\"twitter:card\" content=\"summary_large_image\" \/>\n<meta name=\"twitter:label1\" content=\"Est. reading time\" \/>\n\t<meta name=\"twitter:data1\" content=\"1 minuta\" \/>\n<!-- \/ Yoast SEO plugin. -->","yoast_head_json":{"title":"TIRTIR Mask Fit Aura Cushion 24N Latte 18 g - Podk\u0142ad w formie cushion - Selleetools.com","robots":{"index":"index","follow":"follow","max-snippet":"max-snippet:-1","max-image-preview":"max-image-preview:large","max-video-preview":"max-video-preview:-1"},"canonical":"https:\/\/selleetools.com\/pl\/product\/tirtir-mask-fit-aura-cushion-24n-latte-18-g-podklad-w-formie-cushion\/","og_locale":"pl_PL","og_type":"article","og_title":"TIRTIR Mask Fit Aura Cushion 24N Latte 18 g - Podk\u0142ad w formie cushion - Selleetools.com","og_description":"TIRTIR Mask Fit Aura Cushion to lekki, a zarazem d\u0142ugotrwa\u0142y podk\u0142ad w formie cushion, kt\u00f3ry zapewnia naturalne krycie i promienny efekt na sk\u00f3rze. Jego formu\u0142a \u0142\u0105czy w\u0142a\u015bciwo\u015bci piel\u0119gnacyjne z doskona\u0142ym wyko\u0144czeniem makija\u017cu, gwarantuj\u0105c \u015bwie\u017cy i nieskazitelny wygl\u0105d przez ca\u0142y dzie\u0144. Korzy\u015bci dla sk\u00f3ry: D\u0142ugotrwa\u0142e krycie \u2013 skutecznie wyr\u00f3wnuje koloryt sk\u00f3ry i maskuje niedoskona\u0142o\u015bci, nie obci\u0105\u017caj\u0105c ... Read moreTIRTIR Mask Fit Aura Cushion 24N Latte 18 g &#8211; Podk\u0142ad w formie cushion","og_url":"https:\/\/selleetools.com\/pl\/product\/tirtir-mask-fit-aura-cushion-24n-latte-18-g-podklad-w-formie-cushion\/","og_site_name":"Selleetools.com","article_modified_time":"2026-03-03T11:01:40+00:00","og_image":[{"width":1000,"height":1000,"url":"https:\/\/selleetools.com\/wp-content\/uploads\/2025\/10\/1f17a38bdfbcca86e9eda1d2a9915196.jpg","type":"image\/jpeg"}],"twitter_card":"summary_large_image","twitter_misc":{"Est. reading time":"1 minuta"},"schema":{"@context":"https:\/\/schema.org","@graph":[{"@type":"Organization","@id":"https:\/\/selleetools.com\/#organization","name":"Selleetools","url":"https:\/\/selleetools.com\/","sameAs":[],"logo":{"@type":"ImageObject","inLanguage":"pl-PL","@id":"https:\/\/selleetools.com\/#\/schema\/logo\/image\/","url":"https:\/\/selleetools.com\/wp-content\/uploads\/2021\/10\/logo-dark.png","contentUrl":"https:\/\/selleetools.com\/wp-content\/uploads\/2021\/10\/logo-dark.png","width":320,"height":76,"caption":"Selleetools"},"image":{"@id":"https:\/\/selleetools.com\/#\/schema\/logo\/image\/"}},{"@type":"WebSite","@id":"https:\/\/selleetools.com\/#website","url":"https:\/\/selleetools.com\/","name":"Selleetools.com","description":"","publisher":{"@id":"https:\/\/selleetools.com\/#organization"},"potentialAction":[{"@type":"SearchAction","target":{"@type":"EntryPoint","urlTemplate":"https:\/\/selleetools.com\/?s={search_term_string}"},"query-input":"required name=search_term_string"}],"inLanguage":"pl-PL"},{"@type":"WebPage","@id":"https:\/\/selleetools.com\/pl\/product\/tirtir-mask-fit-aura-cushion-24n-latte-18-g-podklad-w-formie-cushion\/","url":"https:\/\/selleetools.com\/pl\/product\/tirtir-mask-fit-aura-cushion-24n-latte-18-g-podklad-w-formie-cushion\/","name":"TIRTIR Mask Fit Aura Cushion 24N Latte 18 g - Podk\u0142ad w formie cushion - Selleetools.com","isPartOf":{"@id":"https:\/\/selleetools.com\/#website"},"datePublished":"2025-10-24T11:57:15+00:00","dateModified":"2026-03-03T11:01:40+00:00","breadcrumb":{"@id":"https:\/\/selleetools.com\/pl\/product\/tirtir-mask-fit-aura-cushion-24n-latte-18-g-podklad-w-formie-cushion\/#breadcrumb"},"inLanguage":"pl-PL","potentialAction":[{"@type":"ReadAction","target":["https:\/\/selleetools.com\/pl\/product\/tirtir-mask-fit-aura-cushion-24n-latte-18-g-podklad-w-formie-cushion\/"]}]},{"@type":"BreadcrumbList","@id":"https:\/\/selleetools.com\/pl\/product\/tirtir-mask-fit-aura-cushion-24n-latte-18-g-podklad-w-formie-cushion\/#breadcrumb","itemListElement":[{"@type":"ListItem","position":1,"name":"Home","item":"https:\/\/selleetools.com\/pl\/"},{"@type":"ListItem","position":2,"name":"Katalog","item":"https:\/\/selleetools.com\/pl\/katalog\/"},{"@type":"ListItem","position":3,"name":"TIRTIR Mask Fit Aura Cushion 24N Latte 18 g &#8211; Podk\u0142ad w formie cushion"}]}]}},"_links":{"self":[{"href":"https:\/\/selleetools.com\/pl\/wp-json\/wp\/v2\/product\/606914"}],"collection":[{"href":"https:\/\/selleetools.com\/pl\/wp-json\/wp\/v2\/product"}],"about":[{"href":"https:\/\/selleetools.com\/pl\/wp-json\/wp\/v2\/types\/product"}],"replies":[{"embeddable":true,"href":"https:\/\/selleetools.com\/pl\/wp-json\/wp\/v2\/comments?post=606914"}],"wp:featuredmedia":[{"embeddable":true,"href":"https:\/\/selleetools.com\/pl\/wp-json\/wp\/v2\/media\/606912"}],"wp:attachment":[{"href":"https:\/\/selleetools.com\/pl\/wp-json\/wp\/v2\/media?parent=606914"}],"curies":[{"name":"wp","href":"https:\/\/api.w.org\/{rel}","templated":true}]}}