{"id":606908,"date":"2025-10-24T13:57:10","date_gmt":"2025-10-24T11:57:10","guid":{"rendered":"https:\/\/selleetools.com\/?post_type=product&#038;p=606908"},"modified":"2025-11-03T17:06:18","modified_gmt":"2025-11-03T16:06:18","slug":"beauty-of-joseon-relief-sun-aqua-fresh-rice-b5-spf50-pa-50-ml-nawilzajacy-krem-przeciwsloneczny","status":"publish","type":"product","link":"https:\/\/selleetools.com\/pl\/product\/beauty-of-joseon-relief-sun-aqua-fresh-rice-b5-spf50-pa-50-ml-nawilzajacy-krem-przeciwsloneczny\/","title":{"rendered":"Beauty of Joseon Relief Sun Aqua-fresh : Rice + B5 SPF50+ PA++++ 50 ml &#8211; nawil\u017caj\u0105cy krem przeciws\u0142oneczny"},"content":{"rendered":"<p>Beauty of Joseon Relief Sun Aqua-fresh Rice + B5 SPF50+ PA++++ to lekka, nawil\u017caj\u0105ca ochrona przeciws\u0142oneczna, kt\u00f3ra zapewnia wysoki poziom ochrony przed szkodliwym promieniowaniem UV (SPF50+ PA++++), jednocze\u015bnie piel\u0119gnuj\u0105c sk\u00f3r\u0119. Woda ry\u017cowa (30,07%) bogata w witaminy, minera\u0142y oraz aminokwasy ry\u017cowe skutecznie nawil\u017ca i od\u017cywia sk\u00f3r\u0119. Prowitamina B5 (panthenol) wspomaga regeneracj\u0119 sk\u00f3ry, \u0142agodz\u0105c podra\u017cnienia i nawil\u017caj\u0105c j\u0105. Krem zawiera tak\u017ce ceramidy, kt\u00f3re wzmacniaj\u0105 barier\u0119 ochronn\u0105 sk\u00f3ry, oraz kwas ferulowy, kt\u00f3ry dzia\u0142a przeciwutleniaj\u0105co i wspiera ochron\u0119 przed wolnymi rodnikami. Ekstrakt z owsa i ekstrakt z karczocha \u0142agodz\u0105 i od\u017cywiaj\u0105 sk\u00f3r\u0119, podczas gdy kwas hialuronowy zapewnia intensywne nawil\u017cenie i wyg\u0142adzenie sk\u00f3ry.<\/p>\n<p>Dzi\u0119ki swojej lekkiej formule, krem zapewnia ochron\u0119 przeciws\u0142oneczn\u0105, nie pozostawiaj\u0105c t\u0142ustego filmu ani bia\u0142ych \u015blad\u00f3w na sk\u00f3rze.<\/p>\n<p>Korzy\u015bci dla sk\u00f3ry:<br \/>\nWysoka ochrona przed promieniowaniem UV (SPF50+ PA++++)<br \/>\nG\u0142\u0119bokie nawil\u017cenie i regeneracja sk\u00f3ry<br \/>\nWyg\u0142adzenie i poprawa elastyczno\u015bci sk\u00f3ry<br \/>\nDzia\u0142anie \u0142agodz\u0105ce i ochronne<br \/>\nSk\u00f3ra staje si\u0119 g\u0142adka, nawil\u017cona i chroniona przed szkodliwymi czynnikami zewn\u0119trznymi<\/p>\n<p>Spos\u00f3b u\u017cycia: Na ko\u0144cowy etap piel\u0119gnacji nanie\u015b odpowiedni\u0105 ilo\u015b\u0107 produktu na twarz, omijaj\u0105c okolice oczu. Stosuj codziennie rano, aby zapewni\u0107 sk\u00f3rze pe\u0142n\u0105 ochron\u0119 przed promieniowaniem UV.<\/p>\n","protected":false},"excerpt":{"rendered":"<p>Beauty of Joseon Relief Sun Aqua-fresh Rice + B5 SPF50+ PA++++ to lekka, nawil\u017caj\u0105ca ochrona przeciws\u0142oneczna, kt\u00f3ra zapewnia wysoki poziom ochrony przed szkodliwym promieniowaniem UV (SPF50+ PA++++), jednocze\u015bnie piel\u0119gnuj\u0105c sk\u00f3r\u0119. Woda ry\u017cowa (30,07%) bogata w witaminy, minera\u0142y oraz aminokwasy ry\u017cowe skutecznie nawil\u017ca i od\u017cywia sk\u00f3r\u0119. Prowitamina B5 (panthenol) wspomaga regeneracj\u0119 sk\u00f3ry, \u0142agodz\u0105c podra\u017cnienia i nawil\u017caj\u0105c &#8230; <a title=\"Beauty of Joseon Relief Sun Aqua-fresh : Rice + B5 SPF50+ PA++++ 50 ml &#8211; nawil\u017caj\u0105cy krem przeciws\u0142oneczny\" class=\"read-more\" href=\"https:\/\/selleetools.com\/pl\/product\/beauty-of-joseon-relief-sun-aqua-fresh-rice-b5-spf50-pa-50-ml-nawilzajacy-krem-przeciwsloneczny\/\">Read more<span class=\"screen-reader-text\">Beauty of Joseon Relief Sun Aqua-fresh : Rice + B5 SPF50+ PA++++ 50 ml &#8211; nawil\u017caj\u0105cy krem przeciws\u0142oneczny<\/span><\/a><\/p>\n","protected":false},"featured_media":606906,"comment_status":"open","ping_status":"closed","template":"","meta":{"_links_to":"","_links_to_target":""},"yoast_head":"<!-- This site is optimized with the Yoast SEO plugin v19.4 - https:\/\/yoast.com\/wordpress\/plugins\/seo\/ -->\n<title>Beauty of Joseon Relief Sun Aqua-fresh : Rice + B5 SPF50+ PA++++ 50 ml - nawil\u017caj\u0105cy krem przeciws\u0142oneczny - Selleetools.com<\/title>\n<meta name=\"robots\" content=\"index, follow, max-snippet:-1, max-image-preview:large, max-video-preview:-1\" \/>\n<link rel=\"canonical\" href=\"https:\/\/admincentral.selleetools.com\/product\/beauty-of-joseon-relief-sun-aqua-fresh-rice-b5-spf50-pa-50-ml-nawilzajacy-krem-przeciwsloneczny\/\" \/>\n<meta property=\"og:locale\" content=\"pl_PL\" \/>\n<meta property=\"og:type\" content=\"article\" \/>\n<meta property=\"og:title\" content=\"Beauty of Joseon Relief Sun Aqua-fresh : Rice + B5 SPF50+ PA++++ 50 ml - nawil\u017caj\u0105cy krem przeciws\u0142oneczny - Selleetools.com\" \/>\n<meta property=\"og:description\" content=\"Beauty of Joseon Relief Sun Aqua-fresh Rice + B5 SPF50+ PA++++ to lekka, nawil\u017caj\u0105ca ochrona przeciws\u0142oneczna, kt\u00f3ra zapewnia wysoki poziom ochrony przed szkodliwym promieniowaniem UV (SPF50+ PA++++), jednocze\u015bnie piel\u0119gnuj\u0105c sk\u00f3r\u0119. Woda ry\u017cowa (30,07%) bogata w witaminy, minera\u0142y oraz aminokwasy ry\u017cowe skutecznie nawil\u017ca i od\u017cywia sk\u00f3r\u0119. Prowitamina B5 (panthenol) wspomaga regeneracj\u0119 sk\u00f3ry, \u0142agodz\u0105c podra\u017cnienia i nawil\u017caj\u0105c ... Read moreBeauty of Joseon Relief Sun Aqua-fresh : Rice + B5 SPF50+ PA++++ 50 ml &#8211; nawil\u017caj\u0105cy krem przeciws\u0142oneczny\" \/>\n<meta property=\"og:url\" content=\"https:\/\/admincentral.selleetools.com\/product\/beauty-of-joseon-relief-sun-aqua-fresh-rice-b5-spf50-pa-50-ml-nawilzajacy-krem-przeciwsloneczny\/\" \/>\n<meta property=\"og:site_name\" content=\"Selleetools.com\" \/>\n<meta property=\"article:modified_time\" content=\"2025-11-03T16:06:18+00:00\" \/>\n<meta property=\"og:image\" content=\"https:\/\/selleetools.com\/wp-content\/uploads\/2025\/10\/f8e457c638bb8ca5339e198dfc74d88e.jpg\" \/>\n\t<meta property=\"og:image:width\" content=\"1200\" \/>\n\t<meta property=\"og:image:height\" content=\"1200\" \/>\n\t<meta property=\"og:image:type\" content=\"image\/jpeg\" \/>\n<meta name=\"twitter:card\" content=\"summary_large_image\" \/>\n<meta name=\"twitter:label1\" content=\"Est. reading time\" \/>\n\t<meta name=\"twitter:data1\" content=\"1 minuta\" \/>\n<!-- \/ Yoast SEO plugin. -->","yoast_head_json":{"title":"Beauty of Joseon Relief Sun Aqua-fresh : Rice + B5 SPF50+ PA++++ 50 ml - nawil\u017caj\u0105cy krem przeciws\u0142oneczny - Selleetools.com","robots":{"index":"index","follow":"follow","max-snippet":"max-snippet:-1","max-image-preview":"max-image-preview:large","max-video-preview":"max-video-preview:-1"},"canonical":"https:\/\/admincentral.selleetools.com\/product\/beauty-of-joseon-relief-sun-aqua-fresh-rice-b5-spf50-pa-50-ml-nawilzajacy-krem-przeciwsloneczny\/","og_locale":"pl_PL","og_type":"article","og_title":"Beauty of Joseon Relief Sun Aqua-fresh : Rice + B5 SPF50+ PA++++ 50 ml - nawil\u017caj\u0105cy krem przeciws\u0142oneczny - Selleetools.com","og_description":"Beauty of Joseon Relief Sun Aqua-fresh Rice + B5 SPF50+ PA++++ to lekka, nawil\u017caj\u0105ca ochrona przeciws\u0142oneczna, kt\u00f3ra zapewnia wysoki poziom ochrony przed szkodliwym promieniowaniem UV (SPF50+ PA++++), jednocze\u015bnie piel\u0119gnuj\u0105c sk\u00f3r\u0119. Woda ry\u017cowa (30,07%) bogata w witaminy, minera\u0142y oraz aminokwasy ry\u017cowe skutecznie nawil\u017ca i od\u017cywia sk\u00f3r\u0119. Prowitamina B5 (panthenol) wspomaga regeneracj\u0119 sk\u00f3ry, \u0142agodz\u0105c podra\u017cnienia i nawil\u017caj\u0105c ... Read moreBeauty of Joseon Relief Sun Aqua-fresh : Rice + B5 SPF50+ PA++++ 50 ml &#8211; nawil\u017caj\u0105cy krem przeciws\u0142oneczny","og_url":"https:\/\/admincentral.selleetools.com\/product\/beauty-of-joseon-relief-sun-aqua-fresh-rice-b5-spf50-pa-50-ml-nawilzajacy-krem-przeciwsloneczny\/","og_site_name":"Selleetools.com","article_modified_time":"2025-11-03T16:06:18+00:00","og_image":[{"width":1200,"height":1200,"url":"https:\/\/selleetools.com\/wp-content\/uploads\/2025\/10\/f8e457c638bb8ca5339e198dfc74d88e.jpg","type":"image\/jpeg"}],"twitter_card":"summary_large_image","twitter_misc":{"Est. reading time":"1 minuta"},"schema":{"@context":"https:\/\/schema.org","@graph":[{"@type":"Organization","@id":"https:\/\/selleetools.com\/#organization","name":"Selleetools","url":"https:\/\/selleetools.com\/","sameAs":[],"logo":{"@type":"ImageObject","inLanguage":"pl-PL","@id":"https:\/\/selleetools.com\/#\/schema\/logo\/image\/","url":"https:\/\/selleetools.com\/wp-content\/uploads\/2021\/10\/logo-dark.png","contentUrl":"https:\/\/selleetools.com\/wp-content\/uploads\/2021\/10\/logo-dark.png","width":320,"height":76,"caption":"Selleetools"},"image":{"@id":"https:\/\/selleetools.com\/#\/schema\/logo\/image\/"}},{"@type":"WebSite","@id":"https:\/\/selleetools.com\/#website","url":"https:\/\/selleetools.com\/","name":"Selleetools.com","description":"","publisher":{"@id":"https:\/\/selleetools.com\/#organization"},"potentialAction":[{"@type":"SearchAction","target":{"@type":"EntryPoint","urlTemplate":"https:\/\/selleetools.com\/?s={search_term_string}"},"query-input":"required name=search_term_string"}],"inLanguage":"pl-PL"},{"@type":"WebPage","@id":"https:\/\/admincentral.selleetools.com\/product\/beauty-of-joseon-relief-sun-aqua-fresh-rice-b5-spf50-pa-50-ml-nawilzajacy-krem-przeciwsloneczny\/","url":"https:\/\/admincentral.selleetools.com\/product\/beauty-of-joseon-relief-sun-aqua-fresh-rice-b5-spf50-pa-50-ml-nawilzajacy-krem-przeciwsloneczny\/","name":"Beauty of Joseon Relief Sun Aqua-fresh : Rice + B5 SPF50+ PA++++ 50 ml - nawil\u017caj\u0105cy krem przeciws\u0142oneczny - Selleetools.com","isPartOf":{"@id":"https:\/\/selleetools.com\/#website"},"datePublished":"2025-10-24T11:57:10+00:00","dateModified":"2025-11-03T16:06:18+00:00","breadcrumb":{"@id":"https:\/\/admincentral.selleetools.com\/product\/beauty-of-joseon-relief-sun-aqua-fresh-rice-b5-spf50-pa-50-ml-nawilzajacy-krem-przeciwsloneczny\/#breadcrumb"},"inLanguage":"pl-PL","potentialAction":[{"@type":"ReadAction","target":["https:\/\/admincentral.selleetools.com\/product\/beauty-of-joseon-relief-sun-aqua-fresh-rice-b5-spf50-pa-50-ml-nawilzajacy-krem-przeciwsloneczny\/"]}]},{"@type":"BreadcrumbList","@id":"https:\/\/admincentral.selleetools.com\/product\/beauty-of-joseon-relief-sun-aqua-fresh-rice-b5-spf50-pa-50-ml-nawilzajacy-krem-przeciwsloneczny\/#breadcrumb","itemListElement":[{"@type":"ListItem","position":1,"name":"Home","item":"https:\/\/selleetools.com\/pl\/"},{"@type":"ListItem","position":2,"name":"Katalog","item":"https:\/\/selleetools.com\/pl\/katalog\/"},{"@type":"ListItem","position":3,"name":"Beauty of Joseon Relief Sun Aqua-fresh : Rice + B5 SPF50+ PA++++ 50 ml &#8211; nawil\u017caj\u0105cy krem przeciws\u0142oneczny"}]}]}},"_links":{"self":[{"href":"https:\/\/selleetools.com\/pl\/wp-json\/wp\/v2\/product\/606908"}],"collection":[{"href":"https:\/\/selleetools.com\/pl\/wp-json\/wp\/v2\/product"}],"about":[{"href":"https:\/\/selleetools.com\/pl\/wp-json\/wp\/v2\/types\/product"}],"replies":[{"embeddable":true,"href":"https:\/\/selleetools.com\/pl\/wp-json\/wp\/v2\/comments?post=606908"}],"wp:featuredmedia":[{"embeddable":true,"href":"https:\/\/selleetools.com\/pl\/wp-json\/wp\/v2\/media\/606906"}],"wp:attachment":[{"href":"https:\/\/selleetools.com\/pl\/wp-json\/wp\/v2\/media?parent=606908"}],"curies":[{"name":"wp","href":"https:\/\/api.w.org\/{rel}","templated":true}]}}