{"id":606902,"date":"2025-10-24T13:57:04","date_gmt":"2025-10-24T11:57:04","guid":{"rendered":"https:\/\/selleetools.com\/?post_type=product&#038;p=606902"},"modified":"2025-11-08T20:00:13","modified_gmt":"2025-11-08T19:00:13","slug":"heimish-rx-multi-vitamin-7-glow-serum-35-ml-rozswietlajace-serum-witaminowe-do-twarzy","status":"publish","type":"product","link":"https:\/\/selleetools.com\/pl\/product\/heimish-rx-multi-vitamin-7-glow-serum-35-ml-rozswietlajace-serum-witaminowe-do-twarzy\/","title":{"rendered":"Heimish RX Multi Vitamin 7% Glow Serum 35 ml &#8211; roz\u015bwietlaj\u0105ce serum witaminowe do twarzy"},"content":{"rendered":"<p>Heimish RX Multi Vitamin 7% Glow Serum to zaawansowane serum roz\u015bwietlaj\u0105ce, kt\u00f3re dzi\u0119ki wysokiej zawarto\u015bci witaminy C (3-O-Ethyl Ascorbic Acid \u2013 7%) skutecznie poprawia koloryt sk\u00f3ry i nadaje jej zdrowy blask. Wzbogacone o niacynamid (2%) i kwas ferulowy, wspiera wyr\u00f3wnanie przebarwie\u0144 oraz zapewnia ochron\u0119 antyoksydacyjn\u0105.<\/p>\n<p>Korzy\u015bci dla sk\u00f3ry:<br \/>\nRozja\u015bnia przebarwienia i wyr\u00f3wnuje koloryt sk\u00f3ry<br \/>\nNawil\u017ca i poprawia elastyczno\u015b\u0107 dzi\u0119ki kwasowi hialuronowemu i betainie<br \/>\nWzmacnia barier\u0119 ochronn\u0105 sk\u00f3ry za spraw\u0105 panthenolu i ektoiny<br \/>\nDzia\u0142a antyoksydacyjnie, chroni\u0105c przed wolnymi rodnikami<br \/>\n\u0141agodzi podra\u017cnienia dzi\u0119ki ekstraktom ro\u015blinnym, takim jak oczar wirginijski i r\u00f3\u017ca stulistna<\/p>\n<p>Spos\u00f3b u\u017cycia:<br \/>\nNa\u0142\u00f3\u017c 2-3 krople serum na oczyszczon\u0105 i stonizowan\u0105 sk\u00f3r\u0119 twarzy.<br \/>\nDelikatnie wklep, aby lepiej si\u0119 wch\u0142on\u0119\u0142o.<br \/>\nStosuj rano i\/lub wieczorem, a w ci\u0105gu dnia pami\u0119taj o ochronie przeciws\u0142onecznej.<\/p>\n<p>Idealne dla ka\u017cdego typu sk\u00f3ry, szczeg\u00f3lnie poszarza\u0142ej, zm\u0119czonej i z przebarwieniami.<\/p>\n","protected":false},"excerpt":{"rendered":"<p>Heimish RX Multi Vitamin 7% Glow Serum to zaawansowane serum roz\u015bwietlaj\u0105ce, kt\u00f3re dzi\u0119ki wysokiej zawarto\u015bci witaminy C (3-O-Ethyl Ascorbic Acid \u2013 7%) skutecznie poprawia koloryt sk\u00f3ry i nadaje jej zdrowy blask. Wzbogacone o niacynamid (2%) i kwas ferulowy, wspiera wyr\u00f3wnanie przebarwie\u0144 oraz zapewnia ochron\u0119 antyoksydacyjn\u0105. Korzy\u015bci dla sk\u00f3ry: Rozja\u015bnia przebarwienia i wyr\u00f3wnuje koloryt sk\u00f3ry Nawil\u017ca &#8230; <a title=\"Heimish RX Multi Vitamin 7% Glow Serum 35 ml &#8211; roz\u015bwietlaj\u0105ce serum witaminowe do twarzy\" class=\"read-more\" href=\"https:\/\/selleetools.com\/pl\/product\/heimish-rx-multi-vitamin-7-glow-serum-35-ml-rozswietlajace-serum-witaminowe-do-twarzy\/\">Read more<span class=\"screen-reader-text\">Heimish RX Multi Vitamin 7% Glow Serum 35 ml &#8211; roz\u015bwietlaj\u0105ce serum witaminowe do twarzy<\/span><\/a><\/p>\n","protected":false},"featured_media":606900,"comment_status":"open","ping_status":"closed","template":"","meta":{"_links_to":"","_links_to_target":""},"yoast_head":"<!-- This site is optimized with the Yoast SEO plugin v19.4 - https:\/\/yoast.com\/wordpress\/plugins\/seo\/ -->\n<title>Heimish RX Multi Vitamin 7% Glow Serum 35 ml - roz\u015bwietlaj\u0105ce serum witaminowe do twarzy - Selleetools.com<\/title>\n<meta name=\"robots\" content=\"index, follow, max-snippet:-1, max-image-preview:large, max-video-preview:-1\" \/>\n<link rel=\"canonical\" href=\"https:\/\/selleetools.com\/pl\/product\/heimish-rx-multi-vitamin-7-glow-serum-35-ml-rozswietlajace-serum-witaminowe-do-twarzy\/\" \/>\n<meta property=\"og:locale\" content=\"pl_PL\" \/>\n<meta property=\"og:type\" content=\"article\" \/>\n<meta property=\"og:title\" content=\"Heimish RX Multi Vitamin 7% Glow Serum 35 ml - roz\u015bwietlaj\u0105ce serum witaminowe do twarzy - Selleetools.com\" \/>\n<meta property=\"og:description\" content=\"Heimish RX Multi Vitamin 7% Glow Serum to zaawansowane serum roz\u015bwietlaj\u0105ce, kt\u00f3re dzi\u0119ki wysokiej zawarto\u015bci witaminy C (3-O-Ethyl Ascorbic Acid \u2013 7%) skutecznie poprawia koloryt sk\u00f3ry i nadaje jej zdrowy blask. Wzbogacone o niacynamid (2%) i kwas ferulowy, wspiera wyr\u00f3wnanie przebarwie\u0144 oraz zapewnia ochron\u0119 antyoksydacyjn\u0105. Korzy\u015bci dla sk\u00f3ry: Rozja\u015bnia przebarwienia i wyr\u00f3wnuje koloryt sk\u00f3ry Nawil\u017ca ... Read moreHeimish RX Multi Vitamin 7% Glow Serum 35 ml &#8211; roz\u015bwietlaj\u0105ce serum witaminowe do twarzy\" \/>\n<meta property=\"og:url\" content=\"https:\/\/selleetools.com\/pl\/product\/heimish-rx-multi-vitamin-7-glow-serum-35-ml-rozswietlajace-serum-witaminowe-do-twarzy\/\" \/>\n<meta property=\"og:site_name\" content=\"Selleetools.com\" \/>\n<meta property=\"article:modified_time\" content=\"2025-11-08T19:00:13+00:00\" \/>\n<meta property=\"og:image\" content=\"https:\/\/selleetools.com\/wp-content\/uploads\/2025\/10\/f67f9294b78a76f8ec9f5c93c3312634.jpg\" \/>\n\t<meta property=\"og:image:width\" content=\"1200\" \/>\n\t<meta property=\"og:image:height\" content=\"1200\" \/>\n\t<meta property=\"og:image:type\" content=\"image\/jpeg\" \/>\n<meta name=\"twitter:card\" content=\"summary_large_image\" \/>\n<meta name=\"twitter:label1\" content=\"Est. reading time\" \/>\n\t<meta name=\"twitter:data1\" content=\"1 minuta\" \/>\n<!-- \/ Yoast SEO plugin. -->","yoast_head_json":{"title":"Heimish RX Multi Vitamin 7% Glow Serum 35 ml - roz\u015bwietlaj\u0105ce serum witaminowe do twarzy - Selleetools.com","robots":{"index":"index","follow":"follow","max-snippet":"max-snippet:-1","max-image-preview":"max-image-preview:large","max-video-preview":"max-video-preview:-1"},"canonical":"https:\/\/selleetools.com\/pl\/product\/heimish-rx-multi-vitamin-7-glow-serum-35-ml-rozswietlajace-serum-witaminowe-do-twarzy\/","og_locale":"pl_PL","og_type":"article","og_title":"Heimish RX Multi Vitamin 7% Glow Serum 35 ml - roz\u015bwietlaj\u0105ce serum witaminowe do twarzy - Selleetools.com","og_description":"Heimish RX Multi Vitamin 7% Glow Serum to zaawansowane serum roz\u015bwietlaj\u0105ce, kt\u00f3re dzi\u0119ki wysokiej zawarto\u015bci witaminy C (3-O-Ethyl Ascorbic Acid \u2013 7%) skutecznie poprawia koloryt sk\u00f3ry i nadaje jej zdrowy blask. Wzbogacone o niacynamid (2%) i kwas ferulowy, wspiera wyr\u00f3wnanie przebarwie\u0144 oraz zapewnia ochron\u0119 antyoksydacyjn\u0105. Korzy\u015bci dla sk\u00f3ry: Rozja\u015bnia przebarwienia i wyr\u00f3wnuje koloryt sk\u00f3ry Nawil\u017ca ... Read moreHeimish RX Multi Vitamin 7% Glow Serum 35 ml &#8211; roz\u015bwietlaj\u0105ce serum witaminowe do twarzy","og_url":"https:\/\/selleetools.com\/pl\/product\/heimish-rx-multi-vitamin-7-glow-serum-35-ml-rozswietlajace-serum-witaminowe-do-twarzy\/","og_site_name":"Selleetools.com","article_modified_time":"2025-11-08T19:00:13+00:00","og_image":[{"width":1200,"height":1200,"url":"https:\/\/selleetools.com\/wp-content\/uploads\/2025\/10\/f67f9294b78a76f8ec9f5c93c3312634.jpg","type":"image\/jpeg"}],"twitter_card":"summary_large_image","twitter_misc":{"Est. reading time":"1 minuta"},"schema":{"@context":"https:\/\/schema.org","@graph":[{"@type":"Organization","@id":"https:\/\/selleetools.com\/#organization","name":"Selleetools","url":"https:\/\/selleetools.com\/","sameAs":[],"logo":{"@type":"ImageObject","inLanguage":"pl-PL","@id":"https:\/\/selleetools.com\/#\/schema\/logo\/image\/","url":"https:\/\/selleetools.com\/wp-content\/uploads\/2021\/10\/logo-dark.png","contentUrl":"https:\/\/selleetools.com\/wp-content\/uploads\/2021\/10\/logo-dark.png","width":320,"height":76,"caption":"Selleetools"},"image":{"@id":"https:\/\/selleetools.com\/#\/schema\/logo\/image\/"}},{"@type":"WebSite","@id":"https:\/\/selleetools.com\/#website","url":"https:\/\/selleetools.com\/","name":"Selleetools.com","description":"","publisher":{"@id":"https:\/\/selleetools.com\/#organization"},"potentialAction":[{"@type":"SearchAction","target":{"@type":"EntryPoint","urlTemplate":"https:\/\/selleetools.com\/?s={search_term_string}"},"query-input":"required name=search_term_string"}],"inLanguage":"pl-PL"},{"@type":"WebPage","@id":"https:\/\/selleetools.com\/pl\/product\/heimish-rx-multi-vitamin-7-glow-serum-35-ml-rozswietlajace-serum-witaminowe-do-twarzy\/","url":"https:\/\/selleetools.com\/pl\/product\/heimish-rx-multi-vitamin-7-glow-serum-35-ml-rozswietlajace-serum-witaminowe-do-twarzy\/","name":"Heimish RX Multi Vitamin 7% Glow Serum 35 ml - roz\u015bwietlaj\u0105ce serum witaminowe do twarzy - Selleetools.com","isPartOf":{"@id":"https:\/\/selleetools.com\/#website"},"datePublished":"2025-10-24T11:57:04+00:00","dateModified":"2025-11-08T19:00:13+00:00","breadcrumb":{"@id":"https:\/\/selleetools.com\/pl\/product\/heimish-rx-multi-vitamin-7-glow-serum-35-ml-rozswietlajace-serum-witaminowe-do-twarzy\/#breadcrumb"},"inLanguage":"pl-PL","potentialAction":[{"@type":"ReadAction","target":["https:\/\/selleetools.com\/pl\/product\/heimish-rx-multi-vitamin-7-glow-serum-35-ml-rozswietlajace-serum-witaminowe-do-twarzy\/"]}]},{"@type":"BreadcrumbList","@id":"https:\/\/selleetools.com\/pl\/product\/heimish-rx-multi-vitamin-7-glow-serum-35-ml-rozswietlajace-serum-witaminowe-do-twarzy\/#breadcrumb","itemListElement":[{"@type":"ListItem","position":1,"name":"Home","item":"https:\/\/selleetools.com\/pl\/"},{"@type":"ListItem","position":2,"name":"Katalog","item":"https:\/\/selleetools.com\/pl\/katalog\/"},{"@type":"ListItem","position":3,"name":"Heimish RX Multi Vitamin 7% Glow Serum 35 ml &#8211; roz\u015bwietlaj\u0105ce serum witaminowe do twarzy"}]}]}},"_links":{"self":[{"href":"https:\/\/selleetools.com\/pl\/wp-json\/wp\/v2\/product\/606902"}],"collection":[{"href":"https:\/\/selleetools.com\/pl\/wp-json\/wp\/v2\/product"}],"about":[{"href":"https:\/\/selleetools.com\/pl\/wp-json\/wp\/v2\/types\/product"}],"replies":[{"embeddable":true,"href":"https:\/\/selleetools.com\/pl\/wp-json\/wp\/v2\/comments?post=606902"}],"wp:featuredmedia":[{"embeddable":true,"href":"https:\/\/selleetools.com\/pl\/wp-json\/wp\/v2\/media\/606900"}],"wp:attachment":[{"href":"https:\/\/selleetools.com\/pl\/wp-json\/wp\/v2\/media?parent=606902"}],"curies":[{"name":"wp","href":"https:\/\/api.w.org\/{rel}","templated":true}]}}