{"id":606893,"date":"2025-10-24T13:56:57","date_gmt":"2025-10-24T11:56:57","guid":{"rendered":"https:\/\/selleetools.com\/?post_type=product&#038;p=606893"},"modified":"2025-11-04T21:04:05","modified_gmt":"2025-11-04T20:04:05","slug":"heimish-rx-retinol-bakuchiol-eye-cream-30-ml-krem-pod-oczy-z-retinolem-i-bakuchiolem","status":"publish","type":"product","link":"https:\/\/selleetools.com\/pl\/product\/heimish-rx-retinol-bakuchiol-eye-cream-30-ml-krem-pod-oczy-z-retinolem-i-bakuchiolem\/","title":{"rendered":"Heimish RX Retinol Bakuchiol Eye Cream 30 ml &#8211; krem pod oczy z retinolem i bakuchiolem"},"content":{"rendered":"<p>Heimish RX Retinol Bakuchiol Eye Cream to zaawansowany krem pod oczy \u0142\u0105cz\u0105cy moc retinolu (100 ppm) i bakuchiolu (10,000 ppm), kt\u00f3ry wspomaga regeneracj\u0119 sk\u00f3ry, redukuje oznaki starzenia i rozja\u015bnia cienie pod oczami. Formu\u0142a wzbogacona o niacynamid, kwas hialuronowy i mas\u0142o shea intensywnie nawil\u017ca i od\u017cywia delikatn\u0105 sk\u00f3r\u0119 wok\u00f3\u0142 oczu.<\/p>\n<p>Korzy\u015bci dla sk\u00f3ry:<br \/>\nRedukcja zmarszczek i drobnych linii \u2013 retinol i bakuchiol wspomagaj\u0105 produkcj\u0119 kolagenu i poprawiaj\u0105 elastyczno\u015b\u0107 sk\u00f3ry.<br \/>\nRozja\u015bnienie cieni pod oczami \u2013 niacynamid i adenozyna wyr\u00f3wnuj\u0105 koloryt sk\u00f3ry, nadaj\u0105c jej promienny wygl\u0105d.<br \/>\nG\u0142\u0119bokie nawil\u017cenie \u2013 kwas hialuronowy, mas\u0142o shea i olej z orzech\u00f3w makadamia zapewniaj\u0105 d\u0142ugotrwa\u0142e nawil\u017cenie i od\u017cywienie.<br \/>\n\u0141agodna formu\u0142a \u2013 bakuchiol dzia\u0142a jak ro\u015blinna alternatywa retinolu, minimalizuj\u0105c ryzyko podra\u017cnie\u0144.<\/p>\n<p>Spos\u00f3b u\u017cycia:<br \/>\nNa\u0142\u00f3\u017c niewielk\u0105 ilo\u015b\u0107 kremu na oczyszczon\u0105 sk\u00f3r\u0119 wok\u00f3\u0142 oczu.<br \/>\nDelikatnie wklep opuszkami palc\u00f3w, a\u017c do wch\u0142oni\u0119cia.<br \/>\nStosuj rano i wieczorem.<br \/>\nW ci\u0105gu dnia zawsze aplikuj filtr przeciws\u0142oneczny.<\/p>\n<p>Idealny dla os\u00f3b poszukuj\u0105cych skutecznej piel\u0119gnacji przeciwstarzeniowej bez podra\u017cnie\u0144!<\/p>\n","protected":false},"excerpt":{"rendered":"<p>Heimish RX Retinol Bakuchiol Eye Cream to zaawansowany krem pod oczy \u0142\u0105cz\u0105cy moc retinolu (100 ppm) i bakuchiolu (10,000 ppm), kt\u00f3ry wspomaga regeneracj\u0119 sk\u00f3ry, redukuje oznaki starzenia i rozja\u015bnia cienie pod oczami. Formu\u0142a wzbogacona o niacynamid, kwas hialuronowy i mas\u0142o shea intensywnie nawil\u017ca i od\u017cywia delikatn\u0105 sk\u00f3r\u0119 wok\u00f3\u0142 oczu. Korzy\u015bci dla sk\u00f3ry: Redukcja zmarszczek i &#8230; <a title=\"Heimish RX Retinol Bakuchiol Eye Cream 30 ml &#8211; krem pod oczy z retinolem i bakuchiolem\" class=\"read-more\" href=\"https:\/\/selleetools.com\/pl\/product\/heimish-rx-retinol-bakuchiol-eye-cream-30-ml-krem-pod-oczy-z-retinolem-i-bakuchiolem\/\">Read more<span class=\"screen-reader-text\">Heimish RX Retinol Bakuchiol Eye Cream 30 ml &#8211; krem pod oczy z retinolem i bakuchiolem<\/span><\/a><\/p>\n","protected":false},"featured_media":606891,"comment_status":"open","ping_status":"closed","template":"","meta":{"_links_to":"","_links_to_target":""},"yoast_head":"<!-- This site is optimized with the Yoast SEO plugin v19.4 - https:\/\/yoast.com\/wordpress\/plugins\/seo\/ -->\n<title>Heimish RX Retinol Bakuchiol Eye Cream 30 ml - krem pod oczy z retinolem i bakuchiolem - Selleetools.com<\/title>\n<meta name=\"robots\" content=\"index, follow, max-snippet:-1, max-image-preview:large, max-video-preview:-1\" \/>\n<link rel=\"canonical\" href=\"https:\/\/selleetools.com\/pl\/product\/heimish-rx-retinol-bakuchiol-eye-cream-30-ml-krem-pod-oczy-z-retinolem-i-bakuchiolem\/\" \/>\n<meta property=\"og:locale\" content=\"pl_PL\" \/>\n<meta property=\"og:type\" content=\"article\" \/>\n<meta property=\"og:title\" content=\"Heimish RX Retinol Bakuchiol Eye Cream 30 ml - krem pod oczy z retinolem i bakuchiolem - Selleetools.com\" \/>\n<meta property=\"og:description\" content=\"Heimish RX Retinol Bakuchiol Eye Cream to zaawansowany krem pod oczy \u0142\u0105cz\u0105cy moc retinolu (100 ppm) i bakuchiolu (10,000 ppm), kt\u00f3ry wspomaga regeneracj\u0119 sk\u00f3ry, redukuje oznaki starzenia i rozja\u015bnia cienie pod oczami. Formu\u0142a wzbogacona o niacynamid, kwas hialuronowy i mas\u0142o shea intensywnie nawil\u017ca i od\u017cywia delikatn\u0105 sk\u00f3r\u0119 wok\u00f3\u0142 oczu. Korzy\u015bci dla sk\u00f3ry: Redukcja zmarszczek i ... Read moreHeimish RX Retinol Bakuchiol Eye Cream 30 ml &#8211; krem pod oczy z retinolem i bakuchiolem\" \/>\n<meta property=\"og:url\" content=\"https:\/\/selleetools.com\/pl\/product\/heimish-rx-retinol-bakuchiol-eye-cream-30-ml-krem-pod-oczy-z-retinolem-i-bakuchiolem\/\" \/>\n<meta property=\"og:site_name\" content=\"Selleetools.com\" \/>\n<meta property=\"article:modified_time\" content=\"2025-11-04T20:04:05+00:00\" \/>\n<meta property=\"og:image\" content=\"https:\/\/selleetools.com\/wp-content\/uploads\/2025\/10\/e7d41203d17ae806acbeaef62c4036d1.jpg\" \/>\n\t<meta property=\"og:image:width\" content=\"1200\" \/>\n\t<meta property=\"og:image:height\" content=\"1200\" \/>\n\t<meta property=\"og:image:type\" content=\"image\/jpeg\" \/>\n<meta name=\"twitter:card\" content=\"summary_large_image\" \/>\n<meta name=\"twitter:label1\" content=\"Est. reading time\" \/>\n\t<meta name=\"twitter:data1\" content=\"1 minuta\" \/>\n<!-- \/ Yoast SEO plugin. -->","yoast_head_json":{"title":"Heimish RX Retinol Bakuchiol Eye Cream 30 ml - krem pod oczy z retinolem i bakuchiolem - Selleetools.com","robots":{"index":"index","follow":"follow","max-snippet":"max-snippet:-1","max-image-preview":"max-image-preview:large","max-video-preview":"max-video-preview:-1"},"canonical":"https:\/\/selleetools.com\/pl\/product\/heimish-rx-retinol-bakuchiol-eye-cream-30-ml-krem-pod-oczy-z-retinolem-i-bakuchiolem\/","og_locale":"pl_PL","og_type":"article","og_title":"Heimish RX Retinol Bakuchiol Eye Cream 30 ml - krem pod oczy z retinolem i bakuchiolem - Selleetools.com","og_description":"Heimish RX Retinol Bakuchiol Eye Cream to zaawansowany krem pod oczy \u0142\u0105cz\u0105cy moc retinolu (100 ppm) i bakuchiolu (10,000 ppm), kt\u00f3ry wspomaga regeneracj\u0119 sk\u00f3ry, redukuje oznaki starzenia i rozja\u015bnia cienie pod oczami. Formu\u0142a wzbogacona o niacynamid, kwas hialuronowy i mas\u0142o shea intensywnie nawil\u017ca i od\u017cywia delikatn\u0105 sk\u00f3r\u0119 wok\u00f3\u0142 oczu. Korzy\u015bci dla sk\u00f3ry: Redukcja zmarszczek i ... Read moreHeimish RX Retinol Bakuchiol Eye Cream 30 ml &#8211; krem pod oczy z retinolem i bakuchiolem","og_url":"https:\/\/selleetools.com\/pl\/product\/heimish-rx-retinol-bakuchiol-eye-cream-30-ml-krem-pod-oczy-z-retinolem-i-bakuchiolem\/","og_site_name":"Selleetools.com","article_modified_time":"2025-11-04T20:04:05+00:00","og_image":[{"width":1200,"height":1200,"url":"https:\/\/selleetools.com\/wp-content\/uploads\/2025\/10\/e7d41203d17ae806acbeaef62c4036d1.jpg","type":"image\/jpeg"}],"twitter_card":"summary_large_image","twitter_misc":{"Est. reading time":"1 minuta"},"schema":{"@context":"https:\/\/schema.org","@graph":[{"@type":"Organization","@id":"https:\/\/selleetools.com\/#organization","name":"Selleetools","url":"https:\/\/selleetools.com\/","sameAs":[],"logo":{"@type":"ImageObject","inLanguage":"pl-PL","@id":"https:\/\/selleetools.com\/#\/schema\/logo\/image\/","url":"https:\/\/selleetools.com\/wp-content\/uploads\/2021\/10\/logo-dark.png","contentUrl":"https:\/\/selleetools.com\/wp-content\/uploads\/2021\/10\/logo-dark.png","width":320,"height":76,"caption":"Selleetools"},"image":{"@id":"https:\/\/selleetools.com\/#\/schema\/logo\/image\/"}},{"@type":"WebSite","@id":"https:\/\/selleetools.com\/#website","url":"https:\/\/selleetools.com\/","name":"Selleetools.com","description":"","publisher":{"@id":"https:\/\/selleetools.com\/#organization"},"potentialAction":[{"@type":"SearchAction","target":{"@type":"EntryPoint","urlTemplate":"https:\/\/selleetools.com\/?s={search_term_string}"},"query-input":"required name=search_term_string"}],"inLanguage":"pl-PL"},{"@type":"WebPage","@id":"https:\/\/selleetools.com\/pl\/product\/heimish-rx-retinol-bakuchiol-eye-cream-30-ml-krem-pod-oczy-z-retinolem-i-bakuchiolem\/","url":"https:\/\/selleetools.com\/pl\/product\/heimish-rx-retinol-bakuchiol-eye-cream-30-ml-krem-pod-oczy-z-retinolem-i-bakuchiolem\/","name":"Heimish RX Retinol Bakuchiol Eye Cream 30 ml - krem pod oczy z retinolem i bakuchiolem - Selleetools.com","isPartOf":{"@id":"https:\/\/selleetools.com\/#website"},"datePublished":"2025-10-24T11:56:57+00:00","dateModified":"2025-11-04T20:04:05+00:00","breadcrumb":{"@id":"https:\/\/selleetools.com\/pl\/product\/heimish-rx-retinol-bakuchiol-eye-cream-30-ml-krem-pod-oczy-z-retinolem-i-bakuchiolem\/#breadcrumb"},"inLanguage":"pl-PL","potentialAction":[{"@type":"ReadAction","target":["https:\/\/selleetools.com\/pl\/product\/heimish-rx-retinol-bakuchiol-eye-cream-30-ml-krem-pod-oczy-z-retinolem-i-bakuchiolem\/"]}]},{"@type":"BreadcrumbList","@id":"https:\/\/selleetools.com\/pl\/product\/heimish-rx-retinol-bakuchiol-eye-cream-30-ml-krem-pod-oczy-z-retinolem-i-bakuchiolem\/#breadcrumb","itemListElement":[{"@type":"ListItem","position":1,"name":"Home","item":"https:\/\/selleetools.com\/pl\/"},{"@type":"ListItem","position":2,"name":"Katalog","item":"https:\/\/selleetools.com\/pl\/katalog\/"},{"@type":"ListItem","position":3,"name":"Heimish RX Retinol Bakuchiol Eye Cream 30 ml &#8211; krem pod oczy z retinolem i bakuchiolem"}]}]}},"_links":{"self":[{"href":"https:\/\/selleetools.com\/pl\/wp-json\/wp\/v2\/product\/606893"}],"collection":[{"href":"https:\/\/selleetools.com\/pl\/wp-json\/wp\/v2\/product"}],"about":[{"href":"https:\/\/selleetools.com\/pl\/wp-json\/wp\/v2\/types\/product"}],"replies":[{"embeddable":true,"href":"https:\/\/selleetools.com\/pl\/wp-json\/wp\/v2\/comments?post=606893"}],"wp:featuredmedia":[{"embeddable":true,"href":"https:\/\/selleetools.com\/pl\/wp-json\/wp\/v2\/media\/606891"}],"wp:attachment":[{"href":"https:\/\/selleetools.com\/pl\/wp-json\/wp\/v2\/media?parent=606893"}],"curies":[{"name":"wp","href":"https:\/\/api.w.org\/{rel}","templated":true}]}}