{"id":606890,"date":"2025-10-24T13:56:55","date_gmt":"2025-10-24T11:56:55","guid":{"rendered":"https:\/\/selleetools.com\/?post_type=product&#038;p=606890"},"modified":"2026-03-03T11:17:04","modified_gmt":"2026-03-03T10:17:04","slug":"tocobo-cica-calming-powder-wash-50-g-kojacy-puder-oczyszczajacy","status":"publish","type":"product","link":"https:\/\/selleetools.com\/pl\/product\/tocobo-cica-calming-powder-wash-50-g-kojacy-puder-oczyszczajacy\/","title":{"rendered":"TOCOBO Cica Calming Powder Wash 50 g &#8211; koj\u0105cy puder oczyszczaj\u0105cy"},"content":{"rendered":"<p>TOCOBO Cica Calming Powder Wash to delikatny, enzymatyczny puder oczyszczaj\u0105cy, kt\u00f3ry skutecznie usuwa zanieczyszczenia, nadmiar sebum i martwy nask\u00f3rek, jednocze\u015bnie \u0142agodz\u0105c sk\u00f3r\u0119. Dzi\u0119ki zawarto\u015bci ekstraktu z w\u0105kroty azjatyckiej oraz zielonej herbaty dzia\u0142a koj\u0105co i przeciwzapalnie, wspieraj\u0105c regeneracj\u0119 sk\u00f3ry.<\/p>\n<p>Korzy\u015bci dla sk\u00f3ry:<br \/>\nG\u0142\u0119bokie, ale \u0142agodne oczyszczanie bez podra\u017cnie\u0144<br \/>\nWspomaga regeneracj\u0119 i \u0142agodzi stany zapalne<br \/>\nDelikatnie z\u0142uszcza martwy nask\u00f3rek, wyg\u0142adzaj\u0105c cer\u0119<br \/>\nReguluje wydzielanie sebum i dzia\u0142a antybakteryjnie<br \/>\nPozostawia sk\u00f3r\u0119 mi\u0119kk\u0105, od\u015bwie\u017con\u0105 i nawil\u017con\u0105<\/p>\n<p>Spos\u00f3b u\u017cycia:<br \/>\nWysyp niewielk\u0105 ilo\u015b\u0107 pudru na wilgotne d\u0142onie.<br \/>\nDodaj odrobin\u0119 wody i spie\u0144 produkt.<br \/>\nWmasuj w sk\u00f3r\u0119 twarzy okr\u0119\u017cnymi ruchami, omijaj\u0105c okolice oczu.<br \/>\nDok\u0142adnie sp\u0142ucz letni\u0105 wod\u0105.<br \/>\nStosuj dwa do trzech razy w tygodniu lub wed\u0142ug potrzeb.<\/p>\n<p>Produkt idealny dla sk\u00f3ry wra\u017cliwej, problematycznej i t\u0142ustej.<\/p>\n","protected":false},"excerpt":{"rendered":"<p>TOCOBO Cica Calming Powder Wash to delikatny, enzymatyczny puder oczyszczaj\u0105cy, kt\u00f3ry skutecznie usuwa zanieczyszczenia, nadmiar sebum i martwy nask\u00f3rek, jednocze\u015bnie \u0142agodz\u0105c sk\u00f3r\u0119. Dzi\u0119ki zawarto\u015bci ekstraktu z w\u0105kroty azjatyckiej oraz zielonej herbaty dzia\u0142a koj\u0105co i przeciwzapalnie, wspieraj\u0105c regeneracj\u0119 sk\u00f3ry. Korzy\u015bci dla sk\u00f3ry: G\u0142\u0119bokie, ale \u0142agodne oczyszczanie bez podra\u017cnie\u0144 Wspomaga regeneracj\u0119 i \u0142agodzi stany zapalne Delikatnie z\u0142uszcza &#8230; <a title=\"TOCOBO Cica Calming Powder Wash 50 g &#8211; koj\u0105cy puder oczyszczaj\u0105cy\" class=\"read-more\" href=\"https:\/\/selleetools.com\/pl\/product\/tocobo-cica-calming-powder-wash-50-g-kojacy-puder-oczyszczajacy\/\">Read more<span class=\"screen-reader-text\">TOCOBO Cica Calming Powder Wash 50 g &#8211; koj\u0105cy puder oczyszczaj\u0105cy<\/span><\/a><\/p>\n","protected":false},"featured_media":606888,"comment_status":"open","ping_status":"closed","template":"","meta":{"_links_to":"","_links_to_target":""},"yoast_head":"<!-- This site is optimized with the Yoast SEO plugin v19.4 - https:\/\/yoast.com\/wordpress\/plugins\/seo\/ -->\n<title>TOCOBO Cica Calming Powder Wash 50 g - koj\u0105cy puder oczyszczaj\u0105cy - Selleetools.com<\/title>\n<meta name=\"robots\" content=\"index, follow, max-snippet:-1, max-image-preview:large, max-video-preview:-1\" \/>\n<link rel=\"canonical\" href=\"https:\/\/admincentral.selleetools.com\/pl\/product\/tocobo-cica-calming-powder-wash-50-g-kojacy-puder-oczyszczajacy\/\" \/>\n<meta property=\"og:locale\" content=\"pl_PL\" \/>\n<meta property=\"og:type\" content=\"article\" \/>\n<meta property=\"og:title\" content=\"TOCOBO Cica Calming Powder Wash 50 g - koj\u0105cy puder oczyszczaj\u0105cy - Selleetools.com\" \/>\n<meta property=\"og:description\" content=\"TOCOBO Cica Calming Powder Wash to delikatny, enzymatyczny puder oczyszczaj\u0105cy, kt\u00f3ry skutecznie usuwa zanieczyszczenia, nadmiar sebum i martwy nask\u00f3rek, jednocze\u015bnie \u0142agodz\u0105c sk\u00f3r\u0119. Dzi\u0119ki zawarto\u015bci ekstraktu z w\u0105kroty azjatyckiej oraz zielonej herbaty dzia\u0142a koj\u0105co i przeciwzapalnie, wspieraj\u0105c regeneracj\u0119 sk\u00f3ry. Korzy\u015bci dla sk\u00f3ry: G\u0142\u0119bokie, ale \u0142agodne oczyszczanie bez podra\u017cnie\u0144 Wspomaga regeneracj\u0119 i \u0142agodzi stany zapalne Delikatnie z\u0142uszcza ... Read moreTOCOBO Cica Calming Powder Wash 50 g &#8211; koj\u0105cy puder oczyszczaj\u0105cy\" \/>\n<meta property=\"og:url\" content=\"https:\/\/admincentral.selleetools.com\/pl\/product\/tocobo-cica-calming-powder-wash-50-g-kojacy-puder-oczyszczajacy\/\" \/>\n<meta property=\"og:site_name\" content=\"Selleetools.com\" \/>\n<meta property=\"article:modified_time\" content=\"2026-03-03T10:17:04+00:00\" \/>\n<meta property=\"og:image\" content=\"https:\/\/selleetools.com\/wp-content\/uploads\/2025\/10\/4185601ba755b462a1ea6aa8c1f91b90.jpg\" \/>\n\t<meta property=\"og:image:width\" content=\"1200\" \/>\n\t<meta property=\"og:image:height\" content=\"1200\" \/>\n\t<meta property=\"og:image:type\" content=\"image\/jpeg\" \/>\n<meta name=\"twitter:card\" content=\"summary_large_image\" \/>\n<meta name=\"twitter:label1\" content=\"Est. reading time\" \/>\n\t<meta name=\"twitter:data1\" content=\"1 minuta\" \/>\n<!-- \/ Yoast SEO plugin. -->","yoast_head_json":{"title":"TOCOBO Cica Calming Powder Wash 50 g - koj\u0105cy puder oczyszczaj\u0105cy - Selleetools.com","robots":{"index":"index","follow":"follow","max-snippet":"max-snippet:-1","max-image-preview":"max-image-preview:large","max-video-preview":"max-video-preview:-1"},"canonical":"https:\/\/admincentral.selleetools.com\/pl\/product\/tocobo-cica-calming-powder-wash-50-g-kojacy-puder-oczyszczajacy\/","og_locale":"pl_PL","og_type":"article","og_title":"TOCOBO Cica Calming Powder Wash 50 g - koj\u0105cy puder oczyszczaj\u0105cy - Selleetools.com","og_description":"TOCOBO Cica Calming Powder Wash to delikatny, enzymatyczny puder oczyszczaj\u0105cy, kt\u00f3ry skutecznie usuwa zanieczyszczenia, nadmiar sebum i martwy nask\u00f3rek, jednocze\u015bnie \u0142agodz\u0105c sk\u00f3r\u0119. Dzi\u0119ki zawarto\u015bci ekstraktu z w\u0105kroty azjatyckiej oraz zielonej herbaty dzia\u0142a koj\u0105co i przeciwzapalnie, wspieraj\u0105c regeneracj\u0119 sk\u00f3ry. Korzy\u015bci dla sk\u00f3ry: G\u0142\u0119bokie, ale \u0142agodne oczyszczanie bez podra\u017cnie\u0144 Wspomaga regeneracj\u0119 i \u0142agodzi stany zapalne Delikatnie z\u0142uszcza ... Read moreTOCOBO Cica Calming Powder Wash 50 g &#8211; koj\u0105cy puder oczyszczaj\u0105cy","og_url":"https:\/\/admincentral.selleetools.com\/pl\/product\/tocobo-cica-calming-powder-wash-50-g-kojacy-puder-oczyszczajacy\/","og_site_name":"Selleetools.com","article_modified_time":"2026-03-03T10:17:04+00:00","og_image":[{"width":1200,"height":1200,"url":"https:\/\/selleetools.com\/wp-content\/uploads\/2025\/10\/4185601ba755b462a1ea6aa8c1f91b90.jpg","type":"image\/jpeg"}],"twitter_card":"summary_large_image","twitter_misc":{"Est. reading time":"1 minuta"},"schema":{"@context":"https:\/\/schema.org","@graph":[{"@type":"Organization","@id":"https:\/\/selleetools.com\/#organization","name":"Selleetools","url":"https:\/\/selleetools.com\/","sameAs":[],"logo":{"@type":"ImageObject","inLanguage":"pl-PL","@id":"https:\/\/selleetools.com\/#\/schema\/logo\/image\/","url":"https:\/\/selleetools.com\/wp-content\/uploads\/2021\/10\/logo-dark.png","contentUrl":"https:\/\/selleetools.com\/wp-content\/uploads\/2021\/10\/logo-dark.png","width":320,"height":76,"caption":"Selleetools"},"image":{"@id":"https:\/\/selleetools.com\/#\/schema\/logo\/image\/"}},{"@type":"WebSite","@id":"https:\/\/selleetools.com\/#website","url":"https:\/\/selleetools.com\/","name":"Selleetools.com","description":"","publisher":{"@id":"https:\/\/selleetools.com\/#organization"},"potentialAction":[{"@type":"SearchAction","target":{"@type":"EntryPoint","urlTemplate":"https:\/\/selleetools.com\/?s={search_term_string}"},"query-input":"required name=search_term_string"}],"inLanguage":"pl-PL"},{"@type":"WebPage","@id":"https:\/\/admincentral.selleetools.com\/pl\/product\/tocobo-cica-calming-powder-wash-50-g-kojacy-puder-oczyszczajacy\/","url":"https:\/\/admincentral.selleetools.com\/pl\/product\/tocobo-cica-calming-powder-wash-50-g-kojacy-puder-oczyszczajacy\/","name":"TOCOBO Cica Calming Powder Wash 50 g - koj\u0105cy puder oczyszczaj\u0105cy - Selleetools.com","isPartOf":{"@id":"https:\/\/selleetools.com\/#website"},"datePublished":"2025-10-24T11:56:55+00:00","dateModified":"2026-03-03T10:17:04+00:00","breadcrumb":{"@id":"https:\/\/admincentral.selleetools.com\/pl\/product\/tocobo-cica-calming-powder-wash-50-g-kojacy-puder-oczyszczajacy\/#breadcrumb"},"inLanguage":"pl-PL","potentialAction":[{"@type":"ReadAction","target":["https:\/\/admincentral.selleetools.com\/pl\/product\/tocobo-cica-calming-powder-wash-50-g-kojacy-puder-oczyszczajacy\/"]}]},{"@type":"BreadcrumbList","@id":"https:\/\/admincentral.selleetools.com\/pl\/product\/tocobo-cica-calming-powder-wash-50-g-kojacy-puder-oczyszczajacy\/#breadcrumb","itemListElement":[{"@type":"ListItem","position":1,"name":"Home","item":"https:\/\/selleetools.com\/pl\/"},{"@type":"ListItem","position":2,"name":"Katalog","item":"https:\/\/selleetools.com\/pl\/katalog\/"},{"@type":"ListItem","position":3,"name":"TOCOBO Cica Calming Powder Wash 50 g &#8211; koj\u0105cy puder oczyszczaj\u0105cy"}]}]}},"_links":{"self":[{"href":"https:\/\/selleetools.com\/pl\/wp-json\/wp\/v2\/product\/606890"}],"collection":[{"href":"https:\/\/selleetools.com\/pl\/wp-json\/wp\/v2\/product"}],"about":[{"href":"https:\/\/selleetools.com\/pl\/wp-json\/wp\/v2\/types\/product"}],"replies":[{"embeddable":true,"href":"https:\/\/selleetools.com\/pl\/wp-json\/wp\/v2\/comments?post=606890"}],"wp:featuredmedia":[{"embeddable":true,"href":"https:\/\/selleetools.com\/pl\/wp-json\/wp\/v2\/media\/606888"}],"wp:attachment":[{"href":"https:\/\/selleetools.com\/pl\/wp-json\/wp\/v2\/media?parent=606890"}],"curies":[{"name":"wp","href":"https:\/\/api.w.org\/{rel}","templated":true}]}}