{"id":606689,"date":"2025-10-24T13:54:28","date_gmt":"2025-10-24T11:54:28","guid":{"rendered":"https:\/\/selleetools.com\/?post_type=product&#038;p=606689"},"modified":"2025-11-04T21:03:52","modified_gmt":"2025-11-04T20:03:52","slug":"biodance-collagen-gel-toner-pads-60-pads-platki-tonizujace-do-twarzy","status":"publish","type":"product","link":"https:\/\/selleetools.com\/pl\/product\/biodance-collagen-gel-toner-pads-60-pads-platki-tonizujace-do-twarzy\/","title":{"rendered":"BIODANCE Collagen Gel Toner Pads 60 Pads &#8211; p\u0142atki tonizuj\u0105ce do twarzy"},"content":{"rendered":"<p>BIODANCE Collagen Gel Toner Pads to wygodne w u\u017cyciu p\u0142atki nas\u0105czone \u017celow\u0105 formu\u0142\u0105, kt\u00f3re \u0142\u0105cz\u0105 funkcj\u0119 toniku i esencji w jednym kroku. Przeznaczone do codziennego u\u017cytku, skutecznie nawil\u017caj\u0105, wyg\u0142adzaj\u0105 i wzmacniaj\u0105 sk\u00f3r\u0119 ju\u017c na etapie tonizacji. Ich formu\u0142a bazuje na wysokiej zawarto\u015bci kolagenowej wody i sk\u0142adnik\u00f3w aktywnych wspieraj\u0105cych elastyczno\u015b\u0107 oraz j\u0119drno\u015b\u0107 sk\u00f3ry.<\/p>\n<p>Korzy\u015bci dla sk\u00f3ry:<br \/>\nIntensywnie nawil\u017caj\u0105 i wyg\u0142adzaj\u0105 sk\u00f3r\u0119<br \/>\nWzmacniaj\u0105 j\u0119drno\u015b\u0107 i elastyczno\u015b\u0107<br \/>\nPrzygotowuj\u0105 sk\u00f3r\u0119 do dalszych etap\u00f3w piel\u0119gnacji<br \/>\nDzia\u0142aj\u0105 \u0142agodz\u0105co i regeneruj\u0105co<br \/>\nWygodna i higieniczna forma do codziennego u\u017cytku<\/p>\n<p>Spos\u00f3b u\u017cycia: Po oczyszczeniu sk\u00f3ry przetrzyj twarz jednym p\u0142atkiem, zaczynaj\u0105c od \u015brodka na zewn\u0105trz. Mo\u017cesz u\u017cywa\u0107 p\u0142atk\u00f3w r\u00f3wnie\u017c jako ekspresowej maseczki, pozostawiaj\u0105c je na wybranym obszarze twarzy na kilka minut. Stosuj codziennie rano i\/lub wieczorem.<\/p>\n","protected":false},"excerpt":{"rendered":"<p>BIODANCE Collagen Gel Toner Pads to wygodne w u\u017cyciu p\u0142atki nas\u0105czone \u017celow\u0105 formu\u0142\u0105, kt\u00f3re \u0142\u0105cz\u0105 funkcj\u0119 toniku i esencji w jednym kroku. Przeznaczone do codziennego u\u017cytku, skutecznie nawil\u017caj\u0105, wyg\u0142adzaj\u0105 i wzmacniaj\u0105 sk\u00f3r\u0119 ju\u017c na etapie tonizacji. Ich formu\u0142a bazuje na wysokiej zawarto\u015bci kolagenowej wody i sk\u0142adnik\u00f3w aktywnych wspieraj\u0105cych elastyczno\u015b\u0107 oraz j\u0119drno\u015b\u0107 sk\u00f3ry. Korzy\u015bci dla sk\u00f3ry: &#8230; <a title=\"BIODANCE Collagen Gel Toner Pads 60 Pads &#8211; p\u0142atki tonizuj\u0105ce do twarzy\" class=\"read-more\" href=\"https:\/\/selleetools.com\/pl\/product\/biodance-collagen-gel-toner-pads-60-pads-platki-tonizujace-do-twarzy\/\">Read more<span class=\"screen-reader-text\">BIODANCE Collagen Gel Toner Pads 60 Pads &#8211; p\u0142atki tonizuj\u0105ce do twarzy<\/span><\/a><\/p>\n","protected":false},"featured_media":606687,"comment_status":"open","ping_status":"closed","template":"","meta":{"_links_to":"","_links_to_target":""},"yoast_head":"<!-- This site is optimized with the Yoast SEO plugin v19.4 - https:\/\/yoast.com\/wordpress\/plugins\/seo\/ -->\n<title>BIODANCE Collagen Gel Toner Pads 60 Pads - p\u0142atki tonizuj\u0105ce do twarzy - Selleetools.com<\/title>\n<meta name=\"robots\" content=\"index, follow, max-snippet:-1, max-image-preview:large, max-video-preview:-1\" \/>\n<link rel=\"canonical\" href=\"https:\/\/selleetools.com\/pl\/product\/biodance-collagen-gel-toner-pads-60-pads-platki-tonizujace-do-twarzy\/\" \/>\n<meta property=\"og:locale\" content=\"pl_PL\" \/>\n<meta property=\"og:type\" content=\"article\" \/>\n<meta property=\"og:title\" content=\"BIODANCE Collagen Gel Toner Pads 60 Pads - p\u0142atki tonizuj\u0105ce do twarzy - Selleetools.com\" \/>\n<meta property=\"og:description\" content=\"BIODANCE Collagen Gel Toner Pads to wygodne w u\u017cyciu p\u0142atki nas\u0105czone \u017celow\u0105 formu\u0142\u0105, kt\u00f3re \u0142\u0105cz\u0105 funkcj\u0119 toniku i esencji w jednym kroku. Przeznaczone do codziennego u\u017cytku, skutecznie nawil\u017caj\u0105, wyg\u0142adzaj\u0105 i wzmacniaj\u0105 sk\u00f3r\u0119 ju\u017c na etapie tonizacji. Ich formu\u0142a bazuje na wysokiej zawarto\u015bci kolagenowej wody i sk\u0142adnik\u00f3w aktywnych wspieraj\u0105cych elastyczno\u015b\u0107 oraz j\u0119drno\u015b\u0107 sk\u00f3ry. Korzy\u015bci dla sk\u00f3ry: ... Read moreBIODANCE Collagen Gel Toner Pads 60 Pads &#8211; p\u0142atki tonizuj\u0105ce do twarzy\" \/>\n<meta property=\"og:url\" content=\"https:\/\/selleetools.com\/pl\/product\/biodance-collagen-gel-toner-pads-60-pads-platki-tonizujace-do-twarzy\/\" \/>\n<meta property=\"og:site_name\" content=\"Selleetools.com\" \/>\n<meta property=\"article:modified_time\" content=\"2025-11-04T20:03:52+00:00\" \/>\n<meta property=\"og:image\" content=\"https:\/\/selleetools.com\/wp-content\/uploads\/2025\/10\/3fc5f3a4fd0b57d5430f99530b5fb49c.jpg\" \/>\n\t<meta property=\"og:image:width\" content=\"1000\" \/>\n\t<meta property=\"og:image:height\" content=\"1000\" \/>\n\t<meta property=\"og:image:type\" content=\"image\/jpeg\" \/>\n<meta name=\"twitter:card\" content=\"summary_large_image\" \/>\n<meta name=\"twitter:label1\" content=\"Est. reading time\" \/>\n\t<meta name=\"twitter:data1\" content=\"1 minuta\" \/>\n<!-- \/ Yoast SEO plugin. -->","yoast_head_json":{"title":"BIODANCE Collagen Gel Toner Pads 60 Pads - p\u0142atki tonizuj\u0105ce do twarzy - Selleetools.com","robots":{"index":"index","follow":"follow","max-snippet":"max-snippet:-1","max-image-preview":"max-image-preview:large","max-video-preview":"max-video-preview:-1"},"canonical":"https:\/\/selleetools.com\/pl\/product\/biodance-collagen-gel-toner-pads-60-pads-platki-tonizujace-do-twarzy\/","og_locale":"pl_PL","og_type":"article","og_title":"BIODANCE Collagen Gel Toner Pads 60 Pads - p\u0142atki tonizuj\u0105ce do twarzy - Selleetools.com","og_description":"BIODANCE Collagen Gel Toner Pads to wygodne w u\u017cyciu p\u0142atki nas\u0105czone \u017celow\u0105 formu\u0142\u0105, kt\u00f3re \u0142\u0105cz\u0105 funkcj\u0119 toniku i esencji w jednym kroku. Przeznaczone do codziennego u\u017cytku, skutecznie nawil\u017caj\u0105, wyg\u0142adzaj\u0105 i wzmacniaj\u0105 sk\u00f3r\u0119 ju\u017c na etapie tonizacji. Ich formu\u0142a bazuje na wysokiej zawarto\u015bci kolagenowej wody i sk\u0142adnik\u00f3w aktywnych wspieraj\u0105cych elastyczno\u015b\u0107 oraz j\u0119drno\u015b\u0107 sk\u00f3ry. Korzy\u015bci dla sk\u00f3ry: ... Read moreBIODANCE Collagen Gel Toner Pads 60 Pads &#8211; p\u0142atki tonizuj\u0105ce do twarzy","og_url":"https:\/\/selleetools.com\/pl\/product\/biodance-collagen-gel-toner-pads-60-pads-platki-tonizujace-do-twarzy\/","og_site_name":"Selleetools.com","article_modified_time":"2025-11-04T20:03:52+00:00","og_image":[{"width":1000,"height":1000,"url":"https:\/\/selleetools.com\/wp-content\/uploads\/2025\/10\/3fc5f3a4fd0b57d5430f99530b5fb49c.jpg","type":"image\/jpeg"}],"twitter_card":"summary_large_image","twitter_misc":{"Est. reading time":"1 minuta"},"schema":{"@context":"https:\/\/schema.org","@graph":[{"@type":"Organization","@id":"https:\/\/selleetools.com\/#organization","name":"Selleetools","url":"https:\/\/selleetools.com\/","sameAs":[],"logo":{"@type":"ImageObject","inLanguage":"pl-PL","@id":"https:\/\/selleetools.com\/#\/schema\/logo\/image\/","url":"https:\/\/selleetools.com\/wp-content\/uploads\/2021\/10\/logo-dark.png","contentUrl":"https:\/\/selleetools.com\/wp-content\/uploads\/2021\/10\/logo-dark.png","width":320,"height":76,"caption":"Selleetools"},"image":{"@id":"https:\/\/selleetools.com\/#\/schema\/logo\/image\/"}},{"@type":"WebSite","@id":"https:\/\/selleetools.com\/#website","url":"https:\/\/selleetools.com\/","name":"Selleetools.com","description":"","publisher":{"@id":"https:\/\/selleetools.com\/#organization"},"potentialAction":[{"@type":"SearchAction","target":{"@type":"EntryPoint","urlTemplate":"https:\/\/selleetools.com\/?s={search_term_string}"},"query-input":"required name=search_term_string"}],"inLanguage":"pl-PL"},{"@type":"WebPage","@id":"https:\/\/selleetools.com\/pl\/product\/biodance-collagen-gel-toner-pads-60-pads-platki-tonizujace-do-twarzy\/","url":"https:\/\/selleetools.com\/pl\/product\/biodance-collagen-gel-toner-pads-60-pads-platki-tonizujace-do-twarzy\/","name":"BIODANCE Collagen Gel Toner Pads 60 Pads - p\u0142atki tonizuj\u0105ce do twarzy - Selleetools.com","isPartOf":{"@id":"https:\/\/selleetools.com\/#website"},"datePublished":"2025-10-24T11:54:28+00:00","dateModified":"2025-11-04T20:03:52+00:00","breadcrumb":{"@id":"https:\/\/selleetools.com\/pl\/product\/biodance-collagen-gel-toner-pads-60-pads-platki-tonizujace-do-twarzy\/#breadcrumb"},"inLanguage":"pl-PL","potentialAction":[{"@type":"ReadAction","target":["https:\/\/selleetools.com\/pl\/product\/biodance-collagen-gel-toner-pads-60-pads-platki-tonizujace-do-twarzy\/"]}]},{"@type":"BreadcrumbList","@id":"https:\/\/selleetools.com\/pl\/product\/biodance-collagen-gel-toner-pads-60-pads-platki-tonizujace-do-twarzy\/#breadcrumb","itemListElement":[{"@type":"ListItem","position":1,"name":"Home","item":"https:\/\/selleetools.com\/pl\/"},{"@type":"ListItem","position":2,"name":"Katalog","item":"https:\/\/selleetools.com\/pl\/katalog\/"},{"@type":"ListItem","position":3,"name":"BIODANCE Collagen Gel Toner Pads 60 Pads &#8211; p\u0142atki tonizuj\u0105ce do twarzy"}]}]}},"_links":{"self":[{"href":"https:\/\/selleetools.com\/pl\/wp-json\/wp\/v2\/product\/606689"}],"collection":[{"href":"https:\/\/selleetools.com\/pl\/wp-json\/wp\/v2\/product"}],"about":[{"href":"https:\/\/selleetools.com\/pl\/wp-json\/wp\/v2\/types\/product"}],"replies":[{"embeddable":true,"href":"https:\/\/selleetools.com\/pl\/wp-json\/wp\/v2\/comments?post=606689"}],"wp:featuredmedia":[{"embeddable":true,"href":"https:\/\/selleetools.com\/pl\/wp-json\/wp\/v2\/media\/606687"}],"wp:attachment":[{"href":"https:\/\/selleetools.com\/pl\/wp-json\/wp\/v2\/media?parent=606689"}],"curies":[{"name":"wp","href":"https:\/\/api.w.org\/{rel}","templated":true}]}}