{"id":606549,"date":"2025-10-24T13:52:47","date_gmt":"2025-10-24T11:52:47","guid":{"rendered":"https:\/\/selleetools.com\/?post_type=product&#038;p=606549"},"modified":"2025-11-03T17:06:33","modified_gmt":"2025-11-03T16:06:33","slug":"tirtir-mask-fit-aura-cushion-17c-porcelain-18-g-podklad-w-formie-cushion","status":"publish","type":"product","link":"https:\/\/selleetools.com\/pl\/product\/tirtir-mask-fit-aura-cushion-17c-porcelain-18-g-podklad-w-formie-cushion\/","title":{"rendered":"TIRTIR Mask Fit Aura Cushion 17C Porcelain 18 g &#8211; Podk\u0142ad w formie cushion"},"content":{"rendered":"<p>TIRTIR Mask Fit Aura Cushion to innowacyjny podk\u0142ad w formie cushion, kt\u00f3ry zapewnia naturalne wyko\u0144czenie, wyg\u0142adzaj\u0105c i ujednolicaj\u0105c koloryt sk\u00f3ry. Odcie\u0144 17C Porcelain doskonale sprawdza si\u0119 dla os\u00f3b o bardzo jasnej karnacji, oferuj\u0105c subtelne krycie z efektem roz\u015bwietlenia. Dzi\u0119ki formule wzbogaconej o sk\u0142adniki nawil\u017caj\u0105ce, jak gliceryna i sok z brzozy japo\u0144skiej, cushion ten nie tylko doskonale kryje, ale r\u00f3wnie\u017c piel\u0119gnuje sk\u00f3r\u0119, nadaj\u0105c jej zdrowy blask przez ca\u0142y dzie\u0144.<\/p>\n<p>Korzy\u015bci dla sk\u00f3ry:<br \/>\nRoz\u015bwietlenie i wyr\u00f3wnanie kolorytu: Formu\u0142a zawieraj\u0105ca dwutlenek tytanu i tlenki \u017celaza dzia\u0142a jak filtr ochronny, a mik\u0119 nadaje subtelne roz\u015bwietlenie, co sprawia, \u017ce sk\u00f3ra wygl\u0105da \u015bwie\u017co i zdrowo.<br \/>\nNawil\u017cenie: Obecno\u015b\u0107 sk\u0142adnik\u00f3w takich jak gliceryna, sok z brzozy japo\u0144skiej i kwas hialuronowy skutecznie nawil\u017ca sk\u00f3r\u0119, zapobiegaj\u0105c uczuciu sucho\u015bci.<br \/>\nWyg\u0142adzenie i ochrona: Emolienty, jak tridecyl trimelitynian i poliakrylan, tworz\u0105 delikatny film na powierzchni sk\u00f3ry, kt\u00f3ry zapobiega utracie wilgoci i chroni przed szkodliwymi czynnikami zewn\u0119trznymi.<br \/>\nLekka, oddychaj\u0105ca formu\u0142a: Dzi\u0119ki zastosowaniu silikon\u00f3w, cushion TIRTIR nie obci\u0105\u017ca sk\u00f3ry i pozwala jej oddycha\u0107, co czyni go odpowiednim dla os\u00f3b z cer\u0105 t\u0142ust\u0105 i mieszan\u0105.<\/p>\n<p>Spos\u00f3b u\u017cycia:<br \/>\nDelikatnie doci\u015bnij g\u0105bk\u0119 do cushion, aby nabra\u0107 odpowiedni\u0105 ilo\u015b\u0107 produktu.<br \/>\nNak\u0142adaj podk\u0142ad na twarz za pomoc\u0105 lekkich, stempluj\u0105cych ruch\u00f3w, zaczynaj\u0105c od \u015brodka i kieruj\u0105c si\u0119 na zewn\u0105trz, by uzyska\u0107 r\u00f3wnomierne krycie.<br \/>\nAby uzyska\u0107 mocniejsze krycie, aplikacj\u0119 mo\u017cna powt\u00f3rzy\u0107, nak\u0142adaj\u0105c kolejn\u0105 cienk\u0105 warstw\u0119 produktu.<br \/>\nW przypadku cery suchej lub mieszanej, dla lepszego efektu, warto zastosowa\u0107 wcze\u015bniej nawil\u017caj\u0105cy krem lub baz\u0119 pod makija\u017c.<\/p>\n<p>Podk\u0142ad TIRTIR Mask Fit Aura Cushion zapewnia pi\u0119kne wyko\u0144czenie, piel\u0119gnacj\u0119 i ochron\u0119, b\u0119d\u0105c idealnym wyborem na co dzie\u0144 dla os\u00f3b poszukuj\u0105cych lekkiego, roz\u015bwietlaj\u0105cego efektu.<\/p>\n","protected":false},"excerpt":{"rendered":"<p>TIRTIR Mask Fit Aura Cushion to innowacyjny podk\u0142ad w formie cushion, kt\u00f3ry zapewnia naturalne wyko\u0144czenie, wyg\u0142adzaj\u0105c i ujednolicaj\u0105c koloryt sk\u00f3ry. Odcie\u0144 17C Porcelain doskonale sprawdza si\u0119 dla os\u00f3b o bardzo jasnej karnacji, oferuj\u0105c subtelne krycie z efektem roz\u015bwietlenia. Dzi\u0119ki formule wzbogaconej o sk\u0142adniki nawil\u017caj\u0105ce, jak gliceryna i sok z brzozy japo\u0144skiej, cushion ten nie tylko &#8230; <a title=\"TIRTIR Mask Fit Aura Cushion 17C Porcelain 18 g &#8211; Podk\u0142ad w formie cushion\" class=\"read-more\" href=\"https:\/\/selleetools.com\/pl\/product\/tirtir-mask-fit-aura-cushion-17c-porcelain-18-g-podklad-w-formie-cushion\/\">Read more<span class=\"screen-reader-text\">TIRTIR Mask Fit Aura Cushion 17C Porcelain 18 g &#8211; Podk\u0142ad w formie cushion<\/span><\/a><\/p>\n","protected":false},"featured_media":606547,"comment_status":"open","ping_status":"closed","template":"","meta":{"_links_to":"","_links_to_target":""},"yoast_head":"<!-- This site is optimized with the Yoast SEO plugin v19.4 - https:\/\/yoast.com\/wordpress\/plugins\/seo\/ -->\n<title>TIRTIR Mask Fit Aura Cushion 17C Porcelain 18 g - Podk\u0142ad w formie cushion - Selleetools.com<\/title>\n<meta name=\"robots\" content=\"index, follow, max-snippet:-1, max-image-preview:large, max-video-preview:-1\" \/>\n<link rel=\"canonical\" href=\"https:\/\/selleetools.com\/product\/tirtir-mask-fit-aura-cushion-17c-porcelain-18-g-podklad-w-formie-cushion\/\" \/>\n<meta property=\"og:locale\" content=\"pl_PL\" \/>\n<meta property=\"og:type\" content=\"article\" \/>\n<meta property=\"og:title\" content=\"TIRTIR Mask Fit Aura Cushion 17C Porcelain 18 g - Podk\u0142ad w formie cushion - Selleetools.com\" \/>\n<meta property=\"og:description\" content=\"TIRTIR Mask Fit Aura Cushion to innowacyjny podk\u0142ad w formie cushion, kt\u00f3ry zapewnia naturalne wyko\u0144czenie, wyg\u0142adzaj\u0105c i ujednolicaj\u0105c koloryt sk\u00f3ry. Odcie\u0144 17C Porcelain doskonale sprawdza si\u0119 dla os\u00f3b o bardzo jasnej karnacji, oferuj\u0105c subtelne krycie z efektem roz\u015bwietlenia. Dzi\u0119ki formule wzbogaconej o sk\u0142adniki nawil\u017caj\u0105ce, jak gliceryna i sok z brzozy japo\u0144skiej, cushion ten nie tylko ... Read moreTIRTIR Mask Fit Aura Cushion 17C Porcelain 18 g &#8211; Podk\u0142ad w formie cushion\" \/>\n<meta property=\"og:url\" content=\"https:\/\/selleetools.com\/product\/tirtir-mask-fit-aura-cushion-17c-porcelain-18-g-podklad-w-formie-cushion\/\" \/>\n<meta property=\"og:site_name\" content=\"Selleetools.com\" \/>\n<meta property=\"article:modified_time\" content=\"2025-11-03T16:06:33+00:00\" \/>\n<meta property=\"og:image\" content=\"https:\/\/selleetools.com\/wp-content\/uploads\/2025\/10\/23e474d663d0a6c9fc30c68d51118cff.jpg\" \/>\n\t<meta property=\"og:image:width\" content=\"1000\" \/>\n\t<meta property=\"og:image:height\" content=\"1000\" \/>\n\t<meta property=\"og:image:type\" content=\"image\/jpeg\" \/>\n<meta name=\"twitter:card\" content=\"summary_large_image\" \/>\n<meta name=\"twitter:label1\" content=\"Est. reading time\" \/>\n\t<meta name=\"twitter:data1\" content=\"2 minuty\" \/>\n<!-- \/ Yoast SEO plugin. -->","yoast_head_json":{"title":"TIRTIR Mask Fit Aura Cushion 17C Porcelain 18 g - Podk\u0142ad w formie cushion - Selleetools.com","robots":{"index":"index","follow":"follow","max-snippet":"max-snippet:-1","max-image-preview":"max-image-preview:large","max-video-preview":"max-video-preview:-1"},"canonical":"https:\/\/selleetools.com\/product\/tirtir-mask-fit-aura-cushion-17c-porcelain-18-g-podklad-w-formie-cushion\/","og_locale":"pl_PL","og_type":"article","og_title":"TIRTIR Mask Fit Aura Cushion 17C Porcelain 18 g - Podk\u0142ad w formie cushion - Selleetools.com","og_description":"TIRTIR Mask Fit Aura Cushion to innowacyjny podk\u0142ad w formie cushion, kt\u00f3ry zapewnia naturalne wyko\u0144czenie, wyg\u0142adzaj\u0105c i ujednolicaj\u0105c koloryt sk\u00f3ry. Odcie\u0144 17C Porcelain doskonale sprawdza si\u0119 dla os\u00f3b o bardzo jasnej karnacji, oferuj\u0105c subtelne krycie z efektem roz\u015bwietlenia. Dzi\u0119ki formule wzbogaconej o sk\u0142adniki nawil\u017caj\u0105ce, jak gliceryna i sok z brzozy japo\u0144skiej, cushion ten nie tylko ... Read moreTIRTIR Mask Fit Aura Cushion 17C Porcelain 18 g &#8211; Podk\u0142ad w formie cushion","og_url":"https:\/\/selleetools.com\/product\/tirtir-mask-fit-aura-cushion-17c-porcelain-18-g-podklad-w-formie-cushion\/","og_site_name":"Selleetools.com","article_modified_time":"2025-11-03T16:06:33+00:00","og_image":[{"width":1000,"height":1000,"url":"https:\/\/selleetools.com\/wp-content\/uploads\/2025\/10\/23e474d663d0a6c9fc30c68d51118cff.jpg","type":"image\/jpeg"}],"twitter_card":"summary_large_image","twitter_misc":{"Est. reading time":"2 minuty"},"schema":{"@context":"https:\/\/schema.org","@graph":[{"@type":"Organization","@id":"https:\/\/selleetools.com\/#organization","name":"Selleetools","url":"https:\/\/selleetools.com\/","sameAs":[],"logo":{"@type":"ImageObject","inLanguage":"pl-PL","@id":"https:\/\/selleetools.com\/#\/schema\/logo\/image\/","url":"https:\/\/selleetools.com\/wp-content\/uploads\/2021\/10\/logo-dark.png","contentUrl":"https:\/\/selleetools.com\/wp-content\/uploads\/2021\/10\/logo-dark.png","width":320,"height":76,"caption":"Selleetools"},"image":{"@id":"https:\/\/selleetools.com\/#\/schema\/logo\/image\/"}},{"@type":"WebSite","@id":"https:\/\/selleetools.com\/#website","url":"https:\/\/selleetools.com\/","name":"Selleetools.com","description":"","publisher":{"@id":"https:\/\/selleetools.com\/#organization"},"potentialAction":[{"@type":"SearchAction","target":{"@type":"EntryPoint","urlTemplate":"https:\/\/selleetools.com\/?s={search_term_string}"},"query-input":"required name=search_term_string"}],"inLanguage":"pl-PL"},{"@type":"WebPage","@id":"https:\/\/selleetools.com\/product\/tirtir-mask-fit-aura-cushion-17c-porcelain-18-g-podklad-w-formie-cushion\/","url":"https:\/\/selleetools.com\/product\/tirtir-mask-fit-aura-cushion-17c-porcelain-18-g-podklad-w-formie-cushion\/","name":"TIRTIR Mask Fit Aura Cushion 17C Porcelain 18 g - Podk\u0142ad w formie cushion - Selleetools.com","isPartOf":{"@id":"https:\/\/selleetools.com\/#website"},"datePublished":"2025-10-24T11:52:47+00:00","dateModified":"2025-11-03T16:06:33+00:00","breadcrumb":{"@id":"https:\/\/selleetools.com\/product\/tirtir-mask-fit-aura-cushion-17c-porcelain-18-g-podklad-w-formie-cushion\/#breadcrumb"},"inLanguage":"pl-PL","potentialAction":[{"@type":"ReadAction","target":["https:\/\/selleetools.com\/product\/tirtir-mask-fit-aura-cushion-17c-porcelain-18-g-podklad-w-formie-cushion\/"]}]},{"@type":"BreadcrumbList","@id":"https:\/\/selleetools.com\/product\/tirtir-mask-fit-aura-cushion-17c-porcelain-18-g-podklad-w-formie-cushion\/#breadcrumb","itemListElement":[{"@type":"ListItem","position":1,"name":"Home","item":"https:\/\/selleetools.com\/pl\/"},{"@type":"ListItem","position":2,"name":"Katalog","item":"https:\/\/selleetools.com\/pl\/katalog\/"},{"@type":"ListItem","position":3,"name":"TIRTIR Mask Fit Aura Cushion 17C Porcelain 18 g &#8211; Podk\u0142ad w formie cushion"}]}]}},"_links":{"self":[{"href":"https:\/\/selleetools.com\/pl\/wp-json\/wp\/v2\/product\/606549"}],"collection":[{"href":"https:\/\/selleetools.com\/pl\/wp-json\/wp\/v2\/product"}],"about":[{"href":"https:\/\/selleetools.com\/pl\/wp-json\/wp\/v2\/types\/product"}],"replies":[{"embeddable":true,"href":"https:\/\/selleetools.com\/pl\/wp-json\/wp\/v2\/comments?post=606549"}],"wp:featuredmedia":[{"embeddable":true,"href":"https:\/\/selleetools.com\/pl\/wp-json\/wp\/v2\/media\/606547"}],"wp:attachment":[{"href":"https:\/\/selleetools.com\/pl\/wp-json\/wp\/v2\/media?parent=606549"}],"curies":[{"name":"wp","href":"https:\/\/api.w.org\/{rel}","templated":true}]}}