{"id":606546,"date":"2025-10-24T13:52:44","date_gmt":"2025-10-24T11:52:44","guid":{"rendered":"https:\/\/selleetools.com\/?post_type=product&#038;p=606546"},"modified":"2025-11-03T17:06:34","modified_gmt":"2025-11-03T16:06:34","slug":"tirtir-mask-fit-all-cover-cushion-25n-mocha-18-g-podklad-w-formie-cushion","status":"publish","type":"product","link":"https:\/\/selleetools.com\/pl\/product\/tirtir-mask-fit-all-cover-cushion-25n-mocha-18-g-podklad-w-formie-cushion\/","title":{"rendered":"TIRTIR Mask Fit All Cover Cushion 25N Mocha 18 g &#8211; Podk\u0142ad w formie cushion"},"content":{"rendered":"<p>TIRTIR Mask Fit All Cover Cushion to wyj\u0105tkowy podk\u0142ad w formie cushion, kt\u00f3ry \u0142\u0105czy wygod\u0119 aplikacji z perfekcyjnym kryciem. Dzi\u0119ki unikalnej formule oraz delikatnej konsystencji, produkt doskonale dopasowuje si\u0119 do sk\u00f3ry, nadaj\u0105c jej naturalne, g\u0142adkie wyko\u0144czenie. Kolor 25N Mocha to neutralny odcie\u0144, kt\u00f3ry idealnie sprawdzi si\u0119 u os\u00f3b o ciep\u0142ej karnacji, nadaj\u0105c jej zdrowy, promienny wygl\u0105d.<\/p>\n<p>Korzy\u015bci dla sk\u00f3ry:<br \/>\nWysokie krycie i d\u0142ugotrwa\u0142o\u015b\u0107: Dzi\u0119ki sk\u0142adnikom takim jak Titanium Dioxide i Nylon-12, cushion skutecznie ukrywa niedoskona\u0142o\u015bci sk\u00f3ry, jednocze\u015bnie nie tworz\u0105c efektu maski.<br \/>\nNawil\u017cenie i od\u017cywienie: Zawarto\u015b\u0107 takich sk\u0142adnik\u00f3w jak Glycerin, Butylene Glycol i Propanediol wspiera poziom nawil\u017cenia sk\u00f3ry, zapobiegaj\u0105c uczuciu przesuszenia.<br \/>\nOchrona i piel\u0119gnacja: Ekstrakty ro\u015blinne (Caesalpinia Spinosa Fruit Extract, Rosa Rugosa Flower Extract, Nymphaea Alba Flower Extract) dzia\u0142aj\u0105 koj\u0105co, redukuj\u0105c podra\u017cnienia i wzmacniaj\u0105c barier\u0119 ochronn\u0105 sk\u00f3ry.<br \/>\nEfekt roz\u015bwietlenia: Sk\u0142adnik jak Quartz dodaje subtelnego, \u015bwietlistego wyko\u0144czenia, podkre\u015blaj\u0105c naturalny blask sk\u00f3ry.<br \/>\nAntyoksydacyjne w\u0142a\u015bciwo\u015bci: Tocopherol (witamina E) chroni sk\u00f3r\u0119 przed wolnymi rodnikami, wspieraj\u0105c jej m\u0142ody wygl\u0105d i elastyczno\u015b\u0107.<\/p>\n<p>Spos\u00f3b u\u017cycia:<br \/>\nOtw\u00f3rz produkt, delikatnie dociskaj\u0105c g\u0105bk\u0119 do aplikatora, aby nabra\u0107 odpowiedni\u0105 ilo\u015b\u0107 podk\u0142adu.<br \/>\nR\u00f3wnomiernie rozprowad\u017a podk\u0142ad na twarzy, zaczynaj\u0105c od \u015brodka, a nast\u0119pnie przechodz\u0105c ku zewn\u0119trznym kraw\u0119dziom twarzy.<br \/>\nMo\u017cesz na\u0142o\u017cy\u0107 drug\u0105 warstw\u0119, je\u015bli potrzebujesz mocniejszego krycia w wybranych obszarach.<br \/>\nProdukt doskonale nadaje si\u0119 do poprawek w ci\u0105gu dnia \u2013 dzi\u0119ki kompaktowemu opakowaniu, mo\u017cesz go zabra\u0107 ze sob\u0105 wsz\u0119dzie.<\/p>\n<p>Podk\u0142ad TIRTIR Mask Fit All Cover Cushion to idealny wyb\u00f3r dla os\u00f3b poszukuj\u0105cych kosmetyku, kt\u00f3ry \u0142\u0105czy krycie, nawil\u017cenie i naturalny wygl\u0105d, zapewniaj\u0105c efekt zdrowej, promiennej cery przez ca\u0142y dzie\u0144.<\/p>\n","protected":false},"excerpt":{"rendered":"<p>TIRTIR Mask Fit All Cover Cushion to wyj\u0105tkowy podk\u0142ad w formie cushion, kt\u00f3ry \u0142\u0105czy wygod\u0119 aplikacji z perfekcyjnym kryciem. Dzi\u0119ki unikalnej formule oraz delikatnej konsystencji, produkt doskonale dopasowuje si\u0119 do sk\u00f3ry, nadaj\u0105c jej naturalne, g\u0142adkie wyko\u0144czenie. Kolor 25N Mocha to neutralny odcie\u0144, kt\u00f3ry idealnie sprawdzi si\u0119 u os\u00f3b o ciep\u0142ej karnacji, nadaj\u0105c jej zdrowy, promienny &#8230; <a title=\"TIRTIR Mask Fit All Cover Cushion 25N Mocha 18 g &#8211; Podk\u0142ad w formie cushion\" class=\"read-more\" href=\"https:\/\/selleetools.com\/pl\/product\/tirtir-mask-fit-all-cover-cushion-25n-mocha-18-g-podklad-w-formie-cushion\/\">Read more<span class=\"screen-reader-text\">TIRTIR Mask Fit All Cover Cushion 25N Mocha 18 g &#8211; Podk\u0142ad w formie cushion<\/span><\/a><\/p>\n","protected":false},"featured_media":606544,"comment_status":"open","ping_status":"closed","template":"","meta":{"_links_to":"","_links_to_target":""},"yoast_head":"<!-- This site is optimized with the Yoast SEO plugin v19.4 - https:\/\/yoast.com\/wordpress\/plugins\/seo\/ -->\n<title>TIRTIR Mask Fit All Cover Cushion 25N Mocha 18 g - Podk\u0142ad w formie cushion - Selleetools.com<\/title>\n<meta name=\"robots\" content=\"index, follow, max-snippet:-1, max-image-preview:large, max-video-preview:-1\" \/>\n<link rel=\"canonical\" href=\"https:\/\/selleetools.com\/pl\/product\/tirtir-mask-fit-all-cover-cushion-25n-mocha-18-g-podklad-w-formie-cushion\/\" \/>\n<meta property=\"og:locale\" content=\"pl_PL\" \/>\n<meta property=\"og:type\" content=\"article\" \/>\n<meta property=\"og:title\" content=\"TIRTIR Mask Fit All Cover Cushion 25N Mocha 18 g - Podk\u0142ad w formie cushion - Selleetools.com\" \/>\n<meta property=\"og:description\" content=\"TIRTIR Mask Fit All Cover Cushion to wyj\u0105tkowy podk\u0142ad w formie cushion, kt\u00f3ry \u0142\u0105czy wygod\u0119 aplikacji z perfekcyjnym kryciem. Dzi\u0119ki unikalnej formule oraz delikatnej konsystencji, produkt doskonale dopasowuje si\u0119 do sk\u00f3ry, nadaj\u0105c jej naturalne, g\u0142adkie wyko\u0144czenie. Kolor 25N Mocha to neutralny odcie\u0144, kt\u00f3ry idealnie sprawdzi si\u0119 u os\u00f3b o ciep\u0142ej karnacji, nadaj\u0105c jej zdrowy, promienny ... Read moreTIRTIR Mask Fit All Cover Cushion 25N Mocha 18 g &#8211; Podk\u0142ad w formie cushion\" \/>\n<meta property=\"og:url\" content=\"https:\/\/selleetools.com\/pl\/product\/tirtir-mask-fit-all-cover-cushion-25n-mocha-18-g-podklad-w-formie-cushion\/\" \/>\n<meta property=\"og:site_name\" content=\"Selleetools.com\" \/>\n<meta property=\"article:modified_time\" content=\"2025-11-03T16:06:34+00:00\" \/>\n<meta property=\"og:image\" content=\"https:\/\/selleetools.com\/wp-content\/uploads\/2025\/10\/9ae8eb076f6bb2218d34e7566930b32c.jpg\" \/>\n\t<meta property=\"og:image:width\" content=\"1000\" \/>\n\t<meta property=\"og:image:height\" content=\"1000\" \/>\n\t<meta property=\"og:image:type\" content=\"image\/jpeg\" \/>\n<meta name=\"twitter:card\" content=\"summary_large_image\" \/>\n<meta name=\"twitter:label1\" content=\"Est. reading time\" \/>\n\t<meta name=\"twitter:data1\" content=\"2 minuty\" \/>\n<!-- \/ Yoast SEO plugin. -->","yoast_head_json":{"title":"TIRTIR Mask Fit All Cover Cushion 25N Mocha 18 g - Podk\u0142ad w formie cushion - Selleetools.com","robots":{"index":"index","follow":"follow","max-snippet":"max-snippet:-1","max-image-preview":"max-image-preview:large","max-video-preview":"max-video-preview:-1"},"canonical":"https:\/\/selleetools.com\/pl\/product\/tirtir-mask-fit-all-cover-cushion-25n-mocha-18-g-podklad-w-formie-cushion\/","og_locale":"pl_PL","og_type":"article","og_title":"TIRTIR Mask Fit All Cover Cushion 25N Mocha 18 g - Podk\u0142ad w formie cushion - Selleetools.com","og_description":"TIRTIR Mask Fit All Cover Cushion to wyj\u0105tkowy podk\u0142ad w formie cushion, kt\u00f3ry \u0142\u0105czy wygod\u0119 aplikacji z perfekcyjnym kryciem. Dzi\u0119ki unikalnej formule oraz delikatnej konsystencji, produkt doskonale dopasowuje si\u0119 do sk\u00f3ry, nadaj\u0105c jej naturalne, g\u0142adkie wyko\u0144czenie. Kolor 25N Mocha to neutralny odcie\u0144, kt\u00f3ry idealnie sprawdzi si\u0119 u os\u00f3b o ciep\u0142ej karnacji, nadaj\u0105c jej zdrowy, promienny ... Read moreTIRTIR Mask Fit All Cover Cushion 25N Mocha 18 g &#8211; Podk\u0142ad w formie cushion","og_url":"https:\/\/selleetools.com\/pl\/product\/tirtir-mask-fit-all-cover-cushion-25n-mocha-18-g-podklad-w-formie-cushion\/","og_site_name":"Selleetools.com","article_modified_time":"2025-11-03T16:06:34+00:00","og_image":[{"width":1000,"height":1000,"url":"https:\/\/selleetools.com\/wp-content\/uploads\/2025\/10\/9ae8eb076f6bb2218d34e7566930b32c.jpg","type":"image\/jpeg"}],"twitter_card":"summary_large_image","twitter_misc":{"Est. reading time":"2 minuty"},"schema":{"@context":"https:\/\/schema.org","@graph":[{"@type":"Organization","@id":"https:\/\/selleetools.com\/#organization","name":"Selleetools","url":"https:\/\/selleetools.com\/","sameAs":[],"logo":{"@type":"ImageObject","inLanguage":"pl-PL","@id":"https:\/\/selleetools.com\/#\/schema\/logo\/image\/","url":"https:\/\/selleetools.com\/wp-content\/uploads\/2021\/10\/logo-dark.png","contentUrl":"https:\/\/selleetools.com\/wp-content\/uploads\/2021\/10\/logo-dark.png","width":320,"height":76,"caption":"Selleetools"},"image":{"@id":"https:\/\/selleetools.com\/#\/schema\/logo\/image\/"}},{"@type":"WebSite","@id":"https:\/\/selleetools.com\/#website","url":"https:\/\/selleetools.com\/","name":"Selleetools.com","description":"","publisher":{"@id":"https:\/\/selleetools.com\/#organization"},"potentialAction":[{"@type":"SearchAction","target":{"@type":"EntryPoint","urlTemplate":"https:\/\/selleetools.com\/?s={search_term_string}"},"query-input":"required name=search_term_string"}],"inLanguage":"pl-PL"},{"@type":"WebPage","@id":"https:\/\/selleetools.com\/pl\/product\/tirtir-mask-fit-all-cover-cushion-25n-mocha-18-g-podklad-w-formie-cushion\/","url":"https:\/\/selleetools.com\/pl\/product\/tirtir-mask-fit-all-cover-cushion-25n-mocha-18-g-podklad-w-formie-cushion\/","name":"TIRTIR Mask Fit All Cover Cushion 25N Mocha 18 g - Podk\u0142ad w formie cushion - Selleetools.com","isPartOf":{"@id":"https:\/\/selleetools.com\/#website"},"datePublished":"2025-10-24T11:52:44+00:00","dateModified":"2025-11-03T16:06:34+00:00","breadcrumb":{"@id":"https:\/\/selleetools.com\/pl\/product\/tirtir-mask-fit-all-cover-cushion-25n-mocha-18-g-podklad-w-formie-cushion\/#breadcrumb"},"inLanguage":"pl-PL","potentialAction":[{"@type":"ReadAction","target":["https:\/\/selleetools.com\/pl\/product\/tirtir-mask-fit-all-cover-cushion-25n-mocha-18-g-podklad-w-formie-cushion\/"]}]},{"@type":"BreadcrumbList","@id":"https:\/\/selleetools.com\/pl\/product\/tirtir-mask-fit-all-cover-cushion-25n-mocha-18-g-podklad-w-formie-cushion\/#breadcrumb","itemListElement":[{"@type":"ListItem","position":1,"name":"Home","item":"https:\/\/selleetools.com\/pl\/"},{"@type":"ListItem","position":2,"name":"Katalog","item":"https:\/\/selleetools.com\/pl\/katalog\/"},{"@type":"ListItem","position":3,"name":"TIRTIR Mask Fit All Cover Cushion 25N Mocha 18 g &#8211; Podk\u0142ad w formie cushion"}]}]}},"_links":{"self":[{"href":"https:\/\/selleetools.com\/pl\/wp-json\/wp\/v2\/product\/606546"}],"collection":[{"href":"https:\/\/selleetools.com\/pl\/wp-json\/wp\/v2\/product"}],"about":[{"href":"https:\/\/selleetools.com\/pl\/wp-json\/wp\/v2\/types\/product"}],"replies":[{"embeddable":true,"href":"https:\/\/selleetools.com\/pl\/wp-json\/wp\/v2\/comments?post=606546"}],"wp:featuredmedia":[{"embeddable":true,"href":"https:\/\/selleetools.com\/pl\/wp-json\/wp\/v2\/media\/606544"}],"wp:attachment":[{"href":"https:\/\/selleetools.com\/pl\/wp-json\/wp\/v2\/media?parent=606546"}],"curies":[{"name":"wp","href":"https:\/\/api.w.org\/{rel}","templated":true}]}}