{"id":606537,"date":"2025-10-24T13:52:37","date_gmt":"2025-10-24T11:52:37","guid":{"rendered":"https:\/\/selleetools.com\/?post_type=product&#038;p=606537"},"modified":"2025-11-03T17:06:37","modified_gmt":"2025-11-03T16:06:37","slug":"tirtir-mask-fit-all-cover-cushion-21w-natural-ivory-18-g-podklad-w-formie-cushion","status":"publish","type":"product","link":"https:\/\/selleetools.com\/pl\/product\/tirtir-mask-fit-all-cover-cushion-21w-natural-ivory-18-g-podklad-w-formie-cushion\/","title":{"rendered":"TIRTIR Mask Fit All Cover Cushion 21W Natural Ivory 18 g &#8211; Podk\u0142ad w formie cushion"},"content":{"rendered":"<p>Idealna cera przez ca\u0142y dzie\u0144? Z TIRTIR Mask Fit All Cover Cushion to mo\u017cliwe! Ten innowacyjny produkt to podk\u0142ad w formie cushion, kt\u00f3ry nie tylko zapewnia naturalne i jednolite krycie, ale r\u00f3wnie\u017c piel\u0119gnuje sk\u00f3r\u0119, zapewniaj\u0105c jej nawil\u017cenie oraz ochron\u0119 przed szkodliwymi czynnikami zewn\u0119trznymi.<\/p>\n<p>Korzy\u015bci dla sk\u00f3ry:<br \/>\nNawil\u017cenie i od\u017cywienie:Dzi\u0119ki takim sk\u0142adnikom jak wyci\u0105g z owoc\u00f3w Caesalpinia Spinosa, ekstrakt z Kappaphycus Alvarezi (czerwonej algi) i witamina E (tokoferol), cushion TIRTIR dba o nawil\u017cenie i regeneracj\u0119 sk\u00f3ry, nadaj\u0105c jej zdrowy blask.<br \/>\nD\u0142ugotrwa\u0142e krycie bez efektu maski: Zawarte w formule pigmenty mineralne (tlenki \u017celaza i dwutlenek tytanu) oraz lekkie, silikony pozwalaj\u0105 na uzyskanie efektu idealnie g\u0142adkiej sk\u00f3ry bez uczucia ci\u0119\u017cko\u015bci. Mask Fit All Cover Cushion doskonale maskuje niedoskona\u0142o\u015bci, wyr\u00f3wnuje koloryt sk\u00f3ry i nadaje jej jedwabiste wyko\u0144czenie.<br \/>\nDoskona\u0142a przyczepno\u015b\u0107 i trwa\u0142o\u015b\u0107: Dzi\u0119ki sk\u0142adnikom takim jak Trimethyl Siloxysilicate i Methyl Methacrylate Crosspolymer, produkt jest wyj\u0105tkowo trwa\u0142y i odporny na \u015bcieranie, co sprawia, \u017ce makija\u017c pozostaje \u015bwie\u017cy i perfekcyjny przez wiele godzin.<br \/>\nOchrona i piel\u0119gnacja sk\u00f3ry: Formu\u0142a wzbogacona jest o naturalne ekstrakty ro\u015blinne (z r\u00f3\u017cy pomarszczonej, kwiatu lilii wodnej, kwiatu ja\u015bminu), kt\u00f3re dzia\u0142aj\u0105 \u0142agodz\u0105co i przeciwutleniaj\u0105co, chroni\u0105c sk\u00f3r\u0119 przed stresem oksydacyjnym.<\/p>\n<p>Spos\u00f3b u\u017cycia:<br \/>\nNa\u0142\u00f3\u017c odpowiedni\u0105 ilo\u015b\u0107 produktu na do\u0142\u0105czony aplikator (g\u0105bk\u0119).<br \/>\nDelikatnie wklep podk\u0142ad w sk\u00f3r\u0119, zaczynaj\u0105c od \u015brodka twarzy, aby r\u00f3wnomiernie rozprowadzi\u0107 go na zewn\u0105trz.<br \/>\nW przypadku potrzeby mocniejszego krycia, dodaj kolejn\u0105 warstw\u0119, unikaj\u0105c efektu maski dzi\u0119ki lekkiej formule.<\/p>\n<p>Ciesz si\u0119 d\u0142ugotrwa\u0142ym efektem perfekcyjnej cery i naturalnego blasku przez ca\u0142y dzie\u0144!<\/p>\n","protected":false},"excerpt":{"rendered":"<p>Idealna cera przez ca\u0142y dzie\u0144? Z TIRTIR Mask Fit All Cover Cushion to mo\u017cliwe! Ten innowacyjny produkt to podk\u0142ad w formie cushion, kt\u00f3ry nie tylko zapewnia naturalne i jednolite krycie, ale r\u00f3wnie\u017c piel\u0119gnuje sk\u00f3r\u0119, zapewniaj\u0105c jej nawil\u017cenie oraz ochron\u0119 przed szkodliwymi czynnikami zewn\u0119trznymi. Korzy\u015bci dla sk\u00f3ry: Nawil\u017cenie i od\u017cywienie:Dzi\u0119ki takim sk\u0142adnikom jak wyci\u0105g z owoc\u00f3w &#8230; <a title=\"TIRTIR Mask Fit All Cover Cushion 21W Natural Ivory 18 g &#8211; Podk\u0142ad w formie cushion\" class=\"read-more\" href=\"https:\/\/selleetools.com\/pl\/product\/tirtir-mask-fit-all-cover-cushion-21w-natural-ivory-18-g-podklad-w-formie-cushion\/\">Read more<span class=\"screen-reader-text\">TIRTIR Mask Fit All Cover Cushion 21W Natural Ivory 18 g &#8211; Podk\u0142ad w formie cushion<\/span><\/a><\/p>\n","protected":false},"featured_media":606535,"comment_status":"open","ping_status":"closed","template":"","meta":{"_links_to":"","_links_to_target":""},"yoast_head":"<!-- This site is optimized with the Yoast SEO plugin v19.4 - https:\/\/yoast.com\/wordpress\/plugins\/seo\/ -->\n<title>TIRTIR Mask Fit All Cover Cushion 21W Natural Ivory 18 g - Podk\u0142ad w formie cushion - Selleetools.com<\/title>\n<meta name=\"robots\" content=\"index, follow, max-snippet:-1, max-image-preview:large, max-video-preview:-1\" \/>\n<link rel=\"canonical\" href=\"https:\/\/selleetools.com\/product\/tirtir-mask-fit-all-cover-cushion-21w-natural-ivory-18-g-podklad-w-formie-cushion\/\" \/>\n<meta property=\"og:locale\" content=\"pl_PL\" \/>\n<meta property=\"og:type\" content=\"article\" \/>\n<meta property=\"og:title\" content=\"TIRTIR Mask Fit All Cover Cushion 21W Natural Ivory 18 g - Podk\u0142ad w formie cushion - Selleetools.com\" \/>\n<meta property=\"og:description\" content=\"Idealna cera przez ca\u0142y dzie\u0144? Z TIRTIR Mask Fit All Cover Cushion to mo\u017cliwe! Ten innowacyjny produkt to podk\u0142ad w formie cushion, kt\u00f3ry nie tylko zapewnia naturalne i jednolite krycie, ale r\u00f3wnie\u017c piel\u0119gnuje sk\u00f3r\u0119, zapewniaj\u0105c jej nawil\u017cenie oraz ochron\u0119 przed szkodliwymi czynnikami zewn\u0119trznymi. Korzy\u015bci dla sk\u00f3ry: Nawil\u017cenie i od\u017cywienie:Dzi\u0119ki takim sk\u0142adnikom jak wyci\u0105g z owoc\u00f3w ... Read moreTIRTIR Mask Fit All Cover Cushion 21W Natural Ivory 18 g &#8211; Podk\u0142ad w formie cushion\" \/>\n<meta property=\"og:url\" content=\"https:\/\/selleetools.com\/product\/tirtir-mask-fit-all-cover-cushion-21w-natural-ivory-18-g-podklad-w-formie-cushion\/\" \/>\n<meta property=\"og:site_name\" content=\"Selleetools.com\" \/>\n<meta property=\"article:modified_time\" content=\"2025-11-03T16:06:37+00:00\" \/>\n<meta property=\"og:image\" content=\"https:\/\/selleetools.com\/wp-content\/uploads\/2025\/10\/fc1adc157dd1dd8f9631d492e1bd7713.jpg\" \/>\n\t<meta property=\"og:image:width\" content=\"1000\" \/>\n\t<meta property=\"og:image:height\" content=\"1000\" \/>\n\t<meta property=\"og:image:type\" content=\"image\/jpeg\" \/>\n<meta name=\"twitter:card\" content=\"summary_large_image\" \/>\n<meta name=\"twitter:label1\" content=\"Est. reading time\" \/>\n\t<meta name=\"twitter:data1\" content=\"2 minuty\" \/>\n<!-- \/ Yoast SEO plugin. -->","yoast_head_json":{"title":"TIRTIR Mask Fit All Cover Cushion 21W Natural Ivory 18 g - Podk\u0142ad w formie cushion - Selleetools.com","robots":{"index":"index","follow":"follow","max-snippet":"max-snippet:-1","max-image-preview":"max-image-preview:large","max-video-preview":"max-video-preview:-1"},"canonical":"https:\/\/selleetools.com\/product\/tirtir-mask-fit-all-cover-cushion-21w-natural-ivory-18-g-podklad-w-formie-cushion\/","og_locale":"pl_PL","og_type":"article","og_title":"TIRTIR Mask Fit All Cover Cushion 21W Natural Ivory 18 g - Podk\u0142ad w formie cushion - Selleetools.com","og_description":"Idealna cera przez ca\u0142y dzie\u0144? Z TIRTIR Mask Fit All Cover Cushion to mo\u017cliwe! Ten innowacyjny produkt to podk\u0142ad w formie cushion, kt\u00f3ry nie tylko zapewnia naturalne i jednolite krycie, ale r\u00f3wnie\u017c piel\u0119gnuje sk\u00f3r\u0119, zapewniaj\u0105c jej nawil\u017cenie oraz ochron\u0119 przed szkodliwymi czynnikami zewn\u0119trznymi. Korzy\u015bci dla sk\u00f3ry: Nawil\u017cenie i od\u017cywienie:Dzi\u0119ki takim sk\u0142adnikom jak wyci\u0105g z owoc\u00f3w ... Read moreTIRTIR Mask Fit All Cover Cushion 21W Natural Ivory 18 g &#8211; Podk\u0142ad w formie cushion","og_url":"https:\/\/selleetools.com\/product\/tirtir-mask-fit-all-cover-cushion-21w-natural-ivory-18-g-podklad-w-formie-cushion\/","og_site_name":"Selleetools.com","article_modified_time":"2025-11-03T16:06:37+00:00","og_image":[{"width":1000,"height":1000,"url":"https:\/\/selleetools.com\/wp-content\/uploads\/2025\/10\/fc1adc157dd1dd8f9631d492e1bd7713.jpg","type":"image\/jpeg"}],"twitter_card":"summary_large_image","twitter_misc":{"Est. reading time":"2 minuty"},"schema":{"@context":"https:\/\/schema.org","@graph":[{"@type":"Organization","@id":"https:\/\/selleetools.com\/#organization","name":"Selleetools","url":"https:\/\/selleetools.com\/","sameAs":[],"logo":{"@type":"ImageObject","inLanguage":"pl-PL","@id":"https:\/\/selleetools.com\/#\/schema\/logo\/image\/","url":"https:\/\/selleetools.com\/wp-content\/uploads\/2021\/10\/logo-dark.png","contentUrl":"https:\/\/selleetools.com\/wp-content\/uploads\/2021\/10\/logo-dark.png","width":320,"height":76,"caption":"Selleetools"},"image":{"@id":"https:\/\/selleetools.com\/#\/schema\/logo\/image\/"}},{"@type":"WebSite","@id":"https:\/\/selleetools.com\/#website","url":"https:\/\/selleetools.com\/","name":"Selleetools.com","description":"","publisher":{"@id":"https:\/\/selleetools.com\/#organization"},"potentialAction":[{"@type":"SearchAction","target":{"@type":"EntryPoint","urlTemplate":"https:\/\/selleetools.com\/?s={search_term_string}"},"query-input":"required name=search_term_string"}],"inLanguage":"pl-PL"},{"@type":"WebPage","@id":"https:\/\/selleetools.com\/product\/tirtir-mask-fit-all-cover-cushion-21w-natural-ivory-18-g-podklad-w-formie-cushion\/","url":"https:\/\/selleetools.com\/product\/tirtir-mask-fit-all-cover-cushion-21w-natural-ivory-18-g-podklad-w-formie-cushion\/","name":"TIRTIR Mask Fit All Cover Cushion 21W Natural Ivory 18 g - Podk\u0142ad w formie cushion - Selleetools.com","isPartOf":{"@id":"https:\/\/selleetools.com\/#website"},"datePublished":"2025-10-24T11:52:37+00:00","dateModified":"2025-11-03T16:06:37+00:00","breadcrumb":{"@id":"https:\/\/selleetools.com\/product\/tirtir-mask-fit-all-cover-cushion-21w-natural-ivory-18-g-podklad-w-formie-cushion\/#breadcrumb"},"inLanguage":"pl-PL","potentialAction":[{"@type":"ReadAction","target":["https:\/\/selleetools.com\/product\/tirtir-mask-fit-all-cover-cushion-21w-natural-ivory-18-g-podklad-w-formie-cushion\/"]}]},{"@type":"BreadcrumbList","@id":"https:\/\/selleetools.com\/product\/tirtir-mask-fit-all-cover-cushion-21w-natural-ivory-18-g-podklad-w-formie-cushion\/#breadcrumb","itemListElement":[{"@type":"ListItem","position":1,"name":"Home","item":"https:\/\/selleetools.com\/pl\/"},{"@type":"ListItem","position":2,"name":"Katalog","item":"https:\/\/selleetools.com\/pl\/katalog\/"},{"@type":"ListItem","position":3,"name":"TIRTIR Mask Fit All Cover Cushion 21W Natural Ivory 18 g &#8211; Podk\u0142ad w formie cushion"}]}]}},"_links":{"self":[{"href":"https:\/\/selleetools.com\/pl\/wp-json\/wp\/v2\/product\/606537"}],"collection":[{"href":"https:\/\/selleetools.com\/pl\/wp-json\/wp\/v2\/product"}],"about":[{"href":"https:\/\/selleetools.com\/pl\/wp-json\/wp\/v2\/types\/product"}],"replies":[{"embeddable":true,"href":"https:\/\/selleetools.com\/pl\/wp-json\/wp\/v2\/comments?post=606537"}],"wp:featuredmedia":[{"embeddable":true,"href":"https:\/\/selleetools.com\/pl\/wp-json\/wp\/v2\/media\/606535"}],"wp:attachment":[{"href":"https:\/\/selleetools.com\/pl\/wp-json\/wp\/v2\/media?parent=606537"}],"curies":[{"name":"wp","href":"https:\/\/api.w.org\/{rel}","templated":true}]}}