{"id":606415,"date":"2025-10-24T13:50:39","date_gmt":"2025-10-24T11:50:39","guid":{"rendered":"https:\/\/selleetools.com\/?post_type=product&#038;p=606415"},"modified":"2025-11-04T21:02:04","modified_gmt":"2025-11-04T20:02:04","slug":"heimish-rx-amino-biotin-revitalizing-shampoo-400-ml-szampon-rewitalizujacy","status":"publish","type":"product","link":"https:\/\/selleetools.com\/pl\/product\/heimish-rx-amino-biotin-revitalizing-shampoo-400-ml-szampon-rewitalizujacy\/","title":{"rendered":"Heimish RX AMINO BIOTIN Revitalizing Shampoo 400 ml &#8211; Szampon rewitalizuj\u0105cy"},"content":{"rendered":"<p>Heimish RX AMINO BIOTIN Revitalizing Shampoo 400 ml to szampon rewitalizuj\u0105cy, kt\u00f3ry dzi\u0119ki starannie dobranej formule wspiera zdrowie w\u0142os\u00f3w i sk\u00f3ry g\u0142owy. Zawiera aminokwasy i biotyn\u0119, kt\u00f3re odgrywaj\u0105 kluczow\u0105 rol\u0119 w regeneracji i wzmocnieniu struktury w\u0142os\u00f3w. Szampon jest idealnym rozwi\u0105zaniem dla os\u00f3b, kt\u00f3re szukaj\u0105 kosmetyku, kt\u00f3ry pomo\u017ce wzmocni\u0107 os\u0142abione, cienkie w\u0142osy, nadaj\u0105c im obj\u0119to\u015bci, blasku i zdrowego wygl\u0105du.<\/p>\n<p>Korzy\u015bci dla sk\u00f3ry i w\u0142os\u00f3w:<br \/>\nWzmacnianie w\u0142os\u00f3w: Biotyna, znana r\u00f3wnie\u017c jako witamina H, stymuluje wzrost w\u0142os\u00f3w i zapobiega ich nadmiernemu wypadaniu. Wzmacnia struktur\u0119 w\u0142os\u00f3w, poprawiaj\u0105c ich elastyczno\u015b\u0107 i spr\u0119\u017cysto\u015b\u0107.<br \/>\nRegeneracja i nawil\u017cenie: Dzi\u0119ki zawarto\u015bci aminokwas\u00f3w, szampon g\u0142\u0119boko nawil\u017ca w\u0142osy, poprawiaj\u0105c ich kondycj\u0119 od wewn\u0105trz. Sk\u00f3ra g\u0142owy staje si\u0119 bardziej od\u017cywiona, co sprzyja zdrowemu wzrostowi w\u0142os\u00f3w.<br \/>\nPoprawa zdrowia sk\u00f3ry g\u0142owy: Formu\u0142a szamponu pomaga w utrzymaniu odpowiedniego poziomu nawil\u017cenia sk\u00f3ry g\u0142owy, \u0142agodz\u0105c podra\u017cnienia i sw\u0119dzenie. Jest doskona\u0142y dla os\u00f3b o wra\u017cliwej sk\u00f3rze g\u0142owy, z tendencj\u0105 do \u0142upie\u017cu.<br \/>\nOdbudowa i ochrona: Szampon chroni w\u0142osy przed uszkodzeniami mechanicznymi oraz zewn\u0119trznymi czynnikami, jak promienie UV, zanieczyszczenia czy ciep\u0142o z urz\u0105dze\u0144 do stylizacji.<\/p>\n<p>Spos\u00f3b u\u017cycia:<br \/>\nNa\u0142\u00f3\u017c odpowiedni\u0105 ilo\u015b\u0107 szamponu na mokre w\u0142osy.<br \/>\nMasuj delikatnie sk\u00f3r\u0119 g\u0142owy opuszkami palc\u00f3w, aby pobudzi\u0107 kr\u0105\u017cenie i rozprowadzi\u0107 produkt.<br \/>\nSp\u0142ucz dok\u0142adnie wod\u0105, a nast\u0119pnie, je\u015bli to konieczne, powt\u00f3rz czynno\u015b\u0107.<br \/>\nDla najlepszych rezultat\u00f3w, stosuj regularnie.<\/p>\n<p>Ten szampon Heimish to idealne po\u0142\u0105czenie rewitalizuj\u0105cych sk\u0142adnik\u00f3w, kt\u00f3re przywracaj\u0105 w\u0142osom blask, obj\u0119to\u015b\u0107 i zdrowie. Idealny do codziennego u\u017cytku dla wszystkich typ\u00f3w w\u0142os\u00f3w, szczeg\u00f3lnie dla os\u00f3b z cienkimi, os\u0142abionymi pasmami.<\/p>\n","protected":false},"excerpt":{"rendered":"<p>Heimish RX AMINO BIOTIN Revitalizing Shampoo 400 ml to szampon rewitalizuj\u0105cy, kt\u00f3ry dzi\u0119ki starannie dobranej formule wspiera zdrowie w\u0142os\u00f3w i sk\u00f3ry g\u0142owy. Zawiera aminokwasy i biotyn\u0119, kt\u00f3re odgrywaj\u0105 kluczow\u0105 rol\u0119 w regeneracji i wzmocnieniu struktury w\u0142os\u00f3w. Szampon jest idealnym rozwi\u0105zaniem dla os\u00f3b, kt\u00f3re szukaj\u0105 kosmetyku, kt\u00f3ry pomo\u017ce wzmocni\u0107 os\u0142abione, cienkie w\u0142osy, nadaj\u0105c im obj\u0119to\u015bci, blasku &#8230; <a title=\"Heimish RX AMINO BIOTIN Revitalizing Shampoo 400 ml &#8211; Szampon rewitalizuj\u0105cy\" class=\"read-more\" href=\"https:\/\/selleetools.com\/pl\/product\/heimish-rx-amino-biotin-revitalizing-shampoo-400-ml-szampon-rewitalizujacy\/\">Read more<span class=\"screen-reader-text\">Heimish RX AMINO BIOTIN Revitalizing Shampoo 400 ml &#8211; Szampon rewitalizuj\u0105cy<\/span><\/a><\/p>\n","protected":false},"featured_media":606413,"comment_status":"open","ping_status":"closed","template":"","meta":{"_links_to":"","_links_to_target":""},"yoast_head":"<!-- This site is optimized with the Yoast SEO plugin v19.4 - https:\/\/yoast.com\/wordpress\/plugins\/seo\/ -->\n<title>Heimish RX AMINO BIOTIN Revitalizing Shampoo 400 ml - Szampon rewitalizuj\u0105cy - Selleetools.com<\/title>\n<meta name=\"robots\" content=\"index, follow, max-snippet:-1, max-image-preview:large, max-video-preview:-1\" \/>\n<link rel=\"canonical\" href=\"https:\/\/admincentral.selleetools.com\/product\/heimish-rx-amino-biotin-revitalizing-shampoo-400-ml-szampon-rewitalizujacy\/\" \/>\n<meta property=\"og:locale\" content=\"pl_PL\" \/>\n<meta property=\"og:type\" content=\"article\" \/>\n<meta property=\"og:title\" content=\"Heimish RX AMINO BIOTIN Revitalizing Shampoo 400 ml - Szampon rewitalizuj\u0105cy - Selleetools.com\" \/>\n<meta property=\"og:description\" content=\"Heimish RX AMINO BIOTIN Revitalizing Shampoo 400 ml to szampon rewitalizuj\u0105cy, kt\u00f3ry dzi\u0119ki starannie dobranej formule wspiera zdrowie w\u0142os\u00f3w i sk\u00f3ry g\u0142owy. Zawiera aminokwasy i biotyn\u0119, kt\u00f3re odgrywaj\u0105 kluczow\u0105 rol\u0119 w regeneracji i wzmocnieniu struktury w\u0142os\u00f3w. Szampon jest idealnym rozwi\u0105zaniem dla os\u00f3b, kt\u00f3re szukaj\u0105 kosmetyku, kt\u00f3ry pomo\u017ce wzmocni\u0107 os\u0142abione, cienkie w\u0142osy, nadaj\u0105c im obj\u0119to\u015bci, blasku ... Read moreHeimish RX AMINO BIOTIN Revitalizing Shampoo 400 ml &#8211; Szampon rewitalizuj\u0105cy\" \/>\n<meta property=\"og:url\" content=\"https:\/\/admincentral.selleetools.com\/product\/heimish-rx-amino-biotin-revitalizing-shampoo-400-ml-szampon-rewitalizujacy\/\" \/>\n<meta property=\"og:site_name\" content=\"Selleetools.com\" \/>\n<meta property=\"article:modified_time\" content=\"2025-11-04T20:02:04+00:00\" \/>\n<meta property=\"og:image\" content=\"https:\/\/selleetools.com\/wp-content\/uploads\/2025\/10\/81b7750c771518b52b7a6676833e6e40.png\" \/>\n\t<meta property=\"og:image:width\" content=\"3000\" \/>\n\t<meta property=\"og:image:height\" content=\"3000\" \/>\n\t<meta property=\"og:image:type\" content=\"image\/png\" \/>\n<meta name=\"twitter:card\" content=\"summary_large_image\" \/>\n<meta name=\"twitter:label1\" content=\"Est. reading time\" \/>\n\t<meta name=\"twitter:data1\" content=\"2 minuty\" \/>\n<!-- \/ Yoast SEO plugin. -->","yoast_head_json":{"title":"Heimish RX AMINO BIOTIN Revitalizing Shampoo 400 ml - Szampon rewitalizuj\u0105cy - Selleetools.com","robots":{"index":"index","follow":"follow","max-snippet":"max-snippet:-1","max-image-preview":"max-image-preview:large","max-video-preview":"max-video-preview:-1"},"canonical":"https:\/\/admincentral.selleetools.com\/product\/heimish-rx-amino-biotin-revitalizing-shampoo-400-ml-szampon-rewitalizujacy\/","og_locale":"pl_PL","og_type":"article","og_title":"Heimish RX AMINO BIOTIN Revitalizing Shampoo 400 ml - Szampon rewitalizuj\u0105cy - Selleetools.com","og_description":"Heimish RX AMINO BIOTIN Revitalizing Shampoo 400 ml to szampon rewitalizuj\u0105cy, kt\u00f3ry dzi\u0119ki starannie dobranej formule wspiera zdrowie w\u0142os\u00f3w i sk\u00f3ry g\u0142owy. Zawiera aminokwasy i biotyn\u0119, kt\u00f3re odgrywaj\u0105 kluczow\u0105 rol\u0119 w regeneracji i wzmocnieniu struktury w\u0142os\u00f3w. Szampon jest idealnym rozwi\u0105zaniem dla os\u00f3b, kt\u00f3re szukaj\u0105 kosmetyku, kt\u00f3ry pomo\u017ce wzmocni\u0107 os\u0142abione, cienkie w\u0142osy, nadaj\u0105c im obj\u0119to\u015bci, blasku ... Read moreHeimish RX AMINO BIOTIN Revitalizing Shampoo 400 ml &#8211; Szampon rewitalizuj\u0105cy","og_url":"https:\/\/admincentral.selleetools.com\/product\/heimish-rx-amino-biotin-revitalizing-shampoo-400-ml-szampon-rewitalizujacy\/","og_site_name":"Selleetools.com","article_modified_time":"2025-11-04T20:02:04+00:00","og_image":[{"width":3000,"height":3000,"url":"https:\/\/selleetools.com\/wp-content\/uploads\/2025\/10\/81b7750c771518b52b7a6676833e6e40.png","type":"image\/png"}],"twitter_card":"summary_large_image","twitter_misc":{"Est. reading time":"2 minuty"},"schema":{"@context":"https:\/\/schema.org","@graph":[{"@type":"Organization","@id":"https:\/\/selleetools.com\/#organization","name":"Selleetools","url":"https:\/\/selleetools.com\/","sameAs":[],"logo":{"@type":"ImageObject","inLanguage":"pl-PL","@id":"https:\/\/selleetools.com\/#\/schema\/logo\/image\/","url":"https:\/\/selleetools.com\/wp-content\/uploads\/2021\/10\/logo-dark.png","contentUrl":"https:\/\/selleetools.com\/wp-content\/uploads\/2021\/10\/logo-dark.png","width":320,"height":76,"caption":"Selleetools"},"image":{"@id":"https:\/\/selleetools.com\/#\/schema\/logo\/image\/"}},{"@type":"WebSite","@id":"https:\/\/selleetools.com\/#website","url":"https:\/\/selleetools.com\/","name":"Selleetools.com","description":"","publisher":{"@id":"https:\/\/selleetools.com\/#organization"},"potentialAction":[{"@type":"SearchAction","target":{"@type":"EntryPoint","urlTemplate":"https:\/\/selleetools.com\/?s={search_term_string}"},"query-input":"required name=search_term_string"}],"inLanguage":"pl-PL"},{"@type":"WebPage","@id":"https:\/\/admincentral.selleetools.com\/product\/heimish-rx-amino-biotin-revitalizing-shampoo-400-ml-szampon-rewitalizujacy\/","url":"https:\/\/admincentral.selleetools.com\/product\/heimish-rx-amino-biotin-revitalizing-shampoo-400-ml-szampon-rewitalizujacy\/","name":"Heimish RX AMINO BIOTIN Revitalizing Shampoo 400 ml - Szampon rewitalizuj\u0105cy - Selleetools.com","isPartOf":{"@id":"https:\/\/selleetools.com\/#website"},"datePublished":"2025-10-24T11:50:39+00:00","dateModified":"2025-11-04T20:02:04+00:00","breadcrumb":{"@id":"https:\/\/admincentral.selleetools.com\/product\/heimish-rx-amino-biotin-revitalizing-shampoo-400-ml-szampon-rewitalizujacy\/#breadcrumb"},"inLanguage":"pl-PL","potentialAction":[{"@type":"ReadAction","target":["https:\/\/admincentral.selleetools.com\/product\/heimish-rx-amino-biotin-revitalizing-shampoo-400-ml-szampon-rewitalizujacy\/"]}]},{"@type":"BreadcrumbList","@id":"https:\/\/admincentral.selleetools.com\/product\/heimish-rx-amino-biotin-revitalizing-shampoo-400-ml-szampon-rewitalizujacy\/#breadcrumb","itemListElement":[{"@type":"ListItem","position":1,"name":"Home","item":"https:\/\/selleetools.com\/pl\/"},{"@type":"ListItem","position":2,"name":"Katalog","item":"https:\/\/selleetools.com\/pl\/katalog\/"},{"@type":"ListItem","position":3,"name":"Heimish RX AMINO BIOTIN Revitalizing Shampoo 400 ml &#8211; Szampon rewitalizuj\u0105cy"}]}]}},"_links":{"self":[{"href":"https:\/\/selleetools.com\/pl\/wp-json\/wp\/v2\/product\/606415"}],"collection":[{"href":"https:\/\/selleetools.com\/pl\/wp-json\/wp\/v2\/product"}],"about":[{"href":"https:\/\/selleetools.com\/pl\/wp-json\/wp\/v2\/types\/product"}],"replies":[{"embeddable":true,"href":"https:\/\/selleetools.com\/pl\/wp-json\/wp\/v2\/comments?post=606415"}],"wp:featuredmedia":[{"embeddable":true,"href":"https:\/\/selleetools.com\/pl\/wp-json\/wp\/v2\/media\/606413"}],"wp:attachment":[{"href":"https:\/\/selleetools.com\/pl\/wp-json\/wp\/v2\/media?parent=606415"}],"curies":[{"name":"wp","href":"https:\/\/api.w.org\/{rel}","templated":true}]}}