{"id":606402,"date":"2025-10-24T13:50:28","date_gmt":"2025-10-24T11:50:28","guid":{"rendered":"https:\/\/selleetools.com\/?post_type=product&#038;p=606402"},"modified":"2025-11-04T21:01:31","modified_gmt":"2025-11-04T20:01:31","slug":"biodance-collagen-ampoule-50-ml-ampulka-z-kolagenem","status":"publish","type":"product","link":"https:\/\/selleetools.com\/pl\/product\/biodance-collagen-ampoule-50-ml-ampulka-z-kolagenem\/","title":{"rendered":"BIODANCE Collagen Ampoule 50 ml &#8211; ampu\u0142ka z kolagenem"},"content":{"rendered":"<p>BIODANCE Collagen Ampoule to ampu\u0142ka, kt\u00f3ra intensywnie regeneruje i nawil\u017ca sk\u00f3r\u0119, poprawiaj\u0105c jej elastyczno\u015b\u0107 i j\u0119drno\u015b\u0107. Dzi\u0119ki wysokiej zawarto\u015bci ekstraktu z kolagenu oraz hydrolizowanej elastynie, ampu\u0142ka odbudowuje struktur\u0119 sk\u00f3ry, redukuj\u0105c zmarszczki i poprawiaj\u0105c jej j\u0119drno\u015b\u0107. Kwasy hialuronowe o r\u00f3\u017cnej wielko\u015bci cz\u0105steczkach zapewniaj\u0105 wielowymiarowe nawil\u017cenie, wnikaj\u0105c w g\u0142\u0119bsze warstwy sk\u00f3ry, podczas gdy peptyd wspomaga regeneracj\u0119 sk\u00f3ry, stymuluj\u0105c produkcj\u0119 kolagenu. Niacynamid (witamina B3) pomaga wyr\u00f3wna\u0107 koloryt sk\u00f3ry, poprawiaj\u0105c jej blask i redukuj\u0105c przebarwienia.<\/p>\n<p>Korzy\u015bci dla sk\u00f3ry:<br \/>\nZwi\u0119ksza j\u0119drno\u015b\u0107 i elastyczno\u015b\u0107 sk\u00f3ry<br \/>\nRedukuje zmarszczki i poprawia struktur\u0119 sk\u00f3ry<br \/>\nG\u0142\u0119bokie nawil\u017cenie i regeneracja sk\u00f3ry<br \/>\nPoprawa kolorytu i roz\u015bwietlenie sk\u00f3ry<br \/>\nSk\u00f3ra staje si\u0119 g\u0142adka, spr\u0119\u017cysta i pe\u0142na blasku<\/p>\n<p>Spos\u00f3b u\u017cycia: Na oczyszczon\u0105 sk\u00f3r\u0119 twarzy na\u0142\u00f3\u017c odpowiedni\u0105 ilo\u015b\u0107 ampu\u0142ki i delikatnie wmasuj a\u017c do ca\u0142kowitego wch\u0142oni\u0119cia. Stosuj codziennie rano i wieczorem dla uzyskania najlepszych efekt\u00f3w.<\/p>\n","protected":false},"excerpt":{"rendered":"<p>BIODANCE Collagen Ampoule to ampu\u0142ka, kt\u00f3ra intensywnie regeneruje i nawil\u017ca sk\u00f3r\u0119, poprawiaj\u0105c jej elastyczno\u015b\u0107 i j\u0119drno\u015b\u0107. Dzi\u0119ki wysokiej zawarto\u015bci ekstraktu z kolagenu oraz hydrolizowanej elastynie, ampu\u0142ka odbudowuje struktur\u0119 sk\u00f3ry, redukuj\u0105c zmarszczki i poprawiaj\u0105c jej j\u0119drno\u015b\u0107. Kwasy hialuronowe o r\u00f3\u017cnej wielko\u015bci cz\u0105steczkach zapewniaj\u0105 wielowymiarowe nawil\u017cenie, wnikaj\u0105c w g\u0142\u0119bsze warstwy sk\u00f3ry, podczas gdy peptyd wspomaga regeneracj\u0119 sk\u00f3ry, &#8230; <a title=\"BIODANCE Collagen Ampoule 50 ml &#8211; ampu\u0142ka z kolagenem\" class=\"read-more\" href=\"https:\/\/selleetools.com\/pl\/product\/biodance-collagen-ampoule-50-ml-ampulka-z-kolagenem\/\">Read more<span class=\"screen-reader-text\">BIODANCE Collagen Ampoule 50 ml &#8211; ampu\u0142ka z kolagenem<\/span><\/a><\/p>\n","protected":false},"featured_media":606398,"comment_status":"open","ping_status":"closed","template":"","meta":{"_links_to":"","_links_to_target":""},"yoast_head":"<!-- This site is optimized with the Yoast SEO plugin v19.4 - https:\/\/yoast.com\/wordpress\/plugins\/seo\/ -->\n<title>BIODANCE Collagen Ampoule 50 ml - ampu\u0142ka z kolagenem - Selleetools.com<\/title>\n<meta name=\"robots\" content=\"index, follow, max-snippet:-1, max-image-preview:large, max-video-preview:-1\" \/>\n<link rel=\"canonical\" href=\"https:\/\/selleetools.com\/pl\/product\/biodance-collagen-ampoule-50-ml-ampulka-z-kolagenem\/\" \/>\n<meta property=\"og:locale\" content=\"pl_PL\" \/>\n<meta property=\"og:type\" content=\"article\" \/>\n<meta property=\"og:title\" content=\"BIODANCE Collagen Ampoule 50 ml - ampu\u0142ka z kolagenem - Selleetools.com\" \/>\n<meta property=\"og:description\" content=\"BIODANCE Collagen Ampoule to ampu\u0142ka, kt\u00f3ra intensywnie regeneruje i nawil\u017ca sk\u00f3r\u0119, poprawiaj\u0105c jej elastyczno\u015b\u0107 i j\u0119drno\u015b\u0107. Dzi\u0119ki wysokiej zawarto\u015bci ekstraktu z kolagenu oraz hydrolizowanej elastynie, ampu\u0142ka odbudowuje struktur\u0119 sk\u00f3ry, redukuj\u0105c zmarszczki i poprawiaj\u0105c jej j\u0119drno\u015b\u0107. Kwasy hialuronowe o r\u00f3\u017cnej wielko\u015bci cz\u0105steczkach zapewniaj\u0105 wielowymiarowe nawil\u017cenie, wnikaj\u0105c w g\u0142\u0119bsze warstwy sk\u00f3ry, podczas gdy peptyd wspomaga regeneracj\u0119 sk\u00f3ry, ... Read moreBIODANCE Collagen Ampoule 50 ml &#8211; ampu\u0142ka z kolagenem\" \/>\n<meta property=\"og:url\" content=\"https:\/\/selleetools.com\/pl\/product\/biodance-collagen-ampoule-50-ml-ampulka-z-kolagenem\/\" \/>\n<meta property=\"og:site_name\" content=\"Selleetools.com\" \/>\n<meta property=\"article:modified_time\" content=\"2025-11-04T20:01:31+00:00\" \/>\n<meta property=\"og:image\" content=\"https:\/\/selleetools.com\/wp-content\/uploads\/2025\/10\/182511d71764e1eec6d864779f5ed1a1.jpg\" \/>\n\t<meta property=\"og:image:width\" content=\"1200\" \/>\n\t<meta property=\"og:image:height\" content=\"1200\" \/>\n\t<meta property=\"og:image:type\" content=\"image\/jpeg\" \/>\n<meta name=\"twitter:card\" content=\"summary_large_image\" \/>\n<meta name=\"twitter:label1\" content=\"Est. reading time\" \/>\n\t<meta name=\"twitter:data1\" content=\"1 minuta\" \/>\n<!-- \/ Yoast SEO plugin. -->","yoast_head_json":{"title":"BIODANCE Collagen Ampoule 50 ml - ampu\u0142ka z kolagenem - Selleetools.com","robots":{"index":"index","follow":"follow","max-snippet":"max-snippet:-1","max-image-preview":"max-image-preview:large","max-video-preview":"max-video-preview:-1"},"canonical":"https:\/\/selleetools.com\/pl\/product\/biodance-collagen-ampoule-50-ml-ampulka-z-kolagenem\/","og_locale":"pl_PL","og_type":"article","og_title":"BIODANCE Collagen Ampoule 50 ml - ampu\u0142ka z kolagenem - Selleetools.com","og_description":"BIODANCE Collagen Ampoule to ampu\u0142ka, kt\u00f3ra intensywnie regeneruje i nawil\u017ca sk\u00f3r\u0119, poprawiaj\u0105c jej elastyczno\u015b\u0107 i j\u0119drno\u015b\u0107. Dzi\u0119ki wysokiej zawarto\u015bci ekstraktu z kolagenu oraz hydrolizowanej elastynie, ampu\u0142ka odbudowuje struktur\u0119 sk\u00f3ry, redukuj\u0105c zmarszczki i poprawiaj\u0105c jej j\u0119drno\u015b\u0107. Kwasy hialuronowe o r\u00f3\u017cnej wielko\u015bci cz\u0105steczkach zapewniaj\u0105 wielowymiarowe nawil\u017cenie, wnikaj\u0105c w g\u0142\u0119bsze warstwy sk\u00f3ry, podczas gdy peptyd wspomaga regeneracj\u0119 sk\u00f3ry, ... Read moreBIODANCE Collagen Ampoule 50 ml &#8211; ampu\u0142ka z kolagenem","og_url":"https:\/\/selleetools.com\/pl\/product\/biodance-collagen-ampoule-50-ml-ampulka-z-kolagenem\/","og_site_name":"Selleetools.com","article_modified_time":"2025-11-04T20:01:31+00:00","og_image":[{"width":1200,"height":1200,"url":"https:\/\/selleetools.com\/wp-content\/uploads\/2025\/10\/182511d71764e1eec6d864779f5ed1a1.jpg","type":"image\/jpeg"}],"twitter_card":"summary_large_image","twitter_misc":{"Est. reading time":"1 minuta"},"schema":{"@context":"https:\/\/schema.org","@graph":[{"@type":"Organization","@id":"https:\/\/selleetools.com\/#organization","name":"Selleetools","url":"https:\/\/selleetools.com\/","sameAs":[],"logo":{"@type":"ImageObject","inLanguage":"pl-PL","@id":"https:\/\/selleetools.com\/#\/schema\/logo\/image\/","url":"https:\/\/selleetools.com\/wp-content\/uploads\/2021\/10\/logo-dark.png","contentUrl":"https:\/\/selleetools.com\/wp-content\/uploads\/2021\/10\/logo-dark.png","width":320,"height":76,"caption":"Selleetools"},"image":{"@id":"https:\/\/selleetools.com\/#\/schema\/logo\/image\/"}},{"@type":"WebSite","@id":"https:\/\/selleetools.com\/#website","url":"https:\/\/selleetools.com\/","name":"Selleetools.com","description":"","publisher":{"@id":"https:\/\/selleetools.com\/#organization"},"potentialAction":[{"@type":"SearchAction","target":{"@type":"EntryPoint","urlTemplate":"https:\/\/selleetools.com\/?s={search_term_string}"},"query-input":"required name=search_term_string"}],"inLanguage":"pl-PL"},{"@type":"WebPage","@id":"https:\/\/selleetools.com\/pl\/product\/biodance-collagen-ampoule-50-ml-ampulka-z-kolagenem\/","url":"https:\/\/selleetools.com\/pl\/product\/biodance-collagen-ampoule-50-ml-ampulka-z-kolagenem\/","name":"BIODANCE Collagen Ampoule 50 ml - ampu\u0142ka z kolagenem - Selleetools.com","isPartOf":{"@id":"https:\/\/selleetools.com\/#website"},"datePublished":"2025-10-24T11:50:28+00:00","dateModified":"2025-11-04T20:01:31+00:00","breadcrumb":{"@id":"https:\/\/selleetools.com\/pl\/product\/biodance-collagen-ampoule-50-ml-ampulka-z-kolagenem\/#breadcrumb"},"inLanguage":"pl-PL","potentialAction":[{"@type":"ReadAction","target":["https:\/\/selleetools.com\/pl\/product\/biodance-collagen-ampoule-50-ml-ampulka-z-kolagenem\/"]}]},{"@type":"BreadcrumbList","@id":"https:\/\/selleetools.com\/pl\/product\/biodance-collagen-ampoule-50-ml-ampulka-z-kolagenem\/#breadcrumb","itemListElement":[{"@type":"ListItem","position":1,"name":"Home","item":"https:\/\/selleetools.com\/pl\/"},{"@type":"ListItem","position":2,"name":"Katalog","item":"https:\/\/selleetools.com\/pl\/katalog\/"},{"@type":"ListItem","position":3,"name":"BIODANCE Collagen Ampoule 50 ml &#8211; ampu\u0142ka z kolagenem"}]}]}},"_links":{"self":[{"href":"https:\/\/selleetools.com\/pl\/wp-json\/wp\/v2\/product\/606402"}],"collection":[{"href":"https:\/\/selleetools.com\/pl\/wp-json\/wp\/v2\/product"}],"about":[{"href":"https:\/\/selleetools.com\/pl\/wp-json\/wp\/v2\/types\/product"}],"replies":[{"embeddable":true,"href":"https:\/\/selleetools.com\/pl\/wp-json\/wp\/v2\/comments?post=606402"}],"wp:featuredmedia":[{"embeddable":true,"href":"https:\/\/selleetools.com\/pl\/wp-json\/wp\/v2\/media\/606398"}],"wp:attachment":[{"href":"https:\/\/selleetools.com\/pl\/wp-json\/wp\/v2\/media?parent=606402"}],"curies":[{"name":"wp","href":"https:\/\/api.w.org\/{rel}","templated":true}]}}