{"id":606391,"date":"2025-10-24T13:50:21","date_gmt":"2025-10-24T11:50:21","guid":{"rendered":"https:\/\/selleetools.com\/?post_type=product&#038;p=606391"},"modified":"2025-11-03T17:06:51","modified_gmt":"2025-11-03T16:06:51","slug":"beauty-of-joseon-dynasty-cream-100-ml-krem-nawilzajacy-z-zen-szeniem","status":"publish","type":"product","link":"https:\/\/selleetools.com\/pl\/product\/beauty-of-joseon-dynasty-cream-100-ml-krem-nawilzajacy-z-zen-szeniem\/","title":{"rendered":"Beauty of Joseon Dynasty Cream 100 ml &#8211; Krem nawil\u017caj\u0105cy z \u017ce\u0144-szeniem"},"content":{"rendered":"<p>Beauty of Joseon Dynasty Cream to bogaty, wielofunkcyjny krem nawil\u017caj\u0105cy inspirowany tradycyjn\u0105 korea\u0144sk\u0105 receptur\u0105 hanbang. \u0141\u0105czy nowoczesn\u0105 piel\u0119gnacj\u0119 z naturalnymi sk\u0142adnikami, zapewniaj\u0105c intensywne nawil\u017cenie, roz\u015bwietlenie i wzmocnienie bariery sk\u00f3ry. Krem ma g\u0119st\u0105, ale nieobci\u0105\u017caj\u0105c\u0105 konsystencj\u0119, kt\u00f3ra doskonale si\u0119 rozprowadza i otula sk\u00f3r\u0119 warstw\u0105 ochronn\u0105. Idealny zar\u00f3wno na dzie\u0144, jak i na noc, dla sk\u00f3ry suchej, wra\u017cliwej oraz pozbawionej blasku.<\/p>\n<p>Korzy\u015bci dla sk\u00f3ry:<br \/>\nIntensywnie nawil\u017ca i chroni przed utrat\u0105 wilgoci<br \/>\nPoprawia elastyczno\u015b\u0107 i wyg\u0142adza struktur\u0119 sk\u00f3ry<br \/>\nRoz\u015bwietla i wyr\u00f3wnuje koloryt cery<br \/>\nWzmacnia barier\u0119 ochronn\u0105 i dzia\u0142a koj\u0105co<br \/>\nWspomaga regeneracj\u0119 sk\u00f3ry i nadaje jej zdrowy wygl\u0105d<\/p>\n<p>Spos\u00f3b u\u017cycia: Na\u0142\u00f3\u017c odpowiedni\u0105 ilo\u015b\u0107 kremu jako ostatni krok piel\u0119gnacji. Delikatnie wklep w sk\u00f3r\u0119 twarzy i szyi a\u017c do ca\u0142kowitego wch\u0142oni\u0119cia. Stosuj rano i wieczorem \u2013 w zale\u017cno\u015bci od potrzeb sk\u00f3ry.<\/p>\n","protected":false},"excerpt":{"rendered":"<p>Beauty of Joseon Dynasty Cream to bogaty, wielofunkcyjny krem nawil\u017caj\u0105cy inspirowany tradycyjn\u0105 korea\u0144sk\u0105 receptur\u0105 hanbang. \u0141\u0105czy nowoczesn\u0105 piel\u0119gnacj\u0119 z naturalnymi sk\u0142adnikami, zapewniaj\u0105c intensywne nawil\u017cenie, roz\u015bwietlenie i wzmocnienie bariery sk\u00f3ry. Krem ma g\u0119st\u0105, ale nieobci\u0105\u017caj\u0105c\u0105 konsystencj\u0119, kt\u00f3ra doskonale si\u0119 rozprowadza i otula sk\u00f3r\u0119 warstw\u0105 ochronn\u0105. Idealny zar\u00f3wno na dzie\u0144, jak i na noc, dla sk\u00f3ry suchej, &#8230; <a title=\"Beauty of Joseon Dynasty Cream 100 ml &#8211; Krem nawil\u017caj\u0105cy z \u017ce\u0144-szeniem\" class=\"read-more\" href=\"https:\/\/selleetools.com\/pl\/product\/beauty-of-joseon-dynasty-cream-100-ml-krem-nawilzajacy-z-zen-szeniem\/\">Read more<span class=\"screen-reader-text\">Beauty of Joseon Dynasty Cream 100 ml &#8211; Krem nawil\u017caj\u0105cy z \u017ce\u0144-szeniem<\/span><\/a><\/p>\n","protected":false},"featured_media":606389,"comment_status":"open","ping_status":"closed","template":"","meta":{"_links_to":"","_links_to_target":""},"yoast_head":"<!-- This site is optimized with the Yoast SEO plugin v19.4 - https:\/\/yoast.com\/wordpress\/plugins\/seo\/ -->\n<title>Beauty of Joseon Dynasty Cream 100 ml - Krem nawil\u017caj\u0105cy z \u017ce\u0144-szeniem - Selleetools.com<\/title>\n<meta name=\"robots\" content=\"index, follow, max-snippet:-1, max-image-preview:large, max-video-preview:-1\" \/>\n<link rel=\"canonical\" href=\"https:\/\/admincentral.selleetools.com\/product\/beauty-of-joseon-dynasty-cream-100-ml-krem-nawilzajacy-z-zen-szeniem\/\" \/>\n<meta property=\"og:locale\" content=\"pl_PL\" \/>\n<meta property=\"og:type\" content=\"article\" \/>\n<meta property=\"og:title\" content=\"Beauty of Joseon Dynasty Cream 100 ml - Krem nawil\u017caj\u0105cy z \u017ce\u0144-szeniem - Selleetools.com\" \/>\n<meta property=\"og:description\" content=\"Beauty of Joseon Dynasty Cream to bogaty, wielofunkcyjny krem nawil\u017caj\u0105cy inspirowany tradycyjn\u0105 korea\u0144sk\u0105 receptur\u0105 hanbang. \u0141\u0105czy nowoczesn\u0105 piel\u0119gnacj\u0119 z naturalnymi sk\u0142adnikami, zapewniaj\u0105c intensywne nawil\u017cenie, roz\u015bwietlenie i wzmocnienie bariery sk\u00f3ry. Krem ma g\u0119st\u0105, ale nieobci\u0105\u017caj\u0105c\u0105 konsystencj\u0119, kt\u00f3ra doskonale si\u0119 rozprowadza i otula sk\u00f3r\u0119 warstw\u0105 ochronn\u0105. Idealny zar\u00f3wno na dzie\u0144, jak i na noc, dla sk\u00f3ry suchej, ... Read moreBeauty of Joseon Dynasty Cream 100 ml &#8211; Krem nawil\u017caj\u0105cy z \u017ce\u0144-szeniem\" \/>\n<meta property=\"og:url\" content=\"https:\/\/admincentral.selleetools.com\/product\/beauty-of-joseon-dynasty-cream-100-ml-krem-nawilzajacy-z-zen-szeniem\/\" \/>\n<meta property=\"og:site_name\" content=\"Selleetools.com\" \/>\n<meta property=\"article:modified_time\" content=\"2025-11-03T16:06:51+00:00\" \/>\n<meta property=\"og:image\" content=\"https:\/\/selleetools.com\/wp-content\/uploads\/2025\/10\/cd335c6156abad7115f23deee9a5a638.jpg\" \/>\n\t<meta property=\"og:image:width\" content=\"1000\" \/>\n\t<meta property=\"og:image:height\" content=\"1000\" \/>\n\t<meta property=\"og:image:type\" content=\"image\/jpeg\" \/>\n<meta name=\"twitter:card\" content=\"summary_large_image\" \/>\n<meta name=\"twitter:label1\" content=\"Est. reading time\" \/>\n\t<meta name=\"twitter:data1\" content=\"1 minuta\" \/>\n<!-- \/ Yoast SEO plugin. -->","yoast_head_json":{"title":"Beauty of Joseon Dynasty Cream 100 ml - Krem nawil\u017caj\u0105cy z \u017ce\u0144-szeniem - Selleetools.com","robots":{"index":"index","follow":"follow","max-snippet":"max-snippet:-1","max-image-preview":"max-image-preview:large","max-video-preview":"max-video-preview:-1"},"canonical":"https:\/\/admincentral.selleetools.com\/product\/beauty-of-joseon-dynasty-cream-100-ml-krem-nawilzajacy-z-zen-szeniem\/","og_locale":"pl_PL","og_type":"article","og_title":"Beauty of Joseon Dynasty Cream 100 ml - Krem nawil\u017caj\u0105cy z \u017ce\u0144-szeniem - Selleetools.com","og_description":"Beauty of Joseon Dynasty Cream to bogaty, wielofunkcyjny krem nawil\u017caj\u0105cy inspirowany tradycyjn\u0105 korea\u0144sk\u0105 receptur\u0105 hanbang. \u0141\u0105czy nowoczesn\u0105 piel\u0119gnacj\u0119 z naturalnymi sk\u0142adnikami, zapewniaj\u0105c intensywne nawil\u017cenie, roz\u015bwietlenie i wzmocnienie bariery sk\u00f3ry. Krem ma g\u0119st\u0105, ale nieobci\u0105\u017caj\u0105c\u0105 konsystencj\u0119, kt\u00f3ra doskonale si\u0119 rozprowadza i otula sk\u00f3r\u0119 warstw\u0105 ochronn\u0105. Idealny zar\u00f3wno na dzie\u0144, jak i na noc, dla sk\u00f3ry suchej, ... Read moreBeauty of Joseon Dynasty Cream 100 ml &#8211; Krem nawil\u017caj\u0105cy z \u017ce\u0144-szeniem","og_url":"https:\/\/admincentral.selleetools.com\/product\/beauty-of-joseon-dynasty-cream-100-ml-krem-nawilzajacy-z-zen-szeniem\/","og_site_name":"Selleetools.com","article_modified_time":"2025-11-03T16:06:51+00:00","og_image":[{"width":1000,"height":1000,"url":"https:\/\/selleetools.com\/wp-content\/uploads\/2025\/10\/cd335c6156abad7115f23deee9a5a638.jpg","type":"image\/jpeg"}],"twitter_card":"summary_large_image","twitter_misc":{"Est. reading time":"1 minuta"},"schema":{"@context":"https:\/\/schema.org","@graph":[{"@type":"Organization","@id":"https:\/\/selleetools.com\/#organization","name":"Selleetools","url":"https:\/\/selleetools.com\/","sameAs":[],"logo":{"@type":"ImageObject","inLanguage":"pl-PL","@id":"https:\/\/selleetools.com\/#\/schema\/logo\/image\/","url":"https:\/\/selleetools.com\/wp-content\/uploads\/2021\/10\/logo-dark.png","contentUrl":"https:\/\/selleetools.com\/wp-content\/uploads\/2021\/10\/logo-dark.png","width":320,"height":76,"caption":"Selleetools"},"image":{"@id":"https:\/\/selleetools.com\/#\/schema\/logo\/image\/"}},{"@type":"WebSite","@id":"https:\/\/selleetools.com\/#website","url":"https:\/\/selleetools.com\/","name":"Selleetools.com","description":"","publisher":{"@id":"https:\/\/selleetools.com\/#organization"},"potentialAction":[{"@type":"SearchAction","target":{"@type":"EntryPoint","urlTemplate":"https:\/\/selleetools.com\/?s={search_term_string}"},"query-input":"required name=search_term_string"}],"inLanguage":"pl-PL"},{"@type":"WebPage","@id":"https:\/\/admincentral.selleetools.com\/product\/beauty-of-joseon-dynasty-cream-100-ml-krem-nawilzajacy-z-zen-szeniem\/","url":"https:\/\/admincentral.selleetools.com\/product\/beauty-of-joseon-dynasty-cream-100-ml-krem-nawilzajacy-z-zen-szeniem\/","name":"Beauty of Joseon Dynasty Cream 100 ml - Krem nawil\u017caj\u0105cy z \u017ce\u0144-szeniem - Selleetools.com","isPartOf":{"@id":"https:\/\/selleetools.com\/#website"},"datePublished":"2025-10-24T11:50:21+00:00","dateModified":"2025-11-03T16:06:51+00:00","breadcrumb":{"@id":"https:\/\/admincentral.selleetools.com\/product\/beauty-of-joseon-dynasty-cream-100-ml-krem-nawilzajacy-z-zen-szeniem\/#breadcrumb"},"inLanguage":"pl-PL","potentialAction":[{"@type":"ReadAction","target":["https:\/\/admincentral.selleetools.com\/product\/beauty-of-joseon-dynasty-cream-100-ml-krem-nawilzajacy-z-zen-szeniem\/"]}]},{"@type":"BreadcrumbList","@id":"https:\/\/admincentral.selleetools.com\/product\/beauty-of-joseon-dynasty-cream-100-ml-krem-nawilzajacy-z-zen-szeniem\/#breadcrumb","itemListElement":[{"@type":"ListItem","position":1,"name":"Home","item":"https:\/\/selleetools.com\/pl\/"},{"@type":"ListItem","position":2,"name":"Katalog","item":"https:\/\/selleetools.com\/pl\/katalog\/"},{"@type":"ListItem","position":3,"name":"Beauty of Joseon Dynasty Cream 100 ml &#8211; Krem nawil\u017caj\u0105cy z \u017ce\u0144-szeniem"}]}]}},"_links":{"self":[{"href":"https:\/\/selleetools.com\/pl\/wp-json\/wp\/v2\/product\/606391"}],"collection":[{"href":"https:\/\/selleetools.com\/pl\/wp-json\/wp\/v2\/product"}],"about":[{"href":"https:\/\/selleetools.com\/pl\/wp-json\/wp\/v2\/types\/product"}],"replies":[{"embeddable":true,"href":"https:\/\/selleetools.com\/pl\/wp-json\/wp\/v2\/comments?post=606391"}],"wp:featuredmedia":[{"embeddable":true,"href":"https:\/\/selleetools.com\/pl\/wp-json\/wp\/v2\/media\/606389"}],"wp:attachment":[{"href":"https:\/\/selleetools.com\/pl\/wp-json\/wp\/v2\/media?parent=606391"}],"curies":[{"name":"wp","href":"https:\/\/api.w.org\/{rel}","templated":true}]}}