{"id":606382,"date":"2025-10-24T13:50:11","date_gmt":"2025-10-24T11:50:11","guid":{"rendered":"https:\/\/selleetools.com\/?post_type=product&#038;p=606382"},"modified":"2025-11-04T21:01:00","modified_gmt":"2025-11-04T20:01:00","slug":"biodance-skin-refining-mild-pha-toner-150-ml-tonik-eksfoliujacy","status":"publish","type":"product","link":"https:\/\/selleetools.com\/pl\/product\/biodance-skin-refining-mild-pha-toner-150-ml-tonik-eksfoliujacy\/","title":{"rendered":"Biodance Skin Refining Mild PHA Toner, 150 ml &#8211; tonik eksfoliuj\u0105cy"},"content":{"rendered":"<p>BIODANCE Skin Refining Mild PHA Toner to \u0142agodny tonik z\u0142uszczaj\u0105cy, kt\u00f3ry delikatnie wyg\u0142adza, nawil\u017ca i wzmacnia barier\u0119 sk\u00f3ry, jednocze\u015bnie minimalizuj\u0105c podra\u017cnienia. Dzi\u0119ki zawarto\u015bci PHA + LHA w st\u0119\u017ceniu a\u017c 80,000 ppm, tonik dzia\u0142a skutecznie, ale bez agresywnego dzia\u0142ania typowego dla mocniejszych kwas\u00f3w. Wzbogacony o 6-warstwowy kompleks ceramidowy, fermenty i nawil\u017caj\u0105ce sk\u0142adniki, tonik idealnie sprawdzi si\u0119 w codziennej piel\u0119gnacji sk\u00f3ry wra\u017cliwej, suchej i problematycznej.<\/p>\n<p>Korzy\u015bci dla sk\u00f3ry:<br \/>\nDelikatne z\u0142uszczanie i wyg\u0142adzenie dzi\u0119ki PHA (gluconolakton) i LHA (capryloyl salicylic acid)<br \/>\nWzmocnienie bariery hydrolipidowej \u2013 6 rodzaj\u00f3w ceramid\u00f3w, cholesterol, fitosfingozyna<br \/>\nIntensywne nawil\u017cenie i regeneracja \u2013 kwas hialuronowy, panthenol, sok z jab\u0142ka<br \/>\nWsparcie mikrobiomu i \u0142agodzenie podra\u017cnie\u0144 \u2013 fermenty Streptococcus i Lactobacillus<br \/>\nRoz\u015bwietlenie i poprawa tekstury sk\u00f3ry \u2013 ekstrakt z chlorelli, althaea i atratum<\/p>\n<p>Spos\u00f3b u\u017cycia: Po oczyszczeniu sk\u00f3ry, nas\u0105cz p\u0142atek kosmetyczny lub d\u0142onie tonikiem i delikatnie wklep w twarz oraz szyj\u0119, omijaj\u0105c okolice oczu. Stosuj raz dziennie \u2013 najlepiej wieczorem. Przy sk\u00f3rze bardzo wra\u017cliwej rozpocznij od 2\u20133 razy w tygodniu. Pami\u0119taj o stosowaniu kremu z filtrem w ci\u0105gu dnia.<\/p>\n","protected":false},"excerpt":{"rendered":"<p>BIODANCE Skin Refining Mild PHA Toner to \u0142agodny tonik z\u0142uszczaj\u0105cy, kt\u00f3ry delikatnie wyg\u0142adza, nawil\u017ca i wzmacnia barier\u0119 sk\u00f3ry, jednocze\u015bnie minimalizuj\u0105c podra\u017cnienia. Dzi\u0119ki zawarto\u015bci PHA + LHA w st\u0119\u017ceniu a\u017c 80,000 ppm, tonik dzia\u0142a skutecznie, ale bez agresywnego dzia\u0142ania typowego dla mocniejszych kwas\u00f3w. Wzbogacony o 6-warstwowy kompleks ceramidowy, fermenty i nawil\u017caj\u0105ce sk\u0142adniki, tonik idealnie sprawdzi si\u0119 &#8230; <a title=\"Biodance Skin Refining Mild PHA Toner, 150 ml &#8211; tonik eksfoliuj\u0105cy\" class=\"read-more\" href=\"https:\/\/selleetools.com\/pl\/product\/biodance-skin-refining-mild-pha-toner-150-ml-tonik-eksfoliujacy\/\">Read more<span class=\"screen-reader-text\">Biodance Skin Refining Mild PHA Toner, 150 ml &#8211; tonik eksfoliuj\u0105cy<\/span><\/a><\/p>\n","protected":false},"featured_media":606380,"comment_status":"open","ping_status":"closed","template":"","meta":{"_links_to":"","_links_to_target":""},"yoast_head":"<!-- This site is optimized with the Yoast SEO plugin v19.4 - https:\/\/yoast.com\/wordpress\/plugins\/seo\/ -->\n<title>Biodance Skin Refining Mild PHA Toner, 150 ml - tonik eksfoliuj\u0105cy - Selleetools.com<\/title>\n<meta name=\"robots\" content=\"index, follow, max-snippet:-1, max-image-preview:large, max-video-preview:-1\" \/>\n<link rel=\"canonical\" href=\"https:\/\/admincentral.selleetools.com\/pl\/product\/biodance-skin-refining-mild-pha-toner-150-ml-tonik-eksfoliujacy\/\" \/>\n<meta property=\"og:locale\" content=\"pl_PL\" \/>\n<meta property=\"og:type\" content=\"article\" \/>\n<meta property=\"og:title\" content=\"Biodance Skin Refining Mild PHA Toner, 150 ml - tonik eksfoliuj\u0105cy - Selleetools.com\" \/>\n<meta property=\"og:description\" content=\"BIODANCE Skin Refining Mild PHA Toner to \u0142agodny tonik z\u0142uszczaj\u0105cy, kt\u00f3ry delikatnie wyg\u0142adza, nawil\u017ca i wzmacnia barier\u0119 sk\u00f3ry, jednocze\u015bnie minimalizuj\u0105c podra\u017cnienia. Dzi\u0119ki zawarto\u015bci PHA + LHA w st\u0119\u017ceniu a\u017c 80,000 ppm, tonik dzia\u0142a skutecznie, ale bez agresywnego dzia\u0142ania typowego dla mocniejszych kwas\u00f3w. Wzbogacony o 6-warstwowy kompleks ceramidowy, fermenty i nawil\u017caj\u0105ce sk\u0142adniki, tonik idealnie sprawdzi si\u0119 ... Read moreBiodance Skin Refining Mild PHA Toner, 150 ml &#8211; tonik eksfoliuj\u0105cy\" \/>\n<meta property=\"og:url\" content=\"https:\/\/admincentral.selleetools.com\/pl\/product\/biodance-skin-refining-mild-pha-toner-150-ml-tonik-eksfoliujacy\/\" \/>\n<meta property=\"og:site_name\" content=\"Selleetools.com\" \/>\n<meta property=\"article:modified_time\" content=\"2025-11-04T20:01:00+00:00\" \/>\n<meta property=\"og:image\" content=\"https:\/\/selleetools.com\/wp-content\/uploads\/2025\/10\/dff87991a0eea8f20b5064ac8b891dc6.jpg\" \/>\n\t<meta property=\"og:image:width\" content=\"1200\" \/>\n\t<meta property=\"og:image:height\" content=\"1200\" \/>\n\t<meta property=\"og:image:type\" content=\"image\/jpeg\" \/>\n<meta name=\"twitter:card\" content=\"summary_large_image\" \/>\n<meta name=\"twitter:label1\" content=\"Est. reading time\" \/>\n\t<meta name=\"twitter:data1\" content=\"1 minuta\" \/>\n<!-- \/ Yoast SEO plugin. -->","yoast_head_json":{"title":"Biodance Skin Refining Mild PHA Toner, 150 ml - tonik eksfoliuj\u0105cy - Selleetools.com","robots":{"index":"index","follow":"follow","max-snippet":"max-snippet:-1","max-image-preview":"max-image-preview:large","max-video-preview":"max-video-preview:-1"},"canonical":"https:\/\/admincentral.selleetools.com\/pl\/product\/biodance-skin-refining-mild-pha-toner-150-ml-tonik-eksfoliujacy\/","og_locale":"pl_PL","og_type":"article","og_title":"Biodance Skin Refining Mild PHA Toner, 150 ml - tonik eksfoliuj\u0105cy - Selleetools.com","og_description":"BIODANCE Skin Refining Mild PHA Toner to \u0142agodny tonik z\u0142uszczaj\u0105cy, kt\u00f3ry delikatnie wyg\u0142adza, nawil\u017ca i wzmacnia barier\u0119 sk\u00f3ry, jednocze\u015bnie minimalizuj\u0105c podra\u017cnienia. Dzi\u0119ki zawarto\u015bci PHA + LHA w st\u0119\u017ceniu a\u017c 80,000 ppm, tonik dzia\u0142a skutecznie, ale bez agresywnego dzia\u0142ania typowego dla mocniejszych kwas\u00f3w. Wzbogacony o 6-warstwowy kompleks ceramidowy, fermenty i nawil\u017caj\u0105ce sk\u0142adniki, tonik idealnie sprawdzi si\u0119 ... Read moreBiodance Skin Refining Mild PHA Toner, 150 ml &#8211; tonik eksfoliuj\u0105cy","og_url":"https:\/\/admincentral.selleetools.com\/pl\/product\/biodance-skin-refining-mild-pha-toner-150-ml-tonik-eksfoliujacy\/","og_site_name":"Selleetools.com","article_modified_time":"2025-11-04T20:01:00+00:00","og_image":[{"width":1200,"height":1200,"url":"https:\/\/selleetools.com\/wp-content\/uploads\/2025\/10\/dff87991a0eea8f20b5064ac8b891dc6.jpg","type":"image\/jpeg"}],"twitter_card":"summary_large_image","twitter_misc":{"Est. reading time":"1 minuta"},"schema":{"@context":"https:\/\/schema.org","@graph":[{"@type":"Organization","@id":"https:\/\/selleetools.com\/#organization","name":"Selleetools","url":"https:\/\/selleetools.com\/","sameAs":[],"logo":{"@type":"ImageObject","inLanguage":"pl-PL","@id":"https:\/\/selleetools.com\/#\/schema\/logo\/image\/","url":"https:\/\/selleetools.com\/wp-content\/uploads\/2021\/10\/logo-dark.png","contentUrl":"https:\/\/selleetools.com\/wp-content\/uploads\/2021\/10\/logo-dark.png","width":320,"height":76,"caption":"Selleetools"},"image":{"@id":"https:\/\/selleetools.com\/#\/schema\/logo\/image\/"}},{"@type":"WebSite","@id":"https:\/\/selleetools.com\/#website","url":"https:\/\/selleetools.com\/","name":"Selleetools.com","description":"","publisher":{"@id":"https:\/\/selleetools.com\/#organization"},"potentialAction":[{"@type":"SearchAction","target":{"@type":"EntryPoint","urlTemplate":"https:\/\/selleetools.com\/?s={search_term_string}"},"query-input":"required name=search_term_string"}],"inLanguage":"pl-PL"},{"@type":"WebPage","@id":"https:\/\/admincentral.selleetools.com\/pl\/product\/biodance-skin-refining-mild-pha-toner-150-ml-tonik-eksfoliujacy\/","url":"https:\/\/admincentral.selleetools.com\/pl\/product\/biodance-skin-refining-mild-pha-toner-150-ml-tonik-eksfoliujacy\/","name":"Biodance Skin Refining Mild PHA Toner, 150 ml - tonik eksfoliuj\u0105cy - Selleetools.com","isPartOf":{"@id":"https:\/\/selleetools.com\/#website"},"datePublished":"2025-10-24T11:50:11+00:00","dateModified":"2025-11-04T20:01:00+00:00","breadcrumb":{"@id":"https:\/\/admincentral.selleetools.com\/pl\/product\/biodance-skin-refining-mild-pha-toner-150-ml-tonik-eksfoliujacy\/#breadcrumb"},"inLanguage":"pl-PL","potentialAction":[{"@type":"ReadAction","target":["https:\/\/admincentral.selleetools.com\/pl\/product\/biodance-skin-refining-mild-pha-toner-150-ml-tonik-eksfoliujacy\/"]}]},{"@type":"BreadcrumbList","@id":"https:\/\/admincentral.selleetools.com\/pl\/product\/biodance-skin-refining-mild-pha-toner-150-ml-tonik-eksfoliujacy\/#breadcrumb","itemListElement":[{"@type":"ListItem","position":1,"name":"Home","item":"https:\/\/selleetools.com\/pl\/"},{"@type":"ListItem","position":2,"name":"Katalog","item":"https:\/\/selleetools.com\/pl\/katalog\/"},{"@type":"ListItem","position":3,"name":"Biodance Skin Refining Mild PHA Toner, 150 ml &#8211; tonik eksfoliuj\u0105cy"}]}]}},"_links":{"self":[{"href":"https:\/\/selleetools.com\/pl\/wp-json\/wp\/v2\/product\/606382"}],"collection":[{"href":"https:\/\/selleetools.com\/pl\/wp-json\/wp\/v2\/product"}],"about":[{"href":"https:\/\/selleetools.com\/pl\/wp-json\/wp\/v2\/types\/product"}],"replies":[{"embeddable":true,"href":"https:\/\/selleetools.com\/pl\/wp-json\/wp\/v2\/comments?post=606382"}],"wp:featuredmedia":[{"embeddable":true,"href":"https:\/\/selleetools.com\/pl\/wp-json\/wp\/v2\/media\/606380"}],"wp:attachment":[{"href":"https:\/\/selleetools.com\/pl\/wp-json\/wp\/v2\/media?parent=606382"}],"curies":[{"name":"wp","href":"https:\/\/api.w.org\/{rel}","templated":true}]}}