{"id":606352,"date":"2025-10-24T13:49:45","date_gmt":"2025-10-24T11:49:45","guid":{"rendered":"https:\/\/selleetools.com\/?post_type=product&#038;p=606352"},"modified":"2025-11-03T17:06:54","modified_gmt":"2025-11-03T16:06:54","slug":"baroness-zestaw-beauty-box-opaska-2-maski","status":"publish","type":"product","link":"https:\/\/selleetools.com\/pl\/product\/baroness-zestaw-beauty-box-opaska-2-maski\/","title":{"rendered":"Baroness zestaw Beauty Box: opaska + 2 maski"},"content":{"rendered":"<div><b>Baroness zestaw Beauty Box: opaska + 2 maski <\/b>to idealny zestaw do piel\u0119gnacji twarzy, kt\u00f3ry \u0142\u0105czy w sobie wygod\u0119 oraz intensywn\u0105 piel\u0119gnacj\u0119.\u00a0<\/div>\n<div><b><br \/><\/b><\/div>\n<div><b>Zestaw zawiera:<\/b><\/div>\n<div>\n<ul>\n<li>Opask\u0119 do w\u0142os\u00f3w \u2013 Praktyczna opaska, kt\u00f3ra pomaga odgarn\u0105\u0107 w\u0142osy z twarzy podczas aplikacji kosmetyk\u00f3w, dzi\u0119ki czemu piel\u0119gnacja jest bardziej komfortowa.<\/li>\n<li>Dwie maski w p\u0142achcie (<b>Baroness Vitamin C Mask Sheet &#8211;\u00a0Roz\u015bwietlaj\u0105ca maska w p\u0142achcie z witamin\u0105 C, 21g<\/b>\u00a0oraz <b>Baroness Aloe Mask Sheet &#8211;\u00a0Maska w p\u0142achcie z ekstraktem z aloesu, 21g<\/b>) &#8211; Maseczki marki Baroness stworzone, aby intensywnie nawil\u017ca\u0107 i od\u017cywia\u0107 sk\u00f3r\u0119. Ka\u017cda z masek jest nas\u0105czona sk\u0142adnikami od\u017cywczymi, kt\u00f3re g\u0142\u0119boko wnikaj\u0105 w sk\u00f3r\u0119, zapewniaj\u0105c jej regeneracj\u0119 i zdrowy wygl\u0105d.<\/li>\n<\/ul>\n<\/div>\n<div><\/div>\n<div><b>Korzy\u015bci:<\/b><\/div>\n<div>\n<ul>\n<li>Wygoda aplikacji \u2013 Opaska u\u0142atwia codzienn\u0105 piel\u0119gnacj\u0119, chroni\u0105c w\u0142osy przed zabrudzeniem.<\/li>\n<li>Intensywna piel\u0119gnacja \u2013 Maseczki w p\u0142achcie zapewniaj\u0105 g\u0142\u0119bokie nawil\u017cenie, regeneracj\u0119 oraz promienny wygl\u0105d sk\u00f3ry.<\/li>\n<li>Idealny prezent \u2013 Zestaw sprawdzi si\u0119 jako upominek dla ka\u017cdej osoby dbaj\u0105cej o swoj\u0105 sk\u00f3r\u0119.<\/li>\n<\/ul>\n<\/div>\n<div><b>Spos\u00f3b u\u017cycia:<\/b><\/div>\n<div>Za\u0142\u00f3\u017c opask\u0119, aby zabezpieczy\u0107 w\u0142osy.<\/div>\n<div>Na\u0142\u00f3\u017c mask\u0119 na oczyszczon\u0105 sk\u00f3r\u0119 twarzy i pozostaw na 15-20 minut.<\/div>\n<div>Po zdj\u0119ciu maski delikatnie wmasuj pozosta\u0142\u0105 esencj\u0119 w sk\u00f3r\u0119.<\/div>\n<div><\/div>\n<div>Zestaw Baroness Beauty Box to doskona\u0142a opcja dla os\u00f3b szukaj\u0105cych praktycznego i skutecznego rozwi\u0105zania do codziennej piel\u0119gnacji!<\/div>\n","protected":false},"excerpt":{"rendered":"<p>Baroness zestaw Beauty Box: opaska + 2 maski to idealny zestaw do piel\u0119gnacji twarzy, kt\u00f3ry \u0142\u0105czy w sobie wygod\u0119 oraz intensywn\u0105 piel\u0119gnacj\u0119.\u00a0 Zestaw zawiera: Opask\u0119 do w\u0142os\u00f3w \u2013 Praktyczna opaska, kt\u00f3ra pomaga odgarn\u0105\u0107 w\u0142osy z twarzy podczas aplikacji kosmetyk\u00f3w, dzi\u0119ki czemu piel\u0119gnacja jest bardziej komfortowa. Dwie maski w p\u0142achcie (Baroness Vitamin C Mask Sheet &#8211;\u00a0Roz\u015bwietlaj\u0105ca &#8230; <a title=\"Baroness zestaw Beauty Box: opaska + 2 maski\" class=\"read-more\" href=\"https:\/\/selleetools.com\/pl\/product\/baroness-zestaw-beauty-box-opaska-2-maski\/\">Read more<span class=\"screen-reader-text\">Baroness zestaw Beauty Box: opaska + 2 maski<\/span><\/a><\/p>\n","protected":false},"featured_media":606350,"comment_status":"open","ping_status":"closed","template":"","meta":{"_links_to":"","_links_to_target":""},"yoast_head":"<!-- This site is optimized with the Yoast SEO plugin v19.4 - https:\/\/yoast.com\/wordpress\/plugins\/seo\/ -->\n<title>Baroness zestaw Beauty Box: opaska + 2 maski - Selleetools.com<\/title>\n<meta name=\"robots\" content=\"index, follow, max-snippet:-1, max-image-preview:large, max-video-preview:-1\" \/>\n<link rel=\"canonical\" href=\"https:\/\/admincentral.selleetools.com\/pl\/product\/baroness-zestaw-beauty-box-opaska-2-maski\/\" \/>\n<meta property=\"og:locale\" content=\"pl_PL\" \/>\n<meta property=\"og:type\" content=\"article\" \/>\n<meta property=\"og:title\" content=\"Baroness zestaw Beauty Box: opaska + 2 maski - Selleetools.com\" \/>\n<meta property=\"og:description\" content=\"Baroness zestaw Beauty Box: opaska + 2 maski to idealny zestaw do piel\u0119gnacji twarzy, kt\u00f3ry \u0142\u0105czy w sobie wygod\u0119 oraz intensywn\u0105 piel\u0119gnacj\u0119.\u00a0 Zestaw zawiera: Opask\u0119 do w\u0142os\u00f3w \u2013 Praktyczna opaska, kt\u00f3ra pomaga odgarn\u0105\u0107 w\u0142osy z twarzy podczas aplikacji kosmetyk\u00f3w, dzi\u0119ki czemu piel\u0119gnacja jest bardziej komfortowa. Dwie maski w p\u0142achcie (Baroness Vitamin C Mask Sheet &#8211;\u00a0Roz\u015bwietlaj\u0105ca ... Read moreBaroness zestaw Beauty Box: opaska + 2 maski\" \/>\n<meta property=\"og:url\" content=\"https:\/\/admincentral.selleetools.com\/pl\/product\/baroness-zestaw-beauty-box-opaska-2-maski\/\" \/>\n<meta property=\"og:site_name\" content=\"Selleetools.com\" \/>\n<meta property=\"article:modified_time\" content=\"2025-11-03T16:06:54+00:00\" \/>\n<meta name=\"twitter:card\" content=\"summary_large_image\" \/>\n<meta name=\"twitter:image\" content=\"https:\/\/selleetools.com\/wp-content\/uploads\/2025\/10\/1.jpg\" \/>\n<meta name=\"twitter:label1\" content=\"Est. reading time\" \/>\n\t<meta name=\"twitter:data1\" content=\"1 minuta\" \/>\n<!-- \/ Yoast SEO plugin. -->","yoast_head_json":{"title":"Baroness zestaw Beauty Box: opaska + 2 maski - Selleetools.com","robots":{"index":"index","follow":"follow","max-snippet":"max-snippet:-1","max-image-preview":"max-image-preview:large","max-video-preview":"max-video-preview:-1"},"canonical":"https:\/\/admincentral.selleetools.com\/pl\/product\/baroness-zestaw-beauty-box-opaska-2-maski\/","og_locale":"pl_PL","og_type":"article","og_title":"Baroness zestaw Beauty Box: opaska + 2 maski - Selleetools.com","og_description":"Baroness zestaw Beauty Box: opaska + 2 maski to idealny zestaw do piel\u0119gnacji twarzy, kt\u00f3ry \u0142\u0105czy w sobie wygod\u0119 oraz intensywn\u0105 piel\u0119gnacj\u0119.\u00a0 Zestaw zawiera: Opask\u0119 do w\u0142os\u00f3w \u2013 Praktyczna opaska, kt\u00f3ra pomaga odgarn\u0105\u0107 w\u0142osy z twarzy podczas aplikacji kosmetyk\u00f3w, dzi\u0119ki czemu piel\u0119gnacja jest bardziej komfortowa. Dwie maski w p\u0142achcie (Baroness Vitamin C Mask Sheet &#8211;\u00a0Roz\u015bwietlaj\u0105ca ... Read moreBaroness zestaw Beauty Box: opaska + 2 maski","og_url":"https:\/\/admincentral.selleetools.com\/pl\/product\/baroness-zestaw-beauty-box-opaska-2-maski\/","og_site_name":"Selleetools.com","article_modified_time":"2025-11-03T16:06:54+00:00","twitter_card":"summary_large_image","twitter_image":"https:\/\/selleetools.com\/wp-content\/uploads\/2025\/10\/1.jpg","twitter_misc":{"Est. reading time":"1 minuta"},"schema":{"@context":"https:\/\/schema.org","@graph":[{"@type":"Organization","@id":"https:\/\/selleetools.com\/#organization","name":"Selleetools","url":"https:\/\/selleetools.com\/","sameAs":[],"logo":{"@type":"ImageObject","inLanguage":"pl-PL","@id":"https:\/\/selleetools.com\/#\/schema\/logo\/image\/","url":"https:\/\/selleetools.com\/wp-content\/uploads\/2021\/10\/logo-dark.png","contentUrl":"https:\/\/selleetools.com\/wp-content\/uploads\/2021\/10\/logo-dark.png","width":320,"height":76,"caption":"Selleetools"},"image":{"@id":"https:\/\/selleetools.com\/#\/schema\/logo\/image\/"}},{"@type":"WebSite","@id":"https:\/\/selleetools.com\/#website","url":"https:\/\/selleetools.com\/","name":"Selleetools.com","description":"","publisher":{"@id":"https:\/\/selleetools.com\/#organization"},"potentialAction":[{"@type":"SearchAction","target":{"@type":"EntryPoint","urlTemplate":"https:\/\/selleetools.com\/?s={search_term_string}"},"query-input":"required name=search_term_string"}],"inLanguage":"pl-PL"},{"@type":"WebPage","@id":"https:\/\/admincentral.selleetools.com\/pl\/product\/baroness-zestaw-beauty-box-opaska-2-maski\/","url":"https:\/\/admincentral.selleetools.com\/pl\/product\/baroness-zestaw-beauty-box-opaska-2-maski\/","name":"Baroness zestaw Beauty Box: opaska + 2 maski - Selleetools.com","isPartOf":{"@id":"https:\/\/selleetools.com\/#website"},"datePublished":"2025-10-24T11:49:45+00:00","dateModified":"2025-11-03T16:06:54+00:00","breadcrumb":{"@id":"https:\/\/admincentral.selleetools.com\/pl\/product\/baroness-zestaw-beauty-box-opaska-2-maski\/#breadcrumb"},"inLanguage":"pl-PL","potentialAction":[{"@type":"ReadAction","target":["https:\/\/admincentral.selleetools.com\/pl\/product\/baroness-zestaw-beauty-box-opaska-2-maski\/"]}]},{"@type":"BreadcrumbList","@id":"https:\/\/admincentral.selleetools.com\/pl\/product\/baroness-zestaw-beauty-box-opaska-2-maski\/#breadcrumb","itemListElement":[{"@type":"ListItem","position":1,"name":"Home","item":"https:\/\/selleetools.com\/pl\/"},{"@type":"ListItem","position":2,"name":"Katalog","item":"https:\/\/selleetools.com\/pl\/katalog\/"},{"@type":"ListItem","position":3,"name":"Baroness zestaw Beauty Box: opaska + 2 maski"}]}]}},"_links":{"self":[{"href":"https:\/\/selleetools.com\/pl\/wp-json\/wp\/v2\/product\/606352"}],"collection":[{"href":"https:\/\/selleetools.com\/pl\/wp-json\/wp\/v2\/product"}],"about":[{"href":"https:\/\/selleetools.com\/pl\/wp-json\/wp\/v2\/types\/product"}],"replies":[{"embeddable":true,"href":"https:\/\/selleetools.com\/pl\/wp-json\/wp\/v2\/comments?post=606352"}],"wp:featuredmedia":[{"embeddable":true,"href":"https:\/\/selleetools.com\/pl\/wp-json\/wp\/v2\/media\/606350"}],"wp:attachment":[{"href":"https:\/\/selleetools.com\/pl\/wp-json\/wp\/v2\/media?parent=606352"}],"curies":[{"name":"wp","href":"https:\/\/api.w.org\/{rel}","templated":true}]}}