{"id":606349,"date":"2025-10-24T13:49:43","date_gmt":"2025-10-24T11:49:43","guid":{"rendered":"https:\/\/selleetools.com\/?post_type=product&#038;p=606349"},"modified":"2025-11-04T20:51:54","modified_gmt":"2025-11-04T19:51:54","slug":"medi-peel-red-lacto-collagen-wrapping-mask-70-ml-maseczka-przeciwstarzeniowa","status":"publish","type":"product","link":"https:\/\/selleetools.com\/pl\/product\/medi-peel-red-lacto-collagen-wrapping-mask-70-ml-maseczka-przeciwstarzeniowa\/","title":{"rendered":"MEDI-PEEL Red Lacto Collagen Wrapping Mask 70 ml &#8211; Maseczka przeciwstarzeniowa"},"content":{"rendered":"<p>MEDI-PEEL Red Lacto Collagen Wrapping Mask to maska o intensywnym dzia\u0142aniu regeneruj\u0105cym i nawil\u017caj\u0105cym, kt\u00f3ra pomaga w odbudowie sk\u00f3ry, poprawie jej elastyczno\u015bci oraz wyg\u0142adzeniu drobnych zmarszczek. Dzi\u0119ki hydrolizowanemu kolagenowi oraz kwasowi hialuronowemu, maska skutecznie nawil\u017ca i wzmacnia struktur\u0119 sk\u00f3ry, poprawiaj\u0105c jej j\u0119drno\u015b\u0107 i spr\u0119\u017cysto\u015b\u0107. Dodatkowo, ekstrakty ro\u015blinne, takie jak ekstrakt z kaki, winogron, kawy czy zielonej herbaty, dzia\u0142aj\u0105 przeciwutleniaj\u0105co i wspomagaj\u0105 regeneracj\u0119 sk\u00f3ry, przywracaj\u0105c jej zdrowy, promienny wygl\u0105d.<\/p>\n<p>Korzy\u015bci dla sk\u00f3ry:<br \/>\nG\u0142\u0119bokie nawil\u017cenie i regeneracja<br \/>\nUj\u0119drnienie i poprawa elastyczno\u015bci sk\u00f3ry<br \/>\nRedukcja oznak starzenia i wyg\u0142adzenie sk\u00f3ry<br \/>\nZacie\u015bnienie por\u00f3w oraz poprawa tekstury sk\u00f3ry<br \/>\nSk\u00f3ra staje si\u0119 g\u0142adka, j\u0119drna i promienna<\/p>\n<p>Spos\u00f3b u\u017cycia: W ostatnim etapie piel\u0119gnacji sk\u00f3ry, po umyciu twarzy, na\u0142\u00f3\u017c oko\u0142o 5 ml produktu r\u00f3wnomiernie na ca\u0142\u0105 twarz, omijaj\u0105c okolice oczu i ust. Po oko\u0142o 20\u201330 minutach, gdy utworzy si\u0119 przezroczysta warstwa, delikatnie usu\u0144 mask\u0119 zaczynaj\u0105c od kraw\u0119dzi. Pozosta\u0142o\u015bci esencji delikatnie wklep w sk\u00f3r\u0119, aby u\u0142atwi\u0107 jej wch\u0142anianie.<\/p>\n","protected":false},"excerpt":{"rendered":"<p>MEDI-PEEL Red Lacto Collagen Wrapping Mask to maska o intensywnym dzia\u0142aniu regeneruj\u0105cym i nawil\u017caj\u0105cym, kt\u00f3ra pomaga w odbudowie sk\u00f3ry, poprawie jej elastyczno\u015bci oraz wyg\u0142adzeniu drobnych zmarszczek. Dzi\u0119ki hydrolizowanemu kolagenowi oraz kwasowi hialuronowemu, maska skutecznie nawil\u017ca i wzmacnia struktur\u0119 sk\u00f3ry, poprawiaj\u0105c jej j\u0119drno\u015b\u0107 i spr\u0119\u017cysto\u015b\u0107. Dodatkowo, ekstrakty ro\u015blinne, takie jak ekstrakt z kaki, winogron, kawy czy &#8230; <a title=\"MEDI-PEEL Red Lacto Collagen Wrapping Mask 70 ml &#8211; Maseczka przeciwstarzeniowa\" class=\"read-more\" href=\"https:\/\/selleetools.com\/pl\/product\/medi-peel-red-lacto-collagen-wrapping-mask-70-ml-maseczka-przeciwstarzeniowa\/\">Read more<span class=\"screen-reader-text\">MEDI-PEEL Red Lacto Collagen Wrapping Mask 70 ml &#8211; Maseczka przeciwstarzeniowa<\/span><\/a><\/p>\n","protected":false},"featured_media":606347,"comment_status":"open","ping_status":"closed","template":"","meta":{"_links_to":"","_links_to_target":""},"yoast_head":"<!-- This site is optimized with the Yoast SEO plugin v19.4 - https:\/\/yoast.com\/wordpress\/plugins\/seo\/ -->\n<title>MEDI-PEEL Red Lacto Collagen Wrapping Mask 70 ml - Maseczka przeciwstarzeniowa - Selleetools.com<\/title>\n<meta name=\"robots\" content=\"index, follow, max-snippet:-1, max-image-preview:large, max-video-preview:-1\" \/>\n<link rel=\"canonical\" href=\"https:\/\/selleetools.com\/pl\/product\/medi-peel-red-lacto-collagen-wrapping-mask-70-ml-maseczka-przeciwstarzeniowa\/\" \/>\n<meta property=\"og:locale\" content=\"pl_PL\" \/>\n<meta property=\"og:type\" content=\"article\" \/>\n<meta property=\"og:title\" content=\"MEDI-PEEL Red Lacto Collagen Wrapping Mask 70 ml - Maseczka przeciwstarzeniowa - Selleetools.com\" \/>\n<meta property=\"og:description\" content=\"MEDI-PEEL Red Lacto Collagen Wrapping Mask to maska o intensywnym dzia\u0142aniu regeneruj\u0105cym i nawil\u017caj\u0105cym, kt\u00f3ra pomaga w odbudowie sk\u00f3ry, poprawie jej elastyczno\u015bci oraz wyg\u0142adzeniu drobnych zmarszczek. Dzi\u0119ki hydrolizowanemu kolagenowi oraz kwasowi hialuronowemu, maska skutecznie nawil\u017ca i wzmacnia struktur\u0119 sk\u00f3ry, poprawiaj\u0105c jej j\u0119drno\u015b\u0107 i spr\u0119\u017cysto\u015b\u0107. Dodatkowo, ekstrakty ro\u015blinne, takie jak ekstrakt z kaki, winogron, kawy czy ... Read moreMEDI-PEEL Red Lacto Collagen Wrapping Mask 70 ml &#8211; Maseczka przeciwstarzeniowa\" \/>\n<meta property=\"og:url\" content=\"https:\/\/selleetools.com\/pl\/product\/medi-peel-red-lacto-collagen-wrapping-mask-70-ml-maseczka-przeciwstarzeniowa\/\" \/>\n<meta property=\"og:site_name\" content=\"Selleetools.com\" \/>\n<meta property=\"article:modified_time\" content=\"2025-11-04T19:51:54+00:00\" \/>\n<meta property=\"og:image\" content=\"https:\/\/selleetools.com\/wp-content\/uploads\/2025\/10\/10e90cd4ab304ee06bc7d43c7c5d1687.png\" \/>\n\t<meta property=\"og:image:width\" content=\"3000\" \/>\n\t<meta property=\"og:image:height\" content=\"3000\" \/>\n\t<meta property=\"og:image:type\" content=\"image\/png\" \/>\n<meta name=\"twitter:card\" content=\"summary_large_image\" \/>\n<meta name=\"twitter:label1\" content=\"Est. reading time\" \/>\n\t<meta name=\"twitter:data1\" content=\"1 minuta\" \/>\n<!-- \/ Yoast SEO plugin. -->","yoast_head_json":{"title":"MEDI-PEEL Red Lacto Collagen Wrapping Mask 70 ml - Maseczka przeciwstarzeniowa - Selleetools.com","robots":{"index":"index","follow":"follow","max-snippet":"max-snippet:-1","max-image-preview":"max-image-preview:large","max-video-preview":"max-video-preview:-1"},"canonical":"https:\/\/selleetools.com\/pl\/product\/medi-peel-red-lacto-collagen-wrapping-mask-70-ml-maseczka-przeciwstarzeniowa\/","og_locale":"pl_PL","og_type":"article","og_title":"MEDI-PEEL Red Lacto Collagen Wrapping Mask 70 ml - Maseczka przeciwstarzeniowa - Selleetools.com","og_description":"MEDI-PEEL Red Lacto Collagen Wrapping Mask to maska o intensywnym dzia\u0142aniu regeneruj\u0105cym i nawil\u017caj\u0105cym, kt\u00f3ra pomaga w odbudowie sk\u00f3ry, poprawie jej elastyczno\u015bci oraz wyg\u0142adzeniu drobnych zmarszczek. Dzi\u0119ki hydrolizowanemu kolagenowi oraz kwasowi hialuronowemu, maska skutecznie nawil\u017ca i wzmacnia struktur\u0119 sk\u00f3ry, poprawiaj\u0105c jej j\u0119drno\u015b\u0107 i spr\u0119\u017cysto\u015b\u0107. Dodatkowo, ekstrakty ro\u015blinne, takie jak ekstrakt z kaki, winogron, kawy czy ... Read moreMEDI-PEEL Red Lacto Collagen Wrapping Mask 70 ml &#8211; Maseczka przeciwstarzeniowa","og_url":"https:\/\/selleetools.com\/pl\/product\/medi-peel-red-lacto-collagen-wrapping-mask-70-ml-maseczka-przeciwstarzeniowa\/","og_site_name":"Selleetools.com","article_modified_time":"2025-11-04T19:51:54+00:00","og_image":[{"width":3000,"height":3000,"url":"https:\/\/selleetools.com\/wp-content\/uploads\/2025\/10\/10e90cd4ab304ee06bc7d43c7c5d1687.png","type":"image\/png"}],"twitter_card":"summary_large_image","twitter_misc":{"Est. reading time":"1 minuta"},"schema":{"@context":"https:\/\/schema.org","@graph":[{"@type":"Organization","@id":"https:\/\/selleetools.com\/#organization","name":"Selleetools","url":"https:\/\/selleetools.com\/","sameAs":[],"logo":{"@type":"ImageObject","inLanguage":"pl-PL","@id":"https:\/\/selleetools.com\/#\/schema\/logo\/image\/","url":"https:\/\/selleetools.com\/wp-content\/uploads\/2021\/10\/logo-dark.png","contentUrl":"https:\/\/selleetools.com\/wp-content\/uploads\/2021\/10\/logo-dark.png","width":320,"height":76,"caption":"Selleetools"},"image":{"@id":"https:\/\/selleetools.com\/#\/schema\/logo\/image\/"}},{"@type":"WebSite","@id":"https:\/\/selleetools.com\/#website","url":"https:\/\/selleetools.com\/","name":"Selleetools.com","description":"","publisher":{"@id":"https:\/\/selleetools.com\/#organization"},"potentialAction":[{"@type":"SearchAction","target":{"@type":"EntryPoint","urlTemplate":"https:\/\/selleetools.com\/?s={search_term_string}"},"query-input":"required name=search_term_string"}],"inLanguage":"pl-PL"},{"@type":"WebPage","@id":"https:\/\/selleetools.com\/pl\/product\/medi-peel-red-lacto-collagen-wrapping-mask-70-ml-maseczka-przeciwstarzeniowa\/","url":"https:\/\/selleetools.com\/pl\/product\/medi-peel-red-lacto-collagen-wrapping-mask-70-ml-maseczka-przeciwstarzeniowa\/","name":"MEDI-PEEL Red Lacto Collagen Wrapping Mask 70 ml - Maseczka przeciwstarzeniowa - Selleetools.com","isPartOf":{"@id":"https:\/\/selleetools.com\/#website"},"datePublished":"2025-10-24T11:49:43+00:00","dateModified":"2025-11-04T19:51:54+00:00","breadcrumb":{"@id":"https:\/\/selleetools.com\/pl\/product\/medi-peel-red-lacto-collagen-wrapping-mask-70-ml-maseczka-przeciwstarzeniowa\/#breadcrumb"},"inLanguage":"pl-PL","potentialAction":[{"@type":"ReadAction","target":["https:\/\/selleetools.com\/pl\/product\/medi-peel-red-lacto-collagen-wrapping-mask-70-ml-maseczka-przeciwstarzeniowa\/"]}]},{"@type":"BreadcrumbList","@id":"https:\/\/selleetools.com\/pl\/product\/medi-peel-red-lacto-collagen-wrapping-mask-70-ml-maseczka-przeciwstarzeniowa\/#breadcrumb","itemListElement":[{"@type":"ListItem","position":1,"name":"Home","item":"https:\/\/selleetools.com\/pl\/"},{"@type":"ListItem","position":2,"name":"Katalog","item":"https:\/\/selleetools.com\/pl\/katalog\/"},{"@type":"ListItem","position":3,"name":"MEDI-PEEL Red Lacto Collagen Wrapping Mask 70 ml &#8211; Maseczka przeciwstarzeniowa"}]}]}},"_links":{"self":[{"href":"https:\/\/selleetools.com\/pl\/wp-json\/wp\/v2\/product\/606349"}],"collection":[{"href":"https:\/\/selleetools.com\/pl\/wp-json\/wp\/v2\/product"}],"about":[{"href":"https:\/\/selleetools.com\/pl\/wp-json\/wp\/v2\/types\/product"}],"replies":[{"embeddable":true,"href":"https:\/\/selleetools.com\/pl\/wp-json\/wp\/v2\/comments?post=606349"}],"wp:featuredmedia":[{"embeddable":true,"href":"https:\/\/selleetools.com\/pl\/wp-json\/wp\/v2\/media\/606347"}],"wp:attachment":[{"href":"https:\/\/selleetools.com\/pl\/wp-json\/wp\/v2\/media?parent=606349"}],"curies":[{"name":"wp","href":"https:\/\/api.w.org\/{rel}","templated":true}]}}