{"id":606346,"date":"2025-10-24T13:49:38","date_gmt":"2025-10-24T11:49:38","guid":{"rendered":"https:\/\/selleetools.com\/?post_type=product&#038;p=606346"},"modified":"2025-11-03T17:06:56","modified_gmt":"2025-11-03T16:06:56","slug":"tirtir-mask-fit-cushion-23n-sand-spf50-pa-18-g-podklad-w-formie-cushion","status":"publish","type":"product","link":"https:\/\/selleetools.com\/pl\/product\/tirtir-mask-fit-cushion-23n-sand-spf50-pa-18-g-podklad-w-formie-cushion\/","title":{"rendered":"TIRTIR MASK FIT CUSHION 23N SAND SPF50+ PA+++ 18 g &#8211; Podk\u0142ad w formie cushion"},"content":{"rendered":"<p>TIRTIR MASK FIT CUSHION 23N SAND, 18g  to podk\u0142ad w formie cushion, kt\u00f3ry \u0142\u0105czy w sobie w\u0142a\u015bciwo\u015bci makija\u017cu oraz piel\u0119gnacji sk\u00f3ry. Jego formu\u0142a zapewnia d\u0142ugotrwa\u0142e krycie, a jednocze\u015bnie nawil\u017ca i od\u017cywia sk\u00f3r\u0119, co czyni go idealnym rozwi\u0105zaniem na co dzie\u0144.<\/p>\n<p>Korzy\u015bci dla sk\u00f3ry:<br \/>\nD\u0142ugotrwa\u0142e krycie \u2013 Sk\u0142adniki pigmentuj\u0105ce zapewniaj\u0105 skuteczne maskowanie niedoskona\u0142o\u015bci i wyr\u00f3wnanie kolorytu cery.<br \/>\nNawil\u017cenie i od\u017cywienie \u2013 Formu\u0142a bogata w sk\u0142adniki aktywne sprawia, \u017ce sk\u00f3ra wygl\u0105da zdrowo i promiennie.<br \/>\nOchrona przeciws\u0142oneczna SPF50+ PA+++ \u2013 Filtry UV zabezpieczaj\u0105 przed szkodliwym dzia\u0142aniem s\u0142o\u0144ca, co jest kluczowe w codziennej piel\u0119gnacji.<br \/>\nRegeneracja \u2013 Ekstrakty ro\u015blinne i inne sk\u0142adniki aktywne wspieraj\u0105 naturalny proces regeneracji sk\u00f3ry.<\/p>\n<p>Spos\u00f3b u\u017cycia:<br \/>\nOczy\u015b\u0107 i nawil\u017c sk\u00f3r\u0119 przed aplikacj\u0105.<br \/>\nU\u017cyj g\u0105bki lub palc\u00f3w, aby na\u0142o\u017cy\u0107 niewielk\u0105 ilo\u015b\u0107 produktu na sk\u00f3r\u0119, r\u00f3wnomiernie rozprowadzaj\u0105c.<br \/>\nMo\u017ce by\u0107 stosowany jako baza pod makija\u017c lub samodzielnie dla naturalnego efektu.<\/p>\n<p>TIRTIR MASK FIT CUSHION 23N SAND to \u015bwietny wyb\u00f3r dla os\u00f3b pragn\u0105cych po\u0142\u0105czy\u0107 piel\u0119gnacj\u0119 sk\u00f3ry z codziennym makija\u017cem, uzyskuj\u0105c przy tym efekt zdrowej, promiennej cery.<\/p>\n","protected":false},"excerpt":{"rendered":"<p>TIRTIR MASK FIT CUSHION 23N SAND, 18g to podk\u0142ad w formie cushion, kt\u00f3ry \u0142\u0105czy w sobie w\u0142a\u015bciwo\u015bci makija\u017cu oraz piel\u0119gnacji sk\u00f3ry. Jego formu\u0142a zapewnia d\u0142ugotrwa\u0142e krycie, a jednocze\u015bnie nawil\u017ca i od\u017cywia sk\u00f3r\u0119, co czyni go idealnym rozwi\u0105zaniem na co dzie\u0144. Korzy\u015bci dla sk\u00f3ry: D\u0142ugotrwa\u0142e krycie \u2013 Sk\u0142adniki pigmentuj\u0105ce zapewniaj\u0105 skuteczne maskowanie niedoskona\u0142o\u015bci i wyr\u00f3wnanie kolorytu &#8230; <a title=\"TIRTIR MASK FIT CUSHION 23N SAND SPF50+ PA+++ 18 g &#8211; Podk\u0142ad w formie cushion\" class=\"read-more\" href=\"https:\/\/selleetools.com\/pl\/product\/tirtir-mask-fit-cushion-23n-sand-spf50-pa-18-g-podklad-w-formie-cushion\/\">Read more<span class=\"screen-reader-text\">TIRTIR MASK FIT CUSHION 23N SAND SPF50+ PA+++ 18 g &#8211; Podk\u0142ad w formie cushion<\/span><\/a><\/p>\n","protected":false},"featured_media":606344,"comment_status":"open","ping_status":"closed","template":"","meta":{"_links_to":"","_links_to_target":""},"yoast_head":"<!-- This site is optimized with the Yoast SEO plugin v19.4 - https:\/\/yoast.com\/wordpress\/plugins\/seo\/ -->\n<title>TIRTIR MASK FIT CUSHION 23N SAND SPF50+ PA+++ 18 g - Podk\u0142ad w formie cushion - Selleetools.com<\/title>\n<meta name=\"robots\" content=\"index, follow, max-snippet:-1, max-image-preview:large, max-video-preview:-1\" \/>\n<link rel=\"canonical\" href=\"https:\/\/selleetools.com\/pl\/product\/tirtir-mask-fit-cushion-23n-sand-spf50-pa-18-g-podklad-w-formie-cushion\/\" \/>\n<meta property=\"og:locale\" content=\"pl_PL\" \/>\n<meta property=\"og:type\" content=\"article\" \/>\n<meta property=\"og:title\" content=\"TIRTIR MASK FIT CUSHION 23N SAND SPF50+ PA+++ 18 g - Podk\u0142ad w formie cushion - Selleetools.com\" \/>\n<meta property=\"og:description\" content=\"TIRTIR MASK FIT CUSHION 23N SAND, 18g to podk\u0142ad w formie cushion, kt\u00f3ry \u0142\u0105czy w sobie w\u0142a\u015bciwo\u015bci makija\u017cu oraz piel\u0119gnacji sk\u00f3ry. Jego formu\u0142a zapewnia d\u0142ugotrwa\u0142e krycie, a jednocze\u015bnie nawil\u017ca i od\u017cywia sk\u00f3r\u0119, co czyni go idealnym rozwi\u0105zaniem na co dzie\u0144. Korzy\u015bci dla sk\u00f3ry: D\u0142ugotrwa\u0142e krycie \u2013 Sk\u0142adniki pigmentuj\u0105ce zapewniaj\u0105 skuteczne maskowanie niedoskona\u0142o\u015bci i wyr\u00f3wnanie kolorytu ... Read moreTIRTIR MASK FIT CUSHION 23N SAND SPF50+ PA+++ 18 g &#8211; Podk\u0142ad w formie cushion\" \/>\n<meta property=\"og:url\" content=\"https:\/\/selleetools.com\/pl\/product\/tirtir-mask-fit-cushion-23n-sand-spf50-pa-18-g-podklad-w-formie-cushion\/\" \/>\n<meta property=\"og:site_name\" content=\"Selleetools.com\" \/>\n<meta property=\"article:modified_time\" content=\"2025-11-03T16:06:56+00:00\" \/>\n<meta property=\"og:image\" content=\"https:\/\/selleetools.com\/wp-content\/uploads\/2025\/10\/eedbc838dd8a1e0f1ea82f8fe5a1a403.png\" \/>\n\t<meta property=\"og:image:width\" content=\"2160\" \/>\n\t<meta property=\"og:image:height\" content=\"2160\" \/>\n\t<meta property=\"og:image:type\" content=\"image\/png\" \/>\n<meta name=\"twitter:card\" content=\"summary_large_image\" \/>\n<meta name=\"twitter:label1\" content=\"Est. reading time\" \/>\n\t<meta name=\"twitter:data1\" content=\"1 minuta\" \/>\n<!-- \/ Yoast SEO plugin. -->","yoast_head_json":{"title":"TIRTIR MASK FIT CUSHION 23N SAND SPF50+ PA+++ 18 g - Podk\u0142ad w formie cushion - Selleetools.com","robots":{"index":"index","follow":"follow","max-snippet":"max-snippet:-1","max-image-preview":"max-image-preview:large","max-video-preview":"max-video-preview:-1"},"canonical":"https:\/\/selleetools.com\/pl\/product\/tirtir-mask-fit-cushion-23n-sand-spf50-pa-18-g-podklad-w-formie-cushion\/","og_locale":"pl_PL","og_type":"article","og_title":"TIRTIR MASK FIT CUSHION 23N SAND SPF50+ PA+++ 18 g - Podk\u0142ad w formie cushion - Selleetools.com","og_description":"TIRTIR MASK FIT CUSHION 23N SAND, 18g to podk\u0142ad w formie cushion, kt\u00f3ry \u0142\u0105czy w sobie w\u0142a\u015bciwo\u015bci makija\u017cu oraz piel\u0119gnacji sk\u00f3ry. Jego formu\u0142a zapewnia d\u0142ugotrwa\u0142e krycie, a jednocze\u015bnie nawil\u017ca i od\u017cywia sk\u00f3r\u0119, co czyni go idealnym rozwi\u0105zaniem na co dzie\u0144. Korzy\u015bci dla sk\u00f3ry: D\u0142ugotrwa\u0142e krycie \u2013 Sk\u0142adniki pigmentuj\u0105ce zapewniaj\u0105 skuteczne maskowanie niedoskona\u0142o\u015bci i wyr\u00f3wnanie kolorytu ... Read moreTIRTIR MASK FIT CUSHION 23N SAND SPF50+ PA+++ 18 g &#8211; Podk\u0142ad w formie cushion","og_url":"https:\/\/selleetools.com\/pl\/product\/tirtir-mask-fit-cushion-23n-sand-spf50-pa-18-g-podklad-w-formie-cushion\/","og_site_name":"Selleetools.com","article_modified_time":"2025-11-03T16:06:56+00:00","og_image":[{"width":2160,"height":2160,"url":"https:\/\/selleetools.com\/wp-content\/uploads\/2025\/10\/eedbc838dd8a1e0f1ea82f8fe5a1a403.png","type":"image\/png"}],"twitter_card":"summary_large_image","twitter_misc":{"Est. reading time":"1 minuta"},"schema":{"@context":"https:\/\/schema.org","@graph":[{"@type":"Organization","@id":"https:\/\/selleetools.com\/#organization","name":"Selleetools","url":"https:\/\/selleetools.com\/","sameAs":[],"logo":{"@type":"ImageObject","inLanguage":"pl-PL","@id":"https:\/\/selleetools.com\/#\/schema\/logo\/image\/","url":"https:\/\/selleetools.com\/wp-content\/uploads\/2021\/10\/logo-dark.png","contentUrl":"https:\/\/selleetools.com\/wp-content\/uploads\/2021\/10\/logo-dark.png","width":320,"height":76,"caption":"Selleetools"},"image":{"@id":"https:\/\/selleetools.com\/#\/schema\/logo\/image\/"}},{"@type":"WebSite","@id":"https:\/\/selleetools.com\/#website","url":"https:\/\/selleetools.com\/","name":"Selleetools.com","description":"","publisher":{"@id":"https:\/\/selleetools.com\/#organization"},"potentialAction":[{"@type":"SearchAction","target":{"@type":"EntryPoint","urlTemplate":"https:\/\/selleetools.com\/?s={search_term_string}"},"query-input":"required name=search_term_string"}],"inLanguage":"pl-PL"},{"@type":"WebPage","@id":"https:\/\/selleetools.com\/pl\/product\/tirtir-mask-fit-cushion-23n-sand-spf50-pa-18-g-podklad-w-formie-cushion\/","url":"https:\/\/selleetools.com\/pl\/product\/tirtir-mask-fit-cushion-23n-sand-spf50-pa-18-g-podklad-w-formie-cushion\/","name":"TIRTIR MASK FIT CUSHION 23N SAND SPF50+ PA+++ 18 g - Podk\u0142ad w formie cushion - Selleetools.com","isPartOf":{"@id":"https:\/\/selleetools.com\/#website"},"datePublished":"2025-10-24T11:49:38+00:00","dateModified":"2025-11-03T16:06:56+00:00","breadcrumb":{"@id":"https:\/\/selleetools.com\/pl\/product\/tirtir-mask-fit-cushion-23n-sand-spf50-pa-18-g-podklad-w-formie-cushion\/#breadcrumb"},"inLanguage":"pl-PL","potentialAction":[{"@type":"ReadAction","target":["https:\/\/selleetools.com\/pl\/product\/tirtir-mask-fit-cushion-23n-sand-spf50-pa-18-g-podklad-w-formie-cushion\/"]}]},{"@type":"BreadcrumbList","@id":"https:\/\/selleetools.com\/pl\/product\/tirtir-mask-fit-cushion-23n-sand-spf50-pa-18-g-podklad-w-formie-cushion\/#breadcrumb","itemListElement":[{"@type":"ListItem","position":1,"name":"Home","item":"https:\/\/selleetools.com\/pl\/"},{"@type":"ListItem","position":2,"name":"Katalog","item":"https:\/\/selleetools.com\/pl\/katalog\/"},{"@type":"ListItem","position":3,"name":"TIRTIR MASK FIT CUSHION 23N SAND SPF50+ PA+++ 18 g &#8211; Podk\u0142ad w formie cushion"}]}]}},"_links":{"self":[{"href":"https:\/\/selleetools.com\/pl\/wp-json\/wp\/v2\/product\/606346"}],"collection":[{"href":"https:\/\/selleetools.com\/pl\/wp-json\/wp\/v2\/product"}],"about":[{"href":"https:\/\/selleetools.com\/pl\/wp-json\/wp\/v2\/types\/product"}],"replies":[{"embeddable":true,"href":"https:\/\/selleetools.com\/pl\/wp-json\/wp\/v2\/comments?post=606346"}],"wp:featuredmedia":[{"embeddable":true,"href":"https:\/\/selleetools.com\/pl\/wp-json\/wp\/v2\/media\/606344"}],"wp:attachment":[{"href":"https:\/\/selleetools.com\/pl\/wp-json\/wp\/v2\/media?parent=606346"}],"curies":[{"name":"wp","href":"https:\/\/api.w.org\/{rel}","templated":true}]}}