{"id":606334,"date":"2025-10-24T13:49:25","date_gmt":"2025-10-24T11:49:25","guid":{"rendered":"https:\/\/selleetools.com\/?post_type=product&#038;p=606334"},"modified":"2026-03-03T11:12:28","modified_gmt":"2026-03-03T10:12:28","slug":"dr-althea-rapid-firm-sculpting-cream-45-ml-krem-ujedrniajacy","status":"publish","type":"product","link":"https:\/\/selleetools.com\/pl\/product\/dr-althea-rapid-firm-sculpting-cream-45-ml-krem-ujedrniajacy\/","title":{"rendered":"Dr.Althea Rapid Firm Sculpting Cream 45 ml &#8211; Krem uj\u0119drniaj\u0105cy"},"content":{"rendered":"<p>Dr. Althea Rapid Firm Sculpting Cream to zaawansowany krem do piel\u0119gnacji sk\u00f3ry, kt\u00f3ry zosta\u0142 stworzony z my\u015bl\u0105 o intensywnym uj\u0119drnianiu i modelowaniu kontur\u00f3w twarzy. Bogata formu\u0142a oparta na nowoczesnych sk\u0142adnikach aktywnych zapewnia szybki efekt liftingu, wyg\u0142adzania i od\u017cywienia sk\u00f3ry, co czyni go idealnym wyborem dla os\u00f3b szukaj\u0105cych skutecznego rozwi\u0105zania przeciw oznakom starzenia si\u0119 sk\u00f3ry.<\/p>\n<p>Korzy\u015bci dla sk\u00f3ry:<br \/>\nIntensywne uj\u0119drnienie i lifting: Krem natychmiastowo napina i uj\u0119drnia sk\u00f3r\u0119, przywracaj\u0105c jej elastyczno\u015b\u0107 oraz m\u0142ody wygl\u0105d.<br \/>\nWyg\u0142adzenie zmarszczek: Regularne stosowanie kremu redukuje widoczno\u015b\u0107 drobnych linii i zmarszczek, szczeg\u00f3lnie wok\u00f3\u0142 ust, oczu i na czole.<br \/>\nOd\u017cywienie i regeneracja: Zawiera sk\u0142adniki nawil\u017caj\u0105ce i od\u017cywcze, kt\u00f3re wzmacniaj\u0105 barier\u0119 ochronn\u0105 sk\u00f3ry, wspomagaj\u0105c jej regeneracj\u0119 i pozostawiaj\u0105c j\u0105 mi\u0119kk\u0105 oraz g\u0142adk\u0105.<br \/>\nLepszy owal twarzy: Formu\u0142a kremu zosta\u0142a opracowana tak, aby pom\u00f3c modelowa\u0107 kontur twarzy, co daje efekt wyszczuplenia i wyg\u0142adzenia linii twarzy.<\/p>\n<p>Spos\u00f3b u\u017cycia:<br \/>\nOczy\u015b\u0107 i osusz sk\u00f3r\u0119 twarzy.<br \/>\nNanie\u015b niewielk\u0105 ilo\u015b\u0107 kremu na d\u0142o\u0144 i delikatnie wmasuj w sk\u00f3r\u0119 twarzy i szyi, szczeg\u00f3lnie w obszarach wymagaj\u0105cych uj\u0119drnienia.<br \/>\nStosuj rano i wieczorem jako ostatni krok piel\u0119gnacyjny.<br \/>\nDla intensywniejszego efektu uj\u0119drnienia zaleca si\u0119 delikatne masowanie sk\u00f3ry przez 1-2 minuty podczas aplikacji.<\/p>\n<p>Dr. Althea Rapid Firm Sculpting Cream to krem, kt\u00f3ry szybko przynosi widoczne efekty \u2013 Twoja sk\u00f3ra staje si\u0119 bardziej spr\u0119\u017cysta, napi\u0119ta i promienna!<\/p>\n","protected":false},"excerpt":{"rendered":"<p>Dr. Althea Rapid Firm Sculpting Cream to zaawansowany krem do piel\u0119gnacji sk\u00f3ry, kt\u00f3ry zosta\u0142 stworzony z my\u015bl\u0105 o intensywnym uj\u0119drnianiu i modelowaniu kontur\u00f3w twarzy. Bogata formu\u0142a oparta na nowoczesnych sk\u0142adnikach aktywnych zapewnia szybki efekt liftingu, wyg\u0142adzania i od\u017cywienia sk\u00f3ry, co czyni go idealnym wyborem dla os\u00f3b szukaj\u0105cych skutecznego rozwi\u0105zania przeciw oznakom starzenia si\u0119 sk\u00f3ry. Korzy\u015bci &#8230; <a title=\"Dr.Althea Rapid Firm Sculpting Cream 45 ml &#8211; Krem uj\u0119drniaj\u0105cy\" class=\"read-more\" href=\"https:\/\/selleetools.com\/pl\/product\/dr-althea-rapid-firm-sculpting-cream-45-ml-krem-ujedrniajacy\/\">Read more<span class=\"screen-reader-text\">Dr.Althea Rapid Firm Sculpting Cream 45 ml &#8211; Krem uj\u0119drniaj\u0105cy<\/span><\/a><\/p>\n","protected":false},"featured_media":606332,"comment_status":"open","ping_status":"closed","template":"","meta":{"_links_to":"","_links_to_target":""},"yoast_head":"<!-- This site is optimized with the Yoast SEO plugin v19.4 - https:\/\/yoast.com\/wordpress\/plugins\/seo\/ -->\n<title>Dr.Althea Rapid Firm Sculpting Cream 45 ml - Krem uj\u0119drniaj\u0105cy - Selleetools.com<\/title>\n<meta name=\"robots\" content=\"index, follow, max-snippet:-1, max-image-preview:large, max-video-preview:-1\" \/>\n<link rel=\"canonical\" href=\"https:\/\/selleetools.com\/pl\/product\/dr-althea-rapid-firm-sculpting-cream-45-ml-krem-ujedrniajacy\/\" \/>\n<meta property=\"og:locale\" content=\"pl_PL\" \/>\n<meta property=\"og:type\" content=\"article\" \/>\n<meta property=\"og:title\" content=\"Dr.Althea Rapid Firm Sculpting Cream 45 ml - Krem uj\u0119drniaj\u0105cy - Selleetools.com\" \/>\n<meta property=\"og:description\" content=\"Dr. Althea Rapid Firm Sculpting Cream to zaawansowany krem do piel\u0119gnacji sk\u00f3ry, kt\u00f3ry zosta\u0142 stworzony z my\u015bl\u0105 o intensywnym uj\u0119drnianiu i modelowaniu kontur\u00f3w twarzy. Bogata formu\u0142a oparta na nowoczesnych sk\u0142adnikach aktywnych zapewnia szybki efekt liftingu, wyg\u0142adzania i od\u017cywienia sk\u00f3ry, co czyni go idealnym wyborem dla os\u00f3b szukaj\u0105cych skutecznego rozwi\u0105zania przeciw oznakom starzenia si\u0119 sk\u00f3ry. Korzy\u015bci ... Read moreDr.Althea Rapid Firm Sculpting Cream 45 ml &#8211; Krem uj\u0119drniaj\u0105cy\" \/>\n<meta property=\"og:url\" content=\"https:\/\/selleetools.com\/pl\/product\/dr-althea-rapid-firm-sculpting-cream-45-ml-krem-ujedrniajacy\/\" \/>\n<meta property=\"og:site_name\" content=\"Selleetools.com\" \/>\n<meta property=\"article:modified_time\" content=\"2026-03-03T10:12:28+00:00\" \/>\n<meta property=\"og:image\" content=\"https:\/\/selleetools.com\/wp-content\/uploads\/2025\/10\/0eb7806c634be25f6e9c587ff4274f56.jpg\" \/>\n\t<meta property=\"og:image:width\" content=\"1200\" \/>\n\t<meta property=\"og:image:height\" content=\"1200\" \/>\n\t<meta property=\"og:image:type\" content=\"image\/jpeg\" \/>\n<meta name=\"twitter:card\" content=\"summary_large_image\" \/>\n<meta name=\"twitter:label1\" content=\"Est. reading time\" \/>\n\t<meta name=\"twitter:data1\" content=\"1 minuta\" \/>\n<!-- \/ Yoast SEO plugin. -->","yoast_head_json":{"title":"Dr.Althea Rapid Firm Sculpting Cream 45 ml - Krem uj\u0119drniaj\u0105cy - Selleetools.com","robots":{"index":"index","follow":"follow","max-snippet":"max-snippet:-1","max-image-preview":"max-image-preview:large","max-video-preview":"max-video-preview:-1"},"canonical":"https:\/\/selleetools.com\/pl\/product\/dr-althea-rapid-firm-sculpting-cream-45-ml-krem-ujedrniajacy\/","og_locale":"pl_PL","og_type":"article","og_title":"Dr.Althea Rapid Firm Sculpting Cream 45 ml - Krem uj\u0119drniaj\u0105cy - Selleetools.com","og_description":"Dr. Althea Rapid Firm Sculpting Cream to zaawansowany krem do piel\u0119gnacji sk\u00f3ry, kt\u00f3ry zosta\u0142 stworzony z my\u015bl\u0105 o intensywnym uj\u0119drnianiu i modelowaniu kontur\u00f3w twarzy. Bogata formu\u0142a oparta na nowoczesnych sk\u0142adnikach aktywnych zapewnia szybki efekt liftingu, wyg\u0142adzania i od\u017cywienia sk\u00f3ry, co czyni go idealnym wyborem dla os\u00f3b szukaj\u0105cych skutecznego rozwi\u0105zania przeciw oznakom starzenia si\u0119 sk\u00f3ry. Korzy\u015bci ... Read moreDr.Althea Rapid Firm Sculpting Cream 45 ml &#8211; Krem uj\u0119drniaj\u0105cy","og_url":"https:\/\/selleetools.com\/pl\/product\/dr-althea-rapid-firm-sculpting-cream-45-ml-krem-ujedrniajacy\/","og_site_name":"Selleetools.com","article_modified_time":"2026-03-03T10:12:28+00:00","og_image":[{"width":1200,"height":1200,"url":"https:\/\/selleetools.com\/wp-content\/uploads\/2025\/10\/0eb7806c634be25f6e9c587ff4274f56.jpg","type":"image\/jpeg"}],"twitter_card":"summary_large_image","twitter_misc":{"Est. reading time":"1 minuta"},"schema":{"@context":"https:\/\/schema.org","@graph":[{"@type":"Organization","@id":"https:\/\/selleetools.com\/#organization","name":"Selleetools","url":"https:\/\/selleetools.com\/","sameAs":[],"logo":{"@type":"ImageObject","inLanguage":"pl-PL","@id":"https:\/\/selleetools.com\/#\/schema\/logo\/image\/","url":"https:\/\/selleetools.com\/wp-content\/uploads\/2021\/10\/logo-dark.png","contentUrl":"https:\/\/selleetools.com\/wp-content\/uploads\/2021\/10\/logo-dark.png","width":320,"height":76,"caption":"Selleetools"},"image":{"@id":"https:\/\/selleetools.com\/#\/schema\/logo\/image\/"}},{"@type":"WebSite","@id":"https:\/\/selleetools.com\/#website","url":"https:\/\/selleetools.com\/","name":"Selleetools.com","description":"","publisher":{"@id":"https:\/\/selleetools.com\/#organization"},"potentialAction":[{"@type":"SearchAction","target":{"@type":"EntryPoint","urlTemplate":"https:\/\/selleetools.com\/?s={search_term_string}"},"query-input":"required name=search_term_string"}],"inLanguage":"pl-PL"},{"@type":"WebPage","@id":"https:\/\/selleetools.com\/pl\/product\/dr-althea-rapid-firm-sculpting-cream-45-ml-krem-ujedrniajacy\/","url":"https:\/\/selleetools.com\/pl\/product\/dr-althea-rapid-firm-sculpting-cream-45-ml-krem-ujedrniajacy\/","name":"Dr.Althea Rapid Firm Sculpting Cream 45 ml - Krem uj\u0119drniaj\u0105cy - Selleetools.com","isPartOf":{"@id":"https:\/\/selleetools.com\/#website"},"datePublished":"2025-10-24T11:49:25+00:00","dateModified":"2026-03-03T10:12:28+00:00","breadcrumb":{"@id":"https:\/\/selleetools.com\/pl\/product\/dr-althea-rapid-firm-sculpting-cream-45-ml-krem-ujedrniajacy\/#breadcrumb"},"inLanguage":"pl-PL","potentialAction":[{"@type":"ReadAction","target":["https:\/\/selleetools.com\/pl\/product\/dr-althea-rapid-firm-sculpting-cream-45-ml-krem-ujedrniajacy\/"]}]},{"@type":"BreadcrumbList","@id":"https:\/\/selleetools.com\/pl\/product\/dr-althea-rapid-firm-sculpting-cream-45-ml-krem-ujedrniajacy\/#breadcrumb","itemListElement":[{"@type":"ListItem","position":1,"name":"Home","item":"https:\/\/selleetools.com\/pl\/"},{"@type":"ListItem","position":2,"name":"Katalog","item":"https:\/\/selleetools.com\/pl\/katalog\/"},{"@type":"ListItem","position":3,"name":"Dr.Althea Rapid Firm Sculpting Cream 45 ml &#8211; Krem uj\u0119drniaj\u0105cy"}]}]}},"_links":{"self":[{"href":"https:\/\/selleetools.com\/pl\/wp-json\/wp\/v2\/product\/606334"}],"collection":[{"href":"https:\/\/selleetools.com\/pl\/wp-json\/wp\/v2\/product"}],"about":[{"href":"https:\/\/selleetools.com\/pl\/wp-json\/wp\/v2\/types\/product"}],"replies":[{"embeddable":true,"href":"https:\/\/selleetools.com\/pl\/wp-json\/wp\/v2\/comments?post=606334"}],"wp:featuredmedia":[{"embeddable":true,"href":"https:\/\/selleetools.com\/pl\/wp-json\/wp\/v2\/media\/606332"}],"wp:attachment":[{"href":"https:\/\/selleetools.com\/pl\/wp-json\/wp\/v2\/media?parent=606334"}],"curies":[{"name":"wp","href":"https:\/\/api.w.org\/{rel}","templated":true}]}}