{"id":606331,"date":"2025-10-24T13:49:23","date_gmt":"2025-10-24T11:49:23","guid":{"rendered":"https:\/\/selleetools.com\/?post_type=product&#038;p=606331"},"modified":"2025-11-04T20:57:39","modified_gmt":"2025-11-04T19:57:39","slug":"fwee-lipcheek-blurry-pudding-pot-rd05-greedy-5-g-2w1-pomadka-i-roz-do-policzkow","status":"publish","type":"product","link":"https:\/\/selleetools.com\/pl\/product\/fwee-lipcheek-blurry-pudding-pot-rd05-greedy-5-g-2w1-pomadka-i-roz-do-policzkow\/","title":{"rendered":"FWEE Lip&#038;Cheek Blurry Pudding Pot RD05 Greedy 5 g &#8211; 2w1 pomadka i r\u00f3\u017c do policzk\u00f3w"},"content":{"rendered":"<p>FWEE Lip&#038;Cheek Blurry Pudding Pot to innowacyjny kosmetyk 2w1, kt\u00f3ry \u0142\u0105czy w sobie zalety pomadki i r\u00f3\u017cu do policzk\u00f3w. Dzi\u0119ki swojej lekkiej, kremowej konsystencji produkt idealnie wtapia si\u0119 w sk\u00f3r\u0119, tworz\u0105c subtelny, a zarazem wyrazisty efekt. Odcie\u0144 RD05 Greedy to pi\u0119kny, ciep\u0142y kolor, kt\u00f3ry podkre\u015bla naturalny odcie\u0144 sk\u00f3ry, nadaj\u0105c jej zdrowego blasku i \u015bwie\u017co\u015bci.<\/p>\n<p>Korzy\u015bci dla sk\u00f3ry:<br \/>\nNawil\u017cenie: Formu\u0142a wzbogacona o sk\u0142adniki piel\u0119gnacyjne, kt\u00f3re pomagaj\u0105 utrzyma\u0107 odpowiedni poziom nawil\u017cenia sk\u00f3ry, chroni\u0105c usta i policzki przed wysuszeniem.<br \/>\nUniwersalno\u015b\u0107: Produkt jest idealny zar\u00f3wno do ust, jak i policzk\u00f3w, co sprawia, \u017ce mo\u017cesz uzyska\u0107 sp\u00f3jny makija\u017c w szybki i \u0142atwy spos\u00f3b.<br \/>\nLekko\u015b\u0107 i trwa\u0142o\u015b\u0107: Dzi\u0119ki kremowej konsystencji, produkt \u0142atwo si\u0119 rozprowadza, nie obci\u0105\u017caj\u0105c sk\u00f3ry, a jednocze\u015bnie pozostaje na niej przez d\u0142ugie godziny.<br \/>\nEfekt \u201eblur\u201d: Specjalna formu\u0142a tworzy delikatny, rozmyty efekt, kt\u00f3ry optycznie wyg\u0142adza sk\u00f3r\u0119, maskuj\u0105c drobne niedoskona\u0142o\u015bci.<\/p>\n<p>Spos\u00f3b u\u017cycia:<br \/>\nNa policzki: Nabierz odrobin\u0119 produktu na opuszki palc\u00f3w lub p\u0119dzel do makija\u017cu. Delikatnie wklep w ko\u015bci policzkowe, rozprowadzaj\u0105c r\u00f3wnomiernie, a\u017c do uzyskania po\u017c\u0105danego efektu.<br \/>\nNa usta: Aplikuj bezpo\u015brednio palcem lub przy u\u017cyciu p\u0119dzelka, nak\u0142adaj\u0105c produkt na ca\u0142e usta lub wklepuj\u0105c dla uzyskania subtelnego, naturalnego efektu.<br \/>\nWielowarstwowo\u015b\u0107: Mo\u017cesz budowa\u0107 intensywno\u015b\u0107 koloru poprzez na\u0142o\u017cenie kilku warstw, zar\u00f3wno na policzki, jak i usta, uzyskuj\u0105c efekt od delikatnego po mocniejszy.<\/p>\n<p>To doskona\u0142e rozwi\u0105zanie dla os\u00f3b ceni\u0105cych sobie wielofunkcyjne kosmetyki, kt\u00f3re zapewniaj\u0105 szybk\u0105, naturaln\u0105 metamorfoz\u0119.<\/p>\n","protected":false},"excerpt":{"rendered":"<p>FWEE Lip&#038;Cheek Blurry Pudding Pot to innowacyjny kosmetyk 2w1, kt\u00f3ry \u0142\u0105czy w sobie zalety pomadki i r\u00f3\u017cu do policzk\u00f3w. Dzi\u0119ki swojej lekkiej, kremowej konsystencji produkt idealnie wtapia si\u0119 w sk\u00f3r\u0119, tworz\u0105c subtelny, a zarazem wyrazisty efekt. Odcie\u0144 RD05 Greedy to pi\u0119kny, ciep\u0142y kolor, kt\u00f3ry podkre\u015bla naturalny odcie\u0144 sk\u00f3ry, nadaj\u0105c jej zdrowego blasku i \u015bwie\u017co\u015bci. Korzy\u015bci &#8230; <a title=\"FWEE Lip&#038;Cheek Blurry Pudding Pot RD05 Greedy 5 g &#8211; 2w1 pomadka i r\u00f3\u017c do policzk\u00f3w\" class=\"read-more\" href=\"https:\/\/selleetools.com\/pl\/product\/fwee-lipcheek-blurry-pudding-pot-rd05-greedy-5-g-2w1-pomadka-i-roz-do-policzkow\/\">Read more<span class=\"screen-reader-text\">FWEE Lip&#038;Cheek Blurry Pudding Pot RD05 Greedy 5 g &#8211; 2w1 pomadka i r\u00f3\u017c do policzk\u00f3w<\/span><\/a><\/p>\n","protected":false},"featured_media":606329,"comment_status":"open","ping_status":"closed","template":"","meta":{"_links_to":"","_links_to_target":""},"yoast_head":"<!-- This site is optimized with the Yoast SEO plugin v19.4 - https:\/\/yoast.com\/wordpress\/plugins\/seo\/ -->\n<title>FWEE Lip&amp;Cheek Blurry Pudding Pot RD05 Greedy 5 g - 2w1 pomadka i r\u00f3\u017c do policzk\u00f3w - Selleetools.com<\/title>\n<meta name=\"robots\" content=\"index, follow, max-snippet:-1, max-image-preview:large, max-video-preview:-1\" \/>\n<link rel=\"canonical\" href=\"https:\/\/admincentral.selleetools.com\/pl\/product\/fwee-lipcheek-blurry-pudding-pot-rd05-greedy-5-g-2w1-pomadka-i-roz-do-policzkow\/\" \/>\n<meta property=\"og:locale\" content=\"pl_PL\" \/>\n<meta property=\"og:type\" content=\"article\" \/>\n<meta property=\"og:title\" content=\"FWEE Lip&amp;Cheek Blurry Pudding Pot RD05 Greedy 5 g - 2w1 pomadka i r\u00f3\u017c do policzk\u00f3w - Selleetools.com\" \/>\n<meta property=\"og:description\" content=\"FWEE Lip&#038;Cheek Blurry Pudding Pot to innowacyjny kosmetyk 2w1, kt\u00f3ry \u0142\u0105czy w sobie zalety pomadki i r\u00f3\u017cu do policzk\u00f3w. Dzi\u0119ki swojej lekkiej, kremowej konsystencji produkt idealnie wtapia si\u0119 w sk\u00f3r\u0119, tworz\u0105c subtelny, a zarazem wyrazisty efekt. Odcie\u0144 RD05 Greedy to pi\u0119kny, ciep\u0142y kolor, kt\u00f3ry podkre\u015bla naturalny odcie\u0144 sk\u00f3ry, nadaj\u0105c jej zdrowego blasku i \u015bwie\u017co\u015bci. Korzy\u015bci ... Read moreFWEE Lip&#038;Cheek Blurry Pudding Pot RD05 Greedy 5 g &#8211; 2w1 pomadka i r\u00f3\u017c do policzk\u00f3w\" \/>\n<meta property=\"og:url\" content=\"https:\/\/admincentral.selleetools.com\/pl\/product\/fwee-lipcheek-blurry-pudding-pot-rd05-greedy-5-g-2w1-pomadka-i-roz-do-policzkow\/\" \/>\n<meta property=\"og:site_name\" content=\"Selleetools.com\" \/>\n<meta property=\"article:modified_time\" content=\"2025-11-04T19:57:39+00:00\" \/>\n<meta property=\"og:image\" content=\"https:\/\/selleetools.com\/wp-content\/uploads\/2025\/10\/d51f1c1f0dc0a6308c950cbf6c1cb612.jpg\" \/>\n\t<meta property=\"og:image:width\" content=\"1500\" \/>\n\t<meta property=\"og:image:height\" content=\"1500\" \/>\n\t<meta property=\"og:image:type\" content=\"image\/jpeg\" \/>\n<meta name=\"twitter:card\" content=\"summary_large_image\" \/>\n<meta name=\"twitter:label1\" content=\"Est. reading time\" \/>\n\t<meta name=\"twitter:data1\" content=\"1 minuta\" \/>\n<!-- \/ Yoast SEO plugin. -->","yoast_head_json":{"title":"FWEE Lip&Cheek Blurry Pudding Pot RD05 Greedy 5 g - 2w1 pomadka i r\u00f3\u017c do policzk\u00f3w - Selleetools.com","robots":{"index":"index","follow":"follow","max-snippet":"max-snippet:-1","max-image-preview":"max-image-preview:large","max-video-preview":"max-video-preview:-1"},"canonical":"https:\/\/admincentral.selleetools.com\/pl\/product\/fwee-lipcheek-blurry-pudding-pot-rd05-greedy-5-g-2w1-pomadka-i-roz-do-policzkow\/","og_locale":"pl_PL","og_type":"article","og_title":"FWEE Lip&Cheek Blurry Pudding Pot RD05 Greedy 5 g - 2w1 pomadka i r\u00f3\u017c do policzk\u00f3w - Selleetools.com","og_description":"FWEE Lip&#038;Cheek Blurry Pudding Pot to innowacyjny kosmetyk 2w1, kt\u00f3ry \u0142\u0105czy w sobie zalety pomadki i r\u00f3\u017cu do policzk\u00f3w. Dzi\u0119ki swojej lekkiej, kremowej konsystencji produkt idealnie wtapia si\u0119 w sk\u00f3r\u0119, tworz\u0105c subtelny, a zarazem wyrazisty efekt. Odcie\u0144 RD05 Greedy to pi\u0119kny, ciep\u0142y kolor, kt\u00f3ry podkre\u015bla naturalny odcie\u0144 sk\u00f3ry, nadaj\u0105c jej zdrowego blasku i \u015bwie\u017co\u015bci. Korzy\u015bci ... Read moreFWEE Lip&#038;Cheek Blurry Pudding Pot RD05 Greedy 5 g &#8211; 2w1 pomadka i r\u00f3\u017c do policzk\u00f3w","og_url":"https:\/\/admincentral.selleetools.com\/pl\/product\/fwee-lipcheek-blurry-pudding-pot-rd05-greedy-5-g-2w1-pomadka-i-roz-do-policzkow\/","og_site_name":"Selleetools.com","article_modified_time":"2025-11-04T19:57:39+00:00","og_image":[{"width":1500,"height":1500,"url":"https:\/\/selleetools.com\/wp-content\/uploads\/2025\/10\/d51f1c1f0dc0a6308c950cbf6c1cb612.jpg","type":"image\/jpeg"}],"twitter_card":"summary_large_image","twitter_misc":{"Est. reading time":"1 minuta"},"schema":{"@context":"https:\/\/schema.org","@graph":[{"@type":"Organization","@id":"https:\/\/selleetools.com\/#organization","name":"Selleetools","url":"https:\/\/selleetools.com\/","sameAs":[],"logo":{"@type":"ImageObject","inLanguage":"pl-PL","@id":"https:\/\/selleetools.com\/#\/schema\/logo\/image\/","url":"https:\/\/selleetools.com\/wp-content\/uploads\/2021\/10\/logo-dark.png","contentUrl":"https:\/\/selleetools.com\/wp-content\/uploads\/2021\/10\/logo-dark.png","width":320,"height":76,"caption":"Selleetools"},"image":{"@id":"https:\/\/selleetools.com\/#\/schema\/logo\/image\/"}},{"@type":"WebSite","@id":"https:\/\/selleetools.com\/#website","url":"https:\/\/selleetools.com\/","name":"Selleetools.com","description":"","publisher":{"@id":"https:\/\/selleetools.com\/#organization"},"potentialAction":[{"@type":"SearchAction","target":{"@type":"EntryPoint","urlTemplate":"https:\/\/selleetools.com\/?s={search_term_string}"},"query-input":"required name=search_term_string"}],"inLanguage":"pl-PL"},{"@type":"WebPage","@id":"https:\/\/admincentral.selleetools.com\/pl\/product\/fwee-lipcheek-blurry-pudding-pot-rd05-greedy-5-g-2w1-pomadka-i-roz-do-policzkow\/","url":"https:\/\/admincentral.selleetools.com\/pl\/product\/fwee-lipcheek-blurry-pudding-pot-rd05-greedy-5-g-2w1-pomadka-i-roz-do-policzkow\/","name":"FWEE Lip&Cheek Blurry Pudding Pot RD05 Greedy 5 g - 2w1 pomadka i r\u00f3\u017c do policzk\u00f3w - Selleetools.com","isPartOf":{"@id":"https:\/\/selleetools.com\/#website"},"datePublished":"2025-10-24T11:49:23+00:00","dateModified":"2025-11-04T19:57:39+00:00","breadcrumb":{"@id":"https:\/\/admincentral.selleetools.com\/pl\/product\/fwee-lipcheek-blurry-pudding-pot-rd05-greedy-5-g-2w1-pomadka-i-roz-do-policzkow\/#breadcrumb"},"inLanguage":"pl-PL","potentialAction":[{"@type":"ReadAction","target":["https:\/\/admincentral.selleetools.com\/pl\/product\/fwee-lipcheek-blurry-pudding-pot-rd05-greedy-5-g-2w1-pomadka-i-roz-do-policzkow\/"]}]},{"@type":"BreadcrumbList","@id":"https:\/\/admincentral.selleetools.com\/pl\/product\/fwee-lipcheek-blurry-pudding-pot-rd05-greedy-5-g-2w1-pomadka-i-roz-do-policzkow\/#breadcrumb","itemListElement":[{"@type":"ListItem","position":1,"name":"Home","item":"https:\/\/selleetools.com\/pl\/"},{"@type":"ListItem","position":2,"name":"Katalog","item":"https:\/\/selleetools.com\/pl\/katalog\/"},{"@type":"ListItem","position":3,"name":"FWEE Lip&#038;Cheek Blurry Pudding Pot RD05 Greedy 5 g &#8211; 2w1 pomadka i r\u00f3\u017c do policzk\u00f3w"}]}]}},"_links":{"self":[{"href":"https:\/\/selleetools.com\/pl\/wp-json\/wp\/v2\/product\/606331"}],"collection":[{"href":"https:\/\/selleetools.com\/pl\/wp-json\/wp\/v2\/product"}],"about":[{"href":"https:\/\/selleetools.com\/pl\/wp-json\/wp\/v2\/types\/product"}],"replies":[{"embeddable":true,"href":"https:\/\/selleetools.com\/pl\/wp-json\/wp\/v2\/comments?post=606331"}],"wp:featuredmedia":[{"embeddable":true,"href":"https:\/\/selleetools.com\/pl\/wp-json\/wp\/v2\/media\/606329"}],"wp:attachment":[{"href":"https:\/\/selleetools.com\/pl\/wp-json\/wp\/v2\/media?parent=606331"}],"curies":[{"name":"wp","href":"https:\/\/api.w.org\/{rel}","templated":true}]}}