{"id":606304,"date":"2025-10-24T13:48:53","date_gmt":"2025-10-24T11:48:53","guid":{"rendered":"https:\/\/selleetools.com\/?post_type=product&#038;p=606304"},"modified":"2025-12-10T09:45:33","modified_gmt":"2025-12-10T08:45:33","slug":"cos-de-baha-pt-m-a-peptide-facial-toner-200-ml-tonik-regenerujacy","status":"publish","type":"product","link":"https:\/\/selleetools.com\/pl\/product\/cos-de-baha-pt-m-a-peptide-facial-toner-200-ml-tonik-regenerujacy\/","title":{"rendered":"COS DE BAHA &#8211; PT M.A Peptide Facial Toner, 200 ml &#8211; tonik regeneruj\u0105cy"},"content":{"rendered":"<p>Lekki, wodny tonik o dzia\u0142aniu anti-aging, kt\u00f3ry przygotowuje sk\u00f3r\u0119 do dalszej piel\u0119gnacji. Formu\u0142a wzbogacona o kompleks peptyd\u00f3w (Palmitoyl Tripeptide-1, Palmitoyl Tetrapeptide-7, Acetyl Hexapeptide-8) stymuluje syntez\u0119 kolagenu, poprawia elastyczno\u015b\u0107 i redukuje widoczno\u015b\u0107 zmarszczek. Kwas hialuronowy, aloes i beta-glukan intensywnie nawil\u017caj\u0105 i koj\u0105, a adenozy\u00adna wspiera uj\u0119drnienie sk\u00f3ry i wyg\u0142adzenie drobnych linii. Tonik \u0142agodzi podra\u017cnienia, wzmacnia barier\u0119 ochronn\u0105 i sprawia, \u017ce sk\u00f3ra staje si\u0119 mi\u0119kka, promienna i gotowa na kolejne etapy piel\u0119gnacji.<\/p>\n<p>Korzy\u015bci dla sk\u00f3ry<br \/>\nStymuluje produkcj\u0119 kolagenu, wspieraj\u0105c j\u0119drno\u015b\u0107.<br \/>\nRedukuje zmarszczki i linie mimiczne.<br \/>\nG\u0142\u0119boko nawil\u017ca i poprawia elastyczno\u015b\u0107.<br \/>\n\u0141agodzi podra\u017cnienia i dzia\u0142a przeciwzapalnie.<br \/>\nWzmacnia barier\u0119 ochronn\u0105 sk\u00f3ry.<br \/>\nPrzygotowuje cer\u0119 do lepszego wch\u0142aniania serum i kremu.<\/p>\n<p>Spos\u00f3b u\u017cycia: Stosuj rano i wieczorem po oczyszczeniu sk\u00f3ry. Nanie\u015b tonik na p\u0142atek kosmetyczny i delikatnie przetrzyj twarz, szyj\u0119 oraz dekolt. Nast\u0119pnie na\u0142\u00f3\u017c serum i krem piel\u0119gnacyjny.<\/p>\n","protected":false},"excerpt":{"rendered":"<p>Lekki, wodny tonik o dzia\u0142aniu anti-aging, kt\u00f3ry przygotowuje sk\u00f3r\u0119 do dalszej piel\u0119gnacji. Formu\u0142a wzbogacona o kompleks peptyd\u00f3w (Palmitoyl Tripeptide-1, Palmitoyl Tetrapeptide-7, Acetyl Hexapeptide-8) stymuluje syntez\u0119 kolagenu, poprawia elastyczno\u015b\u0107 i redukuje widoczno\u015b\u0107 zmarszczek. Kwas hialuronowy, aloes i beta-glukan intensywnie nawil\u017caj\u0105 i koj\u0105, a adenozy\u00adna wspiera uj\u0119drnienie sk\u00f3ry i wyg\u0142adzenie drobnych linii. Tonik \u0142agodzi podra\u017cnienia, wzmacnia barier\u0119 &#8230; <a title=\"COS DE BAHA &#8211; PT M.A Peptide Facial Toner, 200 ml &#8211; tonik regeneruj\u0105cy\" class=\"read-more\" href=\"https:\/\/selleetools.com\/pl\/product\/cos-de-baha-pt-m-a-peptide-facial-toner-200-ml-tonik-regenerujacy\/\">Read more<span class=\"screen-reader-text\">COS DE BAHA &#8211; PT M.A Peptide Facial Toner, 200 ml &#8211; tonik regeneruj\u0105cy<\/span><\/a><\/p>\n","protected":false},"featured_media":606302,"comment_status":"open","ping_status":"closed","template":"","meta":{"_links_to":"","_links_to_target":""},"yoast_head":"<!-- This site is optimized with the Yoast SEO plugin v19.4 - https:\/\/yoast.com\/wordpress\/plugins\/seo\/ -->\n<title>COS DE BAHA - PT M.A Peptide Facial Toner, 200 ml - tonik regeneruj\u0105cy - Selleetools.com<\/title>\n<meta name=\"robots\" content=\"index, follow, max-snippet:-1, max-image-preview:large, max-video-preview:-1\" \/>\n<link rel=\"canonical\" href=\"https:\/\/admincentral.selleetools.com\/pl\/product\/cos-de-baha-pt-m-a-peptide-facial-toner-200-ml-tonik-regenerujacy\/\" \/>\n<meta property=\"og:locale\" content=\"pl_PL\" \/>\n<meta property=\"og:type\" content=\"article\" \/>\n<meta property=\"og:title\" content=\"COS DE BAHA - PT M.A Peptide Facial Toner, 200 ml - tonik regeneruj\u0105cy - Selleetools.com\" \/>\n<meta property=\"og:description\" content=\"Lekki, wodny tonik o dzia\u0142aniu anti-aging, kt\u00f3ry przygotowuje sk\u00f3r\u0119 do dalszej piel\u0119gnacji. Formu\u0142a wzbogacona o kompleks peptyd\u00f3w (Palmitoyl Tripeptide-1, Palmitoyl Tetrapeptide-7, Acetyl Hexapeptide-8) stymuluje syntez\u0119 kolagenu, poprawia elastyczno\u015b\u0107 i redukuje widoczno\u015b\u0107 zmarszczek. Kwas hialuronowy, aloes i beta-glukan intensywnie nawil\u017caj\u0105 i koj\u0105, a adenozy\u00adna wspiera uj\u0119drnienie sk\u00f3ry i wyg\u0142adzenie drobnych linii. Tonik \u0142agodzi podra\u017cnienia, wzmacnia barier\u0119 ... Read moreCOS DE BAHA &#8211; PT M.A Peptide Facial Toner, 200 ml &#8211; tonik regeneruj\u0105cy\" \/>\n<meta property=\"og:url\" content=\"https:\/\/admincentral.selleetools.com\/pl\/product\/cos-de-baha-pt-m-a-peptide-facial-toner-200-ml-tonik-regenerujacy\/\" \/>\n<meta property=\"og:site_name\" content=\"Selleetools.com\" \/>\n<meta property=\"article:modified_time\" content=\"2025-12-10T08:45:33+00:00\" \/>\n<meta property=\"og:image\" content=\"https:\/\/selleetools.com\/wp-content\/uploads\/2025\/10\/bf1d0bdf26f05a65ee4f8b9a5e7a6ef7.png\" \/>\n\t<meta property=\"og:image:width\" content=\"3000\" \/>\n\t<meta property=\"og:image:height\" content=\"3000\" \/>\n\t<meta property=\"og:image:type\" content=\"image\/png\" \/>\n<meta name=\"twitter:card\" content=\"summary_large_image\" \/>\n<meta name=\"twitter:label1\" content=\"Est. reading time\" \/>\n\t<meta name=\"twitter:data1\" content=\"1 minuta\" \/>\n<!-- \/ Yoast SEO plugin. -->","yoast_head_json":{"title":"COS DE BAHA - PT M.A Peptide Facial Toner, 200 ml - tonik regeneruj\u0105cy - Selleetools.com","robots":{"index":"index","follow":"follow","max-snippet":"max-snippet:-1","max-image-preview":"max-image-preview:large","max-video-preview":"max-video-preview:-1"},"canonical":"https:\/\/admincentral.selleetools.com\/pl\/product\/cos-de-baha-pt-m-a-peptide-facial-toner-200-ml-tonik-regenerujacy\/","og_locale":"pl_PL","og_type":"article","og_title":"COS DE BAHA - PT M.A Peptide Facial Toner, 200 ml - tonik regeneruj\u0105cy - Selleetools.com","og_description":"Lekki, wodny tonik o dzia\u0142aniu anti-aging, kt\u00f3ry przygotowuje sk\u00f3r\u0119 do dalszej piel\u0119gnacji. Formu\u0142a wzbogacona o kompleks peptyd\u00f3w (Palmitoyl Tripeptide-1, Palmitoyl Tetrapeptide-7, Acetyl Hexapeptide-8) stymuluje syntez\u0119 kolagenu, poprawia elastyczno\u015b\u0107 i redukuje widoczno\u015b\u0107 zmarszczek. Kwas hialuronowy, aloes i beta-glukan intensywnie nawil\u017caj\u0105 i koj\u0105, a adenozy\u00adna wspiera uj\u0119drnienie sk\u00f3ry i wyg\u0142adzenie drobnych linii. Tonik \u0142agodzi podra\u017cnienia, wzmacnia barier\u0119 ... Read moreCOS DE BAHA &#8211; PT M.A Peptide Facial Toner, 200 ml &#8211; tonik regeneruj\u0105cy","og_url":"https:\/\/admincentral.selleetools.com\/pl\/product\/cos-de-baha-pt-m-a-peptide-facial-toner-200-ml-tonik-regenerujacy\/","og_site_name":"Selleetools.com","article_modified_time":"2025-12-10T08:45:33+00:00","og_image":[{"width":3000,"height":3000,"url":"https:\/\/selleetools.com\/wp-content\/uploads\/2025\/10\/bf1d0bdf26f05a65ee4f8b9a5e7a6ef7.png","type":"image\/png"}],"twitter_card":"summary_large_image","twitter_misc":{"Est. reading time":"1 minuta"},"schema":{"@context":"https:\/\/schema.org","@graph":[{"@type":"Organization","@id":"https:\/\/selleetools.com\/#organization","name":"Selleetools","url":"https:\/\/selleetools.com\/","sameAs":[],"logo":{"@type":"ImageObject","inLanguage":"pl-PL","@id":"https:\/\/selleetools.com\/#\/schema\/logo\/image\/","url":"https:\/\/selleetools.com\/wp-content\/uploads\/2021\/10\/logo-dark.png","contentUrl":"https:\/\/selleetools.com\/wp-content\/uploads\/2021\/10\/logo-dark.png","width":320,"height":76,"caption":"Selleetools"},"image":{"@id":"https:\/\/selleetools.com\/#\/schema\/logo\/image\/"}},{"@type":"WebSite","@id":"https:\/\/selleetools.com\/#website","url":"https:\/\/selleetools.com\/","name":"Selleetools.com","description":"","publisher":{"@id":"https:\/\/selleetools.com\/#organization"},"potentialAction":[{"@type":"SearchAction","target":{"@type":"EntryPoint","urlTemplate":"https:\/\/selleetools.com\/?s={search_term_string}"},"query-input":"required name=search_term_string"}],"inLanguage":"pl-PL"},{"@type":"WebPage","@id":"https:\/\/admincentral.selleetools.com\/pl\/product\/cos-de-baha-pt-m-a-peptide-facial-toner-200-ml-tonik-regenerujacy\/","url":"https:\/\/admincentral.selleetools.com\/pl\/product\/cos-de-baha-pt-m-a-peptide-facial-toner-200-ml-tonik-regenerujacy\/","name":"COS DE BAHA - PT M.A Peptide Facial Toner, 200 ml - tonik regeneruj\u0105cy - Selleetools.com","isPartOf":{"@id":"https:\/\/selleetools.com\/#website"},"datePublished":"2025-10-24T11:48:53+00:00","dateModified":"2025-12-10T08:45:33+00:00","breadcrumb":{"@id":"https:\/\/admincentral.selleetools.com\/pl\/product\/cos-de-baha-pt-m-a-peptide-facial-toner-200-ml-tonik-regenerujacy\/#breadcrumb"},"inLanguage":"pl-PL","potentialAction":[{"@type":"ReadAction","target":["https:\/\/admincentral.selleetools.com\/pl\/product\/cos-de-baha-pt-m-a-peptide-facial-toner-200-ml-tonik-regenerujacy\/"]}]},{"@type":"BreadcrumbList","@id":"https:\/\/admincentral.selleetools.com\/pl\/product\/cos-de-baha-pt-m-a-peptide-facial-toner-200-ml-tonik-regenerujacy\/#breadcrumb","itemListElement":[{"@type":"ListItem","position":1,"name":"Home","item":"https:\/\/selleetools.com\/pl\/"},{"@type":"ListItem","position":2,"name":"Katalog","item":"https:\/\/selleetools.com\/pl\/katalog\/"},{"@type":"ListItem","position":3,"name":"COS DE BAHA &#8211; PT M.A Peptide Facial Toner, 200 ml &#8211; tonik regeneruj\u0105cy"}]}]}},"_links":{"self":[{"href":"https:\/\/selleetools.com\/pl\/wp-json\/wp\/v2\/product\/606304"}],"collection":[{"href":"https:\/\/selleetools.com\/pl\/wp-json\/wp\/v2\/product"}],"about":[{"href":"https:\/\/selleetools.com\/pl\/wp-json\/wp\/v2\/types\/product"}],"replies":[{"embeddable":true,"href":"https:\/\/selleetools.com\/pl\/wp-json\/wp\/v2\/comments?post=606304"}],"wp:featuredmedia":[{"embeddable":true,"href":"https:\/\/selleetools.com\/pl\/wp-json\/wp\/v2\/media\/606302"}],"wp:attachment":[{"href":"https:\/\/selleetools.com\/pl\/wp-json\/wp\/v2\/media?parent=606304"}],"curies":[{"name":"wp","href":"https:\/\/api.w.org\/{rel}","templated":true}]}}