{"id":606301,"date":"2025-10-24T13:48:48","date_gmt":"2025-10-24T11:48:48","guid":{"rendered":"https:\/\/selleetools.com\/?post_type=product&#038;p=606301"},"modified":"2025-11-04T20:49:57","modified_gmt":"2025-11-04T19:49:57","slug":"cos-de-baha-es-egf-peptide-cica-serum-30ml-serum-rewitalizujace","status":"publish","type":"product","link":"https:\/\/selleetools.com\/pl\/product\/cos-de-baha-es-egf-peptide-cica-serum-30ml-serum-rewitalizujace\/","title":{"rendered":"COS DE BAHA &#8211; ES EGF Peptide Cica Serum, 30ml &#8211; Serum rewitalizuj\u0105ce"},"content":{"rendered":"<p>Lekkie serum stworzone, aby wspiera\u0107 regeneracj\u0119 sk\u00f3ry, redukowa\u0107 pierwsze oznaki starzenia i wzmacnia\u0107 jej barier\u0119 ochronn\u0105. Zawiera EGF (sh-Oligopeptide-1), kt\u00f3ry stymuluje odnow\u0119 kom\u00f3rkow\u0105 i poprawia j\u0119drno\u015b\u0107, a tak\u017ce ekstrakt z w\u0105kroty azjatyckiej oraz madecassoside, znane z w\u0142a\u015bciwo\u015bci \u0142agodz\u0105cych i koj\u0105cych. Dodatek kwasu hialuronowego i betainy intensywnie nawil\u017ca, pozostawiaj\u0105c sk\u00f3r\u0119 mi\u0119kk\u0105, g\u0142adk\u0105 i elastyczn\u0105. Serum koi podra\u017cnienia, zmniejsza zaczerwienienia i wspiera zdrowy wygl\u0105d sk\u00f3ry ka\u017cdego dnia.<\/p>\n<p>Korzy\u015bci dla sk\u00f3ry<br \/>\nPobudza regeneracj\u0119 kom\u00f3rkow\u0105.<br \/>\nZmniejsza widoczno\u015b\u0107 zmarszczek i drobnych linii.<br \/>\nNawil\u017ca i poprawia elastyczno\u015b\u0107.<br \/>\n\u0141agodzi podra\u017cnienia i redukuje zaczerwienienia.<br \/>\nWzmacnia barier\u0119 ochronn\u0105 sk\u00f3ry.<br \/>\nDzia\u0142a koj\u0105co, wspieraj\u0105c sk\u00f3r\u0119 wra\u017cliw\u0105.<\/p>\n<p>Spos\u00f3b u\u017cycia<br \/>\nStosuj codziennie rano i wieczorem na oczyszczon\u0105 i stonizowan\u0105 sk\u00f3r\u0119. Nanie\u015b kilka kropli serum, delikatnie wklep i pozostaw do wch\u0142oni\u0119cia. Nast\u0119pnie na\u0142\u00f3\u017c krem nawil\u017caj\u0105cy. W ci\u0105gu dnia pami\u0119taj o ochronie przeciws\u0142onecznej (SPF).<\/p>\n","protected":false},"excerpt":{"rendered":"<p>Lekkie serum stworzone, aby wspiera\u0107 regeneracj\u0119 sk\u00f3ry, redukowa\u0107 pierwsze oznaki starzenia i wzmacnia\u0107 jej barier\u0119 ochronn\u0105. Zawiera EGF (sh-Oligopeptide-1), kt\u00f3ry stymuluje odnow\u0119 kom\u00f3rkow\u0105 i poprawia j\u0119drno\u015b\u0107, a tak\u017ce ekstrakt z w\u0105kroty azjatyckiej oraz madecassoside, znane z w\u0142a\u015bciwo\u015bci \u0142agodz\u0105cych i koj\u0105cych. Dodatek kwasu hialuronowego i betainy intensywnie nawil\u017ca, pozostawiaj\u0105c sk\u00f3r\u0119 mi\u0119kk\u0105, g\u0142adk\u0105 i elastyczn\u0105. Serum koi &#8230; <a title=\"COS DE BAHA &#8211; ES EGF Peptide Cica Serum, 30ml &#8211; Serum rewitalizuj\u0105ce\" class=\"read-more\" href=\"https:\/\/selleetools.com\/pl\/product\/cos-de-baha-es-egf-peptide-cica-serum-30ml-serum-rewitalizujace\/\">Read more<span class=\"screen-reader-text\">COS DE BAHA &#8211; ES EGF Peptide Cica Serum, 30ml &#8211; Serum rewitalizuj\u0105ce<\/span><\/a><\/p>\n","protected":false},"featured_media":606299,"comment_status":"open","ping_status":"closed","template":"","meta":{"_links_to":"","_links_to_target":""},"yoast_head":"<!-- This site is optimized with the Yoast SEO plugin v19.4 - https:\/\/yoast.com\/wordpress\/plugins\/seo\/ -->\n<title>COS DE BAHA - ES EGF Peptide Cica Serum, 30ml - Serum rewitalizuj\u0105ce - Selleetools.com<\/title>\n<meta name=\"robots\" content=\"index, follow, max-snippet:-1, max-image-preview:large, max-video-preview:-1\" \/>\n<link rel=\"canonical\" href=\"https:\/\/selleetools.com\/pl\/product\/cos-de-baha-es-egf-peptide-cica-serum-30ml-serum-rewitalizujace\/\" \/>\n<meta property=\"og:locale\" content=\"pl_PL\" \/>\n<meta property=\"og:type\" content=\"article\" \/>\n<meta property=\"og:title\" content=\"COS DE BAHA - ES EGF Peptide Cica Serum, 30ml - Serum rewitalizuj\u0105ce - Selleetools.com\" \/>\n<meta property=\"og:description\" content=\"Lekkie serum stworzone, aby wspiera\u0107 regeneracj\u0119 sk\u00f3ry, redukowa\u0107 pierwsze oznaki starzenia i wzmacnia\u0107 jej barier\u0119 ochronn\u0105. Zawiera EGF (sh-Oligopeptide-1), kt\u00f3ry stymuluje odnow\u0119 kom\u00f3rkow\u0105 i poprawia j\u0119drno\u015b\u0107, a tak\u017ce ekstrakt z w\u0105kroty azjatyckiej oraz madecassoside, znane z w\u0142a\u015bciwo\u015bci \u0142agodz\u0105cych i koj\u0105cych. Dodatek kwasu hialuronowego i betainy intensywnie nawil\u017ca, pozostawiaj\u0105c sk\u00f3r\u0119 mi\u0119kk\u0105, g\u0142adk\u0105 i elastyczn\u0105. Serum koi ... Read moreCOS DE BAHA &#8211; ES EGF Peptide Cica Serum, 30ml &#8211; Serum rewitalizuj\u0105ce\" \/>\n<meta property=\"og:url\" content=\"https:\/\/selleetools.com\/pl\/product\/cos-de-baha-es-egf-peptide-cica-serum-30ml-serum-rewitalizujace\/\" \/>\n<meta property=\"og:site_name\" content=\"Selleetools.com\" \/>\n<meta property=\"article:modified_time\" content=\"2025-11-04T19:49:57+00:00\" \/>\n<meta property=\"og:image\" content=\"https:\/\/selleetools.com\/wp-content\/uploads\/2025\/10\/44ef018d0e9c2d1f6f48e9a18282b1ad.jpg\" \/>\n\t<meta property=\"og:image:width\" content=\"1500\" \/>\n\t<meta property=\"og:image:height\" content=\"1500\" \/>\n\t<meta property=\"og:image:type\" content=\"image\/jpeg\" \/>\n<meta name=\"twitter:card\" content=\"summary_large_image\" \/>\n<meta name=\"twitter:label1\" content=\"Est. reading time\" \/>\n\t<meta name=\"twitter:data1\" content=\"1 minuta\" \/>\n<!-- \/ Yoast SEO plugin. -->","yoast_head_json":{"title":"COS DE BAHA - ES EGF Peptide Cica Serum, 30ml - Serum rewitalizuj\u0105ce - Selleetools.com","robots":{"index":"index","follow":"follow","max-snippet":"max-snippet:-1","max-image-preview":"max-image-preview:large","max-video-preview":"max-video-preview:-1"},"canonical":"https:\/\/selleetools.com\/pl\/product\/cos-de-baha-es-egf-peptide-cica-serum-30ml-serum-rewitalizujace\/","og_locale":"pl_PL","og_type":"article","og_title":"COS DE BAHA - ES EGF Peptide Cica Serum, 30ml - Serum rewitalizuj\u0105ce - Selleetools.com","og_description":"Lekkie serum stworzone, aby wspiera\u0107 regeneracj\u0119 sk\u00f3ry, redukowa\u0107 pierwsze oznaki starzenia i wzmacnia\u0107 jej barier\u0119 ochronn\u0105. Zawiera EGF (sh-Oligopeptide-1), kt\u00f3ry stymuluje odnow\u0119 kom\u00f3rkow\u0105 i poprawia j\u0119drno\u015b\u0107, a tak\u017ce ekstrakt z w\u0105kroty azjatyckiej oraz madecassoside, znane z w\u0142a\u015bciwo\u015bci \u0142agodz\u0105cych i koj\u0105cych. Dodatek kwasu hialuronowego i betainy intensywnie nawil\u017ca, pozostawiaj\u0105c sk\u00f3r\u0119 mi\u0119kk\u0105, g\u0142adk\u0105 i elastyczn\u0105. Serum koi ... Read moreCOS DE BAHA &#8211; ES EGF Peptide Cica Serum, 30ml &#8211; Serum rewitalizuj\u0105ce","og_url":"https:\/\/selleetools.com\/pl\/product\/cos-de-baha-es-egf-peptide-cica-serum-30ml-serum-rewitalizujace\/","og_site_name":"Selleetools.com","article_modified_time":"2025-11-04T19:49:57+00:00","og_image":[{"width":1500,"height":1500,"url":"https:\/\/selleetools.com\/wp-content\/uploads\/2025\/10\/44ef018d0e9c2d1f6f48e9a18282b1ad.jpg","type":"image\/jpeg"}],"twitter_card":"summary_large_image","twitter_misc":{"Est. reading time":"1 minuta"},"schema":{"@context":"https:\/\/schema.org","@graph":[{"@type":"Organization","@id":"https:\/\/selleetools.com\/#organization","name":"Selleetools","url":"https:\/\/selleetools.com\/","sameAs":[],"logo":{"@type":"ImageObject","inLanguage":"pl-PL","@id":"https:\/\/selleetools.com\/#\/schema\/logo\/image\/","url":"https:\/\/selleetools.com\/wp-content\/uploads\/2021\/10\/logo-dark.png","contentUrl":"https:\/\/selleetools.com\/wp-content\/uploads\/2021\/10\/logo-dark.png","width":320,"height":76,"caption":"Selleetools"},"image":{"@id":"https:\/\/selleetools.com\/#\/schema\/logo\/image\/"}},{"@type":"WebSite","@id":"https:\/\/selleetools.com\/#website","url":"https:\/\/selleetools.com\/","name":"Selleetools.com","description":"","publisher":{"@id":"https:\/\/selleetools.com\/#organization"},"potentialAction":[{"@type":"SearchAction","target":{"@type":"EntryPoint","urlTemplate":"https:\/\/selleetools.com\/?s={search_term_string}"},"query-input":"required name=search_term_string"}],"inLanguage":"pl-PL"},{"@type":"WebPage","@id":"https:\/\/selleetools.com\/pl\/product\/cos-de-baha-es-egf-peptide-cica-serum-30ml-serum-rewitalizujace\/","url":"https:\/\/selleetools.com\/pl\/product\/cos-de-baha-es-egf-peptide-cica-serum-30ml-serum-rewitalizujace\/","name":"COS DE BAHA - ES EGF Peptide Cica Serum, 30ml - Serum rewitalizuj\u0105ce - Selleetools.com","isPartOf":{"@id":"https:\/\/selleetools.com\/#website"},"datePublished":"2025-10-24T11:48:48+00:00","dateModified":"2025-11-04T19:49:57+00:00","breadcrumb":{"@id":"https:\/\/selleetools.com\/pl\/product\/cos-de-baha-es-egf-peptide-cica-serum-30ml-serum-rewitalizujace\/#breadcrumb"},"inLanguage":"pl-PL","potentialAction":[{"@type":"ReadAction","target":["https:\/\/selleetools.com\/pl\/product\/cos-de-baha-es-egf-peptide-cica-serum-30ml-serum-rewitalizujace\/"]}]},{"@type":"BreadcrumbList","@id":"https:\/\/selleetools.com\/pl\/product\/cos-de-baha-es-egf-peptide-cica-serum-30ml-serum-rewitalizujace\/#breadcrumb","itemListElement":[{"@type":"ListItem","position":1,"name":"Home","item":"https:\/\/selleetools.com\/pl\/"},{"@type":"ListItem","position":2,"name":"Katalog","item":"https:\/\/selleetools.com\/pl\/katalog\/"},{"@type":"ListItem","position":3,"name":"COS DE BAHA &#8211; ES EGF Peptide Cica Serum, 30ml &#8211; Serum rewitalizuj\u0105ce"}]}]}},"_links":{"self":[{"href":"https:\/\/selleetools.com\/pl\/wp-json\/wp\/v2\/product\/606301"}],"collection":[{"href":"https:\/\/selleetools.com\/pl\/wp-json\/wp\/v2\/product"}],"about":[{"href":"https:\/\/selleetools.com\/pl\/wp-json\/wp\/v2\/types\/product"}],"replies":[{"embeddable":true,"href":"https:\/\/selleetools.com\/pl\/wp-json\/wp\/v2\/comments?post=606301"}],"wp:featuredmedia":[{"embeddable":true,"href":"https:\/\/selleetools.com\/pl\/wp-json\/wp\/v2\/media\/606299"}],"wp:attachment":[{"href":"https:\/\/selleetools.com\/pl\/wp-json\/wp\/v2\/media?parent=606301"}],"curies":[{"name":"wp","href":"https:\/\/api.w.org\/{rel}","templated":true}]}}