{"id":606295,"date":"2025-10-24T13:48:40","date_gmt":"2025-10-24T11:48:40","guid":{"rendered":"https:\/\/selleetools.com\/?post_type=product&#038;p=606295"},"modified":"2025-11-04T20:56:31","modified_gmt":"2025-11-04T19:56:31","slug":"biodance-skin-glow-vital-ampoule-50ml-rozswietlajaca-ampulka-do-twarzy","status":"publish","type":"product","link":"https:\/\/selleetools.com\/pl\/product\/biodance-skin-glow-vital-ampoule-50ml-rozswietlajaca-ampulka-do-twarzy\/","title":{"rendered":"BIODANCE Skin Glow Vital Ampoule, 50ml &#8211; roz\u015bwietlaj\u0105ca ampu\u0142ka do twarzy"},"content":{"rendered":"<p>BIODANCE Skin Glow Vital Ampoule to wielofunkcyjna ampu\u0142ka, kt\u00f3ra zapewnia sk\u00f3rze g\u0142\u0119bokie nawil\u017cenie, regeneracj\u0119 i ochron\u0119 bariery sk\u00f3rnej. Formu\u0142a ampu\u0142ki jest wzbogacona o kompleks probiotyczny Lactobacillus, kt\u00f3ry wspomaga naturaln\u0105 r\u00f3wnowag\u0119 mikroflory sk\u00f3ry, a tak\u017ce potr\u00f3jny kwas hialuronowy, kt\u00f3ry przenika w g\u0142\u0105b sk\u00f3ry, intensywnie j\u0105 nawil\u017caj\u0105c. Komples pi\u0119ciu ceramid\u00f3w odbudowuj\u0105 barier\u0119 ochronn\u0105 sk\u00f3ry, zapobiegaj\u0105c jej utracie wilgoci oraz wzmacniaj\u0105c jej odporno\u015b\u0107 na dzia\u0142anie czynnik\u00f3w zewn\u0119trznych. Niacynamid (witamina B3) rozja\u015bnia sk\u00f3r\u0119, poprawia jej tekstur\u0119 i redukuje przebarwienia, a ekstrakty ro\u015blinne takie jak ekstrakt z r\u00f3\u017cy damasce\u0144skiej, ekstrakt z truskawki oraz ekstrakt z bluszczu dzia\u0142aj\u0105 \u0142agodz\u0105co, wspomagaj\u0105c regeneracj\u0119 sk\u00f3ry.<\/p>\n<p>Korzy\u015bci dla sk\u00f3ry:<br \/>\nWzmacnia barier\u0119 ochronn\u0105 sk\u00f3ry, zapobiegaj\u0105c jej przesuszeniu<br \/>\nG\u0142\u0119bokie nawil\u017cenie i regeneracja<br \/>\nSk\u00f3ra staje si\u0119 g\u0142adka, promienna i wyg\u0142adzona<br \/>\nRedukcja zaczerwienie\u0144, przebarwie\u0144 i poprawa tekstury sk\u00f3ry<br \/>\nDzia\u0142anie \u0142agodz\u0105ce i koj\u0105ce<br \/>\nEfekt szklistej, g\u0142adkiej sk\u00f3ry<\/p>\n<p>Spos\u00f3b u\u017cycia: Na oczyszczon\u0105 sk\u00f3r\u0119 twarzy nanie\u015b odpowiedni\u0105 ilo\u015b\u0107 ampu\u0142ki i delikatnie wmasuj a\u017c do ca\u0142kowitego wch\u0142oni\u0119cia. Stosuj codziennie rano i wieczorem, aby uzyska\u0107 najlepsze efekty.<\/p>\n","protected":false},"excerpt":{"rendered":"<p>BIODANCE Skin Glow Vital Ampoule to wielofunkcyjna ampu\u0142ka, kt\u00f3ra zapewnia sk\u00f3rze g\u0142\u0119bokie nawil\u017cenie, regeneracj\u0119 i ochron\u0119 bariery sk\u00f3rnej. Formu\u0142a ampu\u0142ki jest wzbogacona o kompleks probiotyczny Lactobacillus, kt\u00f3ry wspomaga naturaln\u0105 r\u00f3wnowag\u0119 mikroflory sk\u00f3ry, a tak\u017ce potr\u00f3jny kwas hialuronowy, kt\u00f3ry przenika w g\u0142\u0105b sk\u00f3ry, intensywnie j\u0105 nawil\u017caj\u0105c. Komples pi\u0119ciu ceramid\u00f3w odbudowuj\u0105 barier\u0119 ochronn\u0105 sk\u00f3ry, zapobiegaj\u0105c jej utracie &#8230; <a title=\"BIODANCE Skin Glow Vital Ampoule, 50ml &#8211; roz\u015bwietlaj\u0105ca ampu\u0142ka do twarzy\" class=\"read-more\" href=\"https:\/\/selleetools.com\/pl\/product\/biodance-skin-glow-vital-ampoule-50ml-rozswietlajaca-ampulka-do-twarzy\/\">Read more<span class=\"screen-reader-text\">BIODANCE Skin Glow Vital Ampoule, 50ml &#8211; roz\u015bwietlaj\u0105ca ampu\u0142ka do twarzy<\/span><\/a><\/p>\n","protected":false},"featured_media":606293,"comment_status":"open","ping_status":"closed","template":"","meta":{"_links_to":"","_links_to_target":""},"yoast_head":"<!-- This site is optimized with the Yoast SEO plugin v19.4 - https:\/\/yoast.com\/wordpress\/plugins\/seo\/ -->\n<title>BIODANCE Skin Glow Vital Ampoule, 50ml - roz\u015bwietlaj\u0105ca ampu\u0142ka do twarzy - Selleetools.com<\/title>\n<meta name=\"robots\" content=\"index, follow, max-snippet:-1, max-image-preview:large, max-video-preview:-1\" \/>\n<link rel=\"canonical\" href=\"https:\/\/admincentral.selleetools.com\/pl\/product\/biodance-skin-glow-vital-ampoule-50ml-rozswietlajaca-ampulka-do-twarzy\/\" \/>\n<meta property=\"og:locale\" content=\"pl_PL\" \/>\n<meta property=\"og:type\" content=\"article\" \/>\n<meta property=\"og:title\" content=\"BIODANCE Skin Glow Vital Ampoule, 50ml - roz\u015bwietlaj\u0105ca ampu\u0142ka do twarzy - Selleetools.com\" \/>\n<meta property=\"og:description\" content=\"BIODANCE Skin Glow Vital Ampoule to wielofunkcyjna ampu\u0142ka, kt\u00f3ra zapewnia sk\u00f3rze g\u0142\u0119bokie nawil\u017cenie, regeneracj\u0119 i ochron\u0119 bariery sk\u00f3rnej. Formu\u0142a ampu\u0142ki jest wzbogacona o kompleks probiotyczny Lactobacillus, kt\u00f3ry wspomaga naturaln\u0105 r\u00f3wnowag\u0119 mikroflory sk\u00f3ry, a tak\u017ce potr\u00f3jny kwas hialuronowy, kt\u00f3ry przenika w g\u0142\u0105b sk\u00f3ry, intensywnie j\u0105 nawil\u017caj\u0105c. Komples pi\u0119ciu ceramid\u00f3w odbudowuj\u0105 barier\u0119 ochronn\u0105 sk\u00f3ry, zapobiegaj\u0105c jej utracie ... Read moreBIODANCE Skin Glow Vital Ampoule, 50ml &#8211; roz\u015bwietlaj\u0105ca ampu\u0142ka do twarzy\" \/>\n<meta property=\"og:url\" content=\"https:\/\/admincentral.selleetools.com\/pl\/product\/biodance-skin-glow-vital-ampoule-50ml-rozswietlajaca-ampulka-do-twarzy\/\" \/>\n<meta property=\"og:site_name\" content=\"Selleetools.com\" \/>\n<meta property=\"article:modified_time\" content=\"2025-11-04T19:56:31+00:00\" \/>\n<meta property=\"og:image\" content=\"https:\/\/selleetools.com\/wp-content\/uploads\/2025\/10\/60c1d7c5e5a5a4fb21b03479040c11d0.png\" \/>\n\t<meta property=\"og:image:width\" content=\"3000\" \/>\n\t<meta property=\"og:image:height\" content=\"3000\" \/>\n\t<meta property=\"og:image:type\" content=\"image\/png\" \/>\n<meta name=\"twitter:card\" content=\"summary_large_image\" \/>\n<meta name=\"twitter:label1\" content=\"Est. reading time\" \/>\n\t<meta name=\"twitter:data1\" content=\"1 minuta\" \/>\n<!-- \/ Yoast SEO plugin. -->","yoast_head_json":{"title":"BIODANCE Skin Glow Vital Ampoule, 50ml - roz\u015bwietlaj\u0105ca ampu\u0142ka do twarzy - Selleetools.com","robots":{"index":"index","follow":"follow","max-snippet":"max-snippet:-1","max-image-preview":"max-image-preview:large","max-video-preview":"max-video-preview:-1"},"canonical":"https:\/\/admincentral.selleetools.com\/pl\/product\/biodance-skin-glow-vital-ampoule-50ml-rozswietlajaca-ampulka-do-twarzy\/","og_locale":"pl_PL","og_type":"article","og_title":"BIODANCE Skin Glow Vital Ampoule, 50ml - roz\u015bwietlaj\u0105ca ampu\u0142ka do twarzy - Selleetools.com","og_description":"BIODANCE Skin Glow Vital Ampoule to wielofunkcyjna ampu\u0142ka, kt\u00f3ra zapewnia sk\u00f3rze g\u0142\u0119bokie nawil\u017cenie, regeneracj\u0119 i ochron\u0119 bariery sk\u00f3rnej. Formu\u0142a ampu\u0142ki jest wzbogacona o kompleks probiotyczny Lactobacillus, kt\u00f3ry wspomaga naturaln\u0105 r\u00f3wnowag\u0119 mikroflory sk\u00f3ry, a tak\u017ce potr\u00f3jny kwas hialuronowy, kt\u00f3ry przenika w g\u0142\u0105b sk\u00f3ry, intensywnie j\u0105 nawil\u017caj\u0105c. Komples pi\u0119ciu ceramid\u00f3w odbudowuj\u0105 barier\u0119 ochronn\u0105 sk\u00f3ry, zapobiegaj\u0105c jej utracie ... Read moreBIODANCE Skin Glow Vital Ampoule, 50ml &#8211; roz\u015bwietlaj\u0105ca ampu\u0142ka do twarzy","og_url":"https:\/\/admincentral.selleetools.com\/pl\/product\/biodance-skin-glow-vital-ampoule-50ml-rozswietlajaca-ampulka-do-twarzy\/","og_site_name":"Selleetools.com","article_modified_time":"2025-11-04T19:56:31+00:00","og_image":[{"width":3000,"height":3000,"url":"https:\/\/selleetools.com\/wp-content\/uploads\/2025\/10\/60c1d7c5e5a5a4fb21b03479040c11d0.png","type":"image\/png"}],"twitter_card":"summary_large_image","twitter_misc":{"Est. reading time":"1 minuta"},"schema":{"@context":"https:\/\/schema.org","@graph":[{"@type":"Organization","@id":"https:\/\/selleetools.com\/#organization","name":"Selleetools","url":"https:\/\/selleetools.com\/","sameAs":[],"logo":{"@type":"ImageObject","inLanguage":"pl-PL","@id":"https:\/\/selleetools.com\/#\/schema\/logo\/image\/","url":"https:\/\/selleetools.com\/wp-content\/uploads\/2021\/10\/logo-dark.png","contentUrl":"https:\/\/selleetools.com\/wp-content\/uploads\/2021\/10\/logo-dark.png","width":320,"height":76,"caption":"Selleetools"},"image":{"@id":"https:\/\/selleetools.com\/#\/schema\/logo\/image\/"}},{"@type":"WebSite","@id":"https:\/\/selleetools.com\/#website","url":"https:\/\/selleetools.com\/","name":"Selleetools.com","description":"","publisher":{"@id":"https:\/\/selleetools.com\/#organization"},"potentialAction":[{"@type":"SearchAction","target":{"@type":"EntryPoint","urlTemplate":"https:\/\/selleetools.com\/?s={search_term_string}"},"query-input":"required name=search_term_string"}],"inLanguage":"pl-PL"},{"@type":"WebPage","@id":"https:\/\/admincentral.selleetools.com\/pl\/product\/biodance-skin-glow-vital-ampoule-50ml-rozswietlajaca-ampulka-do-twarzy\/","url":"https:\/\/admincentral.selleetools.com\/pl\/product\/biodance-skin-glow-vital-ampoule-50ml-rozswietlajaca-ampulka-do-twarzy\/","name":"BIODANCE Skin Glow Vital Ampoule, 50ml - roz\u015bwietlaj\u0105ca ampu\u0142ka do twarzy - Selleetools.com","isPartOf":{"@id":"https:\/\/selleetools.com\/#website"},"datePublished":"2025-10-24T11:48:40+00:00","dateModified":"2025-11-04T19:56:31+00:00","breadcrumb":{"@id":"https:\/\/admincentral.selleetools.com\/pl\/product\/biodance-skin-glow-vital-ampoule-50ml-rozswietlajaca-ampulka-do-twarzy\/#breadcrumb"},"inLanguage":"pl-PL","potentialAction":[{"@type":"ReadAction","target":["https:\/\/admincentral.selleetools.com\/pl\/product\/biodance-skin-glow-vital-ampoule-50ml-rozswietlajaca-ampulka-do-twarzy\/"]}]},{"@type":"BreadcrumbList","@id":"https:\/\/admincentral.selleetools.com\/pl\/product\/biodance-skin-glow-vital-ampoule-50ml-rozswietlajaca-ampulka-do-twarzy\/#breadcrumb","itemListElement":[{"@type":"ListItem","position":1,"name":"Home","item":"https:\/\/selleetools.com\/pl\/"},{"@type":"ListItem","position":2,"name":"Katalog","item":"https:\/\/selleetools.com\/pl\/katalog\/"},{"@type":"ListItem","position":3,"name":"BIODANCE Skin Glow Vital Ampoule, 50ml &#8211; roz\u015bwietlaj\u0105ca ampu\u0142ka do twarzy"}]}]}},"_links":{"self":[{"href":"https:\/\/selleetools.com\/pl\/wp-json\/wp\/v2\/product\/606295"}],"collection":[{"href":"https:\/\/selleetools.com\/pl\/wp-json\/wp\/v2\/product"}],"about":[{"href":"https:\/\/selleetools.com\/pl\/wp-json\/wp\/v2\/types\/product"}],"replies":[{"embeddable":true,"href":"https:\/\/selleetools.com\/pl\/wp-json\/wp\/v2\/comments?post=606295"}],"wp:featuredmedia":[{"embeddable":true,"href":"https:\/\/selleetools.com\/pl\/wp-json\/wp\/v2\/media\/606293"}],"wp:attachment":[{"href":"https:\/\/selleetools.com\/pl\/wp-json\/wp\/v2\/media?parent=606295"}],"curies":[{"name":"wp","href":"https:\/\/api.w.org\/{rel}","templated":true}]}}