{"id":606292,"date":"2025-10-24T13:48:35","date_gmt":"2025-10-24T11:48:35","guid":{"rendered":"https:\/\/selleetools.com\/?post_type=product&#038;p=606292"},"modified":"2026-04-02T16:30:13","modified_gmt":"2026-04-02T14:30:13","slug":"anua-rice-enzyme-brightening-cleansing-powder-40-g-enzymatyczny-puder-myjacy","status":"publish","type":"product","link":"https:\/\/selleetools.com\/pl\/product\/anua-rice-enzyme-brightening-cleansing-powder-40-g-enzymatyczny-puder-myjacy\/","title":{"rendered":"ANUA Rice Enzyme Brightening Cleansing Powder, 40 g &#8211; enzymatyczny puder myj\u0105cy"},"content":{"rendered":"<section class=\"section\">\n<div class=\"item item-12\">\n<section class=\"text-item\">\n<p><b>ANUA Rice Enzyme Brightening Cleansing Powder, 40g<\/b> to delikatny, enzymatyczny puder myj\u0105cy, kt\u00f3ry skutecznie oczyszcza sk\u00f3r\u0119, jednocze\u015bnie wspieraj\u0105c jej naturalne roz\u015bwietlenie. G\u0142\u00f3wne sk\u0142adniki, takie jak proszek ry\u017cowy i ekstrakt z otr\u0105b ry\u017cowych, dzia\u0142aj\u0105 z\u0142uszczaj\u0105co, usuwaj\u0105c martwe kom\u00f3rki nask\u00f3rka, a enzymy papainy i proteazy pomagaj\u0105 w g\u0142\u0119bokim oczyszczeniu por\u00f3w, nie podra\u017cniaj\u0105c przy tym sk\u00f3ry. Dodatkowo ceramidy, kwas askorbinowy i alfa-arbutyna zapewniaj\u0105 rozja\u015bnienie i wzmocnienie bariery ochronnej sk\u00f3ry, pozostawiaj\u0105c j\u0105 \u015bwie\u017c\u0105, g\u0142adk\u0105 i promienn\u0105.<\/p>\n<p><b>Korzy\u015bci dla sk\u00f3ry:<\/b><\/p>\n<ul>\n<li>Z\u0142uszczanie i roz\u015bwietlenie \u2013 Enzymy z papainy oraz proszek ry\u017cowy delikatnie z\u0142uszczaj\u0105 sk\u00f3r\u0119, wyr\u00f3wnuj\u0105c jej koloryt i nadaj\u0105c jej zdrowy blask.<\/li>\n<li>G\u0142\u0119bokie oczyszczenie \u2013 Formu\u0142a skutecznie usuwa zanieczyszczenia i martwe kom\u00f3rki nask\u00f3rka, oczyszczaj\u0105c pory i od\u015bwie\u017caj\u0105c sk\u00f3r\u0119.<\/li>\n<li>Nawil\u017cenie i ochrona \u2013 Ceramidy, gliceryna i digliceryna zapewniaj\u0105 nawil\u017cenie i wspieraj\u0105 odbudow\u0119 bariery ochronnej sk\u00f3ry, zapobiegaj\u0105c jej wysuszeniu.<\/li>\n<li>Dzia\u0142anie \u0142agodz\u0105ce \u2013 Alantoina i kwasy (mlekowy, cytrynowy) wspomagaj\u0105 regeneracj\u0119 sk\u00f3ry, \u0142agodz\u0105 podra\u017cnienia i wyg\u0142adzaj\u0105 powierzchni\u0119 sk\u00f3ry.<\/li>\n<\/ul>\n<p><b>Przeznaczenie:<\/b><\/p>\n<p>ANUA Rice Enzyme Brightening Cleansing Powder jest odpowiedni dla ka\u017cdego typu sk\u00f3ry, w tym dla cery wra\u017cliwej i problematycznej. Szczeg\u00f3lnie polecany osobom, kt\u00f3re potrzebuj\u0105 delikatnego, ale skutecznego oczyszczania z efektem roz\u015bwietlenia.<\/p>\n<p><b>Spos\u00f3b u\u017cycia:<\/b><\/p>\n<p>Nanie\u015b niewielk\u0105 ilo\u015b\u0107 pudru na wilgotne d\u0142onie i dodaj odrobin\u0119 wody, aby uzyska\u0107 kremow\u0105 pian\u0119.<\/p>\n<p>Delikatnie masuj twarz kolistymi ruchami, koncentruj\u0105c si\u0119 na strefach wymagaj\u0105cych z\u0142uszczenia.<\/p>\n<p>Dok\u0142adnie sp\u0142ucz ciep\u0142\u0105 wod\u0105 i kontynuuj swoj\u0105 codzienn\u0105 piel\u0119gnacj\u0119.<\/p>\n<p>Odkryj moc naturalnych sk\u0142adnik\u00f3w ry\u017cowych z ANUA Rice Enzyme Brightening Cleansing Powder i ciesz si\u0119 g\u0142adk\u0105, promienn\u0105 cer\u0105 ka\u017cdego dnia!<\/p>\n<\/section><\/div>\n<\/section>\n","protected":false},"excerpt":{"rendered":"<p>ANUA Rice Enzyme Brightening Cleansing Powder, 40g to delikatny, enzymatyczny puder myj\u0105cy, kt\u00f3ry skutecznie oczyszcza sk\u00f3r\u0119, jednocze\u015bnie wspieraj\u0105c jej naturalne roz\u015bwietlenie. G\u0142\u00f3wne sk\u0142adniki, takie jak proszek ry\u017cowy i ekstrakt z otr\u0105b ry\u017cowych, dzia\u0142aj\u0105 z\u0142uszczaj\u0105co, usuwaj\u0105c martwe kom\u00f3rki nask\u00f3rka, a enzymy papainy i proteazy pomagaj\u0105 w g\u0142\u0119bokim oczyszczeniu por\u00f3w, nie podra\u017cniaj\u0105c przy tym sk\u00f3ry. Dodatkowo ceramidy, &#8230; <a title=\"ANUA Rice Enzyme Brightening Cleansing Powder, 40 g &#8211; enzymatyczny puder myj\u0105cy\" class=\"read-more\" href=\"https:\/\/selleetools.com\/pl\/product\/anua-rice-enzyme-brightening-cleansing-powder-40-g-enzymatyczny-puder-myjacy\/\">Read more<span class=\"screen-reader-text\">ANUA Rice Enzyme Brightening Cleansing Powder, 40 g &#8211; enzymatyczny puder myj\u0105cy<\/span><\/a><\/p>\n","protected":false},"featured_media":606290,"comment_status":"open","ping_status":"closed","template":"","meta":{"_links_to":"","_links_to_target":""},"yoast_head":"<!-- This site is optimized with the Yoast SEO plugin v19.4 - https:\/\/yoast.com\/wordpress\/plugins\/seo\/ -->\n<title>ANUA Rice Enzyme Brightening Cleansing Powder, 40 g - enzymatyczny puder myj\u0105cy - Selleetools.com<\/title>\n<meta name=\"robots\" content=\"index, follow, max-snippet:-1, max-image-preview:large, max-video-preview:-1\" \/>\n<link rel=\"canonical\" href=\"https:\/\/selleetools.com\/pl\/product\/anua-rice-enzyme-brightening-cleansing-powder-40-g-enzymatyczny-puder-myjacy\/\" \/>\n<meta property=\"og:locale\" content=\"pl_PL\" \/>\n<meta property=\"og:type\" content=\"article\" \/>\n<meta property=\"og:title\" content=\"ANUA Rice Enzyme Brightening Cleansing Powder, 40 g - enzymatyczny puder myj\u0105cy - Selleetools.com\" \/>\n<meta property=\"og:description\" content=\"ANUA Rice Enzyme Brightening Cleansing Powder, 40g to delikatny, enzymatyczny puder myj\u0105cy, kt\u00f3ry skutecznie oczyszcza sk\u00f3r\u0119, jednocze\u015bnie wspieraj\u0105c jej naturalne roz\u015bwietlenie. G\u0142\u00f3wne sk\u0142adniki, takie jak proszek ry\u017cowy i ekstrakt z otr\u0105b ry\u017cowych, dzia\u0142aj\u0105 z\u0142uszczaj\u0105co, usuwaj\u0105c martwe kom\u00f3rki nask\u00f3rka, a enzymy papainy i proteazy pomagaj\u0105 w g\u0142\u0119bokim oczyszczeniu por\u00f3w, nie podra\u017cniaj\u0105c przy tym sk\u00f3ry. Dodatkowo ceramidy, ... Read moreANUA Rice Enzyme Brightening Cleansing Powder, 40 g &#8211; enzymatyczny puder myj\u0105cy\" \/>\n<meta property=\"og:url\" content=\"https:\/\/selleetools.com\/pl\/product\/anua-rice-enzyme-brightening-cleansing-powder-40-g-enzymatyczny-puder-myjacy\/\" \/>\n<meta property=\"og:site_name\" content=\"Selleetools.com\" \/>\n<meta property=\"article:modified_time\" content=\"2026-04-02T14:30:13+00:00\" \/>\n<meta property=\"og:image\" content=\"https:\/\/selleetools.com\/wp-content\/uploads\/2025\/10\/e4ca4b0a86fc9524604f938207bdf36e.jpg\" \/>\n\t<meta property=\"og:image:width\" content=\"1200\" \/>\n\t<meta property=\"og:image:height\" content=\"1200\" \/>\n\t<meta property=\"og:image:type\" content=\"image\/jpeg\" \/>\n<meta name=\"twitter:card\" content=\"summary_large_image\" \/>\n<meta name=\"twitter:label1\" content=\"Est. reading time\" \/>\n\t<meta name=\"twitter:data1\" content=\"2 minuty\" \/>\n<!-- \/ Yoast SEO plugin. -->","yoast_head_json":{"title":"ANUA Rice Enzyme Brightening Cleansing Powder, 40 g - enzymatyczny puder myj\u0105cy - Selleetools.com","robots":{"index":"index","follow":"follow","max-snippet":"max-snippet:-1","max-image-preview":"max-image-preview:large","max-video-preview":"max-video-preview:-1"},"canonical":"https:\/\/selleetools.com\/pl\/product\/anua-rice-enzyme-brightening-cleansing-powder-40-g-enzymatyczny-puder-myjacy\/","og_locale":"pl_PL","og_type":"article","og_title":"ANUA Rice Enzyme Brightening Cleansing Powder, 40 g - enzymatyczny puder myj\u0105cy - Selleetools.com","og_description":"ANUA Rice Enzyme Brightening Cleansing Powder, 40g to delikatny, enzymatyczny puder myj\u0105cy, kt\u00f3ry skutecznie oczyszcza sk\u00f3r\u0119, jednocze\u015bnie wspieraj\u0105c jej naturalne roz\u015bwietlenie. G\u0142\u00f3wne sk\u0142adniki, takie jak proszek ry\u017cowy i ekstrakt z otr\u0105b ry\u017cowych, dzia\u0142aj\u0105 z\u0142uszczaj\u0105co, usuwaj\u0105c martwe kom\u00f3rki nask\u00f3rka, a enzymy papainy i proteazy pomagaj\u0105 w g\u0142\u0119bokim oczyszczeniu por\u00f3w, nie podra\u017cniaj\u0105c przy tym sk\u00f3ry. Dodatkowo ceramidy, ... Read moreANUA Rice Enzyme Brightening Cleansing Powder, 40 g &#8211; enzymatyczny puder myj\u0105cy","og_url":"https:\/\/selleetools.com\/pl\/product\/anua-rice-enzyme-brightening-cleansing-powder-40-g-enzymatyczny-puder-myjacy\/","og_site_name":"Selleetools.com","article_modified_time":"2026-04-02T14:30:13+00:00","og_image":[{"width":1200,"height":1200,"url":"https:\/\/selleetools.com\/wp-content\/uploads\/2025\/10\/e4ca4b0a86fc9524604f938207bdf36e.jpg","type":"image\/jpeg"}],"twitter_card":"summary_large_image","twitter_misc":{"Est. reading time":"2 minuty"},"schema":{"@context":"https:\/\/schema.org","@graph":[{"@type":"Organization","@id":"https:\/\/selleetools.com\/#organization","name":"Selleetools","url":"https:\/\/selleetools.com\/","sameAs":[],"logo":{"@type":"ImageObject","inLanguage":"pl-PL","@id":"https:\/\/selleetools.com\/#\/schema\/logo\/image\/","url":"https:\/\/selleetools.com\/wp-content\/uploads\/2021\/10\/logo-dark.png","contentUrl":"https:\/\/selleetools.com\/wp-content\/uploads\/2021\/10\/logo-dark.png","width":320,"height":76,"caption":"Selleetools"},"image":{"@id":"https:\/\/selleetools.com\/#\/schema\/logo\/image\/"}},{"@type":"WebSite","@id":"https:\/\/selleetools.com\/#website","url":"https:\/\/selleetools.com\/","name":"Selleetools.com","description":"","publisher":{"@id":"https:\/\/selleetools.com\/#organization"},"potentialAction":[{"@type":"SearchAction","target":{"@type":"EntryPoint","urlTemplate":"https:\/\/selleetools.com\/?s={search_term_string}"},"query-input":"required name=search_term_string"}],"inLanguage":"pl-PL"},{"@type":"WebPage","@id":"https:\/\/selleetools.com\/pl\/product\/anua-rice-enzyme-brightening-cleansing-powder-40-g-enzymatyczny-puder-myjacy\/","url":"https:\/\/selleetools.com\/pl\/product\/anua-rice-enzyme-brightening-cleansing-powder-40-g-enzymatyczny-puder-myjacy\/","name":"ANUA Rice Enzyme Brightening Cleansing Powder, 40 g - enzymatyczny puder myj\u0105cy - Selleetools.com","isPartOf":{"@id":"https:\/\/selleetools.com\/#website"},"datePublished":"2025-10-24T11:48:35+00:00","dateModified":"2026-04-02T14:30:13+00:00","breadcrumb":{"@id":"https:\/\/selleetools.com\/pl\/product\/anua-rice-enzyme-brightening-cleansing-powder-40-g-enzymatyczny-puder-myjacy\/#breadcrumb"},"inLanguage":"pl-PL","potentialAction":[{"@type":"ReadAction","target":["https:\/\/selleetools.com\/pl\/product\/anua-rice-enzyme-brightening-cleansing-powder-40-g-enzymatyczny-puder-myjacy\/"]}]},{"@type":"BreadcrumbList","@id":"https:\/\/selleetools.com\/pl\/product\/anua-rice-enzyme-brightening-cleansing-powder-40-g-enzymatyczny-puder-myjacy\/#breadcrumb","itemListElement":[{"@type":"ListItem","position":1,"name":"Home","item":"https:\/\/selleetools.com\/pl\/"},{"@type":"ListItem","position":2,"name":"Katalog","item":"https:\/\/selleetools.com\/pl\/katalog\/"},{"@type":"ListItem","position":3,"name":"ANUA Rice Enzyme Brightening Cleansing Powder, 40 g &#8211; enzymatyczny puder myj\u0105cy"}]}]}},"_links":{"self":[{"href":"https:\/\/selleetools.com\/pl\/wp-json\/wp\/v2\/product\/606292"}],"collection":[{"href":"https:\/\/selleetools.com\/pl\/wp-json\/wp\/v2\/product"}],"about":[{"href":"https:\/\/selleetools.com\/pl\/wp-json\/wp\/v2\/types\/product"}],"replies":[{"embeddable":true,"href":"https:\/\/selleetools.com\/pl\/wp-json\/wp\/v2\/comments?post=606292"}],"wp:featuredmedia":[{"embeddable":true,"href":"https:\/\/selleetools.com\/pl\/wp-json\/wp\/v2\/media\/606290"}],"wp:attachment":[{"href":"https:\/\/selleetools.com\/pl\/wp-json\/wp\/v2\/media?parent=606292"}],"curies":[{"name":"wp","href":"https:\/\/api.w.org\/{rel}","templated":true}]}}