{"id":606286,"date":"2025-10-24T13:48:30","date_gmt":"2025-10-24T11:48:30","guid":{"rendered":"https:\/\/selleetools.com\/?post_type=product&#038;p=606286"},"modified":"2025-11-04T20:48:49","modified_gmt":"2025-11-04T19:48:49","slug":"cosrx-low-ph-niacinamide-micellar-cleansing-water-400-ml-niacynamidowa-woda-micelarna","status":"publish","type":"product","link":"https:\/\/selleetools.com\/pl\/product\/cosrx-low-ph-niacinamide-micellar-cleansing-water-400-ml-niacynamidowa-woda-micelarna\/","title":{"rendered":"COSRX Low pH Niacinamide Micellar Cleansing Water 400 ml &#8211; Niacynamidowa woda micelarna"},"content":{"rendered":"<p>COSRX Low pH Niacinamide Micellar Cleansing Water to delikatna, ale skuteczna woda micelarna, kt\u00f3ra \u0142\u0105czy w sobie oczyszczaj\u0105ce dzia\u0142anie miceli z dobroczynnymi w\u0142a\u015bciwo\u015bciami niacynamidu. Przeznaczona do codziennego demakija\u017cu i oczyszczania sk\u00f3ry, zapewnia nie tylko usuni\u0119cie makija\u017cu, zanieczyszcze\u0144 i sebum, ale r\u00f3wnie\u017c wspiera kondycj\u0119 sk\u00f3ry dzi\u0119ki obecno\u015bci sk\u0142adnik\u00f3w o dzia\u0142aniu piel\u0119gnuj\u0105cym.<\/p>\n<p>Korzy\u015bci dla sk\u00f3ry:<br \/>\nDelikatne, ale skuteczne oczyszczanie: Micele zawarte w wodzie micelarnej dzia\u0142aj\u0105 jak magnes na brud i t\u0142uszcz, delikatnie oczyszczaj\u0105c sk\u00f3r\u0119 bez potrzeby mocnego tarcia. Produkt doskonale usuwa makija\u017c, nawet wodoodporny, oraz nadmiar sebum.<br \/>\nNiacynamid (witamina B3): G\u0142\u00f3wny sk\u0142adnik aktywny wspomaga regulacj\u0119 wydzielania sebum, zmniejsza widoczno\u015b\u0107 por\u00f3w oraz dzia\u0142a przeciwzapalnie. Dzi\u0119ki niemu sk\u00f3ra staje si\u0119 ja\u015bniejsza, bardziej jednolita, a zaczerwienienia i przebarwienia s\u0105 zredukowane.<br \/>\nOdpowiednie pH: Niska warto\u015b\u0107 pH (oko\u0142o 5.5) jest zbli\u017cona do naturalnego pH sk\u00f3ry, co wspiera jej barier\u0119 ochronn\u0105, zapobiegaj\u0105c podra\u017cnieniom i utracie wilgoci.<br \/>\nHydratacja i \u0142agodzenie: Opr\u00f3cz niacynamidu, formu\u0142a zawiera sk\u0142adniki nawil\u017caj\u0105ce i \u0142agodz\u0105ce, kt\u00f3re pomagaj\u0105 utrzyma\u0107 odpowiedni poziom nawodnienia sk\u00f3ry, sprawiaj\u0105c, \u017ce jest mi\u0119kka i g\u0142adka.<br \/>\nDla wszystkich typ\u00f3w sk\u00f3ry: Produkt jest odpowiedni dla ka\u017cdego typu sk\u00f3ry, w tym dla sk\u00f3ry wra\u017cliwej, tr\u0105dzikowej i mieszanej.<\/p>\n<p>Spos\u00f3b u\u017cycia:<br \/>\nNas\u0105cz wacik odpowiedni\u0105 ilo\u015bci\u0105 wody micelarnej.<br \/>\nDelikatnie przetrzyj sk\u00f3r\u0119 twarzy, zaczynaj\u0105c od czo\u0142a i schodz\u0105c w d\u00f3\u0142. Mo\u017cesz r\u00f3wnie\u017c u\u017cy\u0107 jej do usuni\u0119cia makija\u017cu z oczu i ust.<br \/>\nNie wymaga sp\u0142ukiwania, jednak je\u015bli masz ochot\u0119, mo\u017cesz zako\u0144czy\u0107 oczyszczanie p\u0142ynem do mycia twarzy.<br \/>\nStosuj rano i wieczorem lub w ci\u0105gu dnia, kiedy chcesz od\u015bwie\u017cy\u0107 sk\u00f3r\u0119.<\/p>\n<p>Ta niacynamidowa woda micelarna jest idealnym wyborem dla os\u00f3b poszukuj\u0105cych produktu, kt\u00f3ry nie tylko oczyszcza, ale r\u00f3wnie\u017c piel\u0119gnuje sk\u00f3r\u0119, poprawiaj\u0105c jej kondycj\u0119 przy regularnym stosowaniu.<\/p>\n","protected":false},"excerpt":{"rendered":"<p>COSRX Low pH Niacinamide Micellar Cleansing Water to delikatna, ale skuteczna woda micelarna, kt\u00f3ra \u0142\u0105czy w sobie oczyszczaj\u0105ce dzia\u0142anie miceli z dobroczynnymi w\u0142a\u015bciwo\u015bciami niacynamidu. Przeznaczona do codziennego demakija\u017cu i oczyszczania sk\u00f3ry, zapewnia nie tylko usuni\u0119cie makija\u017cu, zanieczyszcze\u0144 i sebum, ale r\u00f3wnie\u017c wspiera kondycj\u0119 sk\u00f3ry dzi\u0119ki obecno\u015bci sk\u0142adnik\u00f3w o dzia\u0142aniu piel\u0119gnuj\u0105cym. Korzy\u015bci dla sk\u00f3ry: Delikatne, ale &#8230; <a title=\"COSRX Low pH Niacinamide Micellar Cleansing Water 400 ml &#8211; Niacynamidowa woda micelarna\" class=\"read-more\" href=\"https:\/\/selleetools.com\/pl\/product\/cosrx-low-ph-niacinamide-micellar-cleansing-water-400-ml-niacynamidowa-woda-micelarna\/\">Read more<span class=\"screen-reader-text\">COSRX Low pH Niacinamide Micellar Cleansing Water 400 ml &#8211; Niacynamidowa woda micelarna<\/span><\/a><\/p>\n","protected":false},"featured_media":606284,"comment_status":"open","ping_status":"closed","template":"","meta":{"_links_to":"","_links_to_target":""},"yoast_head":"<!-- This site is optimized with the Yoast SEO plugin v19.4 - https:\/\/yoast.com\/wordpress\/plugins\/seo\/ -->\n<title>COSRX Low pH Niacinamide Micellar Cleansing Water 400 ml - Niacynamidowa woda micelarna - Selleetools.com<\/title>\n<meta name=\"robots\" content=\"index, follow, max-snippet:-1, max-image-preview:large, max-video-preview:-1\" \/>\n<link rel=\"canonical\" href=\"https:\/\/admincentral.selleetools.com\/pl\/product\/cosrx-low-ph-niacinamide-micellar-cleansing-water-400-ml-niacynamidowa-woda-micelarna\/\" \/>\n<meta property=\"og:locale\" content=\"pl_PL\" \/>\n<meta property=\"og:type\" content=\"article\" \/>\n<meta property=\"og:title\" content=\"COSRX Low pH Niacinamide Micellar Cleansing Water 400 ml - Niacynamidowa woda micelarna - Selleetools.com\" \/>\n<meta property=\"og:description\" content=\"COSRX Low pH Niacinamide Micellar Cleansing Water to delikatna, ale skuteczna woda micelarna, kt\u00f3ra \u0142\u0105czy w sobie oczyszczaj\u0105ce dzia\u0142anie miceli z dobroczynnymi w\u0142a\u015bciwo\u015bciami niacynamidu. Przeznaczona do codziennego demakija\u017cu i oczyszczania sk\u00f3ry, zapewnia nie tylko usuni\u0119cie makija\u017cu, zanieczyszcze\u0144 i sebum, ale r\u00f3wnie\u017c wspiera kondycj\u0119 sk\u00f3ry dzi\u0119ki obecno\u015bci sk\u0142adnik\u00f3w o dzia\u0142aniu piel\u0119gnuj\u0105cym. Korzy\u015bci dla sk\u00f3ry: Delikatne, ale ... Read moreCOSRX Low pH Niacinamide Micellar Cleansing Water 400 ml &#8211; Niacynamidowa woda micelarna\" \/>\n<meta property=\"og:url\" content=\"https:\/\/admincentral.selleetools.com\/pl\/product\/cosrx-low-ph-niacinamide-micellar-cleansing-water-400-ml-niacynamidowa-woda-micelarna\/\" \/>\n<meta property=\"og:site_name\" content=\"Selleetools.com\" \/>\n<meta property=\"article:modified_time\" content=\"2025-11-04T19:48:49+00:00\" \/>\n<meta property=\"og:image\" content=\"https:\/\/selleetools.com\/wp-content\/uploads\/2025\/10\/94b0c4d28746aabb3fd8b0566902457a.jpg\" \/>\n\t<meta property=\"og:image:width\" content=\"1200\" \/>\n\t<meta property=\"og:image:height\" content=\"1200\" \/>\n\t<meta property=\"og:image:type\" content=\"image\/jpeg\" \/>\n<meta name=\"twitter:card\" content=\"summary_large_image\" \/>\n<meta name=\"twitter:label1\" content=\"Est. reading time\" \/>\n\t<meta name=\"twitter:data1\" content=\"2 minuty\" \/>\n<!-- \/ Yoast SEO plugin. -->","yoast_head_json":{"title":"COSRX Low pH Niacinamide Micellar Cleansing Water 400 ml - Niacynamidowa woda micelarna - Selleetools.com","robots":{"index":"index","follow":"follow","max-snippet":"max-snippet:-1","max-image-preview":"max-image-preview:large","max-video-preview":"max-video-preview:-1"},"canonical":"https:\/\/admincentral.selleetools.com\/pl\/product\/cosrx-low-ph-niacinamide-micellar-cleansing-water-400-ml-niacynamidowa-woda-micelarna\/","og_locale":"pl_PL","og_type":"article","og_title":"COSRX Low pH Niacinamide Micellar Cleansing Water 400 ml - Niacynamidowa woda micelarna - Selleetools.com","og_description":"COSRX Low pH Niacinamide Micellar Cleansing Water to delikatna, ale skuteczna woda micelarna, kt\u00f3ra \u0142\u0105czy w sobie oczyszczaj\u0105ce dzia\u0142anie miceli z dobroczynnymi w\u0142a\u015bciwo\u015bciami niacynamidu. Przeznaczona do codziennego demakija\u017cu i oczyszczania sk\u00f3ry, zapewnia nie tylko usuni\u0119cie makija\u017cu, zanieczyszcze\u0144 i sebum, ale r\u00f3wnie\u017c wspiera kondycj\u0119 sk\u00f3ry dzi\u0119ki obecno\u015bci sk\u0142adnik\u00f3w o dzia\u0142aniu piel\u0119gnuj\u0105cym. Korzy\u015bci dla sk\u00f3ry: Delikatne, ale ... Read moreCOSRX Low pH Niacinamide Micellar Cleansing Water 400 ml &#8211; Niacynamidowa woda micelarna","og_url":"https:\/\/admincentral.selleetools.com\/pl\/product\/cosrx-low-ph-niacinamide-micellar-cleansing-water-400-ml-niacynamidowa-woda-micelarna\/","og_site_name":"Selleetools.com","article_modified_time":"2025-11-04T19:48:49+00:00","og_image":[{"width":1200,"height":1200,"url":"https:\/\/selleetools.com\/wp-content\/uploads\/2025\/10\/94b0c4d28746aabb3fd8b0566902457a.jpg","type":"image\/jpeg"}],"twitter_card":"summary_large_image","twitter_misc":{"Est. reading time":"2 minuty"},"schema":{"@context":"https:\/\/schema.org","@graph":[{"@type":"Organization","@id":"https:\/\/selleetools.com\/#organization","name":"Selleetools","url":"https:\/\/selleetools.com\/","sameAs":[],"logo":{"@type":"ImageObject","inLanguage":"pl-PL","@id":"https:\/\/selleetools.com\/#\/schema\/logo\/image\/","url":"https:\/\/selleetools.com\/wp-content\/uploads\/2021\/10\/logo-dark.png","contentUrl":"https:\/\/selleetools.com\/wp-content\/uploads\/2021\/10\/logo-dark.png","width":320,"height":76,"caption":"Selleetools"},"image":{"@id":"https:\/\/selleetools.com\/#\/schema\/logo\/image\/"}},{"@type":"WebSite","@id":"https:\/\/selleetools.com\/#website","url":"https:\/\/selleetools.com\/","name":"Selleetools.com","description":"","publisher":{"@id":"https:\/\/selleetools.com\/#organization"},"potentialAction":[{"@type":"SearchAction","target":{"@type":"EntryPoint","urlTemplate":"https:\/\/selleetools.com\/?s={search_term_string}"},"query-input":"required name=search_term_string"}],"inLanguage":"pl-PL"},{"@type":"WebPage","@id":"https:\/\/admincentral.selleetools.com\/pl\/product\/cosrx-low-ph-niacinamide-micellar-cleansing-water-400-ml-niacynamidowa-woda-micelarna\/","url":"https:\/\/admincentral.selleetools.com\/pl\/product\/cosrx-low-ph-niacinamide-micellar-cleansing-water-400-ml-niacynamidowa-woda-micelarna\/","name":"COSRX Low pH Niacinamide Micellar Cleansing Water 400 ml - Niacynamidowa woda micelarna - Selleetools.com","isPartOf":{"@id":"https:\/\/selleetools.com\/#website"},"datePublished":"2025-10-24T11:48:30+00:00","dateModified":"2025-11-04T19:48:49+00:00","breadcrumb":{"@id":"https:\/\/admincentral.selleetools.com\/pl\/product\/cosrx-low-ph-niacinamide-micellar-cleansing-water-400-ml-niacynamidowa-woda-micelarna\/#breadcrumb"},"inLanguage":"pl-PL","potentialAction":[{"@type":"ReadAction","target":["https:\/\/admincentral.selleetools.com\/pl\/product\/cosrx-low-ph-niacinamide-micellar-cleansing-water-400-ml-niacynamidowa-woda-micelarna\/"]}]},{"@type":"BreadcrumbList","@id":"https:\/\/admincentral.selleetools.com\/pl\/product\/cosrx-low-ph-niacinamide-micellar-cleansing-water-400-ml-niacynamidowa-woda-micelarna\/#breadcrumb","itemListElement":[{"@type":"ListItem","position":1,"name":"Home","item":"https:\/\/selleetools.com\/pl\/"},{"@type":"ListItem","position":2,"name":"Katalog","item":"https:\/\/selleetools.com\/pl\/katalog\/"},{"@type":"ListItem","position":3,"name":"COSRX Low pH Niacinamide Micellar Cleansing Water 400 ml &#8211; Niacynamidowa woda micelarna"}]}]}},"_links":{"self":[{"href":"https:\/\/selleetools.com\/pl\/wp-json\/wp\/v2\/product\/606286"}],"collection":[{"href":"https:\/\/selleetools.com\/pl\/wp-json\/wp\/v2\/product"}],"about":[{"href":"https:\/\/selleetools.com\/pl\/wp-json\/wp\/v2\/types\/product"}],"replies":[{"embeddable":true,"href":"https:\/\/selleetools.com\/pl\/wp-json\/wp\/v2\/comments?post=606286"}],"wp:featuredmedia":[{"embeddable":true,"href":"https:\/\/selleetools.com\/pl\/wp-json\/wp\/v2\/media\/606284"}],"wp:attachment":[{"href":"https:\/\/selleetools.com\/pl\/wp-json\/wp\/v2\/media?parent=606286"}],"curies":[{"name":"wp","href":"https:\/\/api.w.org\/{rel}","templated":true}]}}