{"id":606263,"date":"2025-10-24T13:48:10","date_gmt":"2025-10-24T11:48:10","guid":{"rendered":"https:\/\/selleetools.com\/?post_type=product&#038;p=606263"},"modified":"2025-11-04T20:48:33","modified_gmt":"2025-11-04T19:48:33","slug":"medi-peel-gold-age-tox-h8-cream-50-ml-ujedrniajacy-krem-do-twarzy","status":"publish","type":"product","link":"https:\/\/selleetools.com\/pl\/product\/medi-peel-gold-age-tox-h8-cream-50-ml-ujedrniajacy-krem-do-twarzy\/","title":{"rendered":"MEDI-PEEL Gold Age Tox H8 Cream 50 ml &#8211; Uj\u0119drniaj\u0105cy krem do twarzy"},"content":{"rendered":"<p>MEDI-PEEL Gold Age Tox H8 Cream 50 ml to luksusowy krem piel\u0119gnacyjny o dzia\u0142aniu przeciwstarzeniowym, kt\u00f3ry \u0142\u0105czy zaawansowan\u0105 technologi\u0119 kosmetyczn\u0105 z moc\u0105 naturalnych sk\u0142adnik\u00f3w. Zawiera z\u0142oto koloidalne oraz kompleks H8, kt\u00f3re wsp\u00f3lnie dzia\u0142aj\u0105, aby zredukowa\u0107 widoczno\u015b\u0107 zmarszczek, poprawi\u0107 elastyczno\u015b\u0107 sk\u00f3ry i nada\u0107 jej m\u0142odzie\u0144czy blask.<\/p>\n<p>Korzy\u015bci dla sk\u00f3ry:<br \/>\nEfekt liftingu i uj\u0119drnienia: Dzi\u0119ki zawarto\u015bci z\u0142ota koloidalnego, krem dzia\u0142a uj\u0119drniaj\u0105co i liftinguj\u0105co, wzmacniaj\u0105c struktur\u0119 sk\u00f3ry.<br \/>\nG\u0142\u0119bokie nawil\u017cenie: Kompleks H8 to kombinacja 8 r\u00f3\u017cnych typ\u00f3w kwasu hialuronowego, kt\u00f3re penetruj\u0105 r\u00f3\u017cne warstwy sk\u00f3ry, zapewniaj\u0105c d\u0142ugotrwa\u0142e nawil\u017cenie.<br \/>\nPrzeciwstarzeniowe dzia\u0142anie: Regularne stosowanie kremu pomaga wyg\u0142adzi\u0107 zmarszczki i drobne linie, jednocze\u015bnie zwi\u0119kszaj\u0105c elastyczno\u015b\u0107 sk\u00f3ry.<br \/>\nRoz\u015bwietlenie i wyr\u00f3wnanie kolorytu: Zawarte w kremie sk\u0142adniki aktywne wspieraj\u0105 regeneracj\u0119 sk\u00f3ry, nadaj\u0105c jej zdrowy, promienny wygl\u0105d.<br \/>\nOchrona przed czynnikami zewn\u0119trznymi: Krem dzia\u0142a jak bariera ochronna, chroni\u0105c sk\u00f3r\u0119 przed szkodliwym wp\u0142ywem \u015brodowiska, takim jak zanieczyszczenia i stres oksydacyjny.<\/p>\n<p>Spos\u00f3b u\u017cycia:<br \/>\nOczyszczanie: Na pocz\u0105tek umyj twarz delikatnym \u015brodkiem oczyszczaj\u0105cym i osusz sk\u00f3r\u0119.<br \/>\nTonizowanie: Nast\u0119pnie zastosuj tonik, aby przygotowa\u0107 sk\u00f3r\u0119 na g\u0142\u0119bsze wch\u0142anianie sk\u0142adnik\u00f3w aktywnych.<br \/>\nAplikacja kremu: Niewielk\u0105 ilo\u015b\u0107 kremu nanie\u015b na sk\u00f3r\u0119 twarzy i szyi. Delikatnie wmasuj go okr\u0119\u017cnymi ruchami, szczeg\u00f3lnie koncentruj\u0105c si\u0119 na obszarach, gdzie widoczne s\u0105 zmarszczki.<br \/>\nStosowanie: Krem mo\u017cna stosowa\u0107 zar\u00f3wno rano, jak i wieczorem. W ci\u0105gu dnia warto na\u0142o\u017cy\u0107 go pod makija\u017c, a na noc, aby wspom\u00f3c regeneracj\u0119 sk\u00f3ry podczas snu.<\/p>\n","protected":false},"excerpt":{"rendered":"<p>MEDI-PEEL Gold Age Tox H8 Cream 50 ml to luksusowy krem piel\u0119gnacyjny o dzia\u0142aniu przeciwstarzeniowym, kt\u00f3ry \u0142\u0105czy zaawansowan\u0105 technologi\u0119 kosmetyczn\u0105 z moc\u0105 naturalnych sk\u0142adnik\u00f3w. Zawiera z\u0142oto koloidalne oraz kompleks H8, kt\u00f3re wsp\u00f3lnie dzia\u0142aj\u0105, aby zredukowa\u0107 widoczno\u015b\u0107 zmarszczek, poprawi\u0107 elastyczno\u015b\u0107 sk\u00f3ry i nada\u0107 jej m\u0142odzie\u0144czy blask. Korzy\u015bci dla sk\u00f3ry: Efekt liftingu i uj\u0119drnienia: Dzi\u0119ki zawarto\u015bci z\u0142ota &#8230; <a title=\"MEDI-PEEL Gold Age Tox H8 Cream 50 ml &#8211; Uj\u0119drniaj\u0105cy krem do twarzy\" class=\"read-more\" href=\"https:\/\/selleetools.com\/pl\/product\/medi-peel-gold-age-tox-h8-cream-50-ml-ujedrniajacy-krem-do-twarzy\/\">Read more<span class=\"screen-reader-text\">MEDI-PEEL Gold Age Tox H8 Cream 50 ml &#8211; Uj\u0119drniaj\u0105cy krem do twarzy<\/span><\/a><\/p>\n","protected":false},"featured_media":606261,"comment_status":"open","ping_status":"closed","template":"","meta":{"_links_to":"","_links_to_target":""},"yoast_head":"<!-- This site is optimized with the Yoast SEO plugin v19.4 - https:\/\/yoast.com\/wordpress\/plugins\/seo\/ -->\n<title>MEDI-PEEL Gold Age Tox H8 Cream 50 ml - Uj\u0119drniaj\u0105cy krem do twarzy - Selleetools.com<\/title>\n<meta name=\"robots\" content=\"index, follow, max-snippet:-1, max-image-preview:large, max-video-preview:-1\" \/>\n<link rel=\"canonical\" href=\"https:\/\/admincentral.selleetools.com\/pl\/product\/medi-peel-gold-age-tox-h8-cream-50-ml-ujedrniajacy-krem-do-twarzy\/\" \/>\n<meta property=\"og:locale\" content=\"pl_PL\" \/>\n<meta property=\"og:type\" content=\"article\" \/>\n<meta property=\"og:title\" content=\"MEDI-PEEL Gold Age Tox H8 Cream 50 ml - Uj\u0119drniaj\u0105cy krem do twarzy - Selleetools.com\" \/>\n<meta property=\"og:description\" content=\"MEDI-PEEL Gold Age Tox H8 Cream 50 ml to luksusowy krem piel\u0119gnacyjny o dzia\u0142aniu przeciwstarzeniowym, kt\u00f3ry \u0142\u0105czy zaawansowan\u0105 technologi\u0119 kosmetyczn\u0105 z moc\u0105 naturalnych sk\u0142adnik\u00f3w. Zawiera z\u0142oto koloidalne oraz kompleks H8, kt\u00f3re wsp\u00f3lnie dzia\u0142aj\u0105, aby zredukowa\u0107 widoczno\u015b\u0107 zmarszczek, poprawi\u0107 elastyczno\u015b\u0107 sk\u00f3ry i nada\u0107 jej m\u0142odzie\u0144czy blask. Korzy\u015bci dla sk\u00f3ry: Efekt liftingu i uj\u0119drnienia: Dzi\u0119ki zawarto\u015bci z\u0142ota ... Read moreMEDI-PEEL Gold Age Tox H8 Cream 50 ml &#8211; Uj\u0119drniaj\u0105cy krem do twarzy\" \/>\n<meta property=\"og:url\" content=\"https:\/\/admincentral.selleetools.com\/pl\/product\/medi-peel-gold-age-tox-h8-cream-50-ml-ujedrniajacy-krem-do-twarzy\/\" \/>\n<meta property=\"og:site_name\" content=\"Selleetools.com\" \/>\n<meta property=\"article:modified_time\" content=\"2025-11-04T19:48:33+00:00\" \/>\n<meta property=\"og:image\" content=\"https:\/\/selleetools.com\/wp-content\/uploads\/2025\/10\/8776fb8e0a34d296092cb93c575f976d.png\" \/>\n\t<meta property=\"og:image:width\" content=\"3000\" \/>\n\t<meta property=\"og:image:height\" content=\"3000\" \/>\n\t<meta property=\"og:image:type\" content=\"image\/png\" \/>\n<meta name=\"twitter:card\" content=\"summary_large_image\" \/>\n<meta name=\"twitter:label1\" content=\"Est. reading time\" \/>\n\t<meta name=\"twitter:data1\" content=\"1 minuta\" \/>\n<!-- \/ Yoast SEO plugin. -->","yoast_head_json":{"title":"MEDI-PEEL Gold Age Tox H8 Cream 50 ml - Uj\u0119drniaj\u0105cy krem do twarzy - Selleetools.com","robots":{"index":"index","follow":"follow","max-snippet":"max-snippet:-1","max-image-preview":"max-image-preview:large","max-video-preview":"max-video-preview:-1"},"canonical":"https:\/\/admincentral.selleetools.com\/pl\/product\/medi-peel-gold-age-tox-h8-cream-50-ml-ujedrniajacy-krem-do-twarzy\/","og_locale":"pl_PL","og_type":"article","og_title":"MEDI-PEEL Gold Age Tox H8 Cream 50 ml - Uj\u0119drniaj\u0105cy krem do twarzy - Selleetools.com","og_description":"MEDI-PEEL Gold Age Tox H8 Cream 50 ml to luksusowy krem piel\u0119gnacyjny o dzia\u0142aniu przeciwstarzeniowym, kt\u00f3ry \u0142\u0105czy zaawansowan\u0105 technologi\u0119 kosmetyczn\u0105 z moc\u0105 naturalnych sk\u0142adnik\u00f3w. Zawiera z\u0142oto koloidalne oraz kompleks H8, kt\u00f3re wsp\u00f3lnie dzia\u0142aj\u0105, aby zredukowa\u0107 widoczno\u015b\u0107 zmarszczek, poprawi\u0107 elastyczno\u015b\u0107 sk\u00f3ry i nada\u0107 jej m\u0142odzie\u0144czy blask. Korzy\u015bci dla sk\u00f3ry: Efekt liftingu i uj\u0119drnienia: Dzi\u0119ki zawarto\u015bci z\u0142ota ... Read moreMEDI-PEEL Gold Age Tox H8 Cream 50 ml &#8211; Uj\u0119drniaj\u0105cy krem do twarzy","og_url":"https:\/\/admincentral.selleetools.com\/pl\/product\/medi-peel-gold-age-tox-h8-cream-50-ml-ujedrniajacy-krem-do-twarzy\/","og_site_name":"Selleetools.com","article_modified_time":"2025-11-04T19:48:33+00:00","og_image":[{"width":3000,"height":3000,"url":"https:\/\/selleetools.com\/wp-content\/uploads\/2025\/10\/8776fb8e0a34d296092cb93c575f976d.png","type":"image\/png"}],"twitter_card":"summary_large_image","twitter_misc":{"Est. reading time":"1 minuta"},"schema":{"@context":"https:\/\/schema.org","@graph":[{"@type":"Organization","@id":"https:\/\/selleetools.com\/#organization","name":"Selleetools","url":"https:\/\/selleetools.com\/","sameAs":[],"logo":{"@type":"ImageObject","inLanguage":"pl-PL","@id":"https:\/\/selleetools.com\/#\/schema\/logo\/image\/","url":"https:\/\/selleetools.com\/wp-content\/uploads\/2021\/10\/logo-dark.png","contentUrl":"https:\/\/selleetools.com\/wp-content\/uploads\/2021\/10\/logo-dark.png","width":320,"height":76,"caption":"Selleetools"},"image":{"@id":"https:\/\/selleetools.com\/#\/schema\/logo\/image\/"}},{"@type":"WebSite","@id":"https:\/\/selleetools.com\/#website","url":"https:\/\/selleetools.com\/","name":"Selleetools.com","description":"","publisher":{"@id":"https:\/\/selleetools.com\/#organization"},"potentialAction":[{"@type":"SearchAction","target":{"@type":"EntryPoint","urlTemplate":"https:\/\/selleetools.com\/?s={search_term_string}"},"query-input":"required name=search_term_string"}],"inLanguage":"pl-PL"},{"@type":"WebPage","@id":"https:\/\/admincentral.selleetools.com\/pl\/product\/medi-peel-gold-age-tox-h8-cream-50-ml-ujedrniajacy-krem-do-twarzy\/","url":"https:\/\/admincentral.selleetools.com\/pl\/product\/medi-peel-gold-age-tox-h8-cream-50-ml-ujedrniajacy-krem-do-twarzy\/","name":"MEDI-PEEL Gold Age Tox H8 Cream 50 ml - Uj\u0119drniaj\u0105cy krem do twarzy - Selleetools.com","isPartOf":{"@id":"https:\/\/selleetools.com\/#website"},"datePublished":"2025-10-24T11:48:10+00:00","dateModified":"2025-11-04T19:48:33+00:00","breadcrumb":{"@id":"https:\/\/admincentral.selleetools.com\/pl\/product\/medi-peel-gold-age-tox-h8-cream-50-ml-ujedrniajacy-krem-do-twarzy\/#breadcrumb"},"inLanguage":"pl-PL","potentialAction":[{"@type":"ReadAction","target":["https:\/\/admincentral.selleetools.com\/pl\/product\/medi-peel-gold-age-tox-h8-cream-50-ml-ujedrniajacy-krem-do-twarzy\/"]}]},{"@type":"BreadcrumbList","@id":"https:\/\/admincentral.selleetools.com\/pl\/product\/medi-peel-gold-age-tox-h8-cream-50-ml-ujedrniajacy-krem-do-twarzy\/#breadcrumb","itemListElement":[{"@type":"ListItem","position":1,"name":"Home","item":"https:\/\/selleetools.com\/pl\/"},{"@type":"ListItem","position":2,"name":"Katalog","item":"https:\/\/selleetools.com\/pl\/katalog\/"},{"@type":"ListItem","position":3,"name":"MEDI-PEEL Gold Age Tox H8 Cream 50 ml &#8211; Uj\u0119drniaj\u0105cy krem do twarzy"}]}]}},"_links":{"self":[{"href":"https:\/\/selleetools.com\/pl\/wp-json\/wp\/v2\/product\/606263"}],"collection":[{"href":"https:\/\/selleetools.com\/pl\/wp-json\/wp\/v2\/product"}],"about":[{"href":"https:\/\/selleetools.com\/pl\/wp-json\/wp\/v2\/types\/product"}],"replies":[{"embeddable":true,"href":"https:\/\/selleetools.com\/pl\/wp-json\/wp\/v2\/comments?post=606263"}],"wp:featuredmedia":[{"embeddable":true,"href":"https:\/\/selleetools.com\/pl\/wp-json\/wp\/v2\/media\/606261"}],"wp:attachment":[{"href":"https:\/\/selleetools.com\/pl\/wp-json\/wp\/v2\/media?parent=606263"}],"curies":[{"name":"wp","href":"https:\/\/api.w.org\/{rel}","templated":true}]}}