{"id":606255,"date":"2025-10-24T13:47:59","date_gmt":"2025-10-24T11:47:59","guid":{"rendered":"https:\/\/selleetools.com\/?post_type=product&#038;p=606255"},"modified":"2026-03-03T11:12:29","modified_gmt":"2026-03-03T10:12:29","slug":"anua-rice-70-glow-milky-toner-250-ml-nawilzajaco-rozswietlajacy-tonik-do-twarzy","status":"publish","type":"product","link":"https:\/\/selleetools.com\/pl\/product\/anua-rice-70-glow-milky-toner-250-ml-nawilzajaco-rozswietlajacy-tonik-do-twarzy\/","title":{"rendered":"ANUA Rice 70 Glow Milky Toner, 250 ml &#8211; nawil\u017caj\u0105co-roz\u015bwietlaj\u0105cy tonik do twarzy"},"content":{"rendered":"<p>ANUA Rice 70 Glow Milky Toner to nawil\u017caj\u0105co-roz\u015bwietlaj\u0105cy tonik o mlecznej konsystencji, stworzony z my\u015bl\u0105 o sk\u00f3rze suchej, matowej i pozbawionej blasku. Zawiera a\u017c 71% wody z otr\u0119b\u00f3w ry\u017cowych, kt\u00f3ra intensywnie od\u017cywia i pomaga wyr\u00f3wna\u0107 koloryt sk\u00f3ry. Lekka formu\u0142a doskonale si\u0119 wch\u0142ania, pozostawiaj\u0105c cer\u0119 mi\u0119kk\u0105, g\u0142adk\u0105 i pe\u0142n\u0105 naturalnego blasku.<\/p>\n<p>Korzy\u015bci dla sk\u00f3ry:<br \/>\nNawil\u017ca i wyg\u0142adza sk\u00f3r\u0119 bez uczucia lepko\u015bci<br \/>\nRoz\u015bwietla cer\u0119 i poprawia jej koloryt<br \/>\nWzmacnia barier\u0119 ochronn\u0105 sk\u00f3ry<br \/>\n\u0141agodzi podra\u017cnienia i wspiera regeneracj\u0119<br \/>\nPrzygotowuje sk\u00f3r\u0119 na kolejne kroki piel\u0119gnacji<\/p>\n<p>Spos\u00f3b u\u017cycia: Po oczyszczeniu sk\u00f3ry, wylej niewielk\u0105 ilo\u015b\u0107 toniku na d\u0142o\u0144 lub p\u0142atek kosmetyczny i delikatnie wklep w twarz. Stosuj rano i wieczorem. Dla intensywniejszego efektu mo\u017cesz na\u0142o\u017cy\u0107 kilka warstw.<\/p>\n","protected":false},"excerpt":{"rendered":"<p>ANUA Rice 70 Glow Milky Toner to nawil\u017caj\u0105co-roz\u015bwietlaj\u0105cy tonik o mlecznej konsystencji, stworzony z my\u015bl\u0105 o sk\u00f3rze suchej, matowej i pozbawionej blasku. Zawiera a\u017c 71% wody z otr\u0119b\u00f3w ry\u017cowych, kt\u00f3ra intensywnie od\u017cywia i pomaga wyr\u00f3wna\u0107 koloryt sk\u00f3ry. Lekka formu\u0142a doskonale si\u0119 wch\u0142ania, pozostawiaj\u0105c cer\u0119 mi\u0119kk\u0105, g\u0142adk\u0105 i pe\u0142n\u0105 naturalnego blasku. Korzy\u015bci dla sk\u00f3ry: Nawil\u017ca i &#8230; <a title=\"ANUA Rice 70 Glow Milky Toner, 250 ml &#8211; nawil\u017caj\u0105co-roz\u015bwietlaj\u0105cy tonik do twarzy\" class=\"read-more\" href=\"https:\/\/selleetools.com\/pl\/product\/anua-rice-70-glow-milky-toner-250-ml-nawilzajaco-rozswietlajacy-tonik-do-twarzy\/\">Read more<span class=\"screen-reader-text\">ANUA Rice 70 Glow Milky Toner, 250 ml &#8211; nawil\u017caj\u0105co-roz\u015bwietlaj\u0105cy tonik do twarzy<\/span><\/a><\/p>\n","protected":false},"featured_media":606253,"comment_status":"open","ping_status":"closed","template":"","meta":{"_links_to":"","_links_to_target":""},"yoast_head":"<!-- This site is optimized with the Yoast SEO plugin v19.4 - https:\/\/yoast.com\/wordpress\/plugins\/seo\/ -->\n<title>ANUA Rice 70 Glow Milky Toner, 250 ml - nawil\u017caj\u0105co-roz\u015bwietlaj\u0105cy tonik do twarzy - Selleetools.com<\/title>\n<meta name=\"robots\" content=\"index, follow, max-snippet:-1, max-image-preview:large, max-video-preview:-1\" \/>\n<link rel=\"canonical\" href=\"https:\/\/selleetools.com\/pl\/product\/anua-rice-70-glow-milky-toner-250-ml-nawilzajaco-rozswietlajacy-tonik-do-twarzy\/\" \/>\n<meta property=\"og:locale\" content=\"pl_PL\" \/>\n<meta property=\"og:type\" content=\"article\" \/>\n<meta property=\"og:title\" content=\"ANUA Rice 70 Glow Milky Toner, 250 ml - nawil\u017caj\u0105co-roz\u015bwietlaj\u0105cy tonik do twarzy - Selleetools.com\" \/>\n<meta property=\"og:description\" content=\"ANUA Rice 70 Glow Milky Toner to nawil\u017caj\u0105co-roz\u015bwietlaj\u0105cy tonik o mlecznej konsystencji, stworzony z my\u015bl\u0105 o sk\u00f3rze suchej, matowej i pozbawionej blasku. Zawiera a\u017c 71% wody z otr\u0119b\u00f3w ry\u017cowych, kt\u00f3ra intensywnie od\u017cywia i pomaga wyr\u00f3wna\u0107 koloryt sk\u00f3ry. Lekka formu\u0142a doskonale si\u0119 wch\u0142ania, pozostawiaj\u0105c cer\u0119 mi\u0119kk\u0105, g\u0142adk\u0105 i pe\u0142n\u0105 naturalnego blasku. Korzy\u015bci dla sk\u00f3ry: Nawil\u017ca i ... Read moreANUA Rice 70 Glow Milky Toner, 250 ml &#8211; nawil\u017caj\u0105co-roz\u015bwietlaj\u0105cy tonik do twarzy\" \/>\n<meta property=\"og:url\" content=\"https:\/\/selleetools.com\/pl\/product\/anua-rice-70-glow-milky-toner-250-ml-nawilzajaco-rozswietlajacy-tonik-do-twarzy\/\" \/>\n<meta property=\"og:site_name\" content=\"Selleetools.com\" \/>\n<meta property=\"article:modified_time\" content=\"2026-03-03T10:12:29+00:00\" \/>\n<meta property=\"og:image\" content=\"https:\/\/selleetools.com\/wp-content\/uploads\/2025\/10\/b34417c89cc519fa2e8904a01614564f.jpg\" \/>\n\t<meta property=\"og:image:width\" content=\"1200\" \/>\n\t<meta property=\"og:image:height\" content=\"1200\" \/>\n\t<meta property=\"og:image:type\" content=\"image\/jpeg\" \/>\n<meta name=\"twitter:card\" content=\"summary_large_image\" \/>\n<meta name=\"twitter:label1\" content=\"Est. reading time\" \/>\n\t<meta name=\"twitter:data1\" content=\"1 minuta\" \/>\n<!-- \/ Yoast SEO plugin. -->","yoast_head_json":{"title":"ANUA Rice 70 Glow Milky Toner, 250 ml - nawil\u017caj\u0105co-roz\u015bwietlaj\u0105cy tonik do twarzy - Selleetools.com","robots":{"index":"index","follow":"follow","max-snippet":"max-snippet:-1","max-image-preview":"max-image-preview:large","max-video-preview":"max-video-preview:-1"},"canonical":"https:\/\/selleetools.com\/pl\/product\/anua-rice-70-glow-milky-toner-250-ml-nawilzajaco-rozswietlajacy-tonik-do-twarzy\/","og_locale":"pl_PL","og_type":"article","og_title":"ANUA Rice 70 Glow Milky Toner, 250 ml - nawil\u017caj\u0105co-roz\u015bwietlaj\u0105cy tonik do twarzy - Selleetools.com","og_description":"ANUA Rice 70 Glow Milky Toner to nawil\u017caj\u0105co-roz\u015bwietlaj\u0105cy tonik o mlecznej konsystencji, stworzony z my\u015bl\u0105 o sk\u00f3rze suchej, matowej i pozbawionej blasku. Zawiera a\u017c 71% wody z otr\u0119b\u00f3w ry\u017cowych, kt\u00f3ra intensywnie od\u017cywia i pomaga wyr\u00f3wna\u0107 koloryt sk\u00f3ry. Lekka formu\u0142a doskonale si\u0119 wch\u0142ania, pozostawiaj\u0105c cer\u0119 mi\u0119kk\u0105, g\u0142adk\u0105 i pe\u0142n\u0105 naturalnego blasku. Korzy\u015bci dla sk\u00f3ry: Nawil\u017ca i ... Read moreANUA Rice 70 Glow Milky Toner, 250 ml &#8211; nawil\u017caj\u0105co-roz\u015bwietlaj\u0105cy tonik do twarzy","og_url":"https:\/\/selleetools.com\/pl\/product\/anua-rice-70-glow-milky-toner-250-ml-nawilzajaco-rozswietlajacy-tonik-do-twarzy\/","og_site_name":"Selleetools.com","article_modified_time":"2026-03-03T10:12:29+00:00","og_image":[{"width":1200,"height":1200,"url":"https:\/\/selleetools.com\/wp-content\/uploads\/2025\/10\/b34417c89cc519fa2e8904a01614564f.jpg","type":"image\/jpeg"}],"twitter_card":"summary_large_image","twitter_misc":{"Est. reading time":"1 minuta"},"schema":{"@context":"https:\/\/schema.org","@graph":[{"@type":"Organization","@id":"https:\/\/selleetools.com\/#organization","name":"Selleetools","url":"https:\/\/selleetools.com\/","sameAs":[],"logo":{"@type":"ImageObject","inLanguage":"pl-PL","@id":"https:\/\/selleetools.com\/#\/schema\/logo\/image\/","url":"https:\/\/selleetools.com\/wp-content\/uploads\/2021\/10\/logo-dark.png","contentUrl":"https:\/\/selleetools.com\/wp-content\/uploads\/2021\/10\/logo-dark.png","width":320,"height":76,"caption":"Selleetools"},"image":{"@id":"https:\/\/selleetools.com\/#\/schema\/logo\/image\/"}},{"@type":"WebSite","@id":"https:\/\/selleetools.com\/#website","url":"https:\/\/selleetools.com\/","name":"Selleetools.com","description":"","publisher":{"@id":"https:\/\/selleetools.com\/#organization"},"potentialAction":[{"@type":"SearchAction","target":{"@type":"EntryPoint","urlTemplate":"https:\/\/selleetools.com\/?s={search_term_string}"},"query-input":"required name=search_term_string"}],"inLanguage":"pl-PL"},{"@type":"WebPage","@id":"https:\/\/selleetools.com\/pl\/product\/anua-rice-70-glow-milky-toner-250-ml-nawilzajaco-rozswietlajacy-tonik-do-twarzy\/","url":"https:\/\/selleetools.com\/pl\/product\/anua-rice-70-glow-milky-toner-250-ml-nawilzajaco-rozswietlajacy-tonik-do-twarzy\/","name":"ANUA Rice 70 Glow Milky Toner, 250 ml - nawil\u017caj\u0105co-roz\u015bwietlaj\u0105cy tonik do twarzy - Selleetools.com","isPartOf":{"@id":"https:\/\/selleetools.com\/#website"},"datePublished":"2025-10-24T11:47:59+00:00","dateModified":"2026-03-03T10:12:29+00:00","breadcrumb":{"@id":"https:\/\/selleetools.com\/pl\/product\/anua-rice-70-glow-milky-toner-250-ml-nawilzajaco-rozswietlajacy-tonik-do-twarzy\/#breadcrumb"},"inLanguage":"pl-PL","potentialAction":[{"@type":"ReadAction","target":["https:\/\/selleetools.com\/pl\/product\/anua-rice-70-glow-milky-toner-250-ml-nawilzajaco-rozswietlajacy-tonik-do-twarzy\/"]}]},{"@type":"BreadcrumbList","@id":"https:\/\/selleetools.com\/pl\/product\/anua-rice-70-glow-milky-toner-250-ml-nawilzajaco-rozswietlajacy-tonik-do-twarzy\/#breadcrumb","itemListElement":[{"@type":"ListItem","position":1,"name":"Home","item":"https:\/\/selleetools.com\/pl\/"},{"@type":"ListItem","position":2,"name":"Katalog","item":"https:\/\/selleetools.com\/pl\/katalog\/"},{"@type":"ListItem","position":3,"name":"ANUA Rice 70 Glow Milky Toner, 250 ml &#8211; nawil\u017caj\u0105co-roz\u015bwietlaj\u0105cy tonik do twarzy"}]}]}},"_links":{"self":[{"href":"https:\/\/selleetools.com\/pl\/wp-json\/wp\/v2\/product\/606255"}],"collection":[{"href":"https:\/\/selleetools.com\/pl\/wp-json\/wp\/v2\/product"}],"about":[{"href":"https:\/\/selleetools.com\/pl\/wp-json\/wp\/v2\/types\/product"}],"replies":[{"embeddable":true,"href":"https:\/\/selleetools.com\/pl\/wp-json\/wp\/v2\/comments?post=606255"}],"wp:featuredmedia":[{"embeddable":true,"href":"https:\/\/selleetools.com\/pl\/wp-json\/wp\/v2\/media\/606253"}],"wp:attachment":[{"href":"https:\/\/selleetools.com\/pl\/wp-json\/wp\/v2\/media?parent=606255"}],"curies":[{"name":"wp","href":"https:\/\/api.w.org\/{rel}","templated":true}]}}