{"id":606249,"date":"2025-10-24T13:47:53","date_gmt":"2025-10-24T11:47:53","guid":{"rendered":"https:\/\/selleetools.com\/?post_type=product&#038;p=606249"},"modified":"2025-11-04T20:47:55","modified_gmt":"2025-11-04T19:47:55","slug":"tirtir-mask-fit-red-cushion-6-shade-trial-kit-33c-33n-33w34c-34n-34w-zestaw-probek-6x1g","status":"publish","type":"product","link":"https:\/\/selleetools.com\/pl\/product\/tirtir-mask-fit-red-cushion-6-shade-trial-kit-33c-33n-33w34c-34n-34w-zestaw-probek-6x1g\/","title":{"rendered":"TIRTIR Mask Fit Red Cushion 6 Shade Trial Kit (33C\/33N\/33W,34C\/34N\/34W) &#8211; zestaw pr\u00f3bek (6x1g)"},"content":{"rendered":"<p>Zestaw TIRTIR Mask Fit Red Cushion Trial Kit, 6x1g to kolekcja sze\u015bciu odcieni pr\u00f3bnych podk\u0142adu w formie cushion. Zestaw zawiera odcienie 33C\/33N\/33W,34C\/34N\/34W, co pozwala na dopasowanie idealnego odcienia do r\u00f3\u017cnych tonacji sk\u00f3ry. Formu\u0142a podk\u0142adu zapewnia naturalne krycie i wyko\u0144czenie, a jednocze\u015bnie zawiera sk\u0142adniki piel\u0119gnacyjne, kt\u00f3re dbaj\u0105 o kondycj\u0119 sk\u00f3ry.<\/p>\n<p>Korzy\u015bci:<br \/>\nR\u00f3\u017cnorodno\u015b\u0107 odcieni: Mo\u017cliwo\u015b\u0107 przetestowania r\u00f3\u017cnych odcieni i dobrania odpowiedniego koloru do swojej karnacji.<br \/>\nNaturalne krycie: Ujednolica koloryt sk\u00f3ry, nie tworz\u0105c efektu maski.<br \/>\nW\u0142a\u015bciwo\u015bci piel\u0119gnacyjne: Zawiera sk\u0142adniki od\u017cywcze i nawil\u017caj\u0105ce, takie jak Hibiscus Sabdariffa, Rosa Rugosa, i Nymphaea Alba, kt\u00f3re wspomagaj\u0105 piel\u0119gnacj\u0119 sk\u00f3ry.<br \/>\nOchrona i regeneracja: Formu\u0142a wzbogacona o Astaksantyn\u0119 oraz ekstrakt z Haematococcus Pluvialis, kt\u00f3re dzia\u0142aj\u0105 antyoksydacyjnie i wspomagaj\u0105 regeneracj\u0119 sk\u00f3ry.<\/p>\n<p>Spos\u00f3b u\u017cycia:<br \/>\nPrzygotowanie sk\u00f3ry: Oczy\u015b\u0107 sk\u00f3r\u0119 i na\u0142\u00f3\u017c krem nawil\u017caj\u0105cy.<br \/>\nAplikacja podk\u0142adu: Za pomoc\u0105 aplikatora do\u0142\u0105czonego do zestawu, delikatnie nabierz produkt i wklep w sk\u00f3r\u0119. Zacznij od \u015brodka twarzy, przechodz\u0105c w kierunku zewn\u0119trznym.<br \/>\nBudowanie krycia: W przypadku potrzeby wi\u0119kszego krycia, na\u0142\u00f3\u017c kolejn\u0105 warstw\u0119 na wybrane miejsca.<br \/>\nPr\u00f3bkowanie odcieni: Wypr\u00f3buj ka\u017cdy odcie\u0144 na sk\u00f3rze, aby znale\u017a\u0107 najbardziej odpowiedni kolor do swojej cery.<br \/>\nZalecenia:<br \/>\nIdealny do wypr\u00f3bowania r\u00f3\u017cnych odcieni przed zakupem pe\u0142nowymiarowego produktu. Produkt jest przeznaczony do wszystkich typ\u00f3w sk\u00f3ry, w tym wra\u017cliwej. Unika\u0107 kontaktu z oczami. Przechowywa\u0107 w miejscu niedost\u0119pnym dla dzieci.<\/p>\n","protected":false},"excerpt":{"rendered":"<p>Zestaw TIRTIR Mask Fit Red Cushion Trial Kit, 6x1g to kolekcja sze\u015bciu odcieni pr\u00f3bnych podk\u0142adu w formie cushion. Zestaw zawiera odcienie 33C\/33N\/33W,34C\/34N\/34W, co pozwala na dopasowanie idealnego odcienia do r\u00f3\u017cnych tonacji sk\u00f3ry. Formu\u0142a podk\u0142adu zapewnia naturalne krycie i wyko\u0144czenie, a jednocze\u015bnie zawiera sk\u0142adniki piel\u0119gnacyjne, kt\u00f3re dbaj\u0105 o kondycj\u0119 sk\u00f3ry. Korzy\u015bci: R\u00f3\u017cnorodno\u015b\u0107 odcieni: Mo\u017cliwo\u015b\u0107 przetestowania r\u00f3\u017cnych &#8230; <a title=\"TIRTIR Mask Fit Red Cushion 6 Shade Trial Kit (33C\/33N\/33W,34C\/34N\/34W) &#8211; zestaw pr\u00f3bek (6x1g)\" class=\"read-more\" href=\"https:\/\/selleetools.com\/pl\/product\/tirtir-mask-fit-red-cushion-6-shade-trial-kit-33c-33n-33w34c-34n-34w-zestaw-probek-6x1g\/\">Read more<span class=\"screen-reader-text\">TIRTIR Mask Fit Red Cushion 6 Shade Trial Kit (33C\/33N\/33W,34C\/34N\/34W) &#8211; zestaw pr\u00f3bek (6x1g)<\/span><\/a><\/p>\n","protected":false},"featured_media":606247,"comment_status":"open","ping_status":"closed","template":"","meta":{"_links_to":"","_links_to_target":""},"yoast_head":"<!-- This site is optimized with the Yoast SEO plugin v19.4 - https:\/\/yoast.com\/wordpress\/plugins\/seo\/ -->\n<title>TIRTIR Mask Fit Red Cushion 6 Shade Trial Kit (33C\/33N\/33W,34C\/34N\/34W) - zestaw pr\u00f3bek (6x1g) - Selleetools.com<\/title>\n<meta name=\"robots\" content=\"index, follow, max-snippet:-1, max-image-preview:large, max-video-preview:-1\" \/>\n<link rel=\"canonical\" href=\"https:\/\/selleetools.com\/pl\/product\/tirtir-mask-fit-red-cushion-6-shade-trial-kit-33c-33n-33w34c-34n-34w-zestaw-probek-6x1g\/\" \/>\n<meta property=\"og:locale\" content=\"pl_PL\" \/>\n<meta property=\"og:type\" content=\"article\" \/>\n<meta property=\"og:title\" content=\"TIRTIR Mask Fit Red Cushion 6 Shade Trial Kit (33C\/33N\/33W,34C\/34N\/34W) - zestaw pr\u00f3bek (6x1g) - Selleetools.com\" \/>\n<meta property=\"og:description\" content=\"Zestaw TIRTIR Mask Fit Red Cushion Trial Kit, 6x1g to kolekcja sze\u015bciu odcieni pr\u00f3bnych podk\u0142adu w formie cushion. Zestaw zawiera odcienie 33C\/33N\/33W,34C\/34N\/34W, co pozwala na dopasowanie idealnego odcienia do r\u00f3\u017cnych tonacji sk\u00f3ry. Formu\u0142a podk\u0142adu zapewnia naturalne krycie i wyko\u0144czenie, a jednocze\u015bnie zawiera sk\u0142adniki piel\u0119gnacyjne, kt\u00f3re dbaj\u0105 o kondycj\u0119 sk\u00f3ry. Korzy\u015bci: R\u00f3\u017cnorodno\u015b\u0107 odcieni: Mo\u017cliwo\u015b\u0107 przetestowania r\u00f3\u017cnych ... Read moreTIRTIR Mask Fit Red Cushion 6 Shade Trial Kit (33C\/33N\/33W,34C\/34N\/34W) &#8211; zestaw pr\u00f3bek (6x1g)\" \/>\n<meta property=\"og:url\" content=\"https:\/\/selleetools.com\/pl\/product\/tirtir-mask-fit-red-cushion-6-shade-trial-kit-33c-33n-33w34c-34n-34w-zestaw-probek-6x1g\/\" \/>\n<meta property=\"og:site_name\" content=\"Selleetools.com\" \/>\n<meta property=\"article:modified_time\" content=\"2025-11-04T19:47:55+00:00\" \/>\n<meta property=\"og:image\" content=\"https:\/\/selleetools.com\/wp-content\/uploads\/2025\/10\/db0fac5a6d7f5e06d5e44ddf22606251.jpg\" \/>\n\t<meta property=\"og:image:width\" content=\"1000\" \/>\n\t<meta property=\"og:image:height\" content=\"1000\" \/>\n\t<meta property=\"og:image:type\" content=\"image\/jpeg\" \/>\n<meta name=\"twitter:card\" content=\"summary_large_image\" \/>\n<meta name=\"twitter:label1\" content=\"Est. reading time\" \/>\n\t<meta name=\"twitter:data1\" content=\"1 minuta\" \/>\n<!-- \/ Yoast SEO plugin. -->","yoast_head_json":{"title":"TIRTIR Mask Fit Red Cushion 6 Shade Trial Kit (33C\/33N\/33W,34C\/34N\/34W) - zestaw pr\u00f3bek (6x1g) - Selleetools.com","robots":{"index":"index","follow":"follow","max-snippet":"max-snippet:-1","max-image-preview":"max-image-preview:large","max-video-preview":"max-video-preview:-1"},"canonical":"https:\/\/selleetools.com\/pl\/product\/tirtir-mask-fit-red-cushion-6-shade-trial-kit-33c-33n-33w34c-34n-34w-zestaw-probek-6x1g\/","og_locale":"pl_PL","og_type":"article","og_title":"TIRTIR Mask Fit Red Cushion 6 Shade Trial Kit (33C\/33N\/33W,34C\/34N\/34W) - zestaw pr\u00f3bek (6x1g) - Selleetools.com","og_description":"Zestaw TIRTIR Mask Fit Red Cushion Trial Kit, 6x1g to kolekcja sze\u015bciu odcieni pr\u00f3bnych podk\u0142adu w formie cushion. Zestaw zawiera odcienie 33C\/33N\/33W,34C\/34N\/34W, co pozwala na dopasowanie idealnego odcienia do r\u00f3\u017cnych tonacji sk\u00f3ry. Formu\u0142a podk\u0142adu zapewnia naturalne krycie i wyko\u0144czenie, a jednocze\u015bnie zawiera sk\u0142adniki piel\u0119gnacyjne, kt\u00f3re dbaj\u0105 o kondycj\u0119 sk\u00f3ry. Korzy\u015bci: R\u00f3\u017cnorodno\u015b\u0107 odcieni: Mo\u017cliwo\u015b\u0107 przetestowania r\u00f3\u017cnych ... Read moreTIRTIR Mask Fit Red Cushion 6 Shade Trial Kit (33C\/33N\/33W,34C\/34N\/34W) &#8211; zestaw pr\u00f3bek (6x1g)","og_url":"https:\/\/selleetools.com\/pl\/product\/tirtir-mask-fit-red-cushion-6-shade-trial-kit-33c-33n-33w34c-34n-34w-zestaw-probek-6x1g\/","og_site_name":"Selleetools.com","article_modified_time":"2025-11-04T19:47:55+00:00","og_image":[{"width":1000,"height":1000,"url":"https:\/\/selleetools.com\/wp-content\/uploads\/2025\/10\/db0fac5a6d7f5e06d5e44ddf22606251.jpg","type":"image\/jpeg"}],"twitter_card":"summary_large_image","twitter_misc":{"Est. reading time":"1 minuta"},"schema":{"@context":"https:\/\/schema.org","@graph":[{"@type":"Organization","@id":"https:\/\/selleetools.com\/#organization","name":"Selleetools","url":"https:\/\/selleetools.com\/","sameAs":[],"logo":{"@type":"ImageObject","inLanguage":"pl-PL","@id":"https:\/\/selleetools.com\/#\/schema\/logo\/image\/","url":"https:\/\/selleetools.com\/wp-content\/uploads\/2021\/10\/logo-dark.png","contentUrl":"https:\/\/selleetools.com\/wp-content\/uploads\/2021\/10\/logo-dark.png","width":320,"height":76,"caption":"Selleetools"},"image":{"@id":"https:\/\/selleetools.com\/#\/schema\/logo\/image\/"}},{"@type":"WebSite","@id":"https:\/\/selleetools.com\/#website","url":"https:\/\/selleetools.com\/","name":"Selleetools.com","description":"","publisher":{"@id":"https:\/\/selleetools.com\/#organization"},"potentialAction":[{"@type":"SearchAction","target":{"@type":"EntryPoint","urlTemplate":"https:\/\/selleetools.com\/?s={search_term_string}"},"query-input":"required name=search_term_string"}],"inLanguage":"pl-PL"},{"@type":"WebPage","@id":"https:\/\/selleetools.com\/pl\/product\/tirtir-mask-fit-red-cushion-6-shade-trial-kit-33c-33n-33w34c-34n-34w-zestaw-probek-6x1g\/","url":"https:\/\/selleetools.com\/pl\/product\/tirtir-mask-fit-red-cushion-6-shade-trial-kit-33c-33n-33w34c-34n-34w-zestaw-probek-6x1g\/","name":"TIRTIR Mask Fit Red Cushion 6 Shade Trial Kit (33C\/33N\/33W,34C\/34N\/34W) - zestaw pr\u00f3bek (6x1g) - Selleetools.com","isPartOf":{"@id":"https:\/\/selleetools.com\/#website"},"datePublished":"2025-10-24T11:47:53+00:00","dateModified":"2025-11-04T19:47:55+00:00","breadcrumb":{"@id":"https:\/\/selleetools.com\/pl\/product\/tirtir-mask-fit-red-cushion-6-shade-trial-kit-33c-33n-33w34c-34n-34w-zestaw-probek-6x1g\/#breadcrumb"},"inLanguage":"pl-PL","potentialAction":[{"@type":"ReadAction","target":["https:\/\/selleetools.com\/pl\/product\/tirtir-mask-fit-red-cushion-6-shade-trial-kit-33c-33n-33w34c-34n-34w-zestaw-probek-6x1g\/"]}]},{"@type":"BreadcrumbList","@id":"https:\/\/selleetools.com\/pl\/product\/tirtir-mask-fit-red-cushion-6-shade-trial-kit-33c-33n-33w34c-34n-34w-zestaw-probek-6x1g\/#breadcrumb","itemListElement":[{"@type":"ListItem","position":1,"name":"Home","item":"https:\/\/selleetools.com\/pl\/"},{"@type":"ListItem","position":2,"name":"Katalog","item":"https:\/\/selleetools.com\/pl\/katalog\/"},{"@type":"ListItem","position":3,"name":"TIRTIR Mask Fit Red Cushion 6 Shade Trial Kit (33C\/33N\/33W,34C\/34N\/34W) &#8211; zestaw pr\u00f3bek (6x1g)"}]}]}},"_links":{"self":[{"href":"https:\/\/selleetools.com\/pl\/wp-json\/wp\/v2\/product\/606249"}],"collection":[{"href":"https:\/\/selleetools.com\/pl\/wp-json\/wp\/v2\/product"}],"about":[{"href":"https:\/\/selleetools.com\/pl\/wp-json\/wp\/v2\/types\/product"}],"replies":[{"embeddable":true,"href":"https:\/\/selleetools.com\/pl\/wp-json\/wp\/v2\/comments?post=606249"}],"wp:featuredmedia":[{"embeddable":true,"href":"https:\/\/selleetools.com\/pl\/wp-json\/wp\/v2\/media\/606247"}],"wp:attachment":[{"href":"https:\/\/selleetools.com\/pl\/wp-json\/wp\/v2\/media?parent=606249"}],"curies":[{"name":"wp","href":"https:\/\/api.w.org\/{rel}","templated":true}]}}