{"id":606246,"date":"2025-10-24T13:47:51","date_gmt":"2025-10-24T11:47:51","guid":{"rendered":"https:\/\/selleetools.com\/?post_type=product&#038;p=606246"},"modified":"2025-11-04T20:47:41","modified_gmt":"2025-11-04T19:47:41","slug":"medicube-triple-collagen-toner-140-ml-odzywczy-tonik-z-kolagenem","status":"publish","type":"product","link":"https:\/\/selleetools.com\/pl\/product\/medicube-triple-collagen-toner-140-ml-odzywczy-tonik-z-kolagenem\/","title":{"rendered":"Medicube Triple collagen toner, 140 ml &#8211; Od\u017cywczy tonik z kolagenem"},"content":{"rendered":"<p>Medicube Triple Collagen Toner 4.0 to zaawansowany tonik do twarzy, kt\u00f3ry zosta\u0142 stworzony, aby dostarczy\u0107 sk\u00f3rze intensywnej piel\u0119gnacji i od\u017cywienia. Jego unikalna formu\u0142a oparta na trzech rodzajach kolagenu skutecznie wspiera naturalne procesy regeneracji sk\u00f3ry, nadaj\u0105c jej zdrowy i promienny wygl\u0105d. Tonik jest przeznaczony do codziennego u\u017cytku, idealny dla wszystkich typ\u00f3w sk\u00f3ry, w tym wra\u017cliwej.<\/p>\n<p>Korzy\u015bci dla sk\u00f3ry:<br \/>\nNawil\u017cenie: Dzi\u0119ki zawarto\u015bci kolagenu, tonik skutecznie nawil\u017ca sk\u00f3r\u0119, przywracaj\u0105c jej elastyczno\u015b\u0107 i j\u0119drno\u015b\u0107.<br \/>\nWzmocnienie bariery ochronnej: Stymuluje produkcj\u0119 kolagenu, co wspomaga naturaln\u0105 barier\u0119 ochronn\u0105 sk\u00f3ry, chroni\u0105c j\u0105 przed szkodliwymi czynnikami zewn\u0119trznymi.<br \/>\nPoprawa tekstury sk\u00f3ry: Regularne stosowanie toniku pomaga wyg\u0142adzi\u0107 powierzchni\u0119 sk\u00f3ry, redukuj\u0105c widoczno\u015b\u0107 por\u00f3w i drobnych zmarszczek.<br \/>\nUspokojenie i ukojenie: Zawarte w formule sk\u0142adniki \u0142agodz\u0105 podra\u017cnienia, daj\u0105c sk\u00f3rze uczucie \u015bwie\u017co\u015bci i komfortu.<\/p>\n<p>Spos\u00f3b u\u017cycia:<br \/>\nOczyszczenie: Przed u\u017cyciem toniku, dok\u0142adnie oczy\u015b\u0107 twarz za pomoc\u0105 ulubionego \u015brodka czyszcz\u0105cego.<br \/>\nAplikacja: Nanie\u015b odpowiedni\u0105 ilo\u015b\u0107 toniku na wacik kosmetyczny lub bezpo\u015brednio na d\u0142onie, a nast\u0119pnie delikatnie wklep w sk\u00f3r\u0119 twarzy, szyi i dekoltu.<br \/>\nDalsza piel\u0119gnacja: Po na\u0142o\u017ceniu toniku mo\u017cesz kontynuowa\u0107 swoj\u0105 codzienn\u0105 rutyn\u0119 piel\u0119gnacyjn\u0105, stosuj\u0105c serum i krem nawil\u017caj\u0105cy.<\/p>\n<p>Medicube Triple Collagen Toner 4.0 to doskona\u0142y wyb\u00f3r dla tych, kt\u00f3rzy pragn\u0105 wprowadzi\u0107 do swojej piel\u0119gnacji skuteczne rozwi\u0105zania anti-aging, zapewniaj\u0105c sk\u00f3rze jednocze\u015bnie nawil\u017cenie i ochron\u0119.<\/p>\n","protected":false},"excerpt":{"rendered":"<p>Medicube Triple Collagen Toner 4.0 to zaawansowany tonik do twarzy, kt\u00f3ry zosta\u0142 stworzony, aby dostarczy\u0107 sk\u00f3rze intensywnej piel\u0119gnacji i od\u017cywienia. Jego unikalna formu\u0142a oparta na trzech rodzajach kolagenu skutecznie wspiera naturalne procesy regeneracji sk\u00f3ry, nadaj\u0105c jej zdrowy i promienny wygl\u0105d. Tonik jest przeznaczony do codziennego u\u017cytku, idealny dla wszystkich typ\u00f3w sk\u00f3ry, w tym wra\u017cliwej. Korzy\u015bci &#8230; <a title=\"Medicube Triple collagen toner, 140 ml &#8211; Od\u017cywczy tonik z kolagenem\" class=\"read-more\" href=\"https:\/\/selleetools.com\/pl\/product\/medicube-triple-collagen-toner-140-ml-odzywczy-tonik-z-kolagenem\/\">Read more<span class=\"screen-reader-text\">Medicube Triple collagen toner, 140 ml &#8211; Od\u017cywczy tonik z kolagenem<\/span><\/a><\/p>\n","protected":false},"featured_media":606244,"comment_status":"open","ping_status":"closed","template":"","meta":{"_links_to":"","_links_to_target":""},"yoast_head":"<!-- This site is optimized with the Yoast SEO plugin v19.4 - https:\/\/yoast.com\/wordpress\/plugins\/seo\/ -->\n<title>Medicube Triple collagen toner, 140 ml - Od\u017cywczy tonik z kolagenem - Selleetools.com<\/title>\n<meta name=\"robots\" content=\"index, follow, max-snippet:-1, max-image-preview:large, max-video-preview:-1\" \/>\n<link rel=\"canonical\" href=\"https:\/\/selleetools.com\/pl\/product\/medicube-triple-collagen-toner-140-ml-odzywczy-tonik-z-kolagenem\/\" \/>\n<meta property=\"og:locale\" content=\"pl_PL\" \/>\n<meta property=\"og:type\" content=\"article\" \/>\n<meta property=\"og:title\" content=\"Medicube Triple collagen toner, 140 ml - Od\u017cywczy tonik z kolagenem - Selleetools.com\" \/>\n<meta property=\"og:description\" content=\"Medicube Triple Collagen Toner 4.0 to zaawansowany tonik do twarzy, kt\u00f3ry zosta\u0142 stworzony, aby dostarczy\u0107 sk\u00f3rze intensywnej piel\u0119gnacji i od\u017cywienia. Jego unikalna formu\u0142a oparta na trzech rodzajach kolagenu skutecznie wspiera naturalne procesy regeneracji sk\u00f3ry, nadaj\u0105c jej zdrowy i promienny wygl\u0105d. Tonik jest przeznaczony do codziennego u\u017cytku, idealny dla wszystkich typ\u00f3w sk\u00f3ry, w tym wra\u017cliwej. Korzy\u015bci ... Read moreMedicube Triple collagen toner, 140 ml &#8211; Od\u017cywczy tonik z kolagenem\" \/>\n<meta property=\"og:url\" content=\"https:\/\/selleetools.com\/pl\/product\/medicube-triple-collagen-toner-140-ml-odzywczy-tonik-z-kolagenem\/\" \/>\n<meta property=\"og:site_name\" content=\"Selleetools.com\" \/>\n<meta property=\"article:modified_time\" content=\"2025-11-04T19:47:41+00:00\" \/>\n<meta property=\"og:image\" content=\"https:\/\/selleetools.com\/wp-content\/uploads\/2025\/10\/76ba89301a53c7b80df1918e532736b6.jpg\" \/>\n\t<meta property=\"og:image:width\" content=\"1200\" \/>\n\t<meta property=\"og:image:height\" content=\"1200\" \/>\n\t<meta property=\"og:image:type\" content=\"image\/jpeg\" \/>\n<meta name=\"twitter:card\" content=\"summary_large_image\" \/>\n<meta name=\"twitter:label1\" content=\"Est. reading time\" \/>\n\t<meta name=\"twitter:data1\" content=\"1 minuta\" \/>\n<!-- \/ Yoast SEO plugin. -->","yoast_head_json":{"title":"Medicube Triple collagen toner, 140 ml - Od\u017cywczy tonik z kolagenem - Selleetools.com","robots":{"index":"index","follow":"follow","max-snippet":"max-snippet:-1","max-image-preview":"max-image-preview:large","max-video-preview":"max-video-preview:-1"},"canonical":"https:\/\/selleetools.com\/pl\/product\/medicube-triple-collagen-toner-140-ml-odzywczy-tonik-z-kolagenem\/","og_locale":"pl_PL","og_type":"article","og_title":"Medicube Triple collagen toner, 140 ml - Od\u017cywczy tonik z kolagenem - Selleetools.com","og_description":"Medicube Triple Collagen Toner 4.0 to zaawansowany tonik do twarzy, kt\u00f3ry zosta\u0142 stworzony, aby dostarczy\u0107 sk\u00f3rze intensywnej piel\u0119gnacji i od\u017cywienia. Jego unikalna formu\u0142a oparta na trzech rodzajach kolagenu skutecznie wspiera naturalne procesy regeneracji sk\u00f3ry, nadaj\u0105c jej zdrowy i promienny wygl\u0105d. Tonik jest przeznaczony do codziennego u\u017cytku, idealny dla wszystkich typ\u00f3w sk\u00f3ry, w tym wra\u017cliwej. Korzy\u015bci ... Read moreMedicube Triple collagen toner, 140 ml &#8211; Od\u017cywczy tonik z kolagenem","og_url":"https:\/\/selleetools.com\/pl\/product\/medicube-triple-collagen-toner-140-ml-odzywczy-tonik-z-kolagenem\/","og_site_name":"Selleetools.com","article_modified_time":"2025-11-04T19:47:41+00:00","og_image":[{"width":1200,"height":1200,"url":"https:\/\/selleetools.com\/wp-content\/uploads\/2025\/10\/76ba89301a53c7b80df1918e532736b6.jpg","type":"image\/jpeg"}],"twitter_card":"summary_large_image","twitter_misc":{"Est. reading time":"1 minuta"},"schema":{"@context":"https:\/\/schema.org","@graph":[{"@type":"Organization","@id":"https:\/\/selleetools.com\/#organization","name":"Selleetools","url":"https:\/\/selleetools.com\/","sameAs":[],"logo":{"@type":"ImageObject","inLanguage":"pl-PL","@id":"https:\/\/selleetools.com\/#\/schema\/logo\/image\/","url":"https:\/\/selleetools.com\/wp-content\/uploads\/2021\/10\/logo-dark.png","contentUrl":"https:\/\/selleetools.com\/wp-content\/uploads\/2021\/10\/logo-dark.png","width":320,"height":76,"caption":"Selleetools"},"image":{"@id":"https:\/\/selleetools.com\/#\/schema\/logo\/image\/"}},{"@type":"WebSite","@id":"https:\/\/selleetools.com\/#website","url":"https:\/\/selleetools.com\/","name":"Selleetools.com","description":"","publisher":{"@id":"https:\/\/selleetools.com\/#organization"},"potentialAction":[{"@type":"SearchAction","target":{"@type":"EntryPoint","urlTemplate":"https:\/\/selleetools.com\/?s={search_term_string}"},"query-input":"required name=search_term_string"}],"inLanguage":"pl-PL"},{"@type":"WebPage","@id":"https:\/\/selleetools.com\/pl\/product\/medicube-triple-collagen-toner-140-ml-odzywczy-tonik-z-kolagenem\/","url":"https:\/\/selleetools.com\/pl\/product\/medicube-triple-collagen-toner-140-ml-odzywczy-tonik-z-kolagenem\/","name":"Medicube Triple collagen toner, 140 ml - Od\u017cywczy tonik z kolagenem - Selleetools.com","isPartOf":{"@id":"https:\/\/selleetools.com\/#website"},"datePublished":"2025-10-24T11:47:51+00:00","dateModified":"2025-11-04T19:47:41+00:00","breadcrumb":{"@id":"https:\/\/selleetools.com\/pl\/product\/medicube-triple-collagen-toner-140-ml-odzywczy-tonik-z-kolagenem\/#breadcrumb"},"inLanguage":"pl-PL","potentialAction":[{"@type":"ReadAction","target":["https:\/\/selleetools.com\/pl\/product\/medicube-triple-collagen-toner-140-ml-odzywczy-tonik-z-kolagenem\/"]}]},{"@type":"BreadcrumbList","@id":"https:\/\/selleetools.com\/pl\/product\/medicube-triple-collagen-toner-140-ml-odzywczy-tonik-z-kolagenem\/#breadcrumb","itemListElement":[{"@type":"ListItem","position":1,"name":"Home","item":"https:\/\/selleetools.com\/pl\/"},{"@type":"ListItem","position":2,"name":"Katalog","item":"https:\/\/selleetools.com\/pl\/katalog\/"},{"@type":"ListItem","position":3,"name":"Medicube Triple collagen toner, 140 ml &#8211; Od\u017cywczy tonik z kolagenem"}]}]}},"_links":{"self":[{"href":"https:\/\/selleetools.com\/pl\/wp-json\/wp\/v2\/product\/606246"}],"collection":[{"href":"https:\/\/selleetools.com\/pl\/wp-json\/wp\/v2\/product"}],"about":[{"href":"https:\/\/selleetools.com\/pl\/wp-json\/wp\/v2\/types\/product"}],"replies":[{"embeddable":true,"href":"https:\/\/selleetools.com\/pl\/wp-json\/wp\/v2\/comments?post=606246"}],"wp:featuredmedia":[{"embeddable":true,"href":"https:\/\/selleetools.com\/pl\/wp-json\/wp\/v2\/media\/606244"}],"wp:attachment":[{"href":"https:\/\/selleetools.com\/pl\/wp-json\/wp\/v2\/media?parent=606246"}],"curies":[{"name":"wp","href":"https:\/\/api.w.org\/{rel}","templated":true}]}}