{"id":606240,"date":"2025-10-24T13:47:46","date_gmt":"2025-10-24T11:47:46","guid":{"rendered":"https:\/\/selleetools.com\/?post_type=product&#038;p=606240"},"modified":"2025-11-04T20:47:25","modified_gmt":"2025-11-04T19:47:25","slug":"vt-cosmetics-reedle-shot-cleanser-80-ml-zel-do-mycia-twarzy","status":"publish","type":"product","link":"https:\/\/selleetools.com\/pl\/product\/vt-cosmetics-reedle-shot-cleanser-80-ml-zel-do-mycia-twarzy\/","title":{"rendered":"VT Cosmetics Reedle Shot Cleanser 80 ml &#8211; \u017bel do mycia twarzy"},"content":{"rendered":"<p>VT Cosmetics Reedle Shot Cleanser to innowacyjny produkt do oczyszczania twarzy, kt\u00f3ry skutecznie usuwa zanieczyszczenia, makija\u017c i nadmiar sebum, pozostawiaj\u0105c sk\u00f3r\u0119 \u015bwie\u017c\u0105 i promienn\u0105. Jego unikalna formu\u0142a, wzbogacona o naturalne ekstrakty, dzia\u0142a \u0142agodz\u0105co i nawil\u017caj\u0105co, co czyni go idealnym wyborem dla ka\u017cdego typu cery.<\/p>\n<p>Korzy\u015bci dla sk\u00f3ry:<br \/>\nG\u0142\u0119boki detoks: Skutecznie usuwa zanieczyszczenia, co pomaga w zapobieganiu zatykania por\u00f3w i powstawaniu niedoskona\u0142o\u015bci.<br \/>\nNawil\u017cenie: Dzi\u0119ki sk\u0142adnikom nawil\u017caj\u0105cym sk\u00f3ra pozostaje mi\u0119kka i elastyczna po oczyszczeniu.<br \/>\n\u0141agodzenie podra\u017cnie\u0144: Formu\u0142a wzbogacona o ekstrakty ro\u015blinne dzia\u0142a koj\u0105co na sk\u00f3r\u0119, zmniejszaj\u0105c zaczerwienienia i podra\u017cnienia.<br \/>\nPromienna cera: Regularne stosowanie wspiera naturalny blask sk\u00f3ry, nadaj\u0105c jej zdrowy wygl\u0105d.<\/p>\n<p>Spos\u00f3b u\u017cycia:<br \/>\nNa\u0142\u00f3\u017c niewielk\u0105 ilo\u015b\u0107 Reedle Shot Cleanser na such\u0105 sk\u00f3r\u0119 twarzy.<br \/>\nDelikatnie masuj, aby wprowadzi\u0107 produkt w sk\u00f3r\u0119 i usun\u0105\u0107 makija\u017c oraz zanieczyszczenia.<br \/>\nDodaj niewielk\u0105 ilo\u015b\u0107 wody, aby uzyska\u0107 pian\u0119, a nast\u0119pnie kontynuuj masa\u017c.<br \/>\nDok\u0142adnie sp\u0142ucz letni\u0105 wod\u0105.<br \/>\nStosuj rano i wieczorem jako cz\u0119\u015b\u0107 codziennej rutyny piel\u0119gnacyjnej.<\/p>\n<p>Zainwestuj w zdrowie swojej sk\u00f3ry z VT Cosmetics Reedle Shot Cleanser i ciesz si\u0119 jej \u015bwie\u017co\u015bci\u0105 ka\u017cdego dnia!<\/p>\n","protected":false},"excerpt":{"rendered":"<p>VT Cosmetics Reedle Shot Cleanser to innowacyjny produkt do oczyszczania twarzy, kt\u00f3ry skutecznie usuwa zanieczyszczenia, makija\u017c i nadmiar sebum, pozostawiaj\u0105c sk\u00f3r\u0119 \u015bwie\u017c\u0105 i promienn\u0105. Jego unikalna formu\u0142a, wzbogacona o naturalne ekstrakty, dzia\u0142a \u0142agodz\u0105co i nawil\u017caj\u0105co, co czyni go idealnym wyborem dla ka\u017cdego typu cery. Korzy\u015bci dla sk\u00f3ry: G\u0142\u0119boki detoks: Skutecznie usuwa zanieczyszczenia, co pomaga w &#8230; <a title=\"VT Cosmetics Reedle Shot Cleanser 80 ml &#8211; \u017bel do mycia twarzy\" class=\"read-more\" href=\"https:\/\/selleetools.com\/pl\/product\/vt-cosmetics-reedle-shot-cleanser-80-ml-zel-do-mycia-twarzy\/\">Read more<span class=\"screen-reader-text\">VT Cosmetics Reedle Shot Cleanser 80 ml &#8211; \u017bel do mycia twarzy<\/span><\/a><\/p>\n","protected":false},"featured_media":606238,"comment_status":"open","ping_status":"closed","template":"","meta":{"_links_to":"","_links_to_target":""},"yoast_head":"<!-- This site is optimized with the Yoast SEO plugin v19.4 - https:\/\/yoast.com\/wordpress\/plugins\/seo\/ -->\n<title>VT Cosmetics Reedle Shot Cleanser 80 ml - \u017bel do mycia twarzy - Selleetools.com<\/title>\n<meta name=\"robots\" content=\"index, follow, max-snippet:-1, max-image-preview:large, max-video-preview:-1\" \/>\n<link rel=\"canonical\" href=\"https:\/\/admincentral.selleetools.com\/pl\/product\/vt-cosmetics-reedle-shot-cleanser-80-ml-zel-do-mycia-twarzy\/\" \/>\n<meta property=\"og:locale\" content=\"pl_PL\" \/>\n<meta property=\"og:type\" content=\"article\" \/>\n<meta property=\"og:title\" content=\"VT Cosmetics Reedle Shot Cleanser 80 ml - \u017bel do mycia twarzy - Selleetools.com\" \/>\n<meta property=\"og:description\" content=\"VT Cosmetics Reedle Shot Cleanser to innowacyjny produkt do oczyszczania twarzy, kt\u00f3ry skutecznie usuwa zanieczyszczenia, makija\u017c i nadmiar sebum, pozostawiaj\u0105c sk\u00f3r\u0119 \u015bwie\u017c\u0105 i promienn\u0105. Jego unikalna formu\u0142a, wzbogacona o naturalne ekstrakty, dzia\u0142a \u0142agodz\u0105co i nawil\u017caj\u0105co, co czyni go idealnym wyborem dla ka\u017cdego typu cery. Korzy\u015bci dla sk\u00f3ry: G\u0142\u0119boki detoks: Skutecznie usuwa zanieczyszczenia, co pomaga w ... Read moreVT Cosmetics Reedle Shot Cleanser 80 ml &#8211; \u017bel do mycia twarzy\" \/>\n<meta property=\"og:url\" content=\"https:\/\/admincentral.selleetools.com\/pl\/product\/vt-cosmetics-reedle-shot-cleanser-80-ml-zel-do-mycia-twarzy\/\" \/>\n<meta property=\"og:site_name\" content=\"Selleetools.com\" \/>\n<meta property=\"article:modified_time\" content=\"2025-11-04T19:47:25+00:00\" \/>\n<meta property=\"og:image\" content=\"https:\/\/selleetools.com\/wp-content\/uploads\/2025\/10\/9a50ed05b56bad5943c4470590722adf.jpg\" \/>\n\t<meta property=\"og:image:width\" content=\"1080\" \/>\n\t<meta property=\"og:image:height\" content=\"1080\" \/>\n\t<meta property=\"og:image:type\" content=\"image\/jpeg\" \/>\n<meta name=\"twitter:card\" content=\"summary_large_image\" \/>\n<meta name=\"twitter:label1\" content=\"Est. reading time\" \/>\n\t<meta name=\"twitter:data1\" content=\"1 minuta\" \/>\n<!-- \/ Yoast SEO plugin. -->","yoast_head_json":{"title":"VT Cosmetics Reedle Shot Cleanser 80 ml - \u017bel do mycia twarzy - Selleetools.com","robots":{"index":"index","follow":"follow","max-snippet":"max-snippet:-1","max-image-preview":"max-image-preview:large","max-video-preview":"max-video-preview:-1"},"canonical":"https:\/\/admincentral.selleetools.com\/pl\/product\/vt-cosmetics-reedle-shot-cleanser-80-ml-zel-do-mycia-twarzy\/","og_locale":"pl_PL","og_type":"article","og_title":"VT Cosmetics Reedle Shot Cleanser 80 ml - \u017bel do mycia twarzy - Selleetools.com","og_description":"VT Cosmetics Reedle Shot Cleanser to innowacyjny produkt do oczyszczania twarzy, kt\u00f3ry skutecznie usuwa zanieczyszczenia, makija\u017c i nadmiar sebum, pozostawiaj\u0105c sk\u00f3r\u0119 \u015bwie\u017c\u0105 i promienn\u0105. Jego unikalna formu\u0142a, wzbogacona o naturalne ekstrakty, dzia\u0142a \u0142agodz\u0105co i nawil\u017caj\u0105co, co czyni go idealnym wyborem dla ka\u017cdego typu cery. Korzy\u015bci dla sk\u00f3ry: G\u0142\u0119boki detoks: Skutecznie usuwa zanieczyszczenia, co pomaga w ... Read moreVT Cosmetics Reedle Shot Cleanser 80 ml &#8211; \u017bel do mycia twarzy","og_url":"https:\/\/admincentral.selleetools.com\/pl\/product\/vt-cosmetics-reedle-shot-cleanser-80-ml-zel-do-mycia-twarzy\/","og_site_name":"Selleetools.com","article_modified_time":"2025-11-04T19:47:25+00:00","og_image":[{"width":1080,"height":1080,"url":"https:\/\/selleetools.com\/wp-content\/uploads\/2025\/10\/9a50ed05b56bad5943c4470590722adf.jpg","type":"image\/jpeg"}],"twitter_card":"summary_large_image","twitter_misc":{"Est. reading time":"1 minuta"},"schema":{"@context":"https:\/\/schema.org","@graph":[{"@type":"Organization","@id":"https:\/\/selleetools.com\/#organization","name":"Selleetools","url":"https:\/\/selleetools.com\/","sameAs":[],"logo":{"@type":"ImageObject","inLanguage":"pl-PL","@id":"https:\/\/selleetools.com\/#\/schema\/logo\/image\/","url":"https:\/\/selleetools.com\/wp-content\/uploads\/2021\/10\/logo-dark.png","contentUrl":"https:\/\/selleetools.com\/wp-content\/uploads\/2021\/10\/logo-dark.png","width":320,"height":76,"caption":"Selleetools"},"image":{"@id":"https:\/\/selleetools.com\/#\/schema\/logo\/image\/"}},{"@type":"WebSite","@id":"https:\/\/selleetools.com\/#website","url":"https:\/\/selleetools.com\/","name":"Selleetools.com","description":"","publisher":{"@id":"https:\/\/selleetools.com\/#organization"},"potentialAction":[{"@type":"SearchAction","target":{"@type":"EntryPoint","urlTemplate":"https:\/\/selleetools.com\/?s={search_term_string}"},"query-input":"required name=search_term_string"}],"inLanguage":"pl-PL"},{"@type":"WebPage","@id":"https:\/\/admincentral.selleetools.com\/pl\/product\/vt-cosmetics-reedle-shot-cleanser-80-ml-zel-do-mycia-twarzy\/","url":"https:\/\/admincentral.selleetools.com\/pl\/product\/vt-cosmetics-reedle-shot-cleanser-80-ml-zel-do-mycia-twarzy\/","name":"VT Cosmetics Reedle Shot Cleanser 80 ml - \u017bel do mycia twarzy - Selleetools.com","isPartOf":{"@id":"https:\/\/selleetools.com\/#website"},"datePublished":"2025-10-24T11:47:46+00:00","dateModified":"2025-11-04T19:47:25+00:00","breadcrumb":{"@id":"https:\/\/admincentral.selleetools.com\/pl\/product\/vt-cosmetics-reedle-shot-cleanser-80-ml-zel-do-mycia-twarzy\/#breadcrumb"},"inLanguage":"pl-PL","potentialAction":[{"@type":"ReadAction","target":["https:\/\/admincentral.selleetools.com\/pl\/product\/vt-cosmetics-reedle-shot-cleanser-80-ml-zel-do-mycia-twarzy\/"]}]},{"@type":"BreadcrumbList","@id":"https:\/\/admincentral.selleetools.com\/pl\/product\/vt-cosmetics-reedle-shot-cleanser-80-ml-zel-do-mycia-twarzy\/#breadcrumb","itemListElement":[{"@type":"ListItem","position":1,"name":"Home","item":"https:\/\/selleetools.com\/pl\/"},{"@type":"ListItem","position":2,"name":"Katalog","item":"https:\/\/selleetools.com\/pl\/katalog\/"},{"@type":"ListItem","position":3,"name":"VT Cosmetics Reedle Shot Cleanser 80 ml &#8211; \u017bel do mycia twarzy"}]}]}},"_links":{"self":[{"href":"https:\/\/selleetools.com\/pl\/wp-json\/wp\/v2\/product\/606240"}],"collection":[{"href":"https:\/\/selleetools.com\/pl\/wp-json\/wp\/v2\/product"}],"about":[{"href":"https:\/\/selleetools.com\/pl\/wp-json\/wp\/v2\/types\/product"}],"replies":[{"embeddable":true,"href":"https:\/\/selleetools.com\/pl\/wp-json\/wp\/v2\/comments?post=606240"}],"wp:featuredmedia":[{"embeddable":true,"href":"https:\/\/selleetools.com\/pl\/wp-json\/wp\/v2\/media\/606238"}],"wp:attachment":[{"href":"https:\/\/selleetools.com\/pl\/wp-json\/wp\/v2\/media?parent=606240"}],"curies":[{"name":"wp","href":"https:\/\/api.w.org\/{rel}","templated":true}]}}