{"id":606228,"date":"2025-10-24T13:47:37","date_gmt":"2025-10-24T11:47:37","guid":{"rendered":"https:\/\/selleetools.com\/?post_type=product&#038;p=606228"},"modified":"2025-11-03T17:07:24","modified_gmt":"2025-11-03T16:07:24","slug":"anua-rice-7-ceramide-hydrating-barrier-serum-50-ml-nawilzajace-serum-do-twarzy","status":"publish","type":"product","link":"https:\/\/selleetools.com\/pl\/product\/anua-rice-7-ceramide-hydrating-barrier-serum-50-ml-nawilzajace-serum-do-twarzy\/","title":{"rendered":"Anua Rice 7 Ceramide Hydrating Barrier Serum 50 ml &#8211; nawil\u017caj\u0105ce serum do twarzy"},"content":{"rendered":"<p><b>Anua Rice 7 Ceramide Hydrating Barrier Serum, 50ml <\/b>to intensywnie nawil\u017caj\u0105ce serum, kt\u00f3re pomaga wzmocni\u0107 barier\u0119 ochronn\u0105 sk\u00f3ry. Oparte na wodzie z otr\u0119b\u00f3w ry\u017cowych (Rice Bran Water) i ekstrakcie z ry\u017cu, serum bogate jest w sk\u0142adniki od\u017cywcze, kt\u00f3re nawil\u017caj\u0105 sk\u00f3r\u0119, poprawiaj\u0105 jej elastyczno\u015b\u0107 i wspieraj\u0105 regeneracj\u0119. Zawiera tak\u017ce ceramidy, kt\u00f3re wzmacniaj\u0105 barier\u0119 hydrolipidow\u0105, pomagaj\u0105c chroni\u0107 sk\u00f3r\u0119 przed utrat\u0105 wilgoci i dzia\u0142aniem szkodliwych czynnik\u00f3w zewn\u0119trznych.<\/p>\n<p>Formu\u0142a wzbogacona o niacynamid i pantenol wspomaga rozja\u015bnianie sk\u00f3ry, redukcj\u0119 drobnych niedoskona\u0142o\u015bci oraz dzia\u0142a koj\u0105co. Kwas hialuronowy i ekstrakty ro\u015blinne dostarczaj\u0105 d\u0142ugotrwa\u0142ego nawil\u017cenia, wspieraj\u0105c zdrowy i promienny wygl\u0105d sk\u00f3ry.<\/p>\n<p><strong>Korzy\u015bci:<\/strong><\/p>\n<ul>\n<li>G\u0142\u0119bokie nawil\u017cenie sk\u00f3ry i wzmocnienie bariery ochronnej dzi\u0119ki ceramidom.<\/li>\n<li>Rozja\u015bnianie i poprawa kolorytu cery dzi\u0119ki niacynamidowi.<\/li>\n<li>Poprawa elastyczno\u015bci i wyg\u0142adzenie sk\u00f3ry dzi\u0119ki ekstraktowi z ry\u017cu i proteinom ry\u017cowym.<\/li>\n<li>Zmniejszenie podra\u017cnie\u0144 i zaczerwienie\u0144, wspomagane przez pantenol i alantoin\u0119.<\/li>\n<li>Ochrona przed utrat\u0105 wilgoci i dzia\u0142aniem czynnik\u00f3w zewn\u0119trznych.<\/li>\n<\/ul>\n<p><strong>Dla kogo:<\/strong><br \/>\nSerum przeznaczone jest dla os\u00f3b o sk\u00f3rze suchej, wra\u017cliwej i wymagaj\u0105cej intensywnego nawil\u017cenia. Idealne dla tych, kt\u00f3rzy chc\u0105 poprawi\u0107 elastyczno\u015b\u0107 sk\u00f3ry, wzmocni\u0107 jej barier\u0119 ochronn\u0105 oraz nada\u0107 jej zdrowy i promienny wygl\u0105d.<\/p>\n<p><strong>Spos\u00f3b u\u017cycia:<\/strong><\/p>\n<ol>\n<li>Po oczyszczeniu i tonizacji sk\u00f3ry, na\u0142\u00f3\u017c odpowiedni\u0105 ilo\u015b\u0107 serum na twarz.<\/li>\n<li>Delikatnie wklep produkt, aby u\u0142atwi\u0107 wch\u0142anianie.<\/li>\n<li>Stosuj rano i wieczorem przed kremem nawil\u017caj\u0105cym, aby uzyska\u0107 najlepsze rezultaty.<\/li>\n<\/ol>\n<p>Serum mo\u017ce by\u0107 stosowane codziennie, aby zapewni\u0107 sk\u00f3rze odpowiednie nawil\u017cenie i ochron\u0119.<\/p>\n","protected":false},"excerpt":{"rendered":"<p>Anua Rice 7 Ceramide Hydrating Barrier Serum, 50ml to intensywnie nawil\u017caj\u0105ce serum, kt\u00f3re pomaga wzmocni\u0107 barier\u0119 ochronn\u0105 sk\u00f3ry. Oparte na wodzie z otr\u0119b\u00f3w ry\u017cowych (Rice Bran Water) i ekstrakcie z ry\u017cu, serum bogate jest w sk\u0142adniki od\u017cywcze, kt\u00f3re nawil\u017caj\u0105 sk\u00f3r\u0119, poprawiaj\u0105 jej elastyczno\u015b\u0107 i wspieraj\u0105 regeneracj\u0119. Zawiera tak\u017ce ceramidy, kt\u00f3re wzmacniaj\u0105 barier\u0119 hydrolipidow\u0105, pomagaj\u0105c chroni\u0107 &#8230; <a title=\"Anua Rice 7 Ceramide Hydrating Barrier Serum 50 ml &#8211; nawil\u017caj\u0105ce serum do twarzy\" class=\"read-more\" href=\"https:\/\/selleetools.com\/pl\/product\/anua-rice-7-ceramide-hydrating-barrier-serum-50-ml-nawilzajace-serum-do-twarzy\/\">Read more<span class=\"screen-reader-text\">Anua Rice 7 Ceramide Hydrating Barrier Serum 50 ml &#8211; nawil\u017caj\u0105ce serum do twarzy<\/span><\/a><\/p>\n","protected":false},"featured_media":606226,"comment_status":"open","ping_status":"closed","template":"","meta":{"_links_to":"","_links_to_target":""},"yoast_head":"<!-- This site is optimized with the Yoast SEO plugin v19.4 - https:\/\/yoast.com\/wordpress\/plugins\/seo\/ -->\n<title>Anua Rice 7 Ceramide Hydrating Barrier Serum 50 ml - nawil\u017caj\u0105ce serum do twarzy - Selleetools.com<\/title>\n<meta name=\"robots\" content=\"index, follow, max-snippet:-1, max-image-preview:large, max-video-preview:-1\" \/>\n<link rel=\"canonical\" href=\"https:\/\/admincentral.selleetools.com\/pl\/product\/anua-rice-7-ceramide-hydrating-barrier-serum-50-ml-nawilzajace-serum-do-twarzy\/\" \/>\n<meta property=\"og:locale\" content=\"pl_PL\" \/>\n<meta property=\"og:type\" content=\"article\" \/>\n<meta property=\"og:title\" content=\"Anua Rice 7 Ceramide Hydrating Barrier Serum 50 ml - nawil\u017caj\u0105ce serum do twarzy - Selleetools.com\" \/>\n<meta property=\"og:description\" content=\"Anua Rice 7 Ceramide Hydrating Barrier Serum, 50ml to intensywnie nawil\u017caj\u0105ce serum, kt\u00f3re pomaga wzmocni\u0107 barier\u0119 ochronn\u0105 sk\u00f3ry. Oparte na wodzie z otr\u0119b\u00f3w ry\u017cowych (Rice Bran Water) i ekstrakcie z ry\u017cu, serum bogate jest w sk\u0142adniki od\u017cywcze, kt\u00f3re nawil\u017caj\u0105 sk\u00f3r\u0119, poprawiaj\u0105 jej elastyczno\u015b\u0107 i wspieraj\u0105 regeneracj\u0119. Zawiera tak\u017ce ceramidy, kt\u00f3re wzmacniaj\u0105 barier\u0119 hydrolipidow\u0105, pomagaj\u0105c chroni\u0107 ... Read moreAnua Rice 7 Ceramide Hydrating Barrier Serum 50 ml &#8211; nawil\u017caj\u0105ce serum do twarzy\" \/>\n<meta property=\"og:url\" content=\"https:\/\/admincentral.selleetools.com\/pl\/product\/anua-rice-7-ceramide-hydrating-barrier-serum-50-ml-nawilzajace-serum-do-twarzy\/\" \/>\n<meta property=\"og:site_name\" content=\"Selleetools.com\" \/>\n<meta property=\"article:modified_time\" content=\"2025-11-03T16:07:24+00:00\" \/>\n<meta property=\"og:image\" content=\"https:\/\/selleetools.com\/wp-content\/uploads\/2025\/10\/1.jpg\" \/>\n\t<meta property=\"og:image:width\" content=\"1200\" \/>\n\t<meta property=\"og:image:height\" content=\"1200\" \/>\n\t<meta property=\"og:image:type\" content=\"image\/jpeg\" \/>\n<meta name=\"twitter:card\" content=\"summary_large_image\" \/>\n<meta name=\"twitter:label1\" content=\"Est. reading time\" \/>\n\t<meta name=\"twitter:data1\" content=\"1 minuta\" \/>\n<!-- \/ Yoast SEO plugin. -->","yoast_head_json":{"title":"Anua Rice 7 Ceramide Hydrating Barrier Serum 50 ml - nawil\u017caj\u0105ce serum do twarzy - Selleetools.com","robots":{"index":"index","follow":"follow","max-snippet":"max-snippet:-1","max-image-preview":"max-image-preview:large","max-video-preview":"max-video-preview:-1"},"canonical":"https:\/\/admincentral.selleetools.com\/pl\/product\/anua-rice-7-ceramide-hydrating-barrier-serum-50-ml-nawilzajace-serum-do-twarzy\/","og_locale":"pl_PL","og_type":"article","og_title":"Anua Rice 7 Ceramide Hydrating Barrier Serum 50 ml - nawil\u017caj\u0105ce serum do twarzy - Selleetools.com","og_description":"Anua Rice 7 Ceramide Hydrating Barrier Serum, 50ml to intensywnie nawil\u017caj\u0105ce serum, kt\u00f3re pomaga wzmocni\u0107 barier\u0119 ochronn\u0105 sk\u00f3ry. Oparte na wodzie z otr\u0119b\u00f3w ry\u017cowych (Rice Bran Water) i ekstrakcie z ry\u017cu, serum bogate jest w sk\u0142adniki od\u017cywcze, kt\u00f3re nawil\u017caj\u0105 sk\u00f3r\u0119, poprawiaj\u0105 jej elastyczno\u015b\u0107 i wspieraj\u0105 regeneracj\u0119. Zawiera tak\u017ce ceramidy, kt\u00f3re wzmacniaj\u0105 barier\u0119 hydrolipidow\u0105, pomagaj\u0105c chroni\u0107 ... Read moreAnua Rice 7 Ceramide Hydrating Barrier Serum 50 ml &#8211; nawil\u017caj\u0105ce serum do twarzy","og_url":"https:\/\/admincentral.selleetools.com\/pl\/product\/anua-rice-7-ceramide-hydrating-barrier-serum-50-ml-nawilzajace-serum-do-twarzy\/","og_site_name":"Selleetools.com","article_modified_time":"2025-11-03T16:07:24+00:00","og_image":[{"width":1200,"height":1200,"url":"https:\/\/selleetools.com\/wp-content\/uploads\/2025\/10\/1.jpg","type":"image\/jpeg"}],"twitter_card":"summary_large_image","twitter_misc":{"Est. reading time":"1 minuta"},"schema":{"@context":"https:\/\/schema.org","@graph":[{"@type":"Organization","@id":"https:\/\/selleetools.com\/#organization","name":"Selleetools","url":"https:\/\/selleetools.com\/","sameAs":[],"logo":{"@type":"ImageObject","inLanguage":"pl-PL","@id":"https:\/\/selleetools.com\/#\/schema\/logo\/image\/","url":"https:\/\/selleetools.com\/wp-content\/uploads\/2021\/10\/logo-dark.png","contentUrl":"https:\/\/selleetools.com\/wp-content\/uploads\/2021\/10\/logo-dark.png","width":320,"height":76,"caption":"Selleetools"},"image":{"@id":"https:\/\/selleetools.com\/#\/schema\/logo\/image\/"}},{"@type":"WebSite","@id":"https:\/\/selleetools.com\/#website","url":"https:\/\/selleetools.com\/","name":"Selleetools.com","description":"","publisher":{"@id":"https:\/\/selleetools.com\/#organization"},"potentialAction":[{"@type":"SearchAction","target":{"@type":"EntryPoint","urlTemplate":"https:\/\/selleetools.com\/?s={search_term_string}"},"query-input":"required name=search_term_string"}],"inLanguage":"pl-PL"},{"@type":"WebPage","@id":"https:\/\/admincentral.selleetools.com\/pl\/product\/anua-rice-7-ceramide-hydrating-barrier-serum-50-ml-nawilzajace-serum-do-twarzy\/","url":"https:\/\/admincentral.selleetools.com\/pl\/product\/anua-rice-7-ceramide-hydrating-barrier-serum-50-ml-nawilzajace-serum-do-twarzy\/","name":"Anua Rice 7 Ceramide Hydrating Barrier Serum 50 ml - nawil\u017caj\u0105ce serum do twarzy - Selleetools.com","isPartOf":{"@id":"https:\/\/selleetools.com\/#website"},"datePublished":"2025-10-24T11:47:37+00:00","dateModified":"2025-11-03T16:07:24+00:00","breadcrumb":{"@id":"https:\/\/admincentral.selleetools.com\/pl\/product\/anua-rice-7-ceramide-hydrating-barrier-serum-50-ml-nawilzajace-serum-do-twarzy\/#breadcrumb"},"inLanguage":"pl-PL","potentialAction":[{"@type":"ReadAction","target":["https:\/\/admincentral.selleetools.com\/pl\/product\/anua-rice-7-ceramide-hydrating-barrier-serum-50-ml-nawilzajace-serum-do-twarzy\/"]}]},{"@type":"BreadcrumbList","@id":"https:\/\/admincentral.selleetools.com\/pl\/product\/anua-rice-7-ceramide-hydrating-barrier-serum-50-ml-nawilzajace-serum-do-twarzy\/#breadcrumb","itemListElement":[{"@type":"ListItem","position":1,"name":"Home","item":"https:\/\/selleetools.com\/pl\/"},{"@type":"ListItem","position":2,"name":"Katalog","item":"https:\/\/selleetools.com\/pl\/katalog\/"},{"@type":"ListItem","position":3,"name":"Anua Rice 7 Ceramide Hydrating Barrier Serum 50 ml &#8211; nawil\u017caj\u0105ce serum do twarzy"}]}]}},"_links":{"self":[{"href":"https:\/\/selleetools.com\/pl\/wp-json\/wp\/v2\/product\/606228"}],"collection":[{"href":"https:\/\/selleetools.com\/pl\/wp-json\/wp\/v2\/product"}],"about":[{"href":"https:\/\/selleetools.com\/pl\/wp-json\/wp\/v2\/types\/product"}],"replies":[{"embeddable":true,"href":"https:\/\/selleetools.com\/pl\/wp-json\/wp\/v2\/comments?post=606228"}],"wp:featuredmedia":[{"embeddable":true,"href":"https:\/\/selleetools.com\/pl\/wp-json\/wp\/v2\/media\/606226"}],"wp:attachment":[{"href":"https:\/\/selleetools.com\/pl\/wp-json\/wp\/v2\/media?parent=606228"}],"curies":[{"name":"wp","href":"https:\/\/api.w.org\/{rel}","templated":true}]}}