{"id":606213,"date":"2025-10-24T13:47:24","date_gmt":"2025-10-24T11:47:24","guid":{"rendered":"https:\/\/selleetools.com\/?post_type=product&#038;p=606213"},"modified":"2025-11-04T20:46:33","modified_gmt":"2025-11-04T19:46:33","slug":"medicube-triple-collagen-cream-4-0-50-ml-ujedrniajacy-krem-do-twarzy","status":"publish","type":"product","link":"https:\/\/selleetools.com\/pl\/product\/medicube-triple-collagen-cream-4-0-50-ml-ujedrniajacy-krem-do-twarzy\/","title":{"rendered":"Medicube TRIPLE COLLAGEN CREAM 4.0, 50 ml &#8211; uj\u0119drniaj\u0105cy krem do twarzy"},"content":{"rendered":"<p>Medicube Triple Collagen Cream to intensywnie regeneruj\u0105cy krem, kt\u00f3ry wspomaga odbudow\u0119 sk\u00f3ry i jej nawil\u017cenie, dostarczaj\u0105c jej kompleksowe wsparcie w walce z oznakami starzenia. Formu\u0142a wzbogacona tr\u00f3jkolagenowym ekstraktem (zawieraj\u0105cym r\u00f3\u017cne rodzaje kolagenu) oraz hydrolizowanym elastyn\u0105 poprawia j\u0119drno\u015b\u0107 sk\u00f3ry, redukuj\u0105c zmarszczki i przywracaj\u0105c jej elastyczno\u015b\u0107. Niacynamid (witamina B3) rozja\u015bnia sk\u00f3r\u0119 i wyr\u00f3wnuje jej koloryt, a kwas hialuronowy intensywnie nawil\u017ca i wyg\u0142adza sk\u00f3r\u0119, przywracaj\u0105c jej promienny wygl\u0105d. Ekstrakty ro\u015blinne maj\u0105 dzia\u0142anie przeciwutleniaj\u0105ce i regeneruj\u0105ce. Olej arganowy i mas\u0142o shea zapewniaj\u0105 g\u0142\u0119bokie nawil\u017cenie i wyg\u0142adzenie.<\/p>\n<p>Korzy\u015bci dla sk\u00f3ry:<br \/>\nWzmacnia i regeneruje struktur\u0119 sk\u00f3ry<br \/>\nZmniejsza widoczno\u015b\u0107 zmarszczek i poprawia elastyczno\u015b\u0107<br \/>\nIntensywnie nawil\u017ca i wyg\u0142adza sk\u00f3r\u0119<br \/>\nWyr\u00f3wnuje koloryt sk\u00f3ry i poprawia jej blask<br \/>\nDzia\u0142anie przeciwzapalne i przeciwutleniaj\u0105ce<\/p>\n<p>Spos\u00f3b u\u017cycia: Na oczyszczon\u0105 sk\u00f3r\u0119 twarzy na\u0142\u00f3\u017c odpowiedni\u0105 ilo\u015b\u0107 kremu i delikatnie wmasuj a\u017c do ca\u0142kowitego wch\u0142oni\u0119cia. Stosuj codziennie rano i wieczorem, aby uzyska\u0107 najlepsze efekty.<\/p>\n","protected":false},"excerpt":{"rendered":"<p>Medicube Triple Collagen Cream to intensywnie regeneruj\u0105cy krem, kt\u00f3ry wspomaga odbudow\u0119 sk\u00f3ry i jej nawil\u017cenie, dostarczaj\u0105c jej kompleksowe wsparcie w walce z oznakami starzenia. Formu\u0142a wzbogacona tr\u00f3jkolagenowym ekstraktem (zawieraj\u0105cym r\u00f3\u017cne rodzaje kolagenu) oraz hydrolizowanym elastyn\u0105 poprawia j\u0119drno\u015b\u0107 sk\u00f3ry, redukuj\u0105c zmarszczki i przywracaj\u0105c jej elastyczno\u015b\u0107. Niacynamid (witamina B3) rozja\u015bnia sk\u00f3r\u0119 i wyr\u00f3wnuje jej koloryt, a kwas &#8230; <a title=\"Medicube TRIPLE COLLAGEN CREAM 4.0, 50 ml &#8211; uj\u0119drniaj\u0105cy krem do twarzy\" class=\"read-more\" href=\"https:\/\/selleetools.com\/pl\/product\/medicube-triple-collagen-cream-4-0-50-ml-ujedrniajacy-krem-do-twarzy\/\">Read more<span class=\"screen-reader-text\">Medicube TRIPLE COLLAGEN CREAM 4.0, 50 ml &#8211; uj\u0119drniaj\u0105cy krem do twarzy<\/span><\/a><\/p>\n","protected":false},"featured_media":606211,"comment_status":"open","ping_status":"closed","template":"","meta":{"_links_to":"","_links_to_target":""},"yoast_head":"<!-- This site is optimized with the Yoast SEO plugin v19.4 - https:\/\/yoast.com\/wordpress\/plugins\/seo\/ -->\n<title>Medicube TRIPLE COLLAGEN CREAM 4.0, 50 ml - uj\u0119drniaj\u0105cy krem do twarzy - Selleetools.com<\/title>\n<meta name=\"robots\" content=\"index, follow, max-snippet:-1, max-image-preview:large, max-video-preview:-1\" \/>\n<link rel=\"canonical\" href=\"https:\/\/admincentral.selleetools.com\/product\/medicube-triple-collagen-cream-4-0-50-ml-ujedrniajacy-krem-do-twarzy\/\" \/>\n<meta property=\"og:locale\" content=\"pl_PL\" \/>\n<meta property=\"og:type\" content=\"article\" \/>\n<meta property=\"og:title\" content=\"Medicube TRIPLE COLLAGEN CREAM 4.0, 50 ml - uj\u0119drniaj\u0105cy krem do twarzy - Selleetools.com\" \/>\n<meta property=\"og:description\" content=\"Medicube Triple Collagen Cream to intensywnie regeneruj\u0105cy krem, kt\u00f3ry wspomaga odbudow\u0119 sk\u00f3ry i jej nawil\u017cenie, dostarczaj\u0105c jej kompleksowe wsparcie w walce z oznakami starzenia. Formu\u0142a wzbogacona tr\u00f3jkolagenowym ekstraktem (zawieraj\u0105cym r\u00f3\u017cne rodzaje kolagenu) oraz hydrolizowanym elastyn\u0105 poprawia j\u0119drno\u015b\u0107 sk\u00f3ry, redukuj\u0105c zmarszczki i przywracaj\u0105c jej elastyczno\u015b\u0107. Niacynamid (witamina B3) rozja\u015bnia sk\u00f3r\u0119 i wyr\u00f3wnuje jej koloryt, a kwas ... Read moreMedicube TRIPLE COLLAGEN CREAM 4.0, 50 ml &#8211; uj\u0119drniaj\u0105cy krem do twarzy\" \/>\n<meta property=\"og:url\" content=\"https:\/\/admincentral.selleetools.com\/product\/medicube-triple-collagen-cream-4-0-50-ml-ujedrniajacy-krem-do-twarzy\/\" \/>\n<meta property=\"og:site_name\" content=\"Selleetools.com\" \/>\n<meta property=\"article:modified_time\" content=\"2025-11-04T19:46:33+00:00\" \/>\n<meta property=\"og:image\" content=\"https:\/\/selleetools.com\/wp-content\/uploads\/2025\/10\/b7981596ac3cb7956b35a582adcbf587.jpg\" \/>\n\t<meta property=\"og:image:width\" content=\"1200\" \/>\n\t<meta property=\"og:image:height\" content=\"1200\" \/>\n\t<meta property=\"og:image:type\" content=\"image\/jpeg\" \/>\n<meta name=\"twitter:card\" content=\"summary_large_image\" \/>\n<meta name=\"twitter:label1\" content=\"Est. reading time\" \/>\n\t<meta name=\"twitter:data1\" content=\"1 minuta\" \/>\n<!-- \/ Yoast SEO plugin. -->","yoast_head_json":{"title":"Medicube TRIPLE COLLAGEN CREAM 4.0, 50 ml - uj\u0119drniaj\u0105cy krem do twarzy - Selleetools.com","robots":{"index":"index","follow":"follow","max-snippet":"max-snippet:-1","max-image-preview":"max-image-preview:large","max-video-preview":"max-video-preview:-1"},"canonical":"https:\/\/admincentral.selleetools.com\/product\/medicube-triple-collagen-cream-4-0-50-ml-ujedrniajacy-krem-do-twarzy\/","og_locale":"pl_PL","og_type":"article","og_title":"Medicube TRIPLE COLLAGEN CREAM 4.0, 50 ml - uj\u0119drniaj\u0105cy krem do twarzy - Selleetools.com","og_description":"Medicube Triple Collagen Cream to intensywnie regeneruj\u0105cy krem, kt\u00f3ry wspomaga odbudow\u0119 sk\u00f3ry i jej nawil\u017cenie, dostarczaj\u0105c jej kompleksowe wsparcie w walce z oznakami starzenia. Formu\u0142a wzbogacona tr\u00f3jkolagenowym ekstraktem (zawieraj\u0105cym r\u00f3\u017cne rodzaje kolagenu) oraz hydrolizowanym elastyn\u0105 poprawia j\u0119drno\u015b\u0107 sk\u00f3ry, redukuj\u0105c zmarszczki i przywracaj\u0105c jej elastyczno\u015b\u0107. Niacynamid (witamina B3) rozja\u015bnia sk\u00f3r\u0119 i wyr\u00f3wnuje jej koloryt, a kwas ... Read moreMedicube TRIPLE COLLAGEN CREAM 4.0, 50 ml &#8211; uj\u0119drniaj\u0105cy krem do twarzy","og_url":"https:\/\/admincentral.selleetools.com\/product\/medicube-triple-collagen-cream-4-0-50-ml-ujedrniajacy-krem-do-twarzy\/","og_site_name":"Selleetools.com","article_modified_time":"2025-11-04T19:46:33+00:00","og_image":[{"width":1200,"height":1200,"url":"https:\/\/selleetools.com\/wp-content\/uploads\/2025\/10\/b7981596ac3cb7956b35a582adcbf587.jpg","type":"image\/jpeg"}],"twitter_card":"summary_large_image","twitter_misc":{"Est. reading time":"1 minuta"},"schema":{"@context":"https:\/\/schema.org","@graph":[{"@type":"Organization","@id":"https:\/\/selleetools.com\/#organization","name":"Selleetools","url":"https:\/\/selleetools.com\/","sameAs":[],"logo":{"@type":"ImageObject","inLanguage":"pl-PL","@id":"https:\/\/selleetools.com\/#\/schema\/logo\/image\/","url":"https:\/\/selleetools.com\/wp-content\/uploads\/2021\/10\/logo-dark.png","contentUrl":"https:\/\/selleetools.com\/wp-content\/uploads\/2021\/10\/logo-dark.png","width":320,"height":76,"caption":"Selleetools"},"image":{"@id":"https:\/\/selleetools.com\/#\/schema\/logo\/image\/"}},{"@type":"WebSite","@id":"https:\/\/selleetools.com\/#website","url":"https:\/\/selleetools.com\/","name":"Selleetools.com","description":"","publisher":{"@id":"https:\/\/selleetools.com\/#organization"},"potentialAction":[{"@type":"SearchAction","target":{"@type":"EntryPoint","urlTemplate":"https:\/\/selleetools.com\/?s={search_term_string}"},"query-input":"required name=search_term_string"}],"inLanguage":"pl-PL"},{"@type":"WebPage","@id":"https:\/\/admincentral.selleetools.com\/product\/medicube-triple-collagen-cream-4-0-50-ml-ujedrniajacy-krem-do-twarzy\/","url":"https:\/\/admincentral.selleetools.com\/product\/medicube-triple-collagen-cream-4-0-50-ml-ujedrniajacy-krem-do-twarzy\/","name":"Medicube TRIPLE COLLAGEN CREAM 4.0, 50 ml - uj\u0119drniaj\u0105cy krem do twarzy - Selleetools.com","isPartOf":{"@id":"https:\/\/selleetools.com\/#website"},"datePublished":"2025-10-24T11:47:24+00:00","dateModified":"2025-11-04T19:46:33+00:00","breadcrumb":{"@id":"https:\/\/admincentral.selleetools.com\/product\/medicube-triple-collagen-cream-4-0-50-ml-ujedrniajacy-krem-do-twarzy\/#breadcrumb"},"inLanguage":"pl-PL","potentialAction":[{"@type":"ReadAction","target":["https:\/\/admincentral.selleetools.com\/product\/medicube-triple-collagen-cream-4-0-50-ml-ujedrniajacy-krem-do-twarzy\/"]}]},{"@type":"BreadcrumbList","@id":"https:\/\/admincentral.selleetools.com\/product\/medicube-triple-collagen-cream-4-0-50-ml-ujedrniajacy-krem-do-twarzy\/#breadcrumb","itemListElement":[{"@type":"ListItem","position":1,"name":"Home","item":"https:\/\/selleetools.com\/pl\/"},{"@type":"ListItem","position":2,"name":"Katalog","item":"https:\/\/selleetools.com\/pl\/katalog\/"},{"@type":"ListItem","position":3,"name":"Medicube TRIPLE COLLAGEN CREAM 4.0, 50 ml &#8211; uj\u0119drniaj\u0105cy krem do twarzy"}]}]}},"_links":{"self":[{"href":"https:\/\/selleetools.com\/pl\/wp-json\/wp\/v2\/product\/606213"}],"collection":[{"href":"https:\/\/selleetools.com\/pl\/wp-json\/wp\/v2\/product"}],"about":[{"href":"https:\/\/selleetools.com\/pl\/wp-json\/wp\/v2\/types\/product"}],"replies":[{"embeddable":true,"href":"https:\/\/selleetools.com\/pl\/wp-json\/wp\/v2\/comments?post=606213"}],"wp:featuredmedia":[{"embeddable":true,"href":"https:\/\/selleetools.com\/pl\/wp-json\/wp\/v2\/media\/606211"}],"wp:attachment":[{"href":"https:\/\/selleetools.com\/pl\/wp-json\/wp\/v2\/media?parent=606213"}],"curies":[{"name":"wp","href":"https:\/\/api.w.org\/{rel}","templated":true}]}}