{"id":606116,"date":"2025-10-24T13:46:02","date_gmt":"2025-10-24T11:46:02","guid":{"rendered":"https:\/\/selleetools.com\/?post_type=product&#038;p=606116"},"modified":"2025-11-04T20:46:08","modified_gmt":"2025-11-04T19:46:08","slug":"jumiso-pore-clearing-cleansing-oil-200-ml-oczyszczajacy-olejek-do-demakijazu","status":"publish","type":"product","link":"https:\/\/selleetools.com\/pl\/product\/jumiso-pore-clearing-cleansing-oil-200-ml-oczyszczajacy-olejek-do-demakijazu\/","title":{"rendered":"Jumiso PORE CLEARING CLEANSING OIL 200 ml &#8211; oczyszczaj\u0105cy olejek do demakija\u017cu"},"content":{"rendered":"<p>Jumiso Pore Clearing Cleansing Oil to lekki, ale skuteczny olejek do demakija\u017cu i oczyszczania sk\u00f3ry, kt\u00f3ry rozpuszcza nawet wodoodporny makija\u017c oraz zanieczyszczenia nagromadzone w porach. Formu\u0142a oparta na oleju s\u0142onecznikowym, squalanie i olejach ro\u015blinnych delikatnie piel\u0119gnuje sk\u00f3r\u0119, pozostawiaj\u0105c j\u0105 czyst\u0105, mi\u0119kk\u0105 i nawil\u017con\u0105 bez uczucia t\u0142usto\u015bci.<\/p>\n<p>Korzy\u015bci dla sk\u00f3ry:<br \/>\nSkutecznie usuwa makija\u017c i zanieczyszczenia<br \/>\nOczyszcza pory i zapobiega ich zatykaniu<br \/>\nWyg\u0142adza i zmi\u0119kcza sk\u00f3r\u0119<br \/>\nWzmacnia barier\u0119 ochronn\u0105 sk\u00f3ry<br \/>\nNie pozostawia t\u0142ustej warstwy<\/p>\n<p>Spos\u00f3b u\u017cycia: Na\u0142\u00f3\u017c 1\u20132 pompki olejku na suche d\u0142onie i rozprowad\u017a na suchej twarzy, delikatnie masuj\u0105c sk\u00f3r\u0119. Dodaj odrobin\u0119 wody, aby uzyska\u0107 mleczn\u0105 emulsj\u0119, a nast\u0119pnie dok\u0142adnie sp\u0142ucz ciep\u0142\u0105 wod\u0105.<\/p>\n","protected":false},"excerpt":{"rendered":"<p>Jumiso Pore Clearing Cleansing Oil to lekki, ale skuteczny olejek do demakija\u017cu i oczyszczania sk\u00f3ry, kt\u00f3ry rozpuszcza nawet wodoodporny makija\u017c oraz zanieczyszczenia nagromadzone w porach. Formu\u0142a oparta na oleju s\u0142onecznikowym, squalanie i olejach ro\u015blinnych delikatnie piel\u0119gnuje sk\u00f3r\u0119, pozostawiaj\u0105c j\u0105 czyst\u0105, mi\u0119kk\u0105 i nawil\u017con\u0105 bez uczucia t\u0142usto\u015bci. Korzy\u015bci dla sk\u00f3ry: Skutecznie usuwa makija\u017c i zanieczyszczenia Oczyszcza &#8230; <a title=\"Jumiso PORE CLEARING CLEANSING OIL 200 ml &#8211; oczyszczaj\u0105cy olejek do demakija\u017cu\" class=\"read-more\" href=\"https:\/\/selleetools.com\/pl\/product\/jumiso-pore-clearing-cleansing-oil-200-ml-oczyszczajacy-olejek-do-demakijazu\/\">Read more<span class=\"screen-reader-text\">Jumiso PORE CLEARING CLEANSING OIL 200 ml &#8211; oczyszczaj\u0105cy olejek do demakija\u017cu<\/span><\/a><\/p>\n","protected":false},"featured_media":606112,"comment_status":"open","ping_status":"closed","template":"","meta":{"_links_to":"","_links_to_target":""},"yoast_head":"<!-- This site is optimized with the Yoast SEO plugin v19.4 - https:\/\/yoast.com\/wordpress\/plugins\/seo\/ -->\n<title>Jumiso PORE CLEARING CLEANSING OIL 200 ml - oczyszczaj\u0105cy olejek do demakija\u017cu - Selleetools.com<\/title>\n<meta name=\"robots\" content=\"index, follow, max-snippet:-1, max-image-preview:large, max-video-preview:-1\" \/>\n<link rel=\"canonical\" href=\"https:\/\/selleetools.com\/pl\/product\/jumiso-pore-clearing-cleansing-oil-200-ml-oczyszczajacy-olejek-do-demakijazu\/\" \/>\n<meta property=\"og:locale\" content=\"pl_PL\" \/>\n<meta property=\"og:type\" content=\"article\" \/>\n<meta property=\"og:title\" content=\"Jumiso PORE CLEARING CLEANSING OIL 200 ml - oczyszczaj\u0105cy olejek do demakija\u017cu - Selleetools.com\" \/>\n<meta property=\"og:description\" content=\"Jumiso Pore Clearing Cleansing Oil to lekki, ale skuteczny olejek do demakija\u017cu i oczyszczania sk\u00f3ry, kt\u00f3ry rozpuszcza nawet wodoodporny makija\u017c oraz zanieczyszczenia nagromadzone w porach. Formu\u0142a oparta na oleju s\u0142onecznikowym, squalanie i olejach ro\u015blinnych delikatnie piel\u0119gnuje sk\u00f3r\u0119, pozostawiaj\u0105c j\u0105 czyst\u0105, mi\u0119kk\u0105 i nawil\u017con\u0105 bez uczucia t\u0142usto\u015bci. Korzy\u015bci dla sk\u00f3ry: Skutecznie usuwa makija\u017c i zanieczyszczenia Oczyszcza ... Read moreJumiso PORE CLEARING CLEANSING OIL 200 ml &#8211; oczyszczaj\u0105cy olejek do demakija\u017cu\" \/>\n<meta property=\"og:url\" content=\"https:\/\/selleetools.com\/pl\/product\/jumiso-pore-clearing-cleansing-oil-200-ml-oczyszczajacy-olejek-do-demakijazu\/\" \/>\n<meta property=\"og:site_name\" content=\"Selleetools.com\" \/>\n<meta property=\"article:modified_time\" content=\"2025-11-04T19:46:08+00:00\" \/>\n<meta property=\"og:image\" content=\"https:\/\/selleetools.com\/wp-content\/uploads\/2025\/10\/057709f796921f6b8dcfd52b512754fa.jpg\" \/>\n\t<meta property=\"og:image:width\" content=\"1200\" \/>\n\t<meta property=\"og:image:height\" content=\"1200\" \/>\n\t<meta property=\"og:image:type\" content=\"image\/jpeg\" \/>\n<meta name=\"twitter:card\" content=\"summary_large_image\" \/>\n<meta name=\"twitter:label1\" content=\"Est. reading time\" \/>\n\t<meta name=\"twitter:data1\" content=\"1 minuta\" \/>\n<!-- \/ Yoast SEO plugin. -->","yoast_head_json":{"title":"Jumiso PORE CLEARING CLEANSING OIL 200 ml - oczyszczaj\u0105cy olejek do demakija\u017cu - Selleetools.com","robots":{"index":"index","follow":"follow","max-snippet":"max-snippet:-1","max-image-preview":"max-image-preview:large","max-video-preview":"max-video-preview:-1"},"canonical":"https:\/\/selleetools.com\/pl\/product\/jumiso-pore-clearing-cleansing-oil-200-ml-oczyszczajacy-olejek-do-demakijazu\/","og_locale":"pl_PL","og_type":"article","og_title":"Jumiso PORE CLEARING CLEANSING OIL 200 ml - oczyszczaj\u0105cy olejek do demakija\u017cu - Selleetools.com","og_description":"Jumiso Pore Clearing Cleansing Oil to lekki, ale skuteczny olejek do demakija\u017cu i oczyszczania sk\u00f3ry, kt\u00f3ry rozpuszcza nawet wodoodporny makija\u017c oraz zanieczyszczenia nagromadzone w porach. Formu\u0142a oparta na oleju s\u0142onecznikowym, squalanie i olejach ro\u015blinnych delikatnie piel\u0119gnuje sk\u00f3r\u0119, pozostawiaj\u0105c j\u0105 czyst\u0105, mi\u0119kk\u0105 i nawil\u017con\u0105 bez uczucia t\u0142usto\u015bci. Korzy\u015bci dla sk\u00f3ry: Skutecznie usuwa makija\u017c i zanieczyszczenia Oczyszcza ... Read moreJumiso PORE CLEARING CLEANSING OIL 200 ml &#8211; oczyszczaj\u0105cy olejek do demakija\u017cu","og_url":"https:\/\/selleetools.com\/pl\/product\/jumiso-pore-clearing-cleansing-oil-200-ml-oczyszczajacy-olejek-do-demakijazu\/","og_site_name":"Selleetools.com","article_modified_time":"2025-11-04T19:46:08+00:00","og_image":[{"width":1200,"height":1200,"url":"https:\/\/selleetools.com\/wp-content\/uploads\/2025\/10\/057709f796921f6b8dcfd52b512754fa.jpg","type":"image\/jpeg"}],"twitter_card":"summary_large_image","twitter_misc":{"Est. reading time":"1 minuta"},"schema":{"@context":"https:\/\/schema.org","@graph":[{"@type":"Organization","@id":"https:\/\/selleetools.com\/#organization","name":"Selleetools","url":"https:\/\/selleetools.com\/","sameAs":[],"logo":{"@type":"ImageObject","inLanguage":"pl-PL","@id":"https:\/\/selleetools.com\/#\/schema\/logo\/image\/","url":"https:\/\/selleetools.com\/wp-content\/uploads\/2021\/10\/logo-dark.png","contentUrl":"https:\/\/selleetools.com\/wp-content\/uploads\/2021\/10\/logo-dark.png","width":320,"height":76,"caption":"Selleetools"},"image":{"@id":"https:\/\/selleetools.com\/#\/schema\/logo\/image\/"}},{"@type":"WebSite","@id":"https:\/\/selleetools.com\/#website","url":"https:\/\/selleetools.com\/","name":"Selleetools.com","description":"","publisher":{"@id":"https:\/\/selleetools.com\/#organization"},"potentialAction":[{"@type":"SearchAction","target":{"@type":"EntryPoint","urlTemplate":"https:\/\/selleetools.com\/?s={search_term_string}"},"query-input":"required name=search_term_string"}],"inLanguage":"pl-PL"},{"@type":"WebPage","@id":"https:\/\/selleetools.com\/pl\/product\/jumiso-pore-clearing-cleansing-oil-200-ml-oczyszczajacy-olejek-do-demakijazu\/","url":"https:\/\/selleetools.com\/pl\/product\/jumiso-pore-clearing-cleansing-oil-200-ml-oczyszczajacy-olejek-do-demakijazu\/","name":"Jumiso PORE CLEARING CLEANSING OIL 200 ml - oczyszczaj\u0105cy olejek do demakija\u017cu - Selleetools.com","isPartOf":{"@id":"https:\/\/selleetools.com\/#website"},"datePublished":"2025-10-24T11:46:02+00:00","dateModified":"2025-11-04T19:46:08+00:00","breadcrumb":{"@id":"https:\/\/selleetools.com\/pl\/product\/jumiso-pore-clearing-cleansing-oil-200-ml-oczyszczajacy-olejek-do-demakijazu\/#breadcrumb"},"inLanguage":"pl-PL","potentialAction":[{"@type":"ReadAction","target":["https:\/\/selleetools.com\/pl\/product\/jumiso-pore-clearing-cleansing-oil-200-ml-oczyszczajacy-olejek-do-demakijazu\/"]}]},{"@type":"BreadcrumbList","@id":"https:\/\/selleetools.com\/pl\/product\/jumiso-pore-clearing-cleansing-oil-200-ml-oczyszczajacy-olejek-do-demakijazu\/#breadcrumb","itemListElement":[{"@type":"ListItem","position":1,"name":"Home","item":"https:\/\/selleetools.com\/pl\/"},{"@type":"ListItem","position":2,"name":"Katalog","item":"https:\/\/selleetools.com\/pl\/katalog\/"},{"@type":"ListItem","position":3,"name":"Jumiso PORE CLEARING CLEANSING OIL 200 ml &#8211; oczyszczaj\u0105cy olejek do demakija\u017cu"}]}]}},"_links":{"self":[{"href":"https:\/\/selleetools.com\/pl\/wp-json\/wp\/v2\/product\/606116"}],"collection":[{"href":"https:\/\/selleetools.com\/pl\/wp-json\/wp\/v2\/product"}],"about":[{"href":"https:\/\/selleetools.com\/pl\/wp-json\/wp\/v2\/types\/product"}],"replies":[{"embeddable":true,"href":"https:\/\/selleetools.com\/pl\/wp-json\/wp\/v2\/comments?post=606116"}],"wp:featuredmedia":[{"embeddable":true,"href":"https:\/\/selleetools.com\/pl\/wp-json\/wp\/v2\/media\/606112"}],"wp:attachment":[{"href":"https:\/\/selleetools.com\/pl\/wp-json\/wp\/v2\/media?parent=606116"}],"curies":[{"name":"wp","href":"https:\/\/api.w.org\/{rel}","templated":true}]}}