{"id":606075,"date":"2025-10-24T13:45:25","date_gmt":"2025-10-24T11:45:25","guid":{"rendered":"https:\/\/selleetools.com\/?post_type=product&#038;p=606075"},"modified":"2025-11-04T20:45:44","modified_gmt":"2025-11-04T19:45:44","slug":"heimish-dear-bare-skin-4-szt-zestaw-do-oczyszczania-twarzy","status":"publish","type":"product","link":"https:\/\/selleetools.com\/pl\/product\/heimish-dear-bare-skin-4-szt-zestaw-do-oczyszczania-twarzy\/","title":{"rendered":"Heimish Dear Bare Skin 4 szt. &#8211; zestaw do oczyszczania twarzy"},"content":{"rendered":"<p>Odkryj sekret czystej i promiennej sk\u00f3ry z zestawem do oczyszczania twarzy <b>Heimish Dear Bare Skin<\/b>. Ten kompleksowy zestaw, stworzony z my\u015bl\u0105 o pe\u0142nej piel\u0119gnacji, zawiera wszystko, czego potrzebujesz, aby skutecznie usun\u0105\u0107 makija\u017c, zanieczyszczenia oraz martwe kom\u00f3rki nask\u00f3rka, jednocze\u015bnie od\u017cywiaj\u0105c i nawil\u017caj\u0105c sk\u00f3r\u0119.<\/p>\n<p>W sk\u0142ad zestawu wchodz\u0105:<\/p>\n<ul>\n<li><b>Heimish All Clean Balm, 5ml\u00a0<\/b><\/li>\n<li><b>Heimish All Clean Balm Mandarin, 5ml\u00a0<\/b><\/li>\n<li><b>Heimish Matcha Biome Perfect Cleansing Oil, 17ml\u00a0<\/b><\/li>\n<li><b>Heimish All Clean Gentle Exfoliating Gel Cleanser, 20ml<\/b><\/li>\n<\/ul>\n<p><b>Korzy\u015bci dla sk\u00f3ry:<\/b><\/p>\n<p>Dok\u0142adne oczyszczenie: Balsamy i olejek oczyszczaj\u0105cy skutecznie usuwaj\u0105 makija\u017c i zanieczyszczenia, pozostawiaj\u0105c sk\u00f3r\u0119 czyst\u0105 i \u015bwie\u017c\u0105.<\/p>\n<p>G\u0142adka i promienna sk\u00f3ra: \u017bel peelinguj\u0105cy delikatnie usuwa martwe kom\u00f3rki, wyg\u0142adzaj\u0105c sk\u00f3r\u0119 i poprawiaj\u0105c jej tekstur\u0119.<\/p>\n<p>Nawil\u017cenie i od\u017cywienie: Formu\u0142y zawarte w produktach pomagaj\u0105 zachowa\u0107 naturaln\u0105 barier\u0119 ochronn\u0105 sk\u00f3ry, utrzymuj\u0105c j\u0105 nawil\u017con\u0105 i zdrow\u0105.<\/p>\n<p><b>Spos\u00f3b u\u017cycia:<\/b><\/p>\n<p>Balsam oczyszczaj\u0105cy: Na\u0142\u00f3\u017c niewielk\u0105 ilo\u015b\u0107 balsamu na such\u0105 sk\u00f3r\u0119 twarzy i delikatnie masuj, a\u017c makija\u017c i zanieczyszczenia zaczn\u0105 si\u0119 rozpuszcza\u0107. Sp\u0142ucz ciep\u0142\u0105 wod\u0105 lub usu\u0144 za pomoc\u0105 wilgotnego r\u0119cznika.<\/p>\n<p>Olejek oczyszczaj\u0105cy: Po u\u017cyciu balsamu, na\u0142\u00f3\u017c kilka kropli olejku na wilgotn\u0105 sk\u00f3r\u0119 i delikatnie wmasuj. Zmyj obficie ciep\u0142\u0105 wod\u0105. Olejek pomo\u017ce usun\u0105\u0107 resztki makija\u017cu i balsamu, zapewniaj\u0105c dodatkowe nawil\u017cenie.<\/p>\n<p>\u017bel peelinguj\u0105cy: Na\u0142\u00f3\u017c niewielk\u0105 ilo\u015b\u0107 \u017celu na wilgotn\u0105 sk\u00f3r\u0119, unikaj\u0105c okolic oczu. Masuj okr\u0119\u017cnymi ruchami przez oko\u0142o 1-2 minuty, a nast\u0119pnie sp\u0142ucz ciep\u0142\u0105 wod\u0105. U\u017cywaj 1-2 razy w tygodniu, aby uzyska\u0107 najlepsze rezultaty.<\/p>\n","protected":false},"excerpt":{"rendered":"<p>Odkryj sekret czystej i promiennej sk\u00f3ry z zestawem do oczyszczania twarzy Heimish Dear Bare Skin. Ten kompleksowy zestaw, stworzony z my\u015bl\u0105 o pe\u0142nej piel\u0119gnacji, zawiera wszystko, czego potrzebujesz, aby skutecznie usun\u0105\u0107 makija\u017c, zanieczyszczenia oraz martwe kom\u00f3rki nask\u00f3rka, jednocze\u015bnie od\u017cywiaj\u0105c i nawil\u017caj\u0105c sk\u00f3r\u0119. W sk\u0142ad zestawu wchodz\u0105: Heimish All Clean Balm, 5ml\u00a0 Heimish All Clean Balm &#8230; <a title=\"Heimish Dear Bare Skin 4 szt. &#8211; zestaw do oczyszczania twarzy\" class=\"read-more\" href=\"https:\/\/selleetools.com\/pl\/product\/heimish-dear-bare-skin-4-szt-zestaw-do-oczyszczania-twarzy\/\">Read more<span class=\"screen-reader-text\">Heimish Dear Bare Skin 4 szt. &#8211; zestaw do oczyszczania twarzy<\/span><\/a><\/p>\n","protected":false},"featured_media":606073,"comment_status":"open","ping_status":"closed","template":"","meta":{"_links_to":"","_links_to_target":""},"yoast_head":"<!-- This site is optimized with the Yoast SEO plugin v19.4 - https:\/\/yoast.com\/wordpress\/plugins\/seo\/ -->\n<title>Heimish Dear Bare Skin 4 szt. - zestaw do oczyszczania twarzy - Selleetools.com<\/title>\n<meta name=\"robots\" content=\"index, follow, max-snippet:-1, max-image-preview:large, max-video-preview:-1\" \/>\n<link rel=\"canonical\" href=\"https:\/\/admincentral.selleetools.com\/pl\/product\/heimish-dear-bare-skin-4-szt-zestaw-do-oczyszczania-twarzy\/\" \/>\n<meta property=\"og:locale\" content=\"pl_PL\" \/>\n<meta property=\"og:type\" content=\"article\" \/>\n<meta property=\"og:title\" content=\"Heimish Dear Bare Skin 4 szt. - zestaw do oczyszczania twarzy - Selleetools.com\" \/>\n<meta property=\"og:description\" content=\"Odkryj sekret czystej i promiennej sk\u00f3ry z zestawem do oczyszczania twarzy Heimish Dear Bare Skin. Ten kompleksowy zestaw, stworzony z my\u015bl\u0105 o pe\u0142nej piel\u0119gnacji, zawiera wszystko, czego potrzebujesz, aby skutecznie usun\u0105\u0107 makija\u017c, zanieczyszczenia oraz martwe kom\u00f3rki nask\u00f3rka, jednocze\u015bnie od\u017cywiaj\u0105c i nawil\u017caj\u0105c sk\u00f3r\u0119. W sk\u0142ad zestawu wchodz\u0105: Heimish All Clean Balm, 5ml\u00a0 Heimish All Clean Balm ... Read moreHeimish Dear Bare Skin 4 szt. &#8211; zestaw do oczyszczania twarzy\" \/>\n<meta property=\"og:url\" content=\"https:\/\/admincentral.selleetools.com\/pl\/product\/heimish-dear-bare-skin-4-szt-zestaw-do-oczyszczania-twarzy\/\" \/>\n<meta property=\"og:site_name\" content=\"Selleetools.com\" \/>\n<meta property=\"article:modified_time\" content=\"2025-11-04T19:45:44+00:00\" \/>\n<meta property=\"og:image\" content=\"https:\/\/selleetools.com\/wp-content\/uploads\/2025\/10\/8d266c52e8a2d2d5b311d576701a50c4.jpg\" \/>\n\t<meta property=\"og:image:width\" content=\"1200\" \/>\n\t<meta property=\"og:image:height\" content=\"1200\" \/>\n\t<meta property=\"og:image:type\" content=\"image\/jpeg\" \/>\n<meta name=\"twitter:card\" content=\"summary_large_image\" \/>\n<meta name=\"twitter:label1\" content=\"Est. reading time\" \/>\n\t<meta name=\"twitter:data1\" content=\"1 minuta\" \/>\n<!-- \/ Yoast SEO plugin. -->","yoast_head_json":{"title":"Heimish Dear Bare Skin 4 szt. - zestaw do oczyszczania twarzy - Selleetools.com","robots":{"index":"index","follow":"follow","max-snippet":"max-snippet:-1","max-image-preview":"max-image-preview:large","max-video-preview":"max-video-preview:-1"},"canonical":"https:\/\/admincentral.selleetools.com\/pl\/product\/heimish-dear-bare-skin-4-szt-zestaw-do-oczyszczania-twarzy\/","og_locale":"pl_PL","og_type":"article","og_title":"Heimish Dear Bare Skin 4 szt. - zestaw do oczyszczania twarzy - Selleetools.com","og_description":"Odkryj sekret czystej i promiennej sk\u00f3ry z zestawem do oczyszczania twarzy Heimish Dear Bare Skin. Ten kompleksowy zestaw, stworzony z my\u015bl\u0105 o pe\u0142nej piel\u0119gnacji, zawiera wszystko, czego potrzebujesz, aby skutecznie usun\u0105\u0107 makija\u017c, zanieczyszczenia oraz martwe kom\u00f3rki nask\u00f3rka, jednocze\u015bnie od\u017cywiaj\u0105c i nawil\u017caj\u0105c sk\u00f3r\u0119. W sk\u0142ad zestawu wchodz\u0105: Heimish All Clean Balm, 5ml\u00a0 Heimish All Clean Balm ... Read moreHeimish Dear Bare Skin 4 szt. &#8211; zestaw do oczyszczania twarzy","og_url":"https:\/\/admincentral.selleetools.com\/pl\/product\/heimish-dear-bare-skin-4-szt-zestaw-do-oczyszczania-twarzy\/","og_site_name":"Selleetools.com","article_modified_time":"2025-11-04T19:45:44+00:00","og_image":[{"width":1200,"height":1200,"url":"https:\/\/selleetools.com\/wp-content\/uploads\/2025\/10\/8d266c52e8a2d2d5b311d576701a50c4.jpg","type":"image\/jpeg"}],"twitter_card":"summary_large_image","twitter_misc":{"Est. reading time":"1 minuta"},"schema":{"@context":"https:\/\/schema.org","@graph":[{"@type":"Organization","@id":"https:\/\/selleetools.com\/#organization","name":"Selleetools","url":"https:\/\/selleetools.com\/","sameAs":[],"logo":{"@type":"ImageObject","inLanguage":"pl-PL","@id":"https:\/\/selleetools.com\/#\/schema\/logo\/image\/","url":"https:\/\/selleetools.com\/wp-content\/uploads\/2021\/10\/logo-dark.png","contentUrl":"https:\/\/selleetools.com\/wp-content\/uploads\/2021\/10\/logo-dark.png","width":320,"height":76,"caption":"Selleetools"},"image":{"@id":"https:\/\/selleetools.com\/#\/schema\/logo\/image\/"}},{"@type":"WebSite","@id":"https:\/\/selleetools.com\/#website","url":"https:\/\/selleetools.com\/","name":"Selleetools.com","description":"","publisher":{"@id":"https:\/\/selleetools.com\/#organization"},"potentialAction":[{"@type":"SearchAction","target":{"@type":"EntryPoint","urlTemplate":"https:\/\/selleetools.com\/?s={search_term_string}"},"query-input":"required name=search_term_string"}],"inLanguage":"pl-PL"},{"@type":"WebPage","@id":"https:\/\/admincentral.selleetools.com\/pl\/product\/heimish-dear-bare-skin-4-szt-zestaw-do-oczyszczania-twarzy\/","url":"https:\/\/admincentral.selleetools.com\/pl\/product\/heimish-dear-bare-skin-4-szt-zestaw-do-oczyszczania-twarzy\/","name":"Heimish Dear Bare Skin 4 szt. - zestaw do oczyszczania twarzy - Selleetools.com","isPartOf":{"@id":"https:\/\/selleetools.com\/#website"},"datePublished":"2025-10-24T11:45:25+00:00","dateModified":"2025-11-04T19:45:44+00:00","breadcrumb":{"@id":"https:\/\/admincentral.selleetools.com\/pl\/product\/heimish-dear-bare-skin-4-szt-zestaw-do-oczyszczania-twarzy\/#breadcrumb"},"inLanguage":"pl-PL","potentialAction":[{"@type":"ReadAction","target":["https:\/\/admincentral.selleetools.com\/pl\/product\/heimish-dear-bare-skin-4-szt-zestaw-do-oczyszczania-twarzy\/"]}]},{"@type":"BreadcrumbList","@id":"https:\/\/admincentral.selleetools.com\/pl\/product\/heimish-dear-bare-skin-4-szt-zestaw-do-oczyszczania-twarzy\/#breadcrumb","itemListElement":[{"@type":"ListItem","position":1,"name":"Home","item":"https:\/\/selleetools.com\/pl\/"},{"@type":"ListItem","position":2,"name":"Katalog","item":"https:\/\/selleetools.com\/pl\/katalog\/"},{"@type":"ListItem","position":3,"name":"Heimish Dear Bare Skin 4 szt. &#8211; zestaw do oczyszczania twarzy"}]}]}},"_links":{"self":[{"href":"https:\/\/selleetools.com\/pl\/wp-json\/wp\/v2\/product\/606075"}],"collection":[{"href":"https:\/\/selleetools.com\/pl\/wp-json\/wp\/v2\/product"}],"about":[{"href":"https:\/\/selleetools.com\/pl\/wp-json\/wp\/v2\/types\/product"}],"replies":[{"embeddable":true,"href":"https:\/\/selleetools.com\/pl\/wp-json\/wp\/v2\/comments?post=606075"}],"wp:featuredmedia":[{"embeddable":true,"href":"https:\/\/selleetools.com\/pl\/wp-json\/wp\/v2\/media\/606073"}],"wp:attachment":[{"href":"https:\/\/selleetools.com\/pl\/wp-json\/wp\/v2\/media?parent=606075"}],"curies":[{"name":"wp","href":"https:\/\/api.w.org\/{rel}","templated":true}]}}