{"id":606066,"date":"2025-10-24T13:45:18","date_gmt":"2025-10-24T11:45:18","guid":{"rendered":"https:\/\/selleetools.com\/?post_type=product&#038;p=606066"},"modified":"2025-11-04T20:45:15","modified_gmt":"2025-11-04T19:45:15","slug":"be-the-skin-vegan-redness-bakuchiol-soothing-toner-250-ml-kojacy-tonik-do-twarzy","status":"publish","type":"product","link":"https:\/\/selleetools.com\/pl\/product\/be-the-skin-vegan-redness-bakuchiol-soothing-toner-250-ml-kojacy-tonik-do-twarzy\/","title":{"rendered":"Be The Skin VEGAN REDNESS BAKUCHIOL SOOTHING TONER 250 ml &#8211; koj\u0105cy tonik do twarzy"},"content":{"rendered":"<p>Be The Skin VEGAN Redness Bakuchiol Soothing Toner, 250ml to koj\u0105cy, wega\u0144ski tonik stworzony z my\u015bl\u0105 o piel\u0119gnacji wra\u017cliwej sk\u00f3ry sk\u0142onnej do zaczerwienie\u0144. G\u0142\u00f3wnym sk\u0142adnikiem toniku jest bakuchiol, naturalna alternatywa dla retinolu, kt\u00f3ry \u0142agodnie wspomaga regeneracj\u0119 sk\u00f3ry, jednocze\u015bnie redukuj\u0105c podra\u017cnienia. Tonik doskonale nawil\u017ca, \u0142agodzi zaczerwienienia i wspiera barier\u0119 ochronn\u0105 sk\u00f3ry, pozostawiaj\u0105c j\u0105 mi\u0119kk\u0105, g\u0142adk\u0105 i zbalansowan\u0105.<\/p>\n<p>Korzy\u015bci dla sk\u00f3ry:<br \/>\nRedukcja zaczerwienie\u0144 i ukojenie podra\u017cnie\u0144 dzi\u0119ki \u0142agodz\u0105cej formule.<br \/>\nWsparcie regeneracji sk\u00f3ry i poprawa jej elastyczno\u015bci dzi\u0119ki bakuchiolowi.<br \/>\nNawil\u017cenie i przywr\u00f3cenie r\u00f3wnowagi hydrolipidowej sk\u00f3ry.<br \/>\nWzmocnienie bariery ochronnej, chroni\u0105c sk\u00f3r\u0119 przed szkodliwymi czynnikami zewn\u0119trznymi.<br \/>\nWega\u0144ska formu\u0142a, odpowiednia dla sk\u00f3ry wra\u017cliwej.<\/p>\n<p>Spos\u00f3b u\u017cycia:<br \/>\nPo oczyszczeniu sk\u00f3ry, na\u0142\u00f3\u017c niewielk\u0105 ilo\u015b\u0107 toniku na d\u0142onie lub p\u0142atek kosmetyczny.<br \/>\nDelikatnie przetrzyj sk\u00f3r\u0119 twarzy i szyi, omijaj\u0105c okolice oczu.<br \/>\nPozostaw tonik do wch\u0142oni\u0119cia, a nast\u0119pnie przejd\u017a do dalszych krok\u00f3w piel\u0119gnacyjnych, takich jak serum czy krem.<br \/>\nStosuj tonik rano i wieczorem, aby uzyska\u0107 najlepsze efekty koj\u0105ce i nawil\u017caj\u0105ce.<\/p>\n","protected":false},"excerpt":{"rendered":"<p>Be The Skin VEGAN Redness Bakuchiol Soothing Toner, 250ml to koj\u0105cy, wega\u0144ski tonik stworzony z my\u015bl\u0105 o piel\u0119gnacji wra\u017cliwej sk\u00f3ry sk\u0142onnej do zaczerwienie\u0144. G\u0142\u00f3wnym sk\u0142adnikiem toniku jest bakuchiol, naturalna alternatywa dla retinolu, kt\u00f3ry \u0142agodnie wspomaga regeneracj\u0119 sk\u00f3ry, jednocze\u015bnie redukuj\u0105c podra\u017cnienia. Tonik doskonale nawil\u017ca, \u0142agodzi zaczerwienienia i wspiera barier\u0119 ochronn\u0105 sk\u00f3ry, pozostawiaj\u0105c j\u0105 mi\u0119kk\u0105, g\u0142adk\u0105 i &#8230; <a title=\"Be The Skin VEGAN REDNESS BAKUCHIOL SOOTHING TONER 250 ml &#8211; koj\u0105cy tonik do twarzy\" class=\"read-more\" href=\"https:\/\/selleetools.com\/pl\/product\/be-the-skin-vegan-redness-bakuchiol-soothing-toner-250-ml-kojacy-tonik-do-twarzy\/\">Read more<span class=\"screen-reader-text\">Be The Skin VEGAN REDNESS BAKUCHIOL SOOTHING TONER 250 ml &#8211; koj\u0105cy tonik do twarzy<\/span><\/a><\/p>\n","protected":false},"featured_media":606064,"comment_status":"open","ping_status":"closed","template":"","meta":{"_links_to":"","_links_to_target":""},"yoast_head":"<!-- This site is optimized with the Yoast SEO plugin v19.4 - https:\/\/yoast.com\/wordpress\/plugins\/seo\/ -->\n<title>Be The Skin VEGAN REDNESS BAKUCHIOL SOOTHING TONER 250 ml - koj\u0105cy tonik do twarzy - Selleetools.com<\/title>\n<meta name=\"robots\" content=\"index, follow, max-snippet:-1, max-image-preview:large, max-video-preview:-1\" \/>\n<link rel=\"canonical\" href=\"https:\/\/admincentral.selleetools.com\/product\/be-the-skin-vegan-redness-bakuchiol-soothing-toner-250-ml-kojacy-tonik-do-twarzy\/\" \/>\n<meta property=\"og:locale\" content=\"pl_PL\" \/>\n<meta property=\"og:type\" content=\"article\" \/>\n<meta property=\"og:title\" content=\"Be The Skin VEGAN REDNESS BAKUCHIOL SOOTHING TONER 250 ml - koj\u0105cy tonik do twarzy - Selleetools.com\" \/>\n<meta property=\"og:description\" content=\"Be The Skin VEGAN Redness Bakuchiol Soothing Toner, 250ml to koj\u0105cy, wega\u0144ski tonik stworzony z my\u015bl\u0105 o piel\u0119gnacji wra\u017cliwej sk\u00f3ry sk\u0142onnej do zaczerwienie\u0144. G\u0142\u00f3wnym sk\u0142adnikiem toniku jest bakuchiol, naturalna alternatywa dla retinolu, kt\u00f3ry \u0142agodnie wspomaga regeneracj\u0119 sk\u00f3ry, jednocze\u015bnie redukuj\u0105c podra\u017cnienia. Tonik doskonale nawil\u017ca, \u0142agodzi zaczerwienienia i wspiera barier\u0119 ochronn\u0105 sk\u00f3ry, pozostawiaj\u0105c j\u0105 mi\u0119kk\u0105, g\u0142adk\u0105 i ... Read moreBe The Skin VEGAN REDNESS BAKUCHIOL SOOTHING TONER 250 ml &#8211; koj\u0105cy tonik do twarzy\" \/>\n<meta property=\"og:url\" content=\"https:\/\/admincentral.selleetools.com\/product\/be-the-skin-vegan-redness-bakuchiol-soothing-toner-250-ml-kojacy-tonik-do-twarzy\/\" \/>\n<meta property=\"og:site_name\" content=\"Selleetools.com\" \/>\n<meta property=\"article:modified_time\" content=\"2025-11-04T19:45:15+00:00\" \/>\n<meta property=\"og:image\" content=\"https:\/\/selleetools.com\/wp-content\/uploads\/2025\/10\/aede6b24c71b02d8345173f724b7eb10.jpg\" \/>\n\t<meta property=\"og:image:width\" content=\"1200\" \/>\n\t<meta property=\"og:image:height\" content=\"1200\" \/>\n\t<meta property=\"og:image:type\" content=\"image\/jpeg\" \/>\n<meta name=\"twitter:card\" content=\"summary_large_image\" \/>\n<meta name=\"twitter:label1\" content=\"Est. reading time\" \/>\n\t<meta name=\"twitter:data1\" content=\"1 minuta\" \/>\n<!-- \/ Yoast SEO plugin. -->","yoast_head_json":{"title":"Be The Skin VEGAN REDNESS BAKUCHIOL SOOTHING TONER 250 ml - koj\u0105cy tonik do twarzy - Selleetools.com","robots":{"index":"index","follow":"follow","max-snippet":"max-snippet:-1","max-image-preview":"max-image-preview:large","max-video-preview":"max-video-preview:-1"},"canonical":"https:\/\/admincentral.selleetools.com\/product\/be-the-skin-vegan-redness-bakuchiol-soothing-toner-250-ml-kojacy-tonik-do-twarzy\/","og_locale":"pl_PL","og_type":"article","og_title":"Be The Skin VEGAN REDNESS BAKUCHIOL SOOTHING TONER 250 ml - koj\u0105cy tonik do twarzy - Selleetools.com","og_description":"Be The Skin VEGAN Redness Bakuchiol Soothing Toner, 250ml to koj\u0105cy, wega\u0144ski tonik stworzony z my\u015bl\u0105 o piel\u0119gnacji wra\u017cliwej sk\u00f3ry sk\u0142onnej do zaczerwienie\u0144. G\u0142\u00f3wnym sk\u0142adnikiem toniku jest bakuchiol, naturalna alternatywa dla retinolu, kt\u00f3ry \u0142agodnie wspomaga regeneracj\u0119 sk\u00f3ry, jednocze\u015bnie redukuj\u0105c podra\u017cnienia. Tonik doskonale nawil\u017ca, \u0142agodzi zaczerwienienia i wspiera barier\u0119 ochronn\u0105 sk\u00f3ry, pozostawiaj\u0105c j\u0105 mi\u0119kk\u0105, g\u0142adk\u0105 i ... Read moreBe The Skin VEGAN REDNESS BAKUCHIOL SOOTHING TONER 250 ml &#8211; koj\u0105cy tonik do twarzy","og_url":"https:\/\/admincentral.selleetools.com\/product\/be-the-skin-vegan-redness-bakuchiol-soothing-toner-250-ml-kojacy-tonik-do-twarzy\/","og_site_name":"Selleetools.com","article_modified_time":"2025-11-04T19:45:15+00:00","og_image":[{"width":1200,"height":1200,"url":"https:\/\/selleetools.com\/wp-content\/uploads\/2025\/10\/aede6b24c71b02d8345173f724b7eb10.jpg","type":"image\/jpeg"}],"twitter_card":"summary_large_image","twitter_misc":{"Est. reading time":"1 minuta"},"schema":{"@context":"https:\/\/schema.org","@graph":[{"@type":"Organization","@id":"https:\/\/selleetools.com\/#organization","name":"Selleetools","url":"https:\/\/selleetools.com\/","sameAs":[],"logo":{"@type":"ImageObject","inLanguage":"pl-PL","@id":"https:\/\/selleetools.com\/#\/schema\/logo\/image\/","url":"https:\/\/selleetools.com\/wp-content\/uploads\/2021\/10\/logo-dark.png","contentUrl":"https:\/\/selleetools.com\/wp-content\/uploads\/2021\/10\/logo-dark.png","width":320,"height":76,"caption":"Selleetools"},"image":{"@id":"https:\/\/selleetools.com\/#\/schema\/logo\/image\/"}},{"@type":"WebSite","@id":"https:\/\/selleetools.com\/#website","url":"https:\/\/selleetools.com\/","name":"Selleetools.com","description":"","publisher":{"@id":"https:\/\/selleetools.com\/#organization"},"potentialAction":[{"@type":"SearchAction","target":{"@type":"EntryPoint","urlTemplate":"https:\/\/selleetools.com\/?s={search_term_string}"},"query-input":"required name=search_term_string"}],"inLanguage":"pl-PL"},{"@type":"WebPage","@id":"https:\/\/admincentral.selleetools.com\/product\/be-the-skin-vegan-redness-bakuchiol-soothing-toner-250-ml-kojacy-tonik-do-twarzy\/","url":"https:\/\/admincentral.selleetools.com\/product\/be-the-skin-vegan-redness-bakuchiol-soothing-toner-250-ml-kojacy-tonik-do-twarzy\/","name":"Be The Skin VEGAN REDNESS BAKUCHIOL SOOTHING TONER 250 ml - koj\u0105cy tonik do twarzy - Selleetools.com","isPartOf":{"@id":"https:\/\/selleetools.com\/#website"},"datePublished":"2025-10-24T11:45:18+00:00","dateModified":"2025-11-04T19:45:15+00:00","breadcrumb":{"@id":"https:\/\/admincentral.selleetools.com\/product\/be-the-skin-vegan-redness-bakuchiol-soothing-toner-250-ml-kojacy-tonik-do-twarzy\/#breadcrumb"},"inLanguage":"pl-PL","potentialAction":[{"@type":"ReadAction","target":["https:\/\/admincentral.selleetools.com\/product\/be-the-skin-vegan-redness-bakuchiol-soothing-toner-250-ml-kojacy-tonik-do-twarzy\/"]}]},{"@type":"BreadcrumbList","@id":"https:\/\/admincentral.selleetools.com\/product\/be-the-skin-vegan-redness-bakuchiol-soothing-toner-250-ml-kojacy-tonik-do-twarzy\/#breadcrumb","itemListElement":[{"@type":"ListItem","position":1,"name":"Home","item":"https:\/\/selleetools.com\/pl\/"},{"@type":"ListItem","position":2,"name":"Katalog","item":"https:\/\/selleetools.com\/pl\/katalog\/"},{"@type":"ListItem","position":3,"name":"Be The Skin VEGAN REDNESS BAKUCHIOL SOOTHING TONER 250 ml &#8211; koj\u0105cy tonik do twarzy"}]}]}},"_links":{"self":[{"href":"https:\/\/selleetools.com\/pl\/wp-json\/wp\/v2\/product\/606066"}],"collection":[{"href":"https:\/\/selleetools.com\/pl\/wp-json\/wp\/v2\/product"}],"about":[{"href":"https:\/\/selleetools.com\/pl\/wp-json\/wp\/v2\/types\/product"}],"replies":[{"embeddable":true,"href":"https:\/\/selleetools.com\/pl\/wp-json\/wp\/v2\/comments?post=606066"}],"wp:featuredmedia":[{"embeddable":true,"href":"https:\/\/selleetools.com\/pl\/wp-json\/wp\/v2\/media\/606064"}],"wp:attachment":[{"href":"https:\/\/selleetools.com\/pl\/wp-json\/wp\/v2\/media?parent=606066"}],"curies":[{"name":"wp","href":"https:\/\/api.w.org\/{rel}","templated":true}]}}